{"id":5493,"date":"2025-07-18T20:29:44","date_gmt":"2025-07-18T19:29:44","guid":{"rendered":"https:\/\/babylove.se\/produkt\/lektalt-grey-sky\/"},"modified":"2026-05-11T12:58:25","modified_gmt":"2026-05-11T11:58:25","slug":"lektalt-gra-himmel","status":"publish","type":"product","link":"https:\/\/babylove.se\/no\/produkt\/lektalt-gra-himmel\/","title":{"rendered":"Leketeltet tipi &#8211; grey sky, Little Nomad &#8211; skadet"},"content":{"rendered":"<p><strong>Leketel\u0442 tipi &#8211; grey sky skadet , little nomad <\/strong><\/p>\n<p><u>Obs ! Stoffet p\u00e5 leketeltet har et lite merke (ca 5mm) fra en tusjpenn. Se vedlagt bilde.<\/u><\/p>\n<p>Barnas nye favorittsted og en praktisk l\u00f8sning for barnerommet. Tipiteltet er ogs\u00e5 godt egnet for utelek i hagen, p\u00e5 stranden eller p\u00e5 uteomr\u00e5det. En perfekt detalj i din barneroms-innredning.<\/p>\n<p>Leketeltet er enkelt \u00e5 sette opp og ta fra hverandre, det f\u00f8lger med 5 teltstenger og et teltduk.<\/p>\n<p>I tillegg f\u00f8lger det med en indianfj\u00e6r av tre \u00e5 henge p\u00e5 leketeltet, en meget fin detalj.<\/p>\n<p>Det er ogs\u00e5 mulig \u00e5 kj\u00f8pe et tilh\u00f8rende gulv til tipiteltet separat.<\/p>\n<p><strong>M\u00e5l<\/strong>: Basen er form av en pentagon og er p\u00e5 det bredeste stedet 125 cm. Total h\u00f8yde p\u00e5 teltet er 170 cm. <\/p>\n<p>Teltduken kan vaskes i 40 grader.<\/p>\n<p>Leketeltet anbefales til barn over 18 m\u00e5neder.<\/p>\n<p><span style=\"font-size: 11px;\">Designer: Little Nomad<\/span><\/p>\n<p><span style=\"font-size: 11px;\">OBS! P\u00e5 grunn av lengden leveres alle tipitelt med hjemkj\u00f8ring!<\/span><\/p>\n","protected":false},"excerpt":{"rendered":"<p>Leketel\u0442 tipi &#8211; grey sky skadet , little nomad Obs ! Stoffet p\u00e5 leketeltet har et lite merke (ca 5mm) fra en tusjpenn. Se vedlagt bilde. Barnas nye favorittsted og en praktisk l\u00f8sning for barnerommet. Tipiteltet er ogs\u00e5 godt egnet for utelek i hagen, p\u00e5 stranden eller p\u00e5 uteomr\u00e5det. En perfekt detalj i din barneroms-innredning. [&hellip;]<\/p>\n","protected":false},"featured_media":5495,"comment_status":"closed","ping_status":"open","template":"","meta":{"_acf_changed":false},"product_brand":[308],"product_cat":[1594],"product_tag":[],"class_list":{"0":"post-5493","1":"product","2":"type-product","3":"status-publish","4":"has-post-thumbnail","6":"product_brand-little-nomad","7":"product_cat-outlet","9":"first","10":"outofstock","11":"taxable","12":"shipping-taxable","13":"purchasable","14":"product-type-simple"},"acf":[],"yoast_head":"<!-- This site is optimized with the Yoast SEO Premium plugin v25.8 (Yoast SEO v27.2) - https:\/\/yoast.com\/product\/yoast-seo-premium-wordpress\/ -->\n<title>K\u00f6p tipi lekt\u00e4lt - Grey Sky, little nomad<\/title>\n<meta name=\"description\" content=\"Detta beige tipit\u00e4lt blir barnens nya favoritst\u00e4lle. Det passar f\u00f6r anv\u00e4ndning inomhus i barnrummet eller utomhus p\u00e5 stranden eller i tr\u00e4dg\u00e5rden.\" \/>\n<meta name=\"robots\" content=\"noindex, follow, max-snippet:-1, max-image-preview:large, max-video-preview:-1\" \/>\n<meta property=\"og:locale\" content=\"nb_NO\" \/>\n<meta property=\"og:type\" content=\"article\" \/>\n<meta property=\"og:title\" content=\"Leketeltet tipi - grey sky, Little Nomad - skadet\" \/>\n<meta property=\"og:description\" content=\"Detta beige tipit\u00e4lt blir barnens nya favoritst\u00e4lle. Det passar f\u00f6r anv\u00e4ndning inomhus i barnrummet eller utomhus p\u00e5 stranden eller i tr\u00e4dg\u00e5rden.\" \/>\n<meta property=\"og:url\" content=\"https:\/\/babylove.se\/no\/produkt\/lektalt-gra-himmel\/\" \/>\n<meta property=\"og:site_name\" content=\"Babylove Norska\" \/>\n<meta property=\"article:modified_time\" content=\"2026-05-11T11:58:25+00:00\" \/>\n<meta property=\"og:image\" content=\"https:\/\/babylove.se\/no\/wp-content\/uploads\/sites\/3\/2025\/07\/1515502549592688add6d2a.png\" \/>\n\t<meta property=\"og:image:width\" content=\"596\" \/>\n\t<meta property=\"og:image:height\" content=\"749\" \/>\n\t<meta property=\"og:image:type\" content=\"image\/png\" \/>\n<meta name=\"twitter:card\" content=\"summary_large_image\" \/>\n<meta name=\"twitter:label1\" content=\"Price\" \/>\n\t<meta name=\"twitter:data1\" content=\"1 119,00&nbsp;&#107;&#114;\" \/>\n\t<meta name=\"twitter:label2\" content=\"Availability\" \/>\n\t<meta name=\"twitter:data2\" content=\"Out of stock\" \/>\n<script type=\"application\/ld+json\" class=\"yoast-schema-graph\">{\"@context\":\"https:\/\/schema.org\",\"@graph\":[{\"@type\":\"WebPage\",\"@id\":\"https:\/\/babylove.se\/no\/produkt\/lektalt-gra-himmel\/\",\"url\":\"https:\/\/babylove.se\/no\/produkt\/lektalt-gra-himmel\/\",\"name\":\"K\u00f6p tipi lekt\u00e4lt - Grey Sky, little nomad\",\"isPartOf\":{\"@id\":\"https:\/\/babylove.se\/no\/#website\"},\"primaryImageOfPage\":{\"@id\":\"https:\/\/babylove.se\/no\/produkt\/lektalt-gra-himmel\/#primaryimage\"},\"image\":{\"@id\":\"https:\/\/babylove.se\/no\/produkt\/lektalt-gra-himmel\/#primaryimage\"},\"thumbnailUrl\":\"https:\/\/babylove.se\/no\/wp-content\/uploads\/sites\/3\/2025\/07\/1515502549592688add6d2a.png\",\"datePublished\":\"2025-07-18T19:29:44+00:00\",\"dateModified\":\"2026-05-11T11:58:25+00:00\",\"description\":\"Detta beige tipit\u00e4lt blir barnens nya favoritst\u00e4lle. Det passar f\u00f6r anv\u00e4ndning inomhus i barnrummet eller utomhus p\u00e5 stranden eller i tr\u00e4dg\u00e5rden.\",\"breadcrumb\":{\"@id\":\"https:\/\/babylove.se\/no\/produkt\/lektalt-gra-himmel\/#breadcrumb\"},\"inLanguage\":\"nb-NO\",\"potentialAction\":[{\"@type\":\"ReadAction\",\"target\":[\"https:\/\/babylove.se\/no\/produkt\/lektalt-gra-himmel\/\"]}]},{\"@type\":\"ImageObject\",\"inLanguage\":\"nb-NO\",\"@id\":\"https:\/\/babylove.se\/no\/produkt\/lektalt-gra-himmel\/#primaryimage\",\"url\":\"https:\/\/babylove.se\/no\/wp-content\/uploads\/sites\/3\/2025\/07\/1515502549592688add6d2a.png\",\"contentUrl\":\"https:\/\/babylove.se\/no\/wp-content\/uploads\/sites\/3\/2025\/07\/1515502549592688add6d2a.png\",\"width\":596,\"height\":749},{\"@type\":\"BreadcrumbList\",\"@id\":\"https:\/\/babylove.se\/no\/produkt\/lektalt-gra-himmel\/#breadcrumb\",\"itemListElement\":[{\"@type\":\"ListItem\",\"position\":1,\"name\":\"Hem\",\"item\":\"https:\/\/babylove.se\/no\/\"},{\"@type\":\"ListItem\",\"position\":2,\"name\":\"Butik\",\"item\":\"https:\/\/babylove.se\/no\/butik\/\"},{\"@type\":\"ListItem\",\"position\":3,\"name\":\"Leketeltet tipi &#8211; grey sky, Little Nomad &#8211; skadet\"}]},{\"@type\":\"WebSite\",\"@id\":\"https:\/\/babylove.se\/no\/#website\",\"url\":\"https:\/\/babylove.se\/no\/\",\"name\":\"Babylove Norska\",\"description\":\"\",\"potentialAction\":[{\"@type\":\"SearchAction\",\"target\":{\"@type\":\"EntryPoint\",\"urlTemplate\":\"https:\/\/babylove.se\/no\/?s={search_term_string}\"},\"query-input\":{\"@type\":\"PropertyValueSpecification\",\"valueRequired\":true,\"valueName\":\"search_term_string\"}}],\"inLanguage\":\"nb-NO\"}]}<\/script>\n<meta property=\"product:brand\" content=\"Little Nomad\" \/>\n<meta property=\"product:price:amount\" content=\"1119.00\" \/>\n<meta property=\"product:price:currency\" content=\"NOK\" \/>\n<meta property=\"og:availability\" content=\"out of stock\" \/>\n<meta property=\"product:availability\" content=\"out of stock\" \/>\n<meta property=\"product:retailer_item_id\" content=\"LN0010greyskyskadat\" \/>\n<meta property=\"product:condition\" content=\"new\" \/>\n<!-- \/ Yoast SEO Premium plugin. -->","yoast_head_json":{"title":"K\u00f6p tipi lekt\u00e4lt - Grey Sky, little nomad","description":"Detta beige tipit\u00e4lt blir barnens nya favoritst\u00e4lle. Det passar f\u00f6r anv\u00e4ndning inomhus i barnrummet eller utomhus p\u00e5 stranden eller i tr\u00e4dg\u00e5rden.","robots":{"index":"noindex","follow":"follow","max-snippet":"max-snippet:-1","max-image-preview":"max-image-preview:large","max-video-preview":"max-video-preview:-1"},"og_locale":"nb_NO","og_type":"article","og_title":"Leketeltet tipi - grey sky, Little Nomad - skadet","og_description":"Detta beige tipit\u00e4lt blir barnens nya favoritst\u00e4lle. Det passar f\u00f6r anv\u00e4ndning inomhus i barnrummet eller utomhus p\u00e5 stranden eller i tr\u00e4dg\u00e5rden.","og_url":"https:\/\/babylove.se\/no\/produkt\/lektalt-gra-himmel\/","og_site_name":"Babylove Norska","article_modified_time":"2026-05-11T11:58:25+00:00","og_image":[{"width":596,"height":749,"url":"https:\/\/babylove.se\/no\/wp-content\/uploads\/sites\/3\/2025\/07\/1515502549592688add6d2a.png","type":"image\/png"}],"twitter_card":"summary_large_image","twitter_misc":{"Price":"1 119,00&nbsp;&#107;&#114;","Availability":"Out of stock"},"schema":{"@context":"https:\/\/schema.org","@graph":[{"@type":"WebPage","@id":"https:\/\/babylove.se\/no\/produkt\/lektalt-gra-himmel\/","url":"https:\/\/babylove.se\/no\/produkt\/lektalt-gra-himmel\/","name":"K\u00f6p tipi lekt\u00e4lt - Grey Sky, little nomad","isPartOf":{"@id":"https:\/\/babylove.se\/no\/#website"},"primaryImageOfPage":{"@id":"https:\/\/babylove.se\/no\/produkt\/lektalt-gra-himmel\/#primaryimage"},"image":{"@id":"https:\/\/babylove.se\/no\/produkt\/lektalt-gra-himmel\/#primaryimage"},"thumbnailUrl":"https:\/\/babylove.se\/no\/wp-content\/uploads\/sites\/3\/2025\/07\/1515502549592688add6d2a.png","datePublished":"2025-07-18T19:29:44+00:00","dateModified":"2026-05-11T11:58:25+00:00","description":"Detta beige tipit\u00e4lt blir barnens nya favoritst\u00e4lle. Det passar f\u00f6r anv\u00e4ndning inomhus i barnrummet eller utomhus p\u00e5 stranden eller i tr\u00e4dg\u00e5rden.","breadcrumb":{"@id":"https:\/\/babylove.se\/no\/produkt\/lektalt-gra-himmel\/#breadcrumb"},"inLanguage":"nb-NO","potentialAction":[{"@type":"ReadAction","target":["https:\/\/babylove.se\/no\/produkt\/lektalt-gra-himmel\/"]}]},{"@type":"ImageObject","inLanguage":"nb-NO","@id":"https:\/\/babylove.se\/no\/produkt\/lektalt-gra-himmel\/#primaryimage","url":"https:\/\/babylove.se\/no\/wp-content\/uploads\/sites\/3\/2025\/07\/1515502549592688add6d2a.png","contentUrl":"https:\/\/babylove.se\/no\/wp-content\/uploads\/sites\/3\/2025\/07\/1515502549592688add6d2a.png","width":596,"height":749},{"@type":"BreadcrumbList","@id":"https:\/\/babylove.se\/no\/produkt\/lektalt-gra-himmel\/#breadcrumb","itemListElement":[{"@type":"ListItem","position":1,"name":"Hem","item":"https:\/\/babylove.se\/no\/"},{"@type":"ListItem","position":2,"name":"Butik","item":"https:\/\/babylove.se\/no\/butik\/"},{"@type":"ListItem","position":3,"name":"Leketeltet tipi &#8211; grey sky, Little Nomad &#8211; skadet"}]},{"@type":"WebSite","@id":"https:\/\/babylove.se\/no\/#website","url":"https:\/\/babylove.se\/no\/","name":"Babylove Norska","description":"","potentialAction":[{"@type":"SearchAction","target":{"@type":"EntryPoint","urlTemplate":"https:\/\/babylove.se\/no\/?s={search_term_string}"},"query-input":{"@type":"PropertyValueSpecification","valueRequired":true,"valueName":"search_term_string"}}],"inLanguage":"nb-NO"}]},"product_brand":"Little Nomad","product_price_amount":"1119.00","product_price_currency":"NOK","og_availability":"out of stock","product_availability":"out of stock","product_retailer_item_id":"LN0010greyskyskadat","product_condition":"new"},"_links":{"self":[{"href":"https:\/\/babylove.se\/no\/wp-json\/wp\/v2\/product\/5493","targetHints":{"allow":["GET"]}}],"collection":[{"href":"https:\/\/babylove.se\/no\/wp-json\/wp\/v2\/product"}],"about":[{"href":"https:\/\/babylove.se\/no\/wp-json\/wp\/v2\/types\/product"}],"replies":[{"embeddable":true,"href":"https:\/\/babylove.se\/no\/wp-json\/wp\/v2\/comments?post=5493"}],"wp:featuredmedia":[{"embeddable":true,"href":"https:\/\/babylove.se\/no\/wp-json\/wp\/v2\/media\/5495"}],"wp:attachment":[{"href":"https:\/\/babylove.se\/no\/wp-json\/wp\/v2\/media?parent=5493"}],"wp:term":[{"taxonomy":"product_brand","embeddable":true,"href":"https:\/\/babylove.se\/no\/wp-json\/wp\/v2\/product_brand?post=5493"},{"taxonomy":"product_cat","embeddable":true,"href":"https:\/\/babylove.se\/no\/wp-json\/wp\/v2\/product_cat?post=5493"},{"taxonomy":"product_tag","embeddable":true,"href":"https:\/\/babylove.se\/no\/wp-json\/wp\/v2\/product_tag?post=5493"}],"curies":[{"name":"wp","href":"https:\/\/api.w.org\/{rel}","templated":true}]}}