{"id":5498,"date":"2025-07-18T20:29:44","date_gmt":"2025-07-18T19:29:44","guid":{"rendered":"https:\/\/babylove.se\/produkt\/kaninstol-och-bord-mobelset-for-barn-skadat-little-nomad\/"},"modified":"2026-04-08T08:18:39","modified_gmt":"2026-04-08T07:18:39","slug":"kaninstol-og-bord-mobelsett-for-barn-skadet-little-nomad","status":"publish","type":"product","link":"https:\/\/babylove.se\/no\/produkt\/kaninstol-og-bord-mobelsett-for-barn-skadet-little-nomad\/","title":{"rendered":"Kaninstol og bord &#8211; m\u00f8belsett for barn skadet, Little Nomad"},"content":{"rendered":"<p><strong>Bord og Stoler Barnerom, Little Nomad M\u00f8belsett &#8211; <strong>skadet <\/strong> ! <\/strong><\/p>\n<p><u>Obs ! M\u00f8blene har fargesprekker og <u>defekter i fargen og kan trenge \u00e5 males om <\/u><span> <\/span>.Se vedlagt bilde.  <\/u><\/p>\n<p>Et fantastisk sett som inneholder en stol med en rygg i form av kanin\u00f8rer samt et tilh\u00f8rende bord. Perfekt for barnet \u00e5 leke eller tegne p\u00e5, samtidig som det vil l\u00f8fte barneroms innredningen til nye niv\u00e5er.<\/p>\n<p>Bordet og stolen er laget av n\u00f8ye utvalgt b\u00f8ketre som gj\u00f8r dem b\u00e5de stabile og solide og dermed trygge for barnet \u00e5 sitte p\u00e5. De er malt med barnesikre farger og du kan velge mellom hvit, gr\u00e5 eller naturfarge. <\/p>\n<p>M\u00f8belsettet er tilpasset de litt mindre barna, mellom 1-4 \u00e5rs alder. Babylove.se har ogs\u00e5 en annen type kaninstoler og bord som passer de litt st\u00f8rre barna, fra 2,5 &#8211; 5 \u00e5rs alder.<\/p>\n<p><strong>Materiale<\/strong>: M\u00f8blene er helt laget av b\u00f8ketre og monteres enkelt sammen i hjemmet ved \u00e5 skru fast beina og \u00f8rene.<\/p>\n<p><strong>M\u00e5l:<\/strong><\/p>\n<p>*Sitteh\u00f8yden p\u00e5 stolen er ca 25 cm. <\/p>\n<p>*Bordet er 43 cm h\u00f8yt og platen er 60&#215;50 cm stor.<\/p>\n<p><strong>Farge<\/strong>: hvit<\/p>\n<p><strong>OBS! <\/strong>Disse m\u00f8blene er h\u00e5ndlaget av b\u00f8ketre som er en myk tresorte, noe som kan bety at treet har synlig struktur samt mindre merker. M\u00f8blene er dessuten h\u00e5ndmalt og det myke og t\u00f8rre treet kan gj\u00f8re at det nesten utelukkende forekommer sm\u00e5 sprekker i fargen. Dette er helt naturlig ved produksjon av denne typen m\u00f8bler, men ingenting som p\u00e5virker stabilitet , funksjon eller helinntrykk. <\/p>\n","protected":false},"excerpt":{"rendered":"<p>Bord og Stoler Barnerom, Little Nomad M\u00f8belsett &#8211; skadet ! Obs ! M\u00f8blene har fargesprekker og defekter i fargen og kan trenge \u00e5 males om .Se vedlagt bilde. Et fantastisk sett som inneholder en stol med en rygg i form av kanin\u00f8rer samt et tilh\u00f8rende bord. Perfekt for barnet \u00e5 leke eller tegne p\u00e5, samtidig [&hellip;]<\/p>\n","protected":false},"featured_media":5500,"comment_status":"closed","ping_status":"open","template":"","meta":{"_acf_changed":false},"product_brand":[308],"product_cat":[1594],"product_tag":[],"class_list":{"0":"post-5498","1":"product","2":"type-product","3":"status-publish","4":"has-post-thumbnail","6":"product_brand-little-nomad","7":"product_cat-outlet","9":"first","10":"outofstock","11":"taxable","12":"shipping-taxable","13":"purchasable","14":"product-type-simple"},"acf":[],"yoast_head":"<!-- This site is optimized with the Yoast SEO Premium plugin v25.8 (Yoast SEO v27.2) - https:\/\/yoast.com\/product\/yoast-seo-premium-wordpress\/ -->\n<title>Bord och Stolar Barnrum - M\u00f6belset fr. Little Nomad<\/title>\n<meta name=\"description\" content=\"Vackert m\u00f6belset inneh\u00e5llande en av v\u00e5ra fantastiska stolar med formen av en kanin &amp; tillh\u00f6rande bord - 14 dagars \u00f6ppet k\u00f6p - Fri frakt - Bes\u00f6k Babylove.se!\" \/>\n<meta name=\"robots\" content=\"noindex, follow, max-snippet:-1, max-image-preview:large, max-video-preview:-1\" \/>\n<meta property=\"og:locale\" content=\"nb_NO\" \/>\n<meta property=\"og:type\" content=\"article\" \/>\n<meta property=\"og:title\" content=\"Kaninstol og bord - m\u00f8belsett for barn skadet, Little Nomad\" \/>\n<meta property=\"og:description\" content=\"Vackert m\u00f6belset inneh\u00e5llande en av v\u00e5ra fantastiska stolar med formen av en kanin &amp; tillh\u00f6rande bord - 14 dagars \u00f6ppet k\u00f6p - Fri frakt - Bes\u00f6k Babylove.se!\" \/>\n<meta property=\"og:url\" content=\"https:\/\/babylove.se\/no\/produkt\/kaninstol-og-bord-mobelsett-for-barn-skadet-little-nomad\/\" \/>\n<meta property=\"og:site_name\" content=\"Babylove Norska\" \/>\n<meta property=\"article:modified_time\" content=\"2026-04-08T07:18:39+00:00\" \/>\n<meta property=\"og:image\" content=\"https:\/\/babylove.se\/no\/wp-content\/uploads\/sites\/3\/2025\/07\/15155781231499284055595d3ece05075.jpeg\" \/>\n\t<meta property=\"og:image:width\" content=\"750\" \/>\n\t<meta property=\"og:image:height\" content=\"500\" \/>\n\t<meta property=\"og:image:type\" content=\"image\/jpeg\" \/>\n<meta name=\"twitter:card\" content=\"summary_large_image\" \/>\n<meta name=\"twitter:label1\" content=\"Price\" \/>\n\t<meta name=\"twitter:data1\" content=\"799,00&nbsp;&#107;&#114;\" \/>\n\t<meta name=\"twitter:label2\" content=\"Availability\" \/>\n\t<meta name=\"twitter:data2\" content=\"Out of stock\" \/>\n<script type=\"application\/ld+json\" class=\"yoast-schema-graph\">{\"@context\":\"https:\/\/schema.org\",\"@graph\":[{\"@type\":\"WebPage\",\"@id\":\"https:\/\/babylove.se\/no\/produkt\/kaninstol-og-bord-mobelsett-for-barn-skadet-little-nomad\/\",\"url\":\"https:\/\/babylove.se\/no\/produkt\/kaninstol-og-bord-mobelsett-for-barn-skadet-little-nomad\/\",\"name\":\"Bord och Stolar Barnrum - M\u00f6belset fr. Little Nomad\",\"isPartOf\":{\"@id\":\"https:\/\/babylove.se\/no\/#website\"},\"primaryImageOfPage\":{\"@id\":\"https:\/\/babylove.se\/no\/produkt\/kaninstol-og-bord-mobelsett-for-barn-skadet-little-nomad\/#primaryimage\"},\"image\":{\"@id\":\"https:\/\/babylove.se\/no\/produkt\/kaninstol-og-bord-mobelsett-for-barn-skadet-little-nomad\/#primaryimage\"},\"thumbnailUrl\":\"https:\/\/babylove.se\/no\/wp-content\/uploads\/sites\/3\/2025\/07\/15155781231499284055595d3ece05075.jpeg\",\"datePublished\":\"2025-07-18T19:29:44+00:00\",\"dateModified\":\"2026-04-08T07:18:39+00:00\",\"description\":\"Vackert m\u00f6belset inneh\u00e5llande en av v\u00e5ra fantastiska stolar med formen av en kanin & tillh\u00f6rande bord - 14 dagars \u00f6ppet k\u00f6p - Fri frakt - Bes\u00f6k Babylove.se!\",\"breadcrumb\":{\"@id\":\"https:\/\/babylove.se\/no\/produkt\/kaninstol-og-bord-mobelsett-for-barn-skadet-little-nomad\/#breadcrumb\"},\"inLanguage\":\"nb-NO\",\"potentialAction\":[{\"@type\":\"ReadAction\",\"target\":[\"https:\/\/babylove.se\/no\/produkt\/kaninstol-og-bord-mobelsett-for-barn-skadet-little-nomad\/\"]}]},{\"@type\":\"ImageObject\",\"inLanguage\":\"nb-NO\",\"@id\":\"https:\/\/babylove.se\/no\/produkt\/kaninstol-og-bord-mobelsett-for-barn-skadet-little-nomad\/#primaryimage\",\"url\":\"https:\/\/babylove.se\/no\/wp-content\/uploads\/sites\/3\/2025\/07\/15155781231499284055595d3ece05075.jpeg\",\"contentUrl\":\"https:\/\/babylove.se\/no\/wp-content\/uploads\/sites\/3\/2025\/07\/15155781231499284055595d3ece05075.jpeg\",\"width\":750,\"height\":500},{\"@type\":\"BreadcrumbList\",\"@id\":\"https:\/\/babylove.se\/no\/produkt\/kaninstol-og-bord-mobelsett-for-barn-skadet-little-nomad\/#breadcrumb\",\"itemListElement\":[{\"@type\":\"ListItem\",\"position\":1,\"name\":\"Hem\",\"item\":\"https:\/\/babylove.se\/no\/\"},{\"@type\":\"ListItem\",\"position\":2,\"name\":\"Butik\",\"item\":\"https:\/\/babylove.se\/no\/butik\/\"},{\"@type\":\"ListItem\",\"position\":3,\"name\":\"Kaninstol og bord &#8211; m\u00f8belsett for barn skadet, Little Nomad\"}]},{\"@type\":\"WebSite\",\"@id\":\"https:\/\/babylove.se\/no\/#website\",\"url\":\"https:\/\/babylove.se\/no\/\",\"name\":\"Babylove Norska\",\"description\":\"\",\"potentialAction\":[{\"@type\":\"SearchAction\",\"target\":{\"@type\":\"EntryPoint\",\"urlTemplate\":\"https:\/\/babylove.se\/no\/?s={search_term_string}\"},\"query-input\":{\"@type\":\"PropertyValueSpecification\",\"valueRequired\":true,\"valueName\":\"search_term_string\"}}],\"inLanguage\":\"nb-NO\"}]}<\/script>\n<meta property=\"product:brand\" content=\"Little Nomad\" \/>\n<meta property=\"product:price:amount\" content=\"799.00\" \/>\n<meta property=\"product:price:currency\" content=\"SEK\" \/>\n<meta property=\"og:availability\" content=\"out of stock\" \/>\n<meta property=\"product:availability\" content=\"out of stock\" \/>\n<meta property=\"product:retailer_item_id\" content=\"1683\" \/>\n<meta property=\"product:condition\" content=\"new\" \/>\n<!-- \/ Yoast SEO Premium plugin. -->","yoast_head_json":{"title":"Bord och Stolar Barnrum - M\u00f6belset fr. Little Nomad","description":"Vackert m\u00f6belset inneh\u00e5llande en av v\u00e5ra fantastiska stolar med formen av en kanin & tillh\u00f6rande bord - 14 dagars \u00f6ppet k\u00f6p - Fri frakt - Bes\u00f6k Babylove.se!","robots":{"index":"noindex","follow":"follow","max-snippet":"max-snippet:-1","max-image-preview":"max-image-preview:large","max-video-preview":"max-video-preview:-1"},"og_locale":"nb_NO","og_type":"article","og_title":"Kaninstol og bord - m\u00f8belsett for barn skadet, Little Nomad","og_description":"Vackert m\u00f6belset inneh\u00e5llande en av v\u00e5ra fantastiska stolar med formen av en kanin & tillh\u00f6rande bord - 14 dagars \u00f6ppet k\u00f6p - Fri frakt - Bes\u00f6k Babylove.se!","og_url":"https:\/\/babylove.se\/no\/produkt\/kaninstol-og-bord-mobelsett-for-barn-skadet-little-nomad\/","og_site_name":"Babylove Norska","article_modified_time":"2026-04-08T07:18:39+00:00","og_image":[{"width":750,"height":500,"url":"https:\/\/babylove.se\/no\/wp-content\/uploads\/sites\/3\/2025\/07\/15155781231499284055595d3ece05075.jpeg","type":"image\/jpeg"}],"twitter_card":"summary_large_image","twitter_misc":{"Price":"799,00&nbsp;&#107;&#114;","Availability":"Out of stock"},"schema":{"@context":"https:\/\/schema.org","@graph":[{"@type":"WebPage","@id":"https:\/\/babylove.se\/no\/produkt\/kaninstol-og-bord-mobelsett-for-barn-skadet-little-nomad\/","url":"https:\/\/babylove.se\/no\/produkt\/kaninstol-og-bord-mobelsett-for-barn-skadet-little-nomad\/","name":"Bord och Stolar Barnrum - M\u00f6belset fr. Little Nomad","isPartOf":{"@id":"https:\/\/babylove.se\/no\/#website"},"primaryImageOfPage":{"@id":"https:\/\/babylove.se\/no\/produkt\/kaninstol-og-bord-mobelsett-for-barn-skadet-little-nomad\/#primaryimage"},"image":{"@id":"https:\/\/babylove.se\/no\/produkt\/kaninstol-og-bord-mobelsett-for-barn-skadet-little-nomad\/#primaryimage"},"thumbnailUrl":"https:\/\/babylove.se\/no\/wp-content\/uploads\/sites\/3\/2025\/07\/15155781231499284055595d3ece05075.jpeg","datePublished":"2025-07-18T19:29:44+00:00","dateModified":"2026-04-08T07:18:39+00:00","description":"Vackert m\u00f6belset inneh\u00e5llande en av v\u00e5ra fantastiska stolar med formen av en kanin & tillh\u00f6rande bord - 14 dagars \u00f6ppet k\u00f6p - Fri frakt - Bes\u00f6k Babylove.se!","breadcrumb":{"@id":"https:\/\/babylove.se\/no\/produkt\/kaninstol-og-bord-mobelsett-for-barn-skadet-little-nomad\/#breadcrumb"},"inLanguage":"nb-NO","potentialAction":[{"@type":"ReadAction","target":["https:\/\/babylove.se\/no\/produkt\/kaninstol-og-bord-mobelsett-for-barn-skadet-little-nomad\/"]}]},{"@type":"ImageObject","inLanguage":"nb-NO","@id":"https:\/\/babylove.se\/no\/produkt\/kaninstol-og-bord-mobelsett-for-barn-skadet-little-nomad\/#primaryimage","url":"https:\/\/babylove.se\/no\/wp-content\/uploads\/sites\/3\/2025\/07\/15155781231499284055595d3ece05075.jpeg","contentUrl":"https:\/\/babylove.se\/no\/wp-content\/uploads\/sites\/3\/2025\/07\/15155781231499284055595d3ece05075.jpeg","width":750,"height":500},{"@type":"BreadcrumbList","@id":"https:\/\/babylove.se\/no\/produkt\/kaninstol-og-bord-mobelsett-for-barn-skadet-little-nomad\/#breadcrumb","itemListElement":[{"@type":"ListItem","position":1,"name":"Hem","item":"https:\/\/babylove.se\/no\/"},{"@type":"ListItem","position":2,"name":"Butik","item":"https:\/\/babylove.se\/no\/butik\/"},{"@type":"ListItem","position":3,"name":"Kaninstol og bord &#8211; m\u00f8belsett for barn skadet, Little Nomad"}]},{"@type":"WebSite","@id":"https:\/\/babylove.se\/no\/#website","url":"https:\/\/babylove.se\/no\/","name":"Babylove Norska","description":"","potentialAction":[{"@type":"SearchAction","target":{"@type":"EntryPoint","urlTemplate":"https:\/\/babylove.se\/no\/?s={search_term_string}"},"query-input":{"@type":"PropertyValueSpecification","valueRequired":true,"valueName":"search_term_string"}}],"inLanguage":"nb-NO"}]},"product_brand":"Little Nomad","product_price_amount":"799.00","product_price_currency":"SEK","og_availability":"out of stock","product_availability":"out of stock","product_retailer_item_id":"1683","product_condition":"new"},"_links":{"self":[{"href":"https:\/\/babylove.se\/no\/wp-json\/wp\/v2\/product\/5498","targetHints":{"allow":["GET"]}}],"collection":[{"href":"https:\/\/babylove.se\/no\/wp-json\/wp\/v2\/product"}],"about":[{"href":"https:\/\/babylove.se\/no\/wp-json\/wp\/v2\/types\/product"}],"replies":[{"embeddable":true,"href":"https:\/\/babylove.se\/no\/wp-json\/wp\/v2\/comments?post=5498"}],"wp:featuredmedia":[{"embeddable":true,"href":"https:\/\/babylove.se\/no\/wp-json\/wp\/v2\/media\/5500"}],"wp:attachment":[{"href":"https:\/\/babylove.se\/no\/wp-json\/wp\/v2\/media?parent=5498"}],"wp:term":[{"taxonomy":"product_brand","embeddable":true,"href":"https:\/\/babylove.se\/no\/wp-json\/wp\/v2\/product_brand?post=5498"},{"taxonomy":"product_cat","embeddable":true,"href":"https:\/\/babylove.se\/no\/wp-json\/wp\/v2\/product_cat?post=5498"},{"taxonomy":"product_tag","embeddable":true,"href":"https:\/\/babylove.se\/no\/wp-json\/wp\/v2\/product_tag?post=5498"}],"curies":[{"name":"wp","href":"https:\/\/api.w.org\/{rel}","templated":true}]}}