{"id":55078,"date":"2025-07-19T12:30:32","date_gmt":"2025-07-19T11:30:32","guid":{"rendered":"https:\/\/babylove.se\/produkt\/dekorillo-tapet-flowers-and-butterflies\/"},"modified":"2026-04-08T13:48:28","modified_gmt":"2026-04-08T12:48:28","slug":"dekorillo-tapet-blomster-og-sommerfugler","status":"publish","type":"product","link":"https:\/\/babylove.se\/no\/produkt\/dekorillo-tapet-blomster-og-sommerfugler\/","title":{"rendered":"Dekorillo, tapet Flowers and butterflies"},"content":{"rendered":"<p>Unike og eventyrlige tapeter som du m\u00e5ttbestiller etter dine \u00f8nsker. Du kan skape en helt egen eventyrverden som ditt barn kommer til \u00e5 elske, og samtidig skape en barneroomsinnredning av sjelden skuet slag.<\/p>\n<p><strong>Material<\/strong><\/p>\n<p>Tapetene finnes i to forskjellige typer: non-woven eller polyester<\/p>\n<ul>\n<li>Non-woventapetet er et naturlig, \u00f8kologisk produkt av celluloseblanding som er FSC-sertifisert. Fri fra PVC, tungmetaller og l\u00f8semidler. Glatt og matt.<\/li>\n<li>Polyestertapetet er et syntetisk produkt fri fra PVC. Den store fordelen med dette tapetet er den sv\u00e6rt h\u00f8ye fargegjengivelsen og at det kan vaskes n\u00e5r det blir skittent. Overflaten har en canvasstruktur.<\/li>\n<\/ul>\n<p><span style=\"background-color: initial; text-align: initial; font-weight: 700;\">M\u00e5l<\/span><\/p>\n<ul>\n<li>Tapetene selges per kvadratmeter men trykkes i ruller med enten 50 cm bredde eller 100 cm bredde.<\/li>\n<li>For \u00e5 bestille riktig antall begynn med \u00e5 m\u00e5le veggen du vil tapetsere. Multipliser s\u00e5 veggens bredde x veggens lengde. Hvis svaret ikke er jevnt &#8211; rund <em>oppover<\/em>.<\/li>\n<li>For eksempel: For \u00e5 tapetsere en vegg som er 2,5 meter bred og 2,5 meter lang &nbsp;(<span style=\"background-color: initial; text-align: initial;\">2,5 m x 2,5 m = 6,25 m2) .<\/span><span style=\"background-color: initial; text-align: initial;\">trenger du \u00e5 ha minst 7 kvadratmeter.<\/span><\/li>\n<\/ul>\n<p><u>Obs ! Bestillingsvare.&nbsp;Bestilte tapeter kan ikke returneres.<\/u><\/p>\n<p>Designer:<a href=\"https:\/\/babylove.se\/varumarken\/dekorillo\">&nbsp;Dekorillo<\/a><\/p>\n","protected":false},"excerpt":{"rendered":"<p>Unike og eventyrlige tapeter som du m\u00e5ttbestiller etter dine \u00f8nsker. Du kan skape en helt egen eventyrverden som ditt barn kommer til \u00e5 elske, og samtidig skape en barneroomsinnredning av sjelden skuet slag. Material Tapetene finnes i to forskjellige typer: non-woven eller polyester Non-woventapetet er et naturlig, \u00f8kologisk produkt av celluloseblanding som er FSC-sertifisert. Fri [&hellip;]<\/p>\n","protected":false},"featured_media":55080,"comment_status":"closed","ping_status":"open","template":"","meta":{"_acf_changed":false},"product_brand":[994],"product_cat":[199,995,328],"product_tag":[1689],"class_list":{"0":"post-55078","1":"product","2":"type-product","3":"status-publish","4":"has-post-thumbnail","6":"product_brand-dekorillo","7":"product_cat-blomstrete","8":"product_cat-dekorillo","9":"product_cat-tapeter","10":"product_tag-bestillingsvaror","11":"pa_matt-tapet-1-m","13":"first","14":"instock","15":"taxable","16":"shipping-taxable","17":"purchasable","18":"product-type-simple"},"acf":[],"yoast_head":"<!-- This site is optimized with the Yoast SEO Premium plugin v25.8 (Yoast SEO v27.2) - https:\/\/yoast.com\/product\/yoast-seo-premium-wordpress\/ -->\n<title>Dekorillo, tapet Flowers and butterflies - Babylove Norska<\/title>\n<meta name=\"robots\" content=\"noindex, follow, max-snippet:-1, max-image-preview:large, max-video-preview:-1\" \/>\n<meta property=\"og:locale\" content=\"nb_NO\" \/>\n<meta property=\"og:type\" content=\"article\" \/>\n<meta property=\"og:title\" content=\"Dekorillo, tapet Flowers and butterflies\" \/>\n<meta property=\"og:description\" content=\"Unike og eventyrlige tapeter som du m\u00e5ttbestiller etter dine \u00f8nsker. Du kan skape en helt egen eventyrverden som ditt barn kommer til \u00e5 elske, og samtidig skape en barneroomsinnredning av sjelden skuet slag. Material Tapetene finnes i to forskjellige typer: non-woven eller polyester Non-woventapetet er et naturlig, \u00f8kologisk produkt av celluloseblanding som er FSC-sertifisert. Fri [&hellip;]\" \/>\n<meta property=\"og:url\" content=\"https:\/\/babylove.se\/no\/produkt\/dekorillo-tapet-blomster-og-sommerfugler\/\" \/>\n<meta property=\"og:site_name\" content=\"Babylove Norska\" \/>\n<meta property=\"article:modified_time\" content=\"2026-04-08T12:48:28+00:00\" \/>\n<meta property=\"og:image\" content=\"https:\/\/babylove.se\/no\/wp-content\/uploads\/sites\/3\/2025\/07\/651293d04229e.jpeg\" \/>\n\t<meta property=\"og:image:width\" content=\"552\" \/>\n\t<meta property=\"og:image:height\" content=\"526\" \/>\n\t<meta property=\"og:image:type\" content=\"image\/jpeg\" \/>\n<meta name=\"twitter:card\" content=\"summary_large_image\" \/>\n<meta name=\"twitter:label1\" content=\"Price\" \/>\n\t<meta name=\"twitter:data1\" content=\"399,00&nbsp;&#107;&#114;\" \/>\n\t<meta name=\"twitter:label2\" content=\"Availability\" \/>\n\t<meta name=\"twitter:data2\" content=\"In stock\" \/>\n<script type=\"application\/ld+json\" class=\"yoast-schema-graph\">{\"@context\":\"https:\/\/schema.org\",\"@graph\":[{\"@type\":\"WebPage\",\"@id\":\"https:\/\/babylove.se\/no\/produkt\/dekorillo-tapet-blomster-og-sommerfugler\/\",\"url\":\"https:\/\/babylove.se\/no\/produkt\/dekorillo-tapet-blomster-og-sommerfugler\/\",\"name\":\"Dekorillo, tapet Flowers and butterflies - Babylove Norska\",\"isPartOf\":{\"@id\":\"https:\/\/babylove.se\/no\/#website\"},\"primaryImageOfPage\":{\"@id\":\"https:\/\/babylove.se\/no\/produkt\/dekorillo-tapet-blomster-og-sommerfugler\/#primaryimage\"},\"image\":{\"@id\":\"https:\/\/babylove.se\/no\/produkt\/dekorillo-tapet-blomster-og-sommerfugler\/#primaryimage\"},\"thumbnailUrl\":\"https:\/\/babylove.se\/no\/wp-content\/uploads\/sites\/3\/2025\/07\/651293d04229e.jpeg\",\"datePublished\":\"2025-07-19T11:30:32+00:00\",\"dateModified\":\"2026-04-08T12:48:28+00:00\",\"breadcrumb\":{\"@id\":\"https:\/\/babylove.se\/no\/produkt\/dekorillo-tapet-blomster-og-sommerfugler\/#breadcrumb\"},\"inLanguage\":\"nb-NO\",\"potentialAction\":[{\"@type\":\"ReadAction\",\"target\":[\"https:\/\/babylove.se\/no\/produkt\/dekorillo-tapet-blomster-og-sommerfugler\/\"]}]},{\"@type\":\"ImageObject\",\"inLanguage\":\"nb-NO\",\"@id\":\"https:\/\/babylove.se\/no\/produkt\/dekorillo-tapet-blomster-og-sommerfugler\/#primaryimage\",\"url\":\"https:\/\/babylove.se\/no\/wp-content\/uploads\/sites\/3\/2025\/07\/651293d04229e.jpeg\",\"contentUrl\":\"https:\/\/babylove.se\/no\/wp-content\/uploads\/sites\/3\/2025\/07\/651293d04229e.jpeg\",\"width\":552,\"height\":526},{\"@type\":\"BreadcrumbList\",\"@id\":\"https:\/\/babylove.se\/no\/produkt\/dekorillo-tapet-blomster-og-sommerfugler\/#breadcrumb\",\"itemListElement\":[{\"@type\":\"ListItem\",\"position\":1,\"name\":\"Hem\",\"item\":\"https:\/\/babylove.se\/no\/\"},{\"@type\":\"ListItem\",\"position\":2,\"name\":\"Butik\",\"item\":\"https:\/\/babylove.se\/no\/butik\/\"},{\"@type\":\"ListItem\",\"position\":3,\"name\":\"Dekorillo, tapet Flowers and butterflies\"}]},{\"@type\":\"WebSite\",\"@id\":\"https:\/\/babylove.se\/no\/#website\",\"url\":\"https:\/\/babylove.se\/no\/\",\"name\":\"Babylove Norska\",\"description\":\"\",\"potentialAction\":[{\"@type\":\"SearchAction\",\"target\":{\"@type\":\"EntryPoint\",\"urlTemplate\":\"https:\/\/babylove.se\/no\/?s={search_term_string}\"},\"query-input\":{\"@type\":\"PropertyValueSpecification\",\"valueRequired\":true,\"valueName\":\"search_term_string\"}}],\"inLanguage\":\"nb-NO\"}]}<\/script>\n<meta property=\"product:brand\" content=\"Dekorillo\" \/>\n<meta property=\"product:price:amount\" content=\"399.00\" \/>\n<meta property=\"product:price:currency\" content=\"SEK\" \/>\n<meta property=\"og:availability\" content=\"instock\" \/>\n<meta property=\"product:availability\" content=\"instock\" \/>\n<meta property=\"product:retailer_item_id\" content=\"Tapet Flowers and butterflies (1 m\u00b2)\" \/>\n<meta property=\"product:condition\" content=\"new\" \/>\n<!-- \/ Yoast SEO Premium plugin. -->","yoast_head_json":{"title":"Dekorillo, tapet Flowers and butterflies - Babylove Norska","robots":{"index":"noindex","follow":"follow","max-snippet":"max-snippet:-1","max-image-preview":"max-image-preview:large","max-video-preview":"max-video-preview:-1"},"og_locale":"nb_NO","og_type":"article","og_title":"Dekorillo, tapet Flowers and butterflies","og_description":"Unike og eventyrlige tapeter som du m\u00e5ttbestiller etter dine \u00f8nsker. Du kan skape en helt egen eventyrverden som ditt barn kommer til \u00e5 elske, og samtidig skape en barneroomsinnredning av sjelden skuet slag. Material Tapetene finnes i to forskjellige typer: non-woven eller polyester Non-woventapetet er et naturlig, \u00f8kologisk produkt av celluloseblanding som er FSC-sertifisert. Fri [&hellip;]","og_url":"https:\/\/babylove.se\/no\/produkt\/dekorillo-tapet-blomster-og-sommerfugler\/","og_site_name":"Babylove Norska","article_modified_time":"2026-04-08T12:48:28+00:00","og_image":[{"width":552,"height":526,"url":"https:\/\/babylove.se\/no\/wp-content\/uploads\/sites\/3\/2025\/07\/651293d04229e.jpeg","type":"image\/jpeg"}],"twitter_card":"summary_large_image","twitter_misc":{"Price":"399,00&nbsp;&#107;&#114;","Availability":"In stock"},"schema":{"@context":"https:\/\/schema.org","@graph":[{"@type":"WebPage","@id":"https:\/\/babylove.se\/no\/produkt\/dekorillo-tapet-blomster-og-sommerfugler\/","url":"https:\/\/babylove.se\/no\/produkt\/dekorillo-tapet-blomster-og-sommerfugler\/","name":"Dekorillo, tapet Flowers and butterflies - Babylove Norska","isPartOf":{"@id":"https:\/\/babylove.se\/no\/#website"},"primaryImageOfPage":{"@id":"https:\/\/babylove.se\/no\/produkt\/dekorillo-tapet-blomster-og-sommerfugler\/#primaryimage"},"image":{"@id":"https:\/\/babylove.se\/no\/produkt\/dekorillo-tapet-blomster-og-sommerfugler\/#primaryimage"},"thumbnailUrl":"https:\/\/babylove.se\/no\/wp-content\/uploads\/sites\/3\/2025\/07\/651293d04229e.jpeg","datePublished":"2025-07-19T11:30:32+00:00","dateModified":"2026-04-08T12:48:28+00:00","breadcrumb":{"@id":"https:\/\/babylove.se\/no\/produkt\/dekorillo-tapet-blomster-og-sommerfugler\/#breadcrumb"},"inLanguage":"nb-NO","potentialAction":[{"@type":"ReadAction","target":["https:\/\/babylove.se\/no\/produkt\/dekorillo-tapet-blomster-og-sommerfugler\/"]}]},{"@type":"ImageObject","inLanguage":"nb-NO","@id":"https:\/\/babylove.se\/no\/produkt\/dekorillo-tapet-blomster-og-sommerfugler\/#primaryimage","url":"https:\/\/babylove.se\/no\/wp-content\/uploads\/sites\/3\/2025\/07\/651293d04229e.jpeg","contentUrl":"https:\/\/babylove.se\/no\/wp-content\/uploads\/sites\/3\/2025\/07\/651293d04229e.jpeg","width":552,"height":526},{"@type":"BreadcrumbList","@id":"https:\/\/babylove.se\/no\/produkt\/dekorillo-tapet-blomster-og-sommerfugler\/#breadcrumb","itemListElement":[{"@type":"ListItem","position":1,"name":"Hem","item":"https:\/\/babylove.se\/no\/"},{"@type":"ListItem","position":2,"name":"Butik","item":"https:\/\/babylove.se\/no\/butik\/"},{"@type":"ListItem","position":3,"name":"Dekorillo, tapet Flowers and butterflies"}]},{"@type":"WebSite","@id":"https:\/\/babylove.se\/no\/#website","url":"https:\/\/babylove.se\/no\/","name":"Babylove Norska","description":"","potentialAction":[{"@type":"SearchAction","target":{"@type":"EntryPoint","urlTemplate":"https:\/\/babylove.se\/no\/?s={search_term_string}"},"query-input":{"@type":"PropertyValueSpecification","valueRequired":true,"valueName":"search_term_string"}}],"inLanguage":"nb-NO"}]},"product_brand":"Dekorillo","product_price_amount":"399.00","product_price_currency":"SEK","og_availability":"instock","product_availability":"instock","product_retailer_item_id":"Tapet Flowers and butterflies (1 m\u00b2)","product_condition":"new"},"_links":{"self":[{"href":"https:\/\/babylove.se\/no\/wp-json\/wp\/v2\/product\/55078","targetHints":{"allow":["GET"]}}],"collection":[{"href":"https:\/\/babylove.se\/no\/wp-json\/wp\/v2\/product"}],"about":[{"href":"https:\/\/babylove.se\/no\/wp-json\/wp\/v2\/types\/product"}],"replies":[{"embeddable":true,"href":"https:\/\/babylove.se\/no\/wp-json\/wp\/v2\/comments?post=55078"}],"wp:featuredmedia":[{"embeddable":true,"href":"https:\/\/babylove.se\/no\/wp-json\/wp\/v2\/media\/55080"}],"wp:attachment":[{"href":"https:\/\/babylove.se\/no\/wp-json\/wp\/v2\/media?parent=55078"}],"wp:term":[{"taxonomy":"product_brand","embeddable":true,"href":"https:\/\/babylove.se\/no\/wp-json\/wp\/v2\/product_brand?post=55078"},{"taxonomy":"product_cat","embeddable":true,"href":"https:\/\/babylove.se\/no\/wp-json\/wp\/v2\/product_cat?post=55078"},{"taxonomy":"product_tag","embeddable":true,"href":"https:\/\/babylove.se\/no\/wp-json\/wp\/v2\/product_tag?post=55078"}],"curies":[{"name":"wp","href":"https:\/\/api.w.org\/{rel}","templated":true}]}}