{"id":5515,"date":"2025-07-18T20:29:44","date_gmt":"2025-07-18T19:29:44","guid":{"rendered":"https:\/\/babylove.se\/produkt\/barnspegel-batman\/"},"modified":"2026-04-08T08:18:45","modified_gmt":"2026-04-08T07:18:45","slug":"barnespeil-batman","status":"publish","type":"product","link":"https:\/\/babylove.se\/no\/produkt\/barnespeil-batman\/","title":{"rendered":"Barnspeil batman"},"content":{"rendered":"<p>Superfint speil i form av en batman i slitesterkt akryl. En fantastisk dekorasjon til barnerommet og en fin interi\u00f8rdetalj som du kommer til \u00e5 elske. Enkel \u00e5 henge opp p\u00e5 veggen ved hjelp av metallkroken som f\u00f8lger med.<\/p>\n<p>Dette lettvektspeilet er b\u00e5de smidig og sikkert i barnerommet. <\/p>\n<p><strong>M\u00e5l<\/strong>: Bredde 38 cm og H\u00f8yde 24 cm<\/p>\n<p><strong>Materiale<\/strong>: 100 % Akryl<\/p>\n<p>Husk at speilet ikke er et leket\u00f8y<\/p>\n<p>Produsert i EU.<\/p>\n","protected":false},"excerpt":{"rendered":"<p>Superfint speil i form av en batman i slitesterkt akryl. En fantastisk dekorasjon til barnerommet og en fin interi\u00f8rdetalj som du kommer til \u00e5 elske. Enkel \u00e5 henge opp p\u00e5 veggen ved hjelp av metallkroken som f\u00f8lger med. Dette lettvektspeilet er b\u00e5de smidig og sikkert i barnerommet. M\u00e5l: Bredde 38 cm og H\u00f8yde 24 cm [&hellip;]<\/p>\n","protected":false},"featured_media":5517,"comment_status":"closed","ping_status":"open","template":"","meta":{"_acf_changed":false},"product_brand":[22],"product_cat":[84,102,26,48],"product_tag":[],"class_list":{"0":"post-5515","1":"product","2":"type-product","3":"status-publish","4":"has-post-thumbnail","6":"product_brand-babylove","7":"product_cat-babylove","8":"product_cat-barnspeil","9":"product_cat-kjop-produkter-som-ikke-bare-er-for-gutter","10":"product_cat-startside","12":"first","13":"outofstock","14":"taxable","15":"shipping-taxable","16":"purchasable","17":"product-type-simple"},"acf":[],"yoast_head":"<!-- This site is optimized with the Yoast SEO Premium plugin v25.8 (Yoast SEO v27.2) - https:\/\/yoast.com\/product\/yoast-seo-premium-wordpress\/ -->\n<title>Barnspeil batman - Babylove Norska<\/title>\n<meta name=\"description\" content=\"En vacker spegel i form av en batman &gt; Skickas inom 24 h &gt; Klarna faktura &gt; Perfekt g\u00e5va V\u00e4llkomen till Babylove\" \/>\n<meta name=\"robots\" content=\"noindex, follow, max-snippet:-1, max-image-preview:large, max-video-preview:-1\" \/>\n<meta property=\"og:locale\" content=\"nb_NO\" \/>\n<meta property=\"og:type\" content=\"article\" \/>\n<meta property=\"og:title\" content=\"Barnspeil batman\" \/>\n<meta property=\"og:description\" content=\"En vacker spegel i form av en batman &gt; Skickas inom 24 h &gt; Klarna faktura &gt; Perfekt g\u00e5va V\u00e4llkomen till Babylove\" \/>\n<meta property=\"og:url\" content=\"https:\/\/babylove.se\/no\/produkt\/barnespeil-batman\/\" \/>\n<meta property=\"og:site_name\" content=\"Babylove Norska\" \/>\n<meta property=\"article:modified_time\" content=\"2026-04-08T07:18:45+00:00\" \/>\n<meta property=\"og:image\" content=\"https:\/\/babylove.se\/no\/wp-content\/uploads\/sites\/3\/2025\/07\/5d6433750f268.jpeg\" \/>\n\t<meta property=\"og:image:width\" content=\"750\" \/>\n\t<meta property=\"og:image:height\" content=\"750\" \/>\n\t<meta property=\"og:image:type\" content=\"image\/jpeg\" \/>\n<meta name=\"twitter:card\" content=\"summary_large_image\" \/>\n<meta name=\"twitter:label1\" content=\"Price\" \/>\n\t<meta name=\"twitter:data1\" content=\"299,00&nbsp;&#107;&#114;\" \/>\n\t<meta name=\"twitter:label2\" content=\"Availability\" \/>\n\t<meta name=\"twitter:data2\" content=\"Out of stock\" \/>\n<script type=\"application\/ld+json\" class=\"yoast-schema-graph\">{\"@context\":\"https:\/\/schema.org\",\"@graph\":[{\"@type\":\"WebPage\",\"@id\":\"https:\/\/babylove.se\/no\/produkt\/barnespeil-batman\/\",\"url\":\"https:\/\/babylove.se\/no\/produkt\/barnespeil-batman\/\",\"name\":\"Barnspeil batman - Babylove Norska\",\"isPartOf\":{\"@id\":\"https:\/\/babylove.se\/no\/#website\"},\"primaryImageOfPage\":{\"@id\":\"https:\/\/babylove.se\/no\/produkt\/barnespeil-batman\/#primaryimage\"},\"image\":{\"@id\":\"https:\/\/babylove.se\/no\/produkt\/barnespeil-batman\/#primaryimage\"},\"thumbnailUrl\":\"https:\/\/babylove.se\/no\/wp-content\/uploads\/sites\/3\/2025\/07\/5d6433750f268.jpeg\",\"datePublished\":\"2025-07-18T19:29:44+00:00\",\"dateModified\":\"2026-04-08T07:18:45+00:00\",\"description\":\"En vacker spegel i form av en batman > Skickas inom 24 h > Klarna faktura > Perfekt g\u00e5va V\u00e4llkomen till Babylove\",\"breadcrumb\":{\"@id\":\"https:\/\/babylove.se\/no\/produkt\/barnespeil-batman\/#breadcrumb\"},\"inLanguage\":\"nb-NO\",\"potentialAction\":[{\"@type\":\"ReadAction\",\"target\":[\"https:\/\/babylove.se\/no\/produkt\/barnespeil-batman\/\"]}]},{\"@type\":\"ImageObject\",\"inLanguage\":\"nb-NO\",\"@id\":\"https:\/\/babylove.se\/no\/produkt\/barnespeil-batman\/#primaryimage\",\"url\":\"https:\/\/babylove.se\/no\/wp-content\/uploads\/sites\/3\/2025\/07\/5d6433750f268.jpeg\",\"contentUrl\":\"https:\/\/babylove.se\/no\/wp-content\/uploads\/sites\/3\/2025\/07\/5d6433750f268.jpeg\",\"width\":750,\"height\":750},{\"@type\":\"BreadcrumbList\",\"@id\":\"https:\/\/babylove.se\/no\/produkt\/barnespeil-batman\/#breadcrumb\",\"itemListElement\":[{\"@type\":\"ListItem\",\"position\":1,\"name\":\"Hem\",\"item\":\"https:\/\/babylove.se\/no\/\"},{\"@type\":\"ListItem\",\"position\":2,\"name\":\"Butik\",\"item\":\"https:\/\/babylove.se\/no\/butik\/\"},{\"@type\":\"ListItem\",\"position\":3,\"name\":\"Barnspeil batman\"}]},{\"@type\":\"WebSite\",\"@id\":\"https:\/\/babylove.se\/no\/#website\",\"url\":\"https:\/\/babylove.se\/no\/\",\"name\":\"Babylove Norska\",\"description\":\"\",\"potentialAction\":[{\"@type\":\"SearchAction\",\"target\":{\"@type\":\"EntryPoint\",\"urlTemplate\":\"https:\/\/babylove.se\/no\/?s={search_term_string}\"},\"query-input\":{\"@type\":\"PropertyValueSpecification\",\"valueRequired\":true,\"valueName\":\"search_term_string\"}}],\"inLanguage\":\"nb-NO\"}]}<\/script>\n<meta property=\"product:brand\" content=\"Babylove\" \/>\n<meta property=\"product:price:amount\" content=\"299.00\" \/>\n<meta property=\"product:price:currency\" content=\"SEK\" \/>\n<meta property=\"og:availability\" content=\"out of stock\" \/>\n<meta property=\"product:availability\" content=\"out of stock\" \/>\n<meta property=\"product:retailer_item_id\" content=\"SPE00009995\" \/>\n<meta property=\"product:condition\" content=\"new\" \/>\n<!-- \/ Yoast SEO Premium plugin. -->","yoast_head_json":{"title":"Barnspeil batman - Babylove Norska","description":"En vacker spegel i form av en batman > Skickas inom 24 h > Klarna faktura > Perfekt g\u00e5va V\u00e4llkomen till Babylove","robots":{"index":"noindex","follow":"follow","max-snippet":"max-snippet:-1","max-image-preview":"max-image-preview:large","max-video-preview":"max-video-preview:-1"},"og_locale":"nb_NO","og_type":"article","og_title":"Barnspeil batman","og_description":"En vacker spegel i form av en batman > Skickas inom 24 h > Klarna faktura > Perfekt g\u00e5va V\u00e4llkomen till Babylove","og_url":"https:\/\/babylove.se\/no\/produkt\/barnespeil-batman\/","og_site_name":"Babylove Norska","article_modified_time":"2026-04-08T07:18:45+00:00","og_image":[{"width":750,"height":750,"url":"https:\/\/babylove.se\/no\/wp-content\/uploads\/sites\/3\/2025\/07\/5d6433750f268.jpeg","type":"image\/jpeg"}],"twitter_card":"summary_large_image","twitter_misc":{"Price":"299,00&nbsp;&#107;&#114;","Availability":"Out of stock"},"schema":{"@context":"https:\/\/schema.org","@graph":[{"@type":"WebPage","@id":"https:\/\/babylove.se\/no\/produkt\/barnespeil-batman\/","url":"https:\/\/babylove.se\/no\/produkt\/barnespeil-batman\/","name":"Barnspeil batman - Babylove Norska","isPartOf":{"@id":"https:\/\/babylove.se\/no\/#website"},"primaryImageOfPage":{"@id":"https:\/\/babylove.se\/no\/produkt\/barnespeil-batman\/#primaryimage"},"image":{"@id":"https:\/\/babylove.se\/no\/produkt\/barnespeil-batman\/#primaryimage"},"thumbnailUrl":"https:\/\/babylove.se\/no\/wp-content\/uploads\/sites\/3\/2025\/07\/5d6433750f268.jpeg","datePublished":"2025-07-18T19:29:44+00:00","dateModified":"2026-04-08T07:18:45+00:00","description":"En vacker spegel i form av en batman > Skickas inom 24 h > Klarna faktura > Perfekt g\u00e5va V\u00e4llkomen till Babylove","breadcrumb":{"@id":"https:\/\/babylove.se\/no\/produkt\/barnespeil-batman\/#breadcrumb"},"inLanguage":"nb-NO","potentialAction":[{"@type":"ReadAction","target":["https:\/\/babylove.se\/no\/produkt\/barnespeil-batman\/"]}]},{"@type":"ImageObject","inLanguage":"nb-NO","@id":"https:\/\/babylove.se\/no\/produkt\/barnespeil-batman\/#primaryimage","url":"https:\/\/babylove.se\/no\/wp-content\/uploads\/sites\/3\/2025\/07\/5d6433750f268.jpeg","contentUrl":"https:\/\/babylove.se\/no\/wp-content\/uploads\/sites\/3\/2025\/07\/5d6433750f268.jpeg","width":750,"height":750},{"@type":"BreadcrumbList","@id":"https:\/\/babylove.se\/no\/produkt\/barnespeil-batman\/#breadcrumb","itemListElement":[{"@type":"ListItem","position":1,"name":"Hem","item":"https:\/\/babylove.se\/no\/"},{"@type":"ListItem","position":2,"name":"Butik","item":"https:\/\/babylove.se\/no\/butik\/"},{"@type":"ListItem","position":3,"name":"Barnspeil batman"}]},{"@type":"WebSite","@id":"https:\/\/babylove.se\/no\/#website","url":"https:\/\/babylove.se\/no\/","name":"Babylove Norska","description":"","potentialAction":[{"@type":"SearchAction","target":{"@type":"EntryPoint","urlTemplate":"https:\/\/babylove.se\/no\/?s={search_term_string}"},"query-input":{"@type":"PropertyValueSpecification","valueRequired":true,"valueName":"search_term_string"}}],"inLanguage":"nb-NO"}]},"product_brand":"Babylove","product_price_amount":"299.00","product_price_currency":"SEK","og_availability":"out of stock","product_availability":"out of stock","product_retailer_item_id":"SPE00009995","product_condition":"new"},"_links":{"self":[{"href":"https:\/\/babylove.se\/no\/wp-json\/wp\/v2\/product\/5515","targetHints":{"allow":["GET"]}}],"collection":[{"href":"https:\/\/babylove.se\/no\/wp-json\/wp\/v2\/product"}],"about":[{"href":"https:\/\/babylove.se\/no\/wp-json\/wp\/v2\/types\/product"}],"replies":[{"embeddable":true,"href":"https:\/\/babylove.se\/no\/wp-json\/wp\/v2\/comments?post=5515"}],"wp:featuredmedia":[{"embeddable":true,"href":"https:\/\/babylove.se\/no\/wp-json\/wp\/v2\/media\/5517"}],"wp:attachment":[{"href":"https:\/\/babylove.se\/no\/wp-json\/wp\/v2\/media?parent=5515"}],"wp:term":[{"taxonomy":"product_brand","embeddable":true,"href":"https:\/\/babylove.se\/no\/wp-json\/wp\/v2\/product_brand?post=5515"},{"taxonomy":"product_cat","embeddable":true,"href":"https:\/\/babylove.se\/no\/wp-json\/wp\/v2\/product_cat?post=5515"},{"taxonomy":"product_tag","embeddable":true,"href":"https:\/\/babylove.se\/no\/wp-json\/wp\/v2\/product_tag?post=5515"}],"curies":[{"name":"wp","href":"https:\/\/api.w.org\/{rel}","templated":true}]}}