{"id":5519,"date":"2025-07-18T20:29:44","date_gmt":"2025-07-18T19:29:44","guid":{"rendered":"https:\/\/babylove.se\/produkt\/barnspegel-enhorning-till-barnrummet\/"},"modified":"2026-04-08T08:18:48","modified_gmt":"2026-04-08T07:18:48","slug":"barnespeil-enhjorning-til-barnerommet","status":"publish","type":"product","link":"https:\/\/babylove.se\/no\/produkt\/barnespeil-enhjorning-til-barnerommet\/","title":{"rendered":"Barnespeil enhj\u00f8rning til barnerommet"},"content":{"rendered":"<p>Superfint speil i form av en enhj\u00f8rning laget av slitesterkt akryl. En fantastisk dekorasjon til barnerommet og en fin interi\u00f8rdetalj som du vil elske. Enkel \u00e5 henge opp p\u00e5 veggen ved hjelp av metallkroken som f\u00f8lger med.<\/p>\n<p>Dette lettvektsspeilet er b\u00e5de smidig og trygt i barnerommet. <\/p>\n<p><strong>M\u00e5l<\/strong>: H\u00f8yde 35 cm og bredde 31 cm<\/p>\n<p><strong>Materiale<\/strong>: 100 % Akryl<\/p>\n<p>Produsert i EU.<\/p>\n<p><\/p>\n","protected":false},"excerpt":{"rendered":"<p>Superfint speil i form av en enhj\u00f8rning laget av slitesterkt akryl. En fantastisk dekorasjon til barnerommet og en fin interi\u00f8rdetalj som du vil elske. Enkel \u00e5 henge opp p\u00e5 veggen ved hjelp av metallkroken som f\u00f8lger med. Dette lettvektsspeilet er b\u00e5de smidig og trygt i barnerommet. M\u00e5l: H\u00f8yde 35 cm og bredde 31 cm Materiale: [&hellip;]<\/p>\n","protected":false},"featured_media":5521,"comment_status":"closed","ping_status":"open","template":"","meta":{"_acf_changed":false},"product_brand":[22],"product_cat":[84,102,103,90,189,25,48],"product_tag":[],"class_list":{"0":"post-5519","1":"product","2":"type-product","3":"status-publish","4":"has-post-thumbnail","6":"product_brand-babylove","7":"product_cat-babylove","8":"product_cat-barnspeil","9":"product_cat-barnspeil-fra-149-kr-babylove","10":"product_cat-dyr","11":"product_cat-innrede-barnerom-jente","12":"product_cat-ikke-bare-jenter","13":"product_cat-startside","15":"first","16":"outofstock","17":"taxable","18":"shipping-taxable","19":"purchasable","20":"product-type-simple"},"acf":[],"yoast_head":"<!-- This site is optimized with the Yoast SEO Premium plugin v25.8 (Yoast SEO v27.2) - https:\/\/yoast.com\/product\/yoast-seo-premium-wordpress\/ -->\n<title>Barnespeil enhj\u00f8rning til barnerommet - Babylove Norska<\/title>\n<meta name=\"description\" content=\"En vacker spegel till barnrummet i form av en enhorning &gt; Skickas inom 24h &gt; Perfekt g\u00e5va Varmt v\u00e4lkommen till Babylove!\" \/>\n<meta name=\"robots\" content=\"noindex, follow, max-snippet:-1, max-image-preview:large, max-video-preview:-1\" \/>\n<meta property=\"og:locale\" content=\"nb_NO\" \/>\n<meta property=\"og:type\" content=\"article\" \/>\n<meta property=\"og:title\" content=\"Barnespeil enhj\u00f8rning til barnerommet\" \/>\n<meta property=\"og:description\" content=\"En vacker spegel till barnrummet i form av en enhorning &gt; Skickas inom 24h &gt; Perfekt g\u00e5va Varmt v\u00e4lkommen till Babylove!\" \/>\n<meta property=\"og:url\" content=\"https:\/\/babylove.se\/no\/produkt\/barnespeil-enhjorning-til-barnerommet\/\" \/>\n<meta property=\"og:site_name\" content=\"Babylove Norska\" \/>\n<meta property=\"article:modified_time\" content=\"2026-04-08T07:18:48+00:00\" \/>\n<meta property=\"og:image\" content=\"https:\/\/babylove.se\/no\/wp-content\/uploads\/sites\/3\/2025\/07\/5d64337d1f002.jpeg\" \/>\n\t<meta property=\"og:image:width\" content=\"750\" \/>\n\t<meta property=\"og:image:height\" content=\"750\" \/>\n\t<meta property=\"og:image:type\" content=\"image\/jpeg\" \/>\n<meta name=\"twitter:card\" content=\"summary_large_image\" \/>\n<meta name=\"twitter:label1\" content=\"Price\" \/>\n\t<meta name=\"twitter:data1\" content=\"299,00&nbsp;&#107;&#114;\" \/>\n\t<meta name=\"twitter:label2\" content=\"Availability\" \/>\n\t<meta name=\"twitter:data2\" content=\"Out of stock\" \/>\n<script type=\"application\/ld+json\" class=\"yoast-schema-graph\">{\"@context\":\"https:\/\/schema.org\",\"@graph\":[{\"@type\":\"WebPage\",\"@id\":\"https:\/\/babylove.se\/no\/produkt\/barnespeil-enhjorning-til-barnerommet\/\",\"url\":\"https:\/\/babylove.se\/no\/produkt\/barnespeil-enhjorning-til-barnerommet\/\",\"name\":\"Barnespeil enhj\u00f8rning til barnerommet - Babylove Norska\",\"isPartOf\":{\"@id\":\"https:\/\/babylove.se\/no\/#website\"},\"primaryImageOfPage\":{\"@id\":\"https:\/\/babylove.se\/no\/produkt\/barnespeil-enhjorning-til-barnerommet\/#primaryimage\"},\"image\":{\"@id\":\"https:\/\/babylove.se\/no\/produkt\/barnespeil-enhjorning-til-barnerommet\/#primaryimage\"},\"thumbnailUrl\":\"https:\/\/babylove.se\/no\/wp-content\/uploads\/sites\/3\/2025\/07\/5d64337d1f002.jpeg\",\"datePublished\":\"2025-07-18T19:29:44+00:00\",\"dateModified\":\"2026-04-08T07:18:48+00:00\",\"description\":\"En vacker spegel till barnrummet i form av en enhorning > Skickas inom 24h > Perfekt g\u00e5va Varmt v\u00e4lkommen till Babylove!\",\"breadcrumb\":{\"@id\":\"https:\/\/babylove.se\/no\/produkt\/barnespeil-enhjorning-til-barnerommet\/#breadcrumb\"},\"inLanguage\":\"nb-NO\",\"potentialAction\":[{\"@type\":\"ReadAction\",\"target\":[\"https:\/\/babylove.se\/no\/produkt\/barnespeil-enhjorning-til-barnerommet\/\"]}]},{\"@type\":\"ImageObject\",\"inLanguage\":\"nb-NO\",\"@id\":\"https:\/\/babylove.se\/no\/produkt\/barnespeil-enhjorning-til-barnerommet\/#primaryimage\",\"url\":\"https:\/\/babylove.se\/no\/wp-content\/uploads\/sites\/3\/2025\/07\/5d64337d1f002.jpeg\",\"contentUrl\":\"https:\/\/babylove.se\/no\/wp-content\/uploads\/sites\/3\/2025\/07\/5d64337d1f002.jpeg\",\"width\":750,\"height\":750},{\"@type\":\"BreadcrumbList\",\"@id\":\"https:\/\/babylove.se\/no\/produkt\/barnespeil-enhjorning-til-barnerommet\/#breadcrumb\",\"itemListElement\":[{\"@type\":\"ListItem\",\"position\":1,\"name\":\"Hem\",\"item\":\"https:\/\/babylove.se\/no\/\"},{\"@type\":\"ListItem\",\"position\":2,\"name\":\"Butik\",\"item\":\"https:\/\/babylove.se\/no\/butik\/\"},{\"@type\":\"ListItem\",\"position\":3,\"name\":\"Barnespeil enhj\u00f8rning til barnerommet\"}]},{\"@type\":\"WebSite\",\"@id\":\"https:\/\/babylove.se\/no\/#website\",\"url\":\"https:\/\/babylove.se\/no\/\",\"name\":\"Babylove Norska\",\"description\":\"\",\"potentialAction\":[{\"@type\":\"SearchAction\",\"target\":{\"@type\":\"EntryPoint\",\"urlTemplate\":\"https:\/\/babylove.se\/no\/?s={search_term_string}\"},\"query-input\":{\"@type\":\"PropertyValueSpecification\",\"valueRequired\":true,\"valueName\":\"search_term_string\"}}],\"inLanguage\":\"nb-NO\"}]}<\/script>\n<meta property=\"product:brand\" content=\"Babylove\" \/>\n<meta property=\"product:price:amount\" content=\"299.00\" \/>\n<meta property=\"product:price:currency\" content=\"SEK\" \/>\n<meta property=\"og:availability\" content=\"out of stock\" \/>\n<meta property=\"product:availability\" content=\"out of stock\" \/>\n<meta property=\"product:retailer_item_id\" content=\"SPE00009992\" \/>\n<meta property=\"product:condition\" content=\"new\" \/>\n<!-- \/ Yoast SEO Premium plugin. -->","yoast_head_json":{"title":"Barnespeil enhj\u00f8rning til barnerommet - Babylove Norska","description":"En vacker spegel till barnrummet i form av en enhorning > Skickas inom 24h > Perfekt g\u00e5va Varmt v\u00e4lkommen till Babylove!","robots":{"index":"noindex","follow":"follow","max-snippet":"max-snippet:-1","max-image-preview":"max-image-preview:large","max-video-preview":"max-video-preview:-1"},"og_locale":"nb_NO","og_type":"article","og_title":"Barnespeil enhj\u00f8rning til barnerommet","og_description":"En vacker spegel till barnrummet i form av en enhorning > Skickas inom 24h > Perfekt g\u00e5va Varmt v\u00e4lkommen till Babylove!","og_url":"https:\/\/babylove.se\/no\/produkt\/barnespeil-enhjorning-til-barnerommet\/","og_site_name":"Babylove Norska","article_modified_time":"2026-04-08T07:18:48+00:00","og_image":[{"width":750,"height":750,"url":"https:\/\/babylove.se\/no\/wp-content\/uploads\/sites\/3\/2025\/07\/5d64337d1f002.jpeg","type":"image\/jpeg"}],"twitter_card":"summary_large_image","twitter_misc":{"Price":"299,00&nbsp;&#107;&#114;","Availability":"Out of stock"},"schema":{"@context":"https:\/\/schema.org","@graph":[{"@type":"WebPage","@id":"https:\/\/babylove.se\/no\/produkt\/barnespeil-enhjorning-til-barnerommet\/","url":"https:\/\/babylove.se\/no\/produkt\/barnespeil-enhjorning-til-barnerommet\/","name":"Barnespeil enhj\u00f8rning til barnerommet - Babylove Norska","isPartOf":{"@id":"https:\/\/babylove.se\/no\/#website"},"primaryImageOfPage":{"@id":"https:\/\/babylove.se\/no\/produkt\/barnespeil-enhjorning-til-barnerommet\/#primaryimage"},"image":{"@id":"https:\/\/babylove.se\/no\/produkt\/barnespeil-enhjorning-til-barnerommet\/#primaryimage"},"thumbnailUrl":"https:\/\/babylove.se\/no\/wp-content\/uploads\/sites\/3\/2025\/07\/5d64337d1f002.jpeg","datePublished":"2025-07-18T19:29:44+00:00","dateModified":"2026-04-08T07:18:48+00:00","description":"En vacker spegel till barnrummet i form av en enhorning > Skickas inom 24h > Perfekt g\u00e5va Varmt v\u00e4lkommen till Babylove!","breadcrumb":{"@id":"https:\/\/babylove.se\/no\/produkt\/barnespeil-enhjorning-til-barnerommet\/#breadcrumb"},"inLanguage":"nb-NO","potentialAction":[{"@type":"ReadAction","target":["https:\/\/babylove.se\/no\/produkt\/barnespeil-enhjorning-til-barnerommet\/"]}]},{"@type":"ImageObject","inLanguage":"nb-NO","@id":"https:\/\/babylove.se\/no\/produkt\/barnespeil-enhjorning-til-barnerommet\/#primaryimage","url":"https:\/\/babylove.se\/no\/wp-content\/uploads\/sites\/3\/2025\/07\/5d64337d1f002.jpeg","contentUrl":"https:\/\/babylove.se\/no\/wp-content\/uploads\/sites\/3\/2025\/07\/5d64337d1f002.jpeg","width":750,"height":750},{"@type":"BreadcrumbList","@id":"https:\/\/babylove.se\/no\/produkt\/barnespeil-enhjorning-til-barnerommet\/#breadcrumb","itemListElement":[{"@type":"ListItem","position":1,"name":"Hem","item":"https:\/\/babylove.se\/no\/"},{"@type":"ListItem","position":2,"name":"Butik","item":"https:\/\/babylove.se\/no\/butik\/"},{"@type":"ListItem","position":3,"name":"Barnespeil enhj\u00f8rning til barnerommet"}]},{"@type":"WebSite","@id":"https:\/\/babylove.se\/no\/#website","url":"https:\/\/babylove.se\/no\/","name":"Babylove Norska","description":"","potentialAction":[{"@type":"SearchAction","target":{"@type":"EntryPoint","urlTemplate":"https:\/\/babylove.se\/no\/?s={search_term_string}"},"query-input":{"@type":"PropertyValueSpecification","valueRequired":true,"valueName":"search_term_string"}}],"inLanguage":"nb-NO"}]},"product_brand":"Babylove","product_price_amount":"299.00","product_price_currency":"SEK","og_availability":"out of stock","product_availability":"out of stock","product_retailer_item_id":"SPE00009992","product_condition":"new"},"_links":{"self":[{"href":"https:\/\/babylove.se\/no\/wp-json\/wp\/v2\/product\/5519","targetHints":{"allow":["GET"]}}],"collection":[{"href":"https:\/\/babylove.se\/no\/wp-json\/wp\/v2\/product"}],"about":[{"href":"https:\/\/babylove.se\/no\/wp-json\/wp\/v2\/types\/product"}],"replies":[{"embeddable":true,"href":"https:\/\/babylove.se\/no\/wp-json\/wp\/v2\/comments?post=5519"}],"wp:featuredmedia":[{"embeddable":true,"href":"https:\/\/babylove.se\/no\/wp-json\/wp\/v2\/media\/5521"}],"wp:attachment":[{"href":"https:\/\/babylove.se\/no\/wp-json\/wp\/v2\/media?parent=5519"}],"wp:term":[{"taxonomy":"product_brand","embeddable":true,"href":"https:\/\/babylove.se\/no\/wp-json\/wp\/v2\/product_brand?post=5519"},{"taxonomy":"product_cat","embeddable":true,"href":"https:\/\/babylove.se\/no\/wp-json\/wp\/v2\/product_cat?post=5519"},{"taxonomy":"product_tag","embeddable":true,"href":"https:\/\/babylove.se\/no\/wp-json\/wp\/v2\/product_tag?post=5519"}],"curies":[{"name":"wp","href":"https:\/\/api.w.org\/{rel}","templated":true}]}}