{"id":55219,"date":"2025-07-19T12:32:24","date_gmt":"2025-07-19T11:32:24","guid":{"rendered":"https:\/\/babylove.se\/produkt\/dekornik-tapet-tuscan-daisies-pink\/"},"modified":"2026-04-08T13:49:41","modified_gmt":"2026-04-08T12:49:41","slug":"dekornik-tapet-tuscan-daisies-rosa","status":"publish","type":"product","link":"https:\/\/babylove.se\/no\/produkt\/dekornik-tapet-tuscan-daisies-rosa\/","title":{"rendered":"Dekornik, tapet Tuscan Daisies Pink"},"content":{"rendered":"<p>Unike og eventyrlige naturinspirerte tapeter som du bestiller p\u00e5 m\u00e5l etter dine \u00f8nsker. Du kan skape en helt egen eventyrverden som ditt barn kommer til \u00e5 elske, og samtidig skape en barneroms-innredning av sjeldent skuet slag. <\/p>\n<p>Tapetene trykkes i ruller p\u00e5 100&#215;280 cm. De er skapt for \u00e5 g\u00e5 i hverandre ved \u00e5 legge dem kant i kant, noe som gj\u00f8r at motivet henger sammen hele veien og skj\u00f8tene uteblir. Fabrikatet er et klassisk matt fleece-papir som du limer p\u00e5 veggen. Tapetet har en delikat struktur og fremhever fargene p\u00e5 en fantastisk m\u00e5te. <\/p>\n<p>M\u00e5l: hver rull 100&#215;280 cm. <\/p>\n<p>Materiale: Non-woven. <\/p>\n<p><u>Obs ! Bestillingsvare. Bestilte tapeter kan ikke returneres.<\/u> <\/p>\n<p>Designer: <a href=\"https:\/\/babylove.se\/varumarken\/dekornik\"><u>DEKORNIK<\/u><\/a><\/p>\n","protected":false},"excerpt":{"rendered":"<p>Unike og eventyrlige naturinspirerte tapeter som du bestiller p\u00e5 m\u00e5l etter dine \u00f8nsker. Du kan skape en helt egen eventyrverden som ditt barn kommer til \u00e5 elske, og samtidig skape en barneroms-innredning av sjeldent skuet slag. Tapetene trykkes i ruller p\u00e5 100&#215;280 cm. De er skapt for \u00e5 g\u00e5 i hverandre ved \u00e5 legge dem [&hellip;]<\/p>\n","protected":false},"featured_media":55221,"comment_status":"open","ping_status":"closed","template":"","meta":{"_acf_changed":false},"product_brand":[190],"product_cat":[191,328],"product_tag":[1689],"class_list":{"0":"post-55219","1":"product","2":"type-product","3":"status-publish","4":"has-post-thumbnail","6":"product_brand-dekornik","7":"product_cat-dekornik","8":"product_cat-tapeter","9":"product_tag-bestillingsvaror","11":"first","12":"instock","13":"taxable","14":"shipping-taxable","15":"purchasable","16":"product-type-simple"},"acf":[],"yoast_head":"<!-- This site is optimized with the Yoast SEO Premium plugin v25.8 (Yoast SEO v27.2) - https:\/\/yoast.com\/product\/yoast-seo-premium-wordpress\/ -->\n<title>Dekornik, tapet Tuscan Daisies Pink - Babylove Norska<\/title>\n<meta name=\"robots\" content=\"noindex, follow, max-snippet:-1, max-image-preview:large, max-video-preview:-1\" \/>\n<meta property=\"og:locale\" content=\"nb_NO\" \/>\n<meta property=\"og:type\" content=\"article\" \/>\n<meta property=\"og:title\" content=\"Dekornik, tapet Tuscan Daisies Pink\" \/>\n<meta property=\"og:description\" content=\"Unike og eventyrlige naturinspirerte tapeter som du bestiller p\u00e5 m\u00e5l etter dine \u00f8nsker. Du kan skape en helt egen eventyrverden som ditt barn kommer til \u00e5 elske, og samtidig skape en barneroms-innredning av sjeldent skuet slag. Tapetene trykkes i ruller p\u00e5 100&#215;280 cm. De er skapt for \u00e5 g\u00e5 i hverandre ved \u00e5 legge dem [&hellip;]\" \/>\n<meta property=\"og:url\" content=\"https:\/\/babylove.se\/no\/produkt\/dekornik-tapet-tuscan-daisies-rosa\/\" \/>\n<meta property=\"og:site_name\" content=\"Babylove Norska\" \/>\n<meta property=\"article:modified_time\" content=\"2026-04-08T12:49:41+00:00\" \/>\n<meta property=\"og:image\" content=\"https:\/\/babylove.se\/no\/wp-content\/uploads\/sites\/3\/2025\/07\/65168af4c2982.jpeg\" \/>\n\t<meta property=\"og:image:width\" content=\"700\" \/>\n\t<meta property=\"og:image:height\" content=\"700\" \/>\n\t<meta property=\"og:image:type\" content=\"image\/jpeg\" \/>\n<meta name=\"twitter:card\" content=\"summary_large_image\" \/>\n<meta name=\"twitter:label1\" content=\"Price\" \/>\n\t<meta name=\"twitter:data1\" content=\"999,00&nbsp;&#107;&#114;\" \/>\n\t<meta name=\"twitter:label2\" content=\"Availability\" \/>\n\t<meta name=\"twitter:data2\" content=\"In stock\" \/>\n<script type=\"application\/ld+json\" class=\"yoast-schema-graph\">{\"@context\":\"https:\/\/schema.org\",\"@graph\":[{\"@type\":\"WebPage\",\"@id\":\"https:\/\/babylove.se\/no\/produkt\/dekornik-tapet-tuscan-daisies-rosa\/\",\"url\":\"https:\/\/babylove.se\/no\/produkt\/dekornik-tapet-tuscan-daisies-rosa\/\",\"name\":\"Dekornik, tapet Tuscan Daisies Pink - Babylove Norska\",\"isPartOf\":{\"@id\":\"https:\/\/babylove.se\/no\/#website\"},\"primaryImageOfPage\":{\"@id\":\"https:\/\/babylove.se\/no\/produkt\/dekornik-tapet-tuscan-daisies-rosa\/#primaryimage\"},\"image\":{\"@id\":\"https:\/\/babylove.se\/no\/produkt\/dekornik-tapet-tuscan-daisies-rosa\/#primaryimage\"},\"thumbnailUrl\":\"https:\/\/babylove.se\/no\/wp-content\/uploads\/sites\/3\/2025\/07\/65168af4c2982.jpeg\",\"datePublished\":\"2025-07-19T11:32:24+00:00\",\"dateModified\":\"2026-04-08T12:49:41+00:00\",\"breadcrumb\":{\"@id\":\"https:\/\/babylove.se\/no\/produkt\/dekornik-tapet-tuscan-daisies-rosa\/#breadcrumb\"},\"inLanguage\":\"nb-NO\",\"potentialAction\":[{\"@type\":\"ReadAction\",\"target\":[\"https:\/\/babylove.se\/no\/produkt\/dekornik-tapet-tuscan-daisies-rosa\/\"]}]},{\"@type\":\"ImageObject\",\"inLanguage\":\"nb-NO\",\"@id\":\"https:\/\/babylove.se\/no\/produkt\/dekornik-tapet-tuscan-daisies-rosa\/#primaryimage\",\"url\":\"https:\/\/babylove.se\/no\/wp-content\/uploads\/sites\/3\/2025\/07\/65168af4c2982.jpeg\",\"contentUrl\":\"https:\/\/babylove.se\/no\/wp-content\/uploads\/sites\/3\/2025\/07\/65168af4c2982.jpeg\",\"width\":700,\"height\":700},{\"@type\":\"BreadcrumbList\",\"@id\":\"https:\/\/babylove.se\/no\/produkt\/dekornik-tapet-tuscan-daisies-rosa\/#breadcrumb\",\"itemListElement\":[{\"@type\":\"ListItem\",\"position\":1,\"name\":\"Hem\",\"item\":\"https:\/\/babylove.se\/no\/\"},{\"@type\":\"ListItem\",\"position\":2,\"name\":\"Butik\",\"item\":\"https:\/\/babylove.se\/no\/butik\/\"},{\"@type\":\"ListItem\",\"position\":3,\"name\":\"Dekornik, tapet Tuscan Daisies Pink\"}]},{\"@type\":\"WebSite\",\"@id\":\"https:\/\/babylove.se\/no\/#website\",\"url\":\"https:\/\/babylove.se\/no\/\",\"name\":\"Babylove Norska\",\"description\":\"\",\"potentialAction\":[{\"@type\":\"SearchAction\",\"target\":{\"@type\":\"EntryPoint\",\"urlTemplate\":\"https:\/\/babylove.se\/no\/?s={search_term_string}\"},\"query-input\":{\"@type\":\"PropertyValueSpecification\",\"valueRequired\":true,\"valueName\":\"search_term_string\"}}],\"inLanguage\":\"nb-NO\"}]}<\/script>\n<meta property=\"product:brand\" content=\"Dekornik\" \/>\n<meta property=\"product:price:amount\" content=\"999.00\" \/>\n<meta property=\"product:price:currency\" content=\"SEK\" \/>\n<meta property=\"og:availability\" content=\"instock\" \/>\n<meta property=\"product:availability\" content=\"instock\" \/>\n<meta property=\"product:retailer_item_id\" content=\"DEKO.TAP.384\" \/>\n<meta property=\"product:condition\" content=\"new\" \/>\n<!-- \/ Yoast SEO Premium plugin. -->","yoast_head_json":{"title":"Dekornik, tapet Tuscan Daisies Pink - Babylove Norska","robots":{"index":"noindex","follow":"follow","max-snippet":"max-snippet:-1","max-image-preview":"max-image-preview:large","max-video-preview":"max-video-preview:-1"},"og_locale":"nb_NO","og_type":"article","og_title":"Dekornik, tapet Tuscan Daisies Pink","og_description":"Unike og eventyrlige naturinspirerte tapeter som du bestiller p\u00e5 m\u00e5l etter dine \u00f8nsker. Du kan skape en helt egen eventyrverden som ditt barn kommer til \u00e5 elske, og samtidig skape en barneroms-innredning av sjeldent skuet slag. Tapetene trykkes i ruller p\u00e5 100&#215;280 cm. De er skapt for \u00e5 g\u00e5 i hverandre ved \u00e5 legge dem [&hellip;]","og_url":"https:\/\/babylove.se\/no\/produkt\/dekornik-tapet-tuscan-daisies-rosa\/","og_site_name":"Babylove Norska","article_modified_time":"2026-04-08T12:49:41+00:00","og_image":[{"width":700,"height":700,"url":"https:\/\/babylove.se\/no\/wp-content\/uploads\/sites\/3\/2025\/07\/65168af4c2982.jpeg","type":"image\/jpeg"}],"twitter_card":"summary_large_image","twitter_misc":{"Price":"999,00&nbsp;&#107;&#114;","Availability":"In stock"},"schema":{"@context":"https:\/\/schema.org","@graph":[{"@type":"WebPage","@id":"https:\/\/babylove.se\/no\/produkt\/dekornik-tapet-tuscan-daisies-rosa\/","url":"https:\/\/babylove.se\/no\/produkt\/dekornik-tapet-tuscan-daisies-rosa\/","name":"Dekornik, tapet Tuscan Daisies Pink - Babylove Norska","isPartOf":{"@id":"https:\/\/babylove.se\/no\/#website"},"primaryImageOfPage":{"@id":"https:\/\/babylove.se\/no\/produkt\/dekornik-tapet-tuscan-daisies-rosa\/#primaryimage"},"image":{"@id":"https:\/\/babylove.se\/no\/produkt\/dekornik-tapet-tuscan-daisies-rosa\/#primaryimage"},"thumbnailUrl":"https:\/\/babylove.se\/no\/wp-content\/uploads\/sites\/3\/2025\/07\/65168af4c2982.jpeg","datePublished":"2025-07-19T11:32:24+00:00","dateModified":"2026-04-08T12:49:41+00:00","breadcrumb":{"@id":"https:\/\/babylove.se\/no\/produkt\/dekornik-tapet-tuscan-daisies-rosa\/#breadcrumb"},"inLanguage":"nb-NO","potentialAction":[{"@type":"ReadAction","target":["https:\/\/babylove.se\/no\/produkt\/dekornik-tapet-tuscan-daisies-rosa\/"]}]},{"@type":"ImageObject","inLanguage":"nb-NO","@id":"https:\/\/babylove.se\/no\/produkt\/dekornik-tapet-tuscan-daisies-rosa\/#primaryimage","url":"https:\/\/babylove.se\/no\/wp-content\/uploads\/sites\/3\/2025\/07\/65168af4c2982.jpeg","contentUrl":"https:\/\/babylove.se\/no\/wp-content\/uploads\/sites\/3\/2025\/07\/65168af4c2982.jpeg","width":700,"height":700},{"@type":"BreadcrumbList","@id":"https:\/\/babylove.se\/no\/produkt\/dekornik-tapet-tuscan-daisies-rosa\/#breadcrumb","itemListElement":[{"@type":"ListItem","position":1,"name":"Hem","item":"https:\/\/babylove.se\/no\/"},{"@type":"ListItem","position":2,"name":"Butik","item":"https:\/\/babylove.se\/no\/butik\/"},{"@type":"ListItem","position":3,"name":"Dekornik, tapet Tuscan Daisies Pink"}]},{"@type":"WebSite","@id":"https:\/\/babylove.se\/no\/#website","url":"https:\/\/babylove.se\/no\/","name":"Babylove Norska","description":"","potentialAction":[{"@type":"SearchAction","target":{"@type":"EntryPoint","urlTemplate":"https:\/\/babylove.se\/no\/?s={search_term_string}"},"query-input":{"@type":"PropertyValueSpecification","valueRequired":true,"valueName":"search_term_string"}}],"inLanguage":"nb-NO"}]},"product_brand":"Dekornik","product_price_amount":"999.00","product_price_currency":"SEK","og_availability":"instock","product_availability":"instock","product_retailer_item_id":"DEKO.TAP.384","product_condition":"new"},"_links":{"self":[{"href":"https:\/\/babylove.se\/no\/wp-json\/wp\/v2\/product\/55219","targetHints":{"allow":["GET"]}}],"collection":[{"href":"https:\/\/babylove.se\/no\/wp-json\/wp\/v2\/product"}],"about":[{"href":"https:\/\/babylove.se\/no\/wp-json\/wp\/v2\/types\/product"}],"replies":[{"embeddable":true,"href":"https:\/\/babylove.se\/no\/wp-json\/wp\/v2\/comments?post=55219"}],"wp:featuredmedia":[{"embeddable":true,"href":"https:\/\/babylove.se\/no\/wp-json\/wp\/v2\/media\/55221"}],"wp:attachment":[{"href":"https:\/\/babylove.se\/no\/wp-json\/wp\/v2\/media?parent=55219"}],"wp:term":[{"taxonomy":"product_brand","embeddable":true,"href":"https:\/\/babylove.se\/no\/wp-json\/wp\/v2\/product_brand?post=55219"},{"taxonomy":"product_cat","embeddable":true,"href":"https:\/\/babylove.se\/no\/wp-json\/wp\/v2\/product_cat?post=55219"},{"taxonomy":"product_tag","embeddable":true,"href":"https:\/\/babylove.se\/no\/wp-json\/wp\/v2\/product_tag?post=55219"}],"curies":[{"name":"wp","href":"https:\/\/api.w.org\/{rel}","templated":true}]}}