{"id":5525,"date":"2025-07-18T20:30:06","date_gmt":"2025-07-18T19:30:06","guid":{"rendered":"https:\/\/babylove.se\/produkt\/done-by-deer-matset-happy-dots-bla\/"},"modified":"2026-04-08T08:18:51","modified_gmt":"2026-04-08T07:18:51","slug":"gjort-av-hjort-spisesett-glade-prikker-bla","status":"publish","type":"product","link":"https:\/\/babylove.se\/no\/produkt\/gjort-av-hjort-spisesett-glade-prikker-bla\/","title":{"rendered":"Done By Deer Matset, happy dots bl\u00e5"},"content":{"rendered":"<p><strong>Done By Deer Matset, happy dots bl\u00e5 <\/strong><\/p>\n<p>I en fantastisk fin presenteske kommer disse fine mattilbeh\u00f8rene som b\u00e5de du og ditt barn vil f\u00e5 mye glede av. Tallerken, en fin kopp samt b\u00e5de kniv og gaffel er optimalt for \u00e5 trene ditt barn p\u00e5 \u00e5 spise med bestikk. Tallerkenen har flere rom som gj\u00f8r at du kan legge opp maten p\u00e5 en smart m\u00e5te.<\/p>\n<p><strong>M\u00e5l<\/strong>:<br \/><span>Tallerken: 28,5 x 19 cm.<\/span><br \/>Kopp: 8 x 6,5 cm.<br \/><span>Skje &#038; Gaffel: 14 cm.<\/span><\/p>\n<p><span>Obs! Oppvaskmaskinssikker. <span> Ikke for mikro.<\/span><\/span><\/p>\n<p><span><span>Designer: <\/span><\/span><a href=\"https:\/\/babylove.se\/varumarken\/done-by-deer\"><span><span><u>Done by Deer<\/u><\/span><\/span><\/a><\/p>\n","protected":false},"excerpt":{"rendered":"<p>Done By Deer Matset, happy dots bl\u00e5 I en fantastisk fin presenteske kommer disse fine mattilbeh\u00f8rene som b\u00e5de du og ditt barn vil f\u00e5 mye glede av. Tallerken, en fin kopp samt b\u00e5de kniv og gaffel er optimalt for \u00e5 trene ditt barn p\u00e5 \u00e5 spise med bestikk. Tallerkenen har flere rom som gj\u00f8r at [&hellip;]<\/p>\n","protected":false},"featured_media":5527,"comment_status":"closed","ping_status":"open","template":"","meta":{"_acf_changed":false},"product_brand":[54],"product_cat":[70,55,26,48],"product_tag":[1689],"class_list":{"0":"post-5525","1":"product","2":"type-product","3":"status-publish","4":"has-post-thumbnail","6":"product_brand-done-by-deer","7":"product_cat-gaver","8":"product_cat-done-by-deer","9":"product_cat-kjop-produkter-som-ikke-bare-er-for-gutter","10":"product_cat-startside","11":"product_tag-bestillingsvaror","13":"first","14":"outofstock","15":"taxable","16":"shipping-taxable","17":"purchasable","18":"product-type-simple"},"acf":[],"yoast_head":"<!-- This site is optimized with the Yoast SEO Premium plugin v25.8 (Yoast SEO v27.2) - https:\/\/yoast.com\/product\/yoast-seo-premium-wordpress\/ -->\n<title>Done By Deer Matset, happy dots bl\u00e5 - Babylove Norska<\/title>\n<meta name=\"robots\" content=\"noindex, follow, max-snippet:-1, max-image-preview:large, max-video-preview:-1\" \/>\n<meta property=\"og:locale\" content=\"nb_NO\" \/>\n<meta property=\"og:type\" content=\"article\" \/>\n<meta property=\"og:title\" content=\"Done By Deer Matset, happy dots bl\u00e5\" \/>\n<meta property=\"og:description\" content=\"Done By Deer Matset, happy dots bl\u00e5 I en fantastisk fin presenteske kommer disse fine mattilbeh\u00f8rene som b\u00e5de du og ditt barn vil f\u00e5 mye glede av. Tallerken, en fin kopp samt b\u00e5de kniv og gaffel er optimalt for \u00e5 trene ditt barn p\u00e5 \u00e5 spise med bestikk. Tallerkenen har flere rom som gj\u00f8r at [&hellip;]\" \/>\n<meta property=\"og:url\" content=\"https:\/\/babylove.se\/no\/produkt\/gjort-av-hjort-spisesett-glade-prikker-bla\/\" \/>\n<meta property=\"og:site_name\" content=\"Babylove Norska\" \/>\n<meta property=\"article:modified_time\" content=\"2026-04-08T07:18:51+00:00\" \/>\n<meta property=\"og:image\" content=\"https:\/\/babylove.se\/no\/wp-content\/uploads\/sites\/3\/2025\/07\/5a55f64c288e9.jpeg\" \/>\n\t<meta property=\"og:image:width\" content=\"750\" \/>\n\t<meta property=\"og:image:height\" content=\"750\" \/>\n\t<meta property=\"og:image:type\" content=\"image\/jpeg\" \/>\n<meta name=\"twitter:card\" content=\"summary_large_image\" \/>\n<meta name=\"twitter:label1\" content=\"Price\" \/>\n\t<meta name=\"twitter:data1\" content=\"249,00&nbsp;&#107;&#114;\" \/>\n\t<meta name=\"twitter:label2\" content=\"Availability\" \/>\n\t<meta name=\"twitter:data2\" content=\"Out of stock\" \/>\n<script type=\"application\/ld+json\" class=\"yoast-schema-graph\">{\"@context\":\"https:\/\/schema.org\",\"@graph\":[{\"@type\":\"WebPage\",\"@id\":\"https:\/\/babylove.se\/no\/produkt\/gjort-av-hjort-spisesett-glade-prikker-bla\/\",\"url\":\"https:\/\/babylove.se\/no\/produkt\/gjort-av-hjort-spisesett-glade-prikker-bla\/\",\"name\":\"Done By Deer Matset, happy dots bl\u00e5 - Babylove Norska\",\"isPartOf\":{\"@id\":\"https:\/\/babylove.se\/no\/#website\"},\"primaryImageOfPage\":{\"@id\":\"https:\/\/babylove.se\/no\/produkt\/gjort-av-hjort-spisesett-glade-prikker-bla\/#primaryimage\"},\"image\":{\"@id\":\"https:\/\/babylove.se\/no\/produkt\/gjort-av-hjort-spisesett-glade-prikker-bla\/#primaryimage\"},\"thumbnailUrl\":\"https:\/\/babylove.se\/no\/wp-content\/uploads\/sites\/3\/2025\/07\/5a55f64c288e9.jpeg\",\"datePublished\":\"2025-07-18T19:30:06+00:00\",\"dateModified\":\"2026-04-08T07:18:51+00:00\",\"breadcrumb\":{\"@id\":\"https:\/\/babylove.se\/no\/produkt\/gjort-av-hjort-spisesett-glade-prikker-bla\/#breadcrumb\"},\"inLanguage\":\"nb-NO\",\"potentialAction\":[{\"@type\":\"ReadAction\",\"target\":[\"https:\/\/babylove.se\/no\/produkt\/gjort-av-hjort-spisesett-glade-prikker-bla\/\"]}]},{\"@type\":\"ImageObject\",\"inLanguage\":\"nb-NO\",\"@id\":\"https:\/\/babylove.se\/no\/produkt\/gjort-av-hjort-spisesett-glade-prikker-bla\/#primaryimage\",\"url\":\"https:\/\/babylove.se\/no\/wp-content\/uploads\/sites\/3\/2025\/07\/5a55f64c288e9.jpeg\",\"contentUrl\":\"https:\/\/babylove.se\/no\/wp-content\/uploads\/sites\/3\/2025\/07\/5a55f64c288e9.jpeg\",\"width\":750,\"height\":750},{\"@type\":\"BreadcrumbList\",\"@id\":\"https:\/\/babylove.se\/no\/produkt\/gjort-av-hjort-spisesett-glade-prikker-bla\/#breadcrumb\",\"itemListElement\":[{\"@type\":\"ListItem\",\"position\":1,\"name\":\"Hem\",\"item\":\"https:\/\/babylove.se\/no\/\"},{\"@type\":\"ListItem\",\"position\":2,\"name\":\"Butik\",\"item\":\"https:\/\/babylove.se\/no\/butik\/\"},{\"@type\":\"ListItem\",\"position\":3,\"name\":\"Done By Deer Matset, happy dots bl\u00e5\"}]},{\"@type\":\"WebSite\",\"@id\":\"https:\/\/babylove.se\/no\/#website\",\"url\":\"https:\/\/babylove.se\/no\/\",\"name\":\"Babylove Norska\",\"description\":\"\",\"potentialAction\":[{\"@type\":\"SearchAction\",\"target\":{\"@type\":\"EntryPoint\",\"urlTemplate\":\"https:\/\/babylove.se\/no\/?s={search_term_string}\"},\"query-input\":{\"@type\":\"PropertyValueSpecification\",\"valueRequired\":true,\"valueName\":\"search_term_string\"}}],\"inLanguage\":\"nb-NO\"}]}<\/script>\n<meta property=\"product:brand\" content=\"Done by Deer\" \/>\n<meta property=\"product:price:amount\" content=\"249.00\" \/>\n<meta property=\"product:price:currency\" content=\"SEK\" \/>\n<meta property=\"og:availability\" content=\"out of stock\" \/>\n<meta property=\"product:availability\" content=\"out of stock\" \/>\n<meta property=\"product:retailer_item_id\" content=\"1687\" \/>\n<meta property=\"product:condition\" content=\"new\" \/>\n<!-- \/ Yoast SEO Premium plugin. -->","yoast_head_json":{"title":"Done By Deer Matset, happy dots bl\u00e5 - Babylove Norska","robots":{"index":"noindex","follow":"follow","max-snippet":"max-snippet:-1","max-image-preview":"max-image-preview:large","max-video-preview":"max-video-preview:-1"},"og_locale":"nb_NO","og_type":"article","og_title":"Done By Deer Matset, happy dots bl\u00e5","og_description":"Done By Deer Matset, happy dots bl\u00e5 I en fantastisk fin presenteske kommer disse fine mattilbeh\u00f8rene som b\u00e5de du og ditt barn vil f\u00e5 mye glede av. Tallerken, en fin kopp samt b\u00e5de kniv og gaffel er optimalt for \u00e5 trene ditt barn p\u00e5 \u00e5 spise med bestikk. Tallerkenen har flere rom som gj\u00f8r at [&hellip;]","og_url":"https:\/\/babylove.se\/no\/produkt\/gjort-av-hjort-spisesett-glade-prikker-bla\/","og_site_name":"Babylove Norska","article_modified_time":"2026-04-08T07:18:51+00:00","og_image":[{"width":750,"height":750,"url":"https:\/\/babylove.se\/no\/wp-content\/uploads\/sites\/3\/2025\/07\/5a55f64c288e9.jpeg","type":"image\/jpeg"}],"twitter_card":"summary_large_image","twitter_misc":{"Price":"249,00&nbsp;&#107;&#114;","Availability":"Out of stock"},"schema":{"@context":"https:\/\/schema.org","@graph":[{"@type":"WebPage","@id":"https:\/\/babylove.se\/no\/produkt\/gjort-av-hjort-spisesett-glade-prikker-bla\/","url":"https:\/\/babylove.se\/no\/produkt\/gjort-av-hjort-spisesett-glade-prikker-bla\/","name":"Done By Deer Matset, happy dots bl\u00e5 - Babylove Norska","isPartOf":{"@id":"https:\/\/babylove.se\/no\/#website"},"primaryImageOfPage":{"@id":"https:\/\/babylove.se\/no\/produkt\/gjort-av-hjort-spisesett-glade-prikker-bla\/#primaryimage"},"image":{"@id":"https:\/\/babylove.se\/no\/produkt\/gjort-av-hjort-spisesett-glade-prikker-bla\/#primaryimage"},"thumbnailUrl":"https:\/\/babylove.se\/no\/wp-content\/uploads\/sites\/3\/2025\/07\/5a55f64c288e9.jpeg","datePublished":"2025-07-18T19:30:06+00:00","dateModified":"2026-04-08T07:18:51+00:00","breadcrumb":{"@id":"https:\/\/babylove.se\/no\/produkt\/gjort-av-hjort-spisesett-glade-prikker-bla\/#breadcrumb"},"inLanguage":"nb-NO","potentialAction":[{"@type":"ReadAction","target":["https:\/\/babylove.se\/no\/produkt\/gjort-av-hjort-spisesett-glade-prikker-bla\/"]}]},{"@type":"ImageObject","inLanguage":"nb-NO","@id":"https:\/\/babylove.se\/no\/produkt\/gjort-av-hjort-spisesett-glade-prikker-bla\/#primaryimage","url":"https:\/\/babylove.se\/no\/wp-content\/uploads\/sites\/3\/2025\/07\/5a55f64c288e9.jpeg","contentUrl":"https:\/\/babylove.se\/no\/wp-content\/uploads\/sites\/3\/2025\/07\/5a55f64c288e9.jpeg","width":750,"height":750},{"@type":"BreadcrumbList","@id":"https:\/\/babylove.se\/no\/produkt\/gjort-av-hjort-spisesett-glade-prikker-bla\/#breadcrumb","itemListElement":[{"@type":"ListItem","position":1,"name":"Hem","item":"https:\/\/babylove.se\/no\/"},{"@type":"ListItem","position":2,"name":"Butik","item":"https:\/\/babylove.se\/no\/butik\/"},{"@type":"ListItem","position":3,"name":"Done By Deer Matset, happy dots bl\u00e5"}]},{"@type":"WebSite","@id":"https:\/\/babylove.se\/no\/#website","url":"https:\/\/babylove.se\/no\/","name":"Babylove Norska","description":"","potentialAction":[{"@type":"SearchAction","target":{"@type":"EntryPoint","urlTemplate":"https:\/\/babylove.se\/no\/?s={search_term_string}"},"query-input":{"@type":"PropertyValueSpecification","valueRequired":true,"valueName":"search_term_string"}}],"inLanguage":"nb-NO"}]},"product_brand":"Done by Deer","product_price_amount":"249.00","product_price_currency":"SEK","og_availability":"out of stock","product_availability":"out of stock","product_retailer_item_id":"1687","product_condition":"new"},"_links":{"self":[{"href":"https:\/\/babylove.se\/no\/wp-json\/wp\/v2\/product\/5525","targetHints":{"allow":["GET"]}}],"collection":[{"href":"https:\/\/babylove.se\/no\/wp-json\/wp\/v2\/product"}],"about":[{"href":"https:\/\/babylove.se\/no\/wp-json\/wp\/v2\/types\/product"}],"replies":[{"embeddable":true,"href":"https:\/\/babylove.se\/no\/wp-json\/wp\/v2\/comments?post=5525"}],"wp:featuredmedia":[{"embeddable":true,"href":"https:\/\/babylove.se\/no\/wp-json\/wp\/v2\/media\/5527"}],"wp:attachment":[{"href":"https:\/\/babylove.se\/no\/wp-json\/wp\/v2\/media?parent=5525"}],"wp:term":[{"taxonomy":"product_brand","embeddable":true,"href":"https:\/\/babylove.se\/no\/wp-json\/wp\/v2\/product_brand?post=5525"},{"taxonomy":"product_cat","embeddable":true,"href":"https:\/\/babylove.se\/no\/wp-json\/wp\/v2\/product_cat?post=5525"},{"taxonomy":"product_tag","embeddable":true,"href":"https:\/\/babylove.se\/no\/wp-json\/wp\/v2\/product_tag?post=5525"}],"curies":[{"name":"wp","href":"https:\/\/api.w.org\/{rel}","templated":true}]}}