{"id":55281,"date":"2025-07-19T12:32:54","date_gmt":"2025-07-19T11:32:54","guid":{"rendered":"https:\/\/babylove.se\/produkt\/nattlampa-till-barnrummet-dino-guld\/"},"modified":"2026-04-08T13:50:32","modified_gmt":"2026-04-08T12:50:32","slug":"nattlampe-til-barnerommet-dino-gull","status":"publish","type":"product","link":"https:\/\/babylove.se\/no\/produkt\/nattlampe-til-barnerommet-dino-gull\/","title":{"rendered":"Nattlampe til barnerommet, Dino gull"},"content":{"rendered":"<p>Flott lampe i form av en dinosaur som l\u00f8fter innredningen i barnerommet samtidig som den fungerer som en perfekt nattlampe for ditt barn<\/p>\n<p>De sm\u00e5 lyskildene gir et meget behagelig lys i barnerommet som bidrar til at barnet ditt f\u00f8ler seg trygg. Lampen passer perfekt n\u00e5r barnet skal lese en godnattsbok eller legges.&nbsp;<\/p>\n<p><strong>Info<\/strong>:<\/p>\n<ul>\n<li>St\u00f8rrelse: 57 x 44<span>&nbsp;cm. Kabellengde 200 cm.<\/span><\/li>\n<li>80 LED-lamper<\/li>\n<li>Lyskildens farge: varmhvit<\/li>\n<li>Dimmer: 10 forskjellige innstillinger.<\/li>\n<li>8 lysinnstillinger. Lampene lyser med konstant lys eller blinker med forskjellige hastigheter.&nbsp;<\/li>\n<li>Brenntid: ca 7000 timer<\/li>\n<li>Totaleffekt: 0,5 W<\/li>\n<li>USB-lading<\/li>\n<li>CE-sertifisert<\/li>\n<\/ul>\n<p><strong>Materiale<\/strong>: st\u00e5ltr\u00e5d<\/p>\n<p><em>Obs! Kun for innend\u00f8rs bruk.&nbsp;<\/em><\/p>\n","protected":false},"excerpt":{"rendered":"<p>Flott lampe i form av en dinosaur som l\u00f8fter innredningen i barnerommet samtidig som den fungerer som en perfekt nattlampe for ditt barn De sm\u00e5 lyskildene gir et meget behagelig lys i barnerommet som bidrar til at barnet ditt f\u00f8ler seg trygg. Lampen passer perfekt n\u00e5r barnet skal lese en godnattsbok eller legges.&nbsp; Info: St\u00f8rrelse: [&hellip;]<\/p>\n","protected":false},"featured_media":55283,"comment_status":"closed","ping_status":"open","template":"","meta":{"_acf_changed":false},"product_brand":[],"product_cat":[248,1548,179,37],"product_tag":[1709],"class_list":{"0":"post-55281","1":"product","2":"type-product","3":"status-publish","4":"has-post-thumbnail","6":"product_cat-regnbue","7":"product_cat-lights-dreams","8":"product_cat-nattlamper","9":"product_cat-vegglamper","10":"product_tag-utforsalg","12":"first","13":"instock","14":"taxable","15":"shipping-taxable","16":"purchasable","17":"product-type-simple"},"acf":[],"yoast_head":"<!-- This site is optimized with the Yoast SEO Premium plugin v25.8 (Yoast SEO v27.2) - https:\/\/yoast.com\/product\/yoast-seo-premium-wordpress\/ -->\n<title>Nattlampe til barnerommet, Dino gull - Babylove Norska<\/title>\n<meta name=\"robots\" content=\"noindex, follow, max-snippet:-1, max-image-preview:large, max-video-preview:-1\" \/>\n<meta property=\"og:locale\" content=\"nb_NO\" \/>\n<meta property=\"og:type\" content=\"article\" \/>\n<meta property=\"og:title\" content=\"Nattlampe til barnerommet, Dino gull\" \/>\n<meta property=\"og:description\" content=\"Flott lampe i form av en dinosaur som l\u00f8fter innredningen i barnerommet samtidig som den fungerer som en perfekt nattlampe for ditt barn De sm\u00e5 lyskildene gir et meget behagelig lys i barnerommet som bidrar til at barnet ditt f\u00f8ler seg trygg. Lampen passer perfekt n\u00e5r barnet skal lese en godnattsbok eller legges.&nbsp; Info: St\u00f8rrelse: [&hellip;]\" \/>\n<meta property=\"og:url\" content=\"https:\/\/babylove.se\/no\/produkt\/nattlampe-til-barnerommet-dino-gull\/\" \/>\n<meta property=\"og:site_name\" content=\"Babylove Norska\" \/>\n<meta property=\"article:modified_time\" content=\"2026-04-08T12:50:32+00:00\" \/>\n<meta property=\"og:image\" content=\"https:\/\/babylove.se\/no\/wp-content\/uploads\/sites\/3\/2025\/07\/651e63ebb562c.jpeg\" \/>\n\t<meta property=\"og:image:width\" content=\"561\" \/>\n\t<meta property=\"og:image:height\" content=\"748\" \/>\n\t<meta property=\"og:image:type\" content=\"image\/jpeg\" \/>\n<meta name=\"twitter:card\" content=\"summary_large_image\" \/>\n<meta name=\"twitter:label1\" content=\"Price\" \/>\n\t<meta name=\"twitter:data1\" content=\"899,00&nbsp;&#107;&#114;\" \/>\n\t<meta name=\"twitter:label2\" content=\"Availability\" \/>\n\t<meta name=\"twitter:data2\" content=\"In stock\" \/>\n<script type=\"application\/ld+json\" class=\"yoast-schema-graph\">{\"@context\":\"https:\/\/schema.org\",\"@graph\":[{\"@type\":\"WebPage\",\"@id\":\"https:\/\/babylove.se\/no\/produkt\/nattlampe-til-barnerommet-dino-gull\/\",\"url\":\"https:\/\/babylove.se\/no\/produkt\/nattlampe-til-barnerommet-dino-gull\/\",\"name\":\"Nattlampe til barnerommet, Dino gull - Babylove Norska\",\"isPartOf\":{\"@id\":\"https:\/\/babylove.se\/no\/#website\"},\"primaryImageOfPage\":{\"@id\":\"https:\/\/babylove.se\/no\/produkt\/nattlampe-til-barnerommet-dino-gull\/#primaryimage\"},\"image\":{\"@id\":\"https:\/\/babylove.se\/no\/produkt\/nattlampe-til-barnerommet-dino-gull\/#primaryimage\"},\"thumbnailUrl\":\"https:\/\/babylove.se\/no\/wp-content\/uploads\/sites\/3\/2025\/07\/651e63ebb562c.jpeg\",\"datePublished\":\"2025-07-19T11:32:54+00:00\",\"dateModified\":\"2026-04-08T12:50:32+00:00\",\"breadcrumb\":{\"@id\":\"https:\/\/babylove.se\/no\/produkt\/nattlampe-til-barnerommet-dino-gull\/#breadcrumb\"},\"inLanguage\":\"nb-NO\",\"potentialAction\":[{\"@type\":\"ReadAction\",\"target\":[\"https:\/\/babylove.se\/no\/produkt\/nattlampe-til-barnerommet-dino-gull\/\"]}]},{\"@type\":\"ImageObject\",\"inLanguage\":\"nb-NO\",\"@id\":\"https:\/\/babylove.se\/no\/produkt\/nattlampe-til-barnerommet-dino-gull\/#primaryimage\",\"url\":\"https:\/\/babylove.se\/no\/wp-content\/uploads\/sites\/3\/2025\/07\/651e63ebb562c.jpeg\",\"contentUrl\":\"https:\/\/babylove.se\/no\/wp-content\/uploads\/sites\/3\/2025\/07\/651e63ebb562c.jpeg\",\"width\":561,\"height\":748},{\"@type\":\"BreadcrumbList\",\"@id\":\"https:\/\/babylove.se\/no\/produkt\/nattlampe-til-barnerommet-dino-gull\/#breadcrumb\",\"itemListElement\":[{\"@type\":\"ListItem\",\"position\":1,\"name\":\"Hem\",\"item\":\"https:\/\/babylove.se\/no\/\"},{\"@type\":\"ListItem\",\"position\":2,\"name\":\"Butik\",\"item\":\"https:\/\/babylove.se\/no\/butik\/\"},{\"@type\":\"ListItem\",\"position\":3,\"name\":\"Nattlampe til barnerommet, Dino gull\"}]},{\"@type\":\"WebSite\",\"@id\":\"https:\/\/babylove.se\/no\/#website\",\"url\":\"https:\/\/babylove.se\/no\/\",\"name\":\"Babylove Norska\",\"description\":\"\",\"potentialAction\":[{\"@type\":\"SearchAction\",\"target\":{\"@type\":\"EntryPoint\",\"urlTemplate\":\"https:\/\/babylove.se\/no\/?s={search_term_string}\"},\"query-input\":{\"@type\":\"PropertyValueSpecification\",\"valueRequired\":true,\"valueName\":\"search_term_string\"}}],\"inLanguage\":\"nb-NO\"}]}<\/script>\n<meta property=\"product:price:amount\" content=\"899.00\" \/>\n<meta property=\"product:price:currency\" content=\"SEK\" \/>\n<meta property=\"og:availability\" content=\"instock\" \/>\n<meta property=\"product:availability\" content=\"instock\" \/>\n<meta property=\"product:retailer_item_id\" content=\"L&amp;DDG009\" \/>\n<meta property=\"product:condition\" content=\"new\" \/>\n<!-- \/ Yoast SEO Premium plugin. -->","yoast_head_json":{"title":"Nattlampe til barnerommet, Dino gull - Babylove Norska","robots":{"index":"noindex","follow":"follow","max-snippet":"max-snippet:-1","max-image-preview":"max-image-preview:large","max-video-preview":"max-video-preview:-1"},"og_locale":"nb_NO","og_type":"article","og_title":"Nattlampe til barnerommet, Dino gull","og_description":"Flott lampe i form av en dinosaur som l\u00f8fter innredningen i barnerommet samtidig som den fungerer som en perfekt nattlampe for ditt barn De sm\u00e5 lyskildene gir et meget behagelig lys i barnerommet som bidrar til at barnet ditt f\u00f8ler seg trygg. Lampen passer perfekt n\u00e5r barnet skal lese en godnattsbok eller legges.&nbsp; Info: St\u00f8rrelse: [&hellip;]","og_url":"https:\/\/babylove.se\/no\/produkt\/nattlampe-til-barnerommet-dino-gull\/","og_site_name":"Babylove Norska","article_modified_time":"2026-04-08T12:50:32+00:00","og_image":[{"width":561,"height":748,"url":"https:\/\/babylove.se\/no\/wp-content\/uploads\/sites\/3\/2025\/07\/651e63ebb562c.jpeg","type":"image\/jpeg"}],"twitter_card":"summary_large_image","twitter_misc":{"Price":"899,00&nbsp;&#107;&#114;","Availability":"In stock"},"schema":{"@context":"https:\/\/schema.org","@graph":[{"@type":"WebPage","@id":"https:\/\/babylove.se\/no\/produkt\/nattlampe-til-barnerommet-dino-gull\/","url":"https:\/\/babylove.se\/no\/produkt\/nattlampe-til-barnerommet-dino-gull\/","name":"Nattlampe til barnerommet, Dino gull - Babylove Norska","isPartOf":{"@id":"https:\/\/babylove.se\/no\/#website"},"primaryImageOfPage":{"@id":"https:\/\/babylove.se\/no\/produkt\/nattlampe-til-barnerommet-dino-gull\/#primaryimage"},"image":{"@id":"https:\/\/babylove.se\/no\/produkt\/nattlampe-til-barnerommet-dino-gull\/#primaryimage"},"thumbnailUrl":"https:\/\/babylove.se\/no\/wp-content\/uploads\/sites\/3\/2025\/07\/651e63ebb562c.jpeg","datePublished":"2025-07-19T11:32:54+00:00","dateModified":"2026-04-08T12:50:32+00:00","breadcrumb":{"@id":"https:\/\/babylove.se\/no\/produkt\/nattlampe-til-barnerommet-dino-gull\/#breadcrumb"},"inLanguage":"nb-NO","potentialAction":[{"@type":"ReadAction","target":["https:\/\/babylove.se\/no\/produkt\/nattlampe-til-barnerommet-dino-gull\/"]}]},{"@type":"ImageObject","inLanguage":"nb-NO","@id":"https:\/\/babylove.se\/no\/produkt\/nattlampe-til-barnerommet-dino-gull\/#primaryimage","url":"https:\/\/babylove.se\/no\/wp-content\/uploads\/sites\/3\/2025\/07\/651e63ebb562c.jpeg","contentUrl":"https:\/\/babylove.se\/no\/wp-content\/uploads\/sites\/3\/2025\/07\/651e63ebb562c.jpeg","width":561,"height":748},{"@type":"BreadcrumbList","@id":"https:\/\/babylove.se\/no\/produkt\/nattlampe-til-barnerommet-dino-gull\/#breadcrumb","itemListElement":[{"@type":"ListItem","position":1,"name":"Hem","item":"https:\/\/babylove.se\/no\/"},{"@type":"ListItem","position":2,"name":"Butik","item":"https:\/\/babylove.se\/no\/butik\/"},{"@type":"ListItem","position":3,"name":"Nattlampe til barnerommet, Dino gull"}]},{"@type":"WebSite","@id":"https:\/\/babylove.se\/no\/#website","url":"https:\/\/babylove.se\/no\/","name":"Babylove Norska","description":"","potentialAction":[{"@type":"SearchAction","target":{"@type":"EntryPoint","urlTemplate":"https:\/\/babylove.se\/no\/?s={search_term_string}"},"query-input":{"@type":"PropertyValueSpecification","valueRequired":true,"valueName":"search_term_string"}}],"inLanguage":"nb-NO"}]},"product_price_amount":"899.00","product_price_currency":"SEK","og_availability":"instock","product_availability":"instock","product_retailer_item_id":"L&DDG009","product_condition":"new"},"_links":{"self":[{"href":"https:\/\/babylove.se\/no\/wp-json\/wp\/v2\/product\/55281","targetHints":{"allow":["GET"]}}],"collection":[{"href":"https:\/\/babylove.se\/no\/wp-json\/wp\/v2\/product"}],"about":[{"href":"https:\/\/babylove.se\/no\/wp-json\/wp\/v2\/types\/product"}],"replies":[{"embeddable":true,"href":"https:\/\/babylove.se\/no\/wp-json\/wp\/v2\/comments?post=55281"}],"wp:featuredmedia":[{"embeddable":true,"href":"https:\/\/babylove.se\/no\/wp-json\/wp\/v2\/media\/55283"}],"wp:attachment":[{"href":"https:\/\/babylove.se\/no\/wp-json\/wp\/v2\/media?parent=55281"}],"wp:term":[{"taxonomy":"product_brand","embeddable":true,"href":"https:\/\/babylove.se\/no\/wp-json\/wp\/v2\/product_brand?post=55281"},{"taxonomy":"product_cat","embeddable":true,"href":"https:\/\/babylove.se\/no\/wp-json\/wp\/v2\/product_cat?post=55281"},{"taxonomy":"product_tag","embeddable":true,"href":"https:\/\/babylove.se\/no\/wp-json\/wp\/v2\/product_tag?post=55281"}],"curies":[{"name":"wp","href":"https:\/\/api.w.org\/{rel}","templated":true}]}}