{"id":55329,"date":"2025-07-19T12:33:14","date_gmt":"2025-07-19T11:33:14","guid":{"rendered":"https:\/\/babylove.se\/produkt\/meow-flexibel-lekmatta-square-blagra\/"},"modified":"2026-04-08T13:50:49","modified_gmt":"2026-04-08T12:50:49","slug":"mjau-fleksibel-lekematte-square-blagra","status":"publish","type":"product","link":"https:\/\/babylove.se\/no\/produkt\/mjau-fleksibel-lekematte-square-blagra\/","title":{"rendered":"Meow, fleksibel lekematte Square, bl\u00e5gr\u00e5"},"content":{"rendered":"<p>En underbar lekematte fra Meow, det kreative selskapet bak de popul\u00e6re ballhavene.<\/p>\n<p>Denne lekematten har uendelige muligheter takket v\u00e6re sin tykkelse og fleksibilitet. Den vil stimulere barnets alle sanser, og du vil bli imponert over dens mange bruksomr\u00e5der. I tillegg til \u00e5 ligge p\u00e5 gulvet og gi barnet ditt en underbar lekeflate, kan du ogs\u00e5 enkelt forme den om til en enkel lenestol eller kosekrok. Tykkelsen gj\u00f8r at barnet ditt kan t\u00f8yse p\u00e5 den og trene p\u00e5 motorikken sin. Matten er utviklet med barnets beste i tankene, og er derfor laget kun av n\u00f8ye utvalgte materialer.<\/p>\n<p><strong>M\u00e5l<\/strong>: 120 x 120 cm. Tykkelse 5 cm.<\/p>\n<p><strong>Materiale<\/strong>:&nbsp;<\/p>\n<ul>\n<li>Overtrekk: 77% bomull og 23% polyester.&nbsp;<\/li>\n<li>Fylling: polyuretanskum.<\/li>\n<\/ul>\n<p>Designer: <a href=\"https:\/\/babylove.se\/varumarken\/meow\">Meow<\/a><\/p>\n","protected":false},"excerpt":{"rendered":"<p>En underbar lekematte fra Meow, det kreative selskapet bak de popul\u00e6re ballhavene. Denne lekematten har uendelige muligheter takket v\u00e6re sin tykkelse og fleksibilitet. Den vil stimulere barnets alle sanser, og du vil bli imponert over dens mange bruksomr\u00e5der. I tillegg til \u00e5 ligge p\u00e5 gulvet og gi barnet ditt en underbar lekeflate, kan du ogs\u00e5 [&hellip;]<\/p>\n","protected":false},"featured_media":55331,"comment_status":"closed","ping_status":"open","template":"","meta":{"_acf_changed":false},"product_brand":[774],"product_cat":[52,775],"product_tag":[1689],"class_list":{"0":"post-55329","1":"product","2":"type-product","3":"status-publish","4":"has-post-thumbnail","6":"product_brand-meow","7":"product_cat-lekematter","8":"product_cat-meow","9":"product_tag-bestillingsvaror","11":"first","12":"outofstock","13":"taxable","14":"shipping-taxable","15":"purchasable","16":"product-type-simple"},"acf":[],"yoast_head":"<!-- This site is optimized with the Yoast SEO Premium plugin v25.8 (Yoast SEO v27.2) - https:\/\/yoast.com\/product\/yoast-seo-premium-wordpress\/ -->\n<title>Meow, fleksibel lekematte Square, bl\u00e5gr\u00e5 - Babylove Norska<\/title>\n<meta name=\"robots\" content=\"noindex, follow, max-snippet:-1, max-image-preview:large, max-video-preview:-1\" \/>\n<meta property=\"og:locale\" content=\"nb_NO\" \/>\n<meta property=\"og:type\" content=\"article\" \/>\n<meta property=\"og:title\" content=\"Meow, fleksibel lekematte Square, bl\u00e5gr\u00e5\" \/>\n<meta property=\"og:description\" content=\"En underbar lekematte fra Meow, det kreative selskapet bak de popul\u00e6re ballhavene. Denne lekematten har uendelige muligheter takket v\u00e6re sin tykkelse og fleksibilitet. Den vil stimulere barnets alle sanser, og du vil bli imponert over dens mange bruksomr\u00e5der. I tillegg til \u00e5 ligge p\u00e5 gulvet og gi barnet ditt en underbar lekeflate, kan du ogs\u00e5 [&hellip;]\" \/>\n<meta property=\"og:url\" content=\"https:\/\/babylove.se\/no\/produkt\/mjau-fleksibel-lekematte-square-blagra\/\" \/>\n<meta property=\"og:site_name\" content=\"Babylove Norska\" \/>\n<meta property=\"article:modified_time\" content=\"2026-04-08T12:50:49+00:00\" \/>\n<meta property=\"og:image\" content=\"https:\/\/babylove.se\/no\/wp-content\/uploads\/sites\/3\/2025\/07\/6528e5eb88267.jpeg\" \/>\n\t<meta property=\"og:image:width\" content=\"984\" \/>\n\t<meta property=\"og:image:height\" content=\"656\" \/>\n\t<meta property=\"og:image:type\" content=\"image\/jpeg\" \/>\n<meta name=\"twitter:card\" content=\"summary_large_image\" \/>\n<meta name=\"twitter:label1\" content=\"Price\" \/>\n\t<meta name=\"twitter:data1\" content=\"1 399,00&nbsp;&#107;&#114;\" \/>\n\t<meta name=\"twitter:label2\" content=\"Availability\" \/>\n\t<meta name=\"twitter:data2\" content=\"Out of stock\" \/>\n<script type=\"application\/ld+json\" class=\"yoast-schema-graph\">{\"@context\":\"https:\/\/schema.org\",\"@graph\":[{\"@type\":\"WebPage\",\"@id\":\"https:\/\/babylove.se\/no\/produkt\/mjau-fleksibel-lekematte-square-blagra\/\",\"url\":\"https:\/\/babylove.se\/no\/produkt\/mjau-fleksibel-lekematte-square-blagra\/\",\"name\":\"Meow, fleksibel lekematte Square, bl\u00e5gr\u00e5 - Babylove Norska\",\"isPartOf\":{\"@id\":\"https:\/\/babylove.se\/no\/#website\"},\"primaryImageOfPage\":{\"@id\":\"https:\/\/babylove.se\/no\/produkt\/mjau-fleksibel-lekematte-square-blagra\/#primaryimage\"},\"image\":{\"@id\":\"https:\/\/babylove.se\/no\/produkt\/mjau-fleksibel-lekematte-square-blagra\/#primaryimage\"},\"thumbnailUrl\":\"https:\/\/babylove.se\/no\/wp-content\/uploads\/sites\/3\/2025\/07\/6528e5eb88267.jpeg\",\"datePublished\":\"2025-07-19T11:33:14+00:00\",\"dateModified\":\"2026-04-08T12:50:49+00:00\",\"breadcrumb\":{\"@id\":\"https:\/\/babylove.se\/no\/produkt\/mjau-fleksibel-lekematte-square-blagra\/#breadcrumb\"},\"inLanguage\":\"nb-NO\",\"potentialAction\":[{\"@type\":\"ReadAction\",\"target\":[\"https:\/\/babylove.se\/no\/produkt\/mjau-fleksibel-lekematte-square-blagra\/\"]}]},{\"@type\":\"ImageObject\",\"inLanguage\":\"nb-NO\",\"@id\":\"https:\/\/babylove.se\/no\/produkt\/mjau-fleksibel-lekematte-square-blagra\/#primaryimage\",\"url\":\"https:\/\/babylove.se\/no\/wp-content\/uploads\/sites\/3\/2025\/07\/6528e5eb88267.jpeg\",\"contentUrl\":\"https:\/\/babylove.se\/no\/wp-content\/uploads\/sites\/3\/2025\/07\/6528e5eb88267.jpeg\",\"width\":984,\"height\":656},{\"@type\":\"BreadcrumbList\",\"@id\":\"https:\/\/babylove.se\/no\/produkt\/mjau-fleksibel-lekematte-square-blagra\/#breadcrumb\",\"itemListElement\":[{\"@type\":\"ListItem\",\"position\":1,\"name\":\"Hem\",\"item\":\"https:\/\/babylove.se\/no\/\"},{\"@type\":\"ListItem\",\"position\":2,\"name\":\"Butik\",\"item\":\"https:\/\/babylove.se\/no\/butik\/\"},{\"@type\":\"ListItem\",\"position\":3,\"name\":\"Meow, fleksibel lekematte Square, bl\u00e5gr\u00e5\"}]},{\"@type\":\"WebSite\",\"@id\":\"https:\/\/babylove.se\/no\/#website\",\"url\":\"https:\/\/babylove.se\/no\/\",\"name\":\"Babylove Norska\",\"description\":\"\",\"potentialAction\":[{\"@type\":\"SearchAction\",\"target\":{\"@type\":\"EntryPoint\",\"urlTemplate\":\"https:\/\/babylove.se\/no\/?s={search_term_string}\"},\"query-input\":{\"@type\":\"PropertyValueSpecification\",\"valueRequired\":true,\"valueName\":\"search_term_string\"}}],\"inLanguage\":\"nb-NO\"}]}<\/script>\n<meta property=\"product:brand\" content=\"Meow\" \/>\n<meta property=\"product:price:amount\" content=\"1399.00\" \/>\n<meta property=\"product:price:currency\" content=\"SEK\" \/>\n<meta property=\"og:availability\" content=\"out of stock\" \/>\n<meta property=\"product:availability\" content=\"out of stock\" \/>\n<meta property=\"product:retailer_item_id\" content=\"MATA010IE\" \/>\n<meta property=\"product:condition\" content=\"new\" \/>\n<!-- \/ Yoast SEO Premium plugin. -->","yoast_head_json":{"title":"Meow, fleksibel lekematte Square, bl\u00e5gr\u00e5 - Babylove Norska","robots":{"index":"noindex","follow":"follow","max-snippet":"max-snippet:-1","max-image-preview":"max-image-preview:large","max-video-preview":"max-video-preview:-1"},"og_locale":"nb_NO","og_type":"article","og_title":"Meow, fleksibel lekematte Square, bl\u00e5gr\u00e5","og_description":"En underbar lekematte fra Meow, det kreative selskapet bak de popul\u00e6re ballhavene. Denne lekematten har uendelige muligheter takket v\u00e6re sin tykkelse og fleksibilitet. Den vil stimulere barnets alle sanser, og du vil bli imponert over dens mange bruksomr\u00e5der. I tillegg til \u00e5 ligge p\u00e5 gulvet og gi barnet ditt en underbar lekeflate, kan du ogs\u00e5 [&hellip;]","og_url":"https:\/\/babylove.se\/no\/produkt\/mjau-fleksibel-lekematte-square-blagra\/","og_site_name":"Babylove Norska","article_modified_time":"2026-04-08T12:50:49+00:00","og_image":[{"width":984,"height":656,"url":"https:\/\/babylove.se\/no\/wp-content\/uploads\/sites\/3\/2025\/07\/6528e5eb88267.jpeg","type":"image\/jpeg"}],"twitter_card":"summary_large_image","twitter_misc":{"Price":"1 399,00&nbsp;&#107;&#114;","Availability":"Out of stock"},"schema":{"@context":"https:\/\/schema.org","@graph":[{"@type":"WebPage","@id":"https:\/\/babylove.se\/no\/produkt\/mjau-fleksibel-lekematte-square-blagra\/","url":"https:\/\/babylove.se\/no\/produkt\/mjau-fleksibel-lekematte-square-blagra\/","name":"Meow, fleksibel lekematte Square, bl\u00e5gr\u00e5 - Babylove Norska","isPartOf":{"@id":"https:\/\/babylove.se\/no\/#website"},"primaryImageOfPage":{"@id":"https:\/\/babylove.se\/no\/produkt\/mjau-fleksibel-lekematte-square-blagra\/#primaryimage"},"image":{"@id":"https:\/\/babylove.se\/no\/produkt\/mjau-fleksibel-lekematte-square-blagra\/#primaryimage"},"thumbnailUrl":"https:\/\/babylove.se\/no\/wp-content\/uploads\/sites\/3\/2025\/07\/6528e5eb88267.jpeg","datePublished":"2025-07-19T11:33:14+00:00","dateModified":"2026-04-08T12:50:49+00:00","breadcrumb":{"@id":"https:\/\/babylove.se\/no\/produkt\/mjau-fleksibel-lekematte-square-blagra\/#breadcrumb"},"inLanguage":"nb-NO","potentialAction":[{"@type":"ReadAction","target":["https:\/\/babylove.se\/no\/produkt\/mjau-fleksibel-lekematte-square-blagra\/"]}]},{"@type":"ImageObject","inLanguage":"nb-NO","@id":"https:\/\/babylove.se\/no\/produkt\/mjau-fleksibel-lekematte-square-blagra\/#primaryimage","url":"https:\/\/babylove.se\/no\/wp-content\/uploads\/sites\/3\/2025\/07\/6528e5eb88267.jpeg","contentUrl":"https:\/\/babylove.se\/no\/wp-content\/uploads\/sites\/3\/2025\/07\/6528e5eb88267.jpeg","width":984,"height":656},{"@type":"BreadcrumbList","@id":"https:\/\/babylove.se\/no\/produkt\/mjau-fleksibel-lekematte-square-blagra\/#breadcrumb","itemListElement":[{"@type":"ListItem","position":1,"name":"Hem","item":"https:\/\/babylove.se\/no\/"},{"@type":"ListItem","position":2,"name":"Butik","item":"https:\/\/babylove.se\/no\/butik\/"},{"@type":"ListItem","position":3,"name":"Meow, fleksibel lekematte Square, bl\u00e5gr\u00e5"}]},{"@type":"WebSite","@id":"https:\/\/babylove.se\/no\/#website","url":"https:\/\/babylove.se\/no\/","name":"Babylove Norska","description":"","potentialAction":[{"@type":"SearchAction","target":{"@type":"EntryPoint","urlTemplate":"https:\/\/babylove.se\/no\/?s={search_term_string}"},"query-input":{"@type":"PropertyValueSpecification","valueRequired":true,"valueName":"search_term_string"}}],"inLanguage":"nb-NO"}]},"product_brand":"Meow","product_price_amount":"1399.00","product_price_currency":"SEK","og_availability":"out of stock","product_availability":"out of stock","product_retailer_item_id":"MATA010IE","product_condition":"new"},"_links":{"self":[{"href":"https:\/\/babylove.se\/no\/wp-json\/wp\/v2\/product\/55329","targetHints":{"allow":["GET"]}}],"collection":[{"href":"https:\/\/babylove.se\/no\/wp-json\/wp\/v2\/product"}],"about":[{"href":"https:\/\/babylove.se\/no\/wp-json\/wp\/v2\/types\/product"}],"replies":[{"embeddable":true,"href":"https:\/\/babylove.se\/no\/wp-json\/wp\/v2\/comments?post=55329"}],"wp:featuredmedia":[{"embeddable":true,"href":"https:\/\/babylove.se\/no\/wp-json\/wp\/v2\/media\/55331"}],"wp:attachment":[{"href":"https:\/\/babylove.se\/no\/wp-json\/wp\/v2\/media?parent=55329"}],"wp:term":[{"taxonomy":"product_brand","embeddable":true,"href":"https:\/\/babylove.se\/no\/wp-json\/wp\/v2\/product_brand?post=55329"},{"taxonomy":"product_cat","embeddable":true,"href":"https:\/\/babylove.se\/no\/wp-json\/wp\/v2\/product_cat?post=55329"},{"taxonomy":"product_tag","embeddable":true,"href":"https:\/\/babylove.se\/no\/wp-json\/wp\/v2\/product_tag?post=55329"}],"curies":[{"name":"wp","href":"https:\/\/api.w.org\/{rel}","templated":true}]}}