{"id":55380,"date":"2025-07-19T12:34:03","date_gmt":"2025-07-19T11:34:03","guid":{"rendered":"https:\/\/babylove.se\/produkt\/jabadabado-skonhetssalong\/"},"modified":"2026-04-08T13:51:09","modified_gmt":"2026-04-08T12:51:09","slug":"jabadabado-skjonnhetssalong","status":"publish","type":"product","link":"https:\/\/babylove.se\/no\/produkt\/jabadabado-skjonnhetssalong\/","title":{"rendered":"JaBaDaBaDo, skj\u00f8nnhetssalong"},"content":{"rendered":"<p>N\u00e5 kan ditt barn starte sin egen skj\u00f8nnhetssalong hjemme! En tidl\u00f8s leke fra svenske JaBaDaBaDo som ditt barn kommer til \u00e5 leke med om og om igjen, og igjen, og igjen&#8230; <\/p>\n<p>I settet medf\u00f8lger: <\/p>\n<ul>\n<li>skj\u00f8nnhetssalong med et speil<\/li>\n<li>kam<\/li>\n<li>h\u00e5rf\u00f8n<\/li>\n<li>rettetang<\/li>\n<li>kr\u00f8lltang<\/li>\n<li>h\u00e5rspray<\/li>\n<li>foundation<\/li>\n<li>to rougeb\u00f8rster<\/li>\n<li>neglfil<\/li>\n<li>tre neglelakker<\/li>\n<li>tre leppestifter<\/li>\n<li>ansiktskrem<\/li>\n<li>to agurkskiver<\/li>\n<li>mascara<\/li>\n<li>to rouger<\/li>\n<li>\u00f8yenskyggepalett<\/li>\n<li>to kajalpenner<\/li>\n<li>parfymeflaske.<\/li>\n<\/ul>\n<p>Passer perfekt som bursdagsgave eller julegave! <\/p>\n<p><strong>M\u00e5l<\/strong>: 78 x 46 x 29 cm <\/p>\n<p><strong>Materiale<\/strong>: Tre <\/p>\n<p>Designer: <a href=\"https:\/\/babylove.se\/varumarken\/jabadabado\">JaBaDaBaDo<\/a><\/p>\n","protected":false},"excerpt":{"rendered":"<p>N\u00e5 kan ditt barn starte sin egen skj\u00f8nnhetssalong hjemme! En tidl\u00f8s leke fra svenske JaBaDaBaDo som ditt barn kommer til \u00e5 leke med om og om igjen, og igjen, og igjen&#8230; I settet medf\u00f8lger: skj\u00f8nnhetssalong med et speil kam h\u00e5rf\u00f8n rettetang kr\u00f8lltang h\u00e5rspray foundation to rougeb\u00f8rster neglfil tre neglelakker tre leppestifter ansiktskrem to agurkskiver mascara [&hellip;]<\/p>\n","protected":false},"featured_media":55382,"comment_status":"open","ping_status":"closed","template":"","meta":{"_acf_changed":false},"product_brand":[273],"product_cat":[70,274,68,112],"product_tag":[],"class_list":{"0":"post-55380","1":"product","2":"type-product","3":"status-publish","4":"has-post-thumbnail","6":"product_brand-jabadabado","7":"product_cat-gaver","8":"product_cat-jabadabado","9":"product_cat-leker","10":"product_cat-treleker","12":"first","13":"instock","14":"taxable","15":"shipping-taxable","16":"purchasable","17":"product-type-simple"},"acf":[],"yoast_head":"<!-- This site is optimized with the Yoast SEO Premium plugin v25.8 (Yoast SEO v27.2) - https:\/\/yoast.com\/product\/yoast-seo-premium-wordpress\/ -->\n<title>JaBaDaBaDo, skj\u00f8nnhetssalong - Babylove Norska<\/title>\n<meta name=\"robots\" content=\"noindex, follow, max-snippet:-1, max-image-preview:large, max-video-preview:-1\" \/>\n<meta property=\"og:locale\" content=\"nb_NO\" \/>\n<meta property=\"og:type\" content=\"article\" \/>\n<meta property=\"og:title\" content=\"JaBaDaBaDo, skj\u00f8nnhetssalong\" \/>\n<meta property=\"og:description\" content=\"N\u00e5 kan ditt barn starte sin egen skj\u00f8nnhetssalong hjemme! En tidl\u00f8s leke fra svenske JaBaDaBaDo som ditt barn kommer til \u00e5 leke med om og om igjen, og igjen, og igjen&#8230; I settet medf\u00f8lger: skj\u00f8nnhetssalong med et speil kam h\u00e5rf\u00f8n rettetang kr\u00f8lltang h\u00e5rspray foundation to rougeb\u00f8rster neglfil tre neglelakker tre leppestifter ansiktskrem to agurkskiver mascara [&hellip;]\" \/>\n<meta property=\"og:url\" content=\"https:\/\/babylove.se\/no\/produkt\/jabadabado-skjonnhetssalong\/\" \/>\n<meta property=\"og:site_name\" content=\"Babylove Norska\" \/>\n<meta property=\"article:modified_time\" content=\"2026-04-08T12:51:09+00:00\" \/>\n<meta property=\"og:image\" content=\"https:\/\/babylove.se\/no\/wp-content\/uploads\/sites\/3\/2025\/07\/652e39f4051b2.jpeg\" \/>\n\t<meta property=\"og:image:width\" content=\"872\" \/>\n\t<meta property=\"og:image:height\" content=\"1307\" \/>\n\t<meta property=\"og:image:type\" content=\"image\/jpeg\" \/>\n<meta name=\"twitter:card\" content=\"summary_large_image\" \/>\n<meta name=\"twitter:label1\" content=\"Price\" \/>\n\t<meta name=\"twitter:data1\" content=\"1 299,00&nbsp;&#107;&#114;\" \/>\n\t<meta name=\"twitter:label2\" content=\"Availability\" \/>\n\t<meta name=\"twitter:data2\" content=\"In stock\" \/>\n<script type=\"application\/ld+json\" class=\"yoast-schema-graph\">{\"@context\":\"https:\/\/schema.org\",\"@graph\":[{\"@type\":\"WebPage\",\"@id\":\"https:\/\/babylove.se\/no\/produkt\/jabadabado-skjonnhetssalong\/\",\"url\":\"https:\/\/babylove.se\/no\/produkt\/jabadabado-skjonnhetssalong\/\",\"name\":\"JaBaDaBaDo, skj\u00f8nnhetssalong - Babylove Norska\",\"isPartOf\":{\"@id\":\"https:\/\/babylove.se\/no\/#website\"},\"primaryImageOfPage\":{\"@id\":\"https:\/\/babylove.se\/no\/produkt\/jabadabado-skjonnhetssalong\/#primaryimage\"},\"image\":{\"@id\":\"https:\/\/babylove.se\/no\/produkt\/jabadabado-skjonnhetssalong\/#primaryimage\"},\"thumbnailUrl\":\"https:\/\/babylove.se\/no\/wp-content\/uploads\/sites\/3\/2025\/07\/652e39f4051b2.jpeg\",\"datePublished\":\"2025-07-19T11:34:03+00:00\",\"dateModified\":\"2026-04-08T12:51:09+00:00\",\"breadcrumb\":{\"@id\":\"https:\/\/babylove.se\/no\/produkt\/jabadabado-skjonnhetssalong\/#breadcrumb\"},\"inLanguage\":\"nb-NO\",\"potentialAction\":[{\"@type\":\"ReadAction\",\"target\":[\"https:\/\/babylove.se\/no\/produkt\/jabadabado-skjonnhetssalong\/\"]}]},{\"@type\":\"ImageObject\",\"inLanguage\":\"nb-NO\",\"@id\":\"https:\/\/babylove.se\/no\/produkt\/jabadabado-skjonnhetssalong\/#primaryimage\",\"url\":\"https:\/\/babylove.se\/no\/wp-content\/uploads\/sites\/3\/2025\/07\/652e39f4051b2.jpeg\",\"contentUrl\":\"https:\/\/babylove.se\/no\/wp-content\/uploads\/sites\/3\/2025\/07\/652e39f4051b2.jpeg\",\"width\":872,\"height\":1307},{\"@type\":\"BreadcrumbList\",\"@id\":\"https:\/\/babylove.se\/no\/produkt\/jabadabado-skjonnhetssalong\/#breadcrumb\",\"itemListElement\":[{\"@type\":\"ListItem\",\"position\":1,\"name\":\"Hem\",\"item\":\"https:\/\/babylove.se\/no\/\"},{\"@type\":\"ListItem\",\"position\":2,\"name\":\"Butik\",\"item\":\"https:\/\/babylove.se\/no\/butik\/\"},{\"@type\":\"ListItem\",\"position\":3,\"name\":\"JaBaDaBaDo, skj\u00f8nnhetssalong\"}]},{\"@type\":\"WebSite\",\"@id\":\"https:\/\/babylove.se\/no\/#website\",\"url\":\"https:\/\/babylove.se\/no\/\",\"name\":\"Babylove Norska\",\"description\":\"\",\"potentialAction\":[{\"@type\":\"SearchAction\",\"target\":{\"@type\":\"EntryPoint\",\"urlTemplate\":\"https:\/\/babylove.se\/no\/?s={search_term_string}\"},\"query-input\":{\"@type\":\"PropertyValueSpecification\",\"valueRequired\":true,\"valueName\":\"search_term_string\"}}],\"inLanguage\":\"nb-NO\"}]}<\/script>\n<meta property=\"product:brand\" content=\"JaBaDaBaDo\" \/>\n<meta property=\"product:price:amount\" content=\"1299.00\" \/>\n<meta property=\"product:price:currency\" content=\"SEK\" \/>\n<meta property=\"og:availability\" content=\"instock\" \/>\n<meta property=\"product:availability\" content=\"instock\" \/>\n<meta property=\"product:retailer_item_id\" content=\"W7234\" \/>\n<meta property=\"product:condition\" content=\"new\" \/>\n<!-- \/ Yoast SEO Premium plugin. -->","yoast_head_json":{"title":"JaBaDaBaDo, skj\u00f8nnhetssalong - Babylove Norska","robots":{"index":"noindex","follow":"follow","max-snippet":"max-snippet:-1","max-image-preview":"max-image-preview:large","max-video-preview":"max-video-preview:-1"},"og_locale":"nb_NO","og_type":"article","og_title":"JaBaDaBaDo, skj\u00f8nnhetssalong","og_description":"N\u00e5 kan ditt barn starte sin egen skj\u00f8nnhetssalong hjemme! En tidl\u00f8s leke fra svenske JaBaDaBaDo som ditt barn kommer til \u00e5 leke med om og om igjen, og igjen, og igjen&#8230; I settet medf\u00f8lger: skj\u00f8nnhetssalong med et speil kam h\u00e5rf\u00f8n rettetang kr\u00f8lltang h\u00e5rspray foundation to rougeb\u00f8rster neglfil tre neglelakker tre leppestifter ansiktskrem to agurkskiver mascara [&hellip;]","og_url":"https:\/\/babylove.se\/no\/produkt\/jabadabado-skjonnhetssalong\/","og_site_name":"Babylove Norska","article_modified_time":"2026-04-08T12:51:09+00:00","og_image":[{"width":872,"height":1307,"url":"https:\/\/babylove.se\/no\/wp-content\/uploads\/sites\/3\/2025\/07\/652e39f4051b2.jpeg","type":"image\/jpeg"}],"twitter_card":"summary_large_image","twitter_misc":{"Price":"1 299,00&nbsp;&#107;&#114;","Availability":"In stock"},"schema":{"@context":"https:\/\/schema.org","@graph":[{"@type":"WebPage","@id":"https:\/\/babylove.se\/no\/produkt\/jabadabado-skjonnhetssalong\/","url":"https:\/\/babylove.se\/no\/produkt\/jabadabado-skjonnhetssalong\/","name":"JaBaDaBaDo, skj\u00f8nnhetssalong - Babylove Norska","isPartOf":{"@id":"https:\/\/babylove.se\/no\/#website"},"primaryImageOfPage":{"@id":"https:\/\/babylove.se\/no\/produkt\/jabadabado-skjonnhetssalong\/#primaryimage"},"image":{"@id":"https:\/\/babylove.se\/no\/produkt\/jabadabado-skjonnhetssalong\/#primaryimage"},"thumbnailUrl":"https:\/\/babylove.se\/no\/wp-content\/uploads\/sites\/3\/2025\/07\/652e39f4051b2.jpeg","datePublished":"2025-07-19T11:34:03+00:00","dateModified":"2026-04-08T12:51:09+00:00","breadcrumb":{"@id":"https:\/\/babylove.se\/no\/produkt\/jabadabado-skjonnhetssalong\/#breadcrumb"},"inLanguage":"nb-NO","potentialAction":[{"@type":"ReadAction","target":["https:\/\/babylove.se\/no\/produkt\/jabadabado-skjonnhetssalong\/"]}]},{"@type":"ImageObject","inLanguage":"nb-NO","@id":"https:\/\/babylove.se\/no\/produkt\/jabadabado-skjonnhetssalong\/#primaryimage","url":"https:\/\/babylove.se\/no\/wp-content\/uploads\/sites\/3\/2025\/07\/652e39f4051b2.jpeg","contentUrl":"https:\/\/babylove.se\/no\/wp-content\/uploads\/sites\/3\/2025\/07\/652e39f4051b2.jpeg","width":872,"height":1307},{"@type":"BreadcrumbList","@id":"https:\/\/babylove.se\/no\/produkt\/jabadabado-skjonnhetssalong\/#breadcrumb","itemListElement":[{"@type":"ListItem","position":1,"name":"Hem","item":"https:\/\/babylove.se\/no\/"},{"@type":"ListItem","position":2,"name":"Butik","item":"https:\/\/babylove.se\/no\/butik\/"},{"@type":"ListItem","position":3,"name":"JaBaDaBaDo, skj\u00f8nnhetssalong"}]},{"@type":"WebSite","@id":"https:\/\/babylove.se\/no\/#website","url":"https:\/\/babylove.se\/no\/","name":"Babylove Norska","description":"","potentialAction":[{"@type":"SearchAction","target":{"@type":"EntryPoint","urlTemplate":"https:\/\/babylove.se\/no\/?s={search_term_string}"},"query-input":{"@type":"PropertyValueSpecification","valueRequired":true,"valueName":"search_term_string"}}],"inLanguage":"nb-NO"}]},"product_brand":"JaBaDaBaDo","product_price_amount":"1299.00","product_price_currency":"SEK","og_availability":"instock","product_availability":"instock","product_retailer_item_id":"W7234","product_condition":"new"},"_links":{"self":[{"href":"https:\/\/babylove.se\/no\/wp-json\/wp\/v2\/product\/55380","targetHints":{"allow":["GET"]}}],"collection":[{"href":"https:\/\/babylove.se\/no\/wp-json\/wp\/v2\/product"}],"about":[{"href":"https:\/\/babylove.se\/no\/wp-json\/wp\/v2\/types\/product"}],"replies":[{"embeddable":true,"href":"https:\/\/babylove.se\/no\/wp-json\/wp\/v2\/comments?post=55380"}],"wp:featuredmedia":[{"embeddable":true,"href":"https:\/\/babylove.se\/no\/wp-json\/wp\/v2\/media\/55382"}],"wp:attachment":[{"href":"https:\/\/babylove.se\/no\/wp-json\/wp\/v2\/media?parent=55380"}],"wp:term":[{"taxonomy":"product_brand","embeddable":true,"href":"https:\/\/babylove.se\/no\/wp-json\/wp\/v2\/product_brand?post=55380"},{"taxonomy":"product_cat","embeddable":true,"href":"https:\/\/babylove.se\/no\/wp-json\/wp\/v2\/product_cat?post=55380"},{"taxonomy":"product_tag","embeddable":true,"href":"https:\/\/babylove.se\/no\/wp-json\/wp\/v2\/product_tag?post=55380"}],"curies":[{"name":"wp","href":"https:\/\/api.w.org\/{rel}","templated":true}]}}