{"id":5539,"date":"2025-07-18T20:30:06","date_gmt":"2025-07-18T19:30:06","guid":{"rendered":"https:\/\/babylove.se\/produkt\/jabadabado-bokhylla-hus-stor\/"},"modified":"2026-04-08T08:19:04","modified_gmt":"2026-04-08T07:19:04","slug":"jabadabado-bokhylle-hus-stor","status":"publish","type":"product","link":"https:\/\/babylove.se\/no\/produkt\/jabadabado-bokhylle-hus-stor\/","title":{"rendered":"Jabadabado Dukkehus\/Bokhylle Hus Stor"},"content":{"rendered":"<p>En sv\u00e6rt popul\u00e6r, praktisk og vakker hushylle fra Jabadabado. Konstruert med 7 mindre rom i forskjellige st\u00f8rrelser hvor du og ditt barn kan plassere alle sine favorittting eller hvorfor ikke sette favorittkosedyret p\u00e5 beste plass? Du henger enkelt opp denne hyllen p\u00e5 veggen, men kan selvf\u00f8lgelig ha den st\u00e5ende p\u00e5 gulvet i stedet, eller hvorfor ikke stille den p\u00e5 en fin kommode. Uansett hva du velger \u00e5 gj\u00f8re s\u00e5 vil den lette arbeidet n\u00e5r du vil innrede barnerommet p\u00e5 en vakker m\u00e5te.<\/p>\n<p><strong>M\u00e5l<\/strong>: H 99 x B 75 x D 24 .&nbsp;<\/p>\n<p><strong>Materiale<\/strong>: Hvitlakkert tre.<\/p>\n<p>Designer: <a href=\"https:\/\/babylove.se\/varumarken\/jabadabado\"><u>JaBaDaBaDo<\/u><\/a><\/p>\n","protected":false},"excerpt":{"rendered":"<p>En sv\u00e6rt popul\u00e6r, praktisk og vakker hushylle fra Jabadabado. Konstruert med 7 mindre rom i forskjellige st\u00f8rrelser hvor du og ditt barn kan plassere alle sine favorittting eller hvorfor ikke sette favorittkosedyret p\u00e5 beste plass? Du henger enkelt opp denne hyllen p\u00e5 veggen, men kan selvf\u00f8lgelig ha den st\u00e5ende p\u00e5 gulvet i stedet, eller hvorfor [&hellip;]<\/p>\n","protected":false},"featured_media":5541,"comment_status":"closed","ping_status":"open","template":"","meta":{"_acf_changed":false},"product_brand":[273],"product_cat":[89,87,274,68,43,48,112,88],"product_tag":[],"class_list":{"0":"post-5539","1":"product","2":"type-product","3":"status-publish","4":"has-post-thumbnail","6":"product_brand-jabadabado","7":"product_cat-dukkehus","8":"product_cat-hyller","9":"product_cat-jabadabado","10":"product_cat-leker","11":"product_cat-oppbevaringskurver","12":"product_cat-startside","13":"product_cat-treleker","14":"product_cat-veggmylle-barnerom","16":"first","17":"instock","18":"taxable","19":"shipping-taxable","20":"purchasable","21":"product-type-simple"},"acf":[],"yoast_head":"<!-- This site is optimized with the Yoast SEO Premium plugin v25.8 (Yoast SEO v27.2) - https:\/\/yoast.com\/product\/yoast-seo-premium-wordpress\/ -->\n<title>Jabadabado Dukkehus\/Bokhylle Hus Stor - Babylove Norska<\/title>\n<meta name=\"robots\" content=\"noindex, follow, max-snippet:-1, max-image-preview:large, max-video-preview:-1\" \/>\n<meta property=\"og:locale\" content=\"nb_NO\" \/>\n<meta property=\"og:type\" content=\"article\" \/>\n<meta property=\"og:title\" content=\"Jabadabado Dukkehus\/Bokhylle Hus Stor\" \/>\n<meta property=\"og:description\" content=\"En sv\u00e6rt popul\u00e6r, praktisk og vakker hushylle fra Jabadabado. Konstruert med 7 mindre rom i forskjellige st\u00f8rrelser hvor du og ditt barn kan plassere alle sine favorittting eller hvorfor ikke sette favorittkosedyret p\u00e5 beste plass? Du henger enkelt opp denne hyllen p\u00e5 veggen, men kan selvf\u00f8lgelig ha den st\u00e5ende p\u00e5 gulvet i stedet, eller hvorfor [&hellip;]\" \/>\n<meta property=\"og:url\" content=\"https:\/\/babylove.se\/no\/produkt\/jabadabado-bokhylle-hus-stor\/\" \/>\n<meta property=\"og:site_name\" content=\"Babylove Norska\" \/>\n<meta property=\"article:modified_time\" content=\"2026-04-08T07:19:04+00:00\" \/>\n<meta property=\"og:image\" content=\"https:\/\/babylove.se\/no\/wp-content\/uploads\/sites\/3\/2025\/07\/5d6f685722cab.jpeg\" \/>\n\t<meta property=\"og:image:width\" content=\"750\" \/>\n\t<meta property=\"og:image:height\" content=\"750\" \/>\n\t<meta property=\"og:image:type\" content=\"image\/jpeg\" \/>\n<meta name=\"twitter:card\" content=\"summary_large_image\" \/>\n<meta name=\"twitter:label1\" content=\"Price\" \/>\n\t<meta name=\"twitter:data1\" content=\"1 299,00&nbsp;&#107;&#114;\" \/>\n\t<meta name=\"twitter:label2\" content=\"Availability\" \/>\n\t<meta name=\"twitter:data2\" content=\"In stock\" \/>\n<script type=\"application\/ld+json\" class=\"yoast-schema-graph\">{\"@context\":\"https:\/\/schema.org\",\"@graph\":[{\"@type\":\"WebPage\",\"@id\":\"https:\/\/babylove.se\/no\/produkt\/jabadabado-bokhylle-hus-stor\/\",\"url\":\"https:\/\/babylove.se\/no\/produkt\/jabadabado-bokhylle-hus-stor\/\",\"name\":\"Jabadabado Dukkehus\/Bokhylle Hus Stor - Babylove Norska\",\"isPartOf\":{\"@id\":\"https:\/\/babylove.se\/no\/#website\"},\"primaryImageOfPage\":{\"@id\":\"https:\/\/babylove.se\/no\/produkt\/jabadabado-bokhylle-hus-stor\/#primaryimage\"},\"image\":{\"@id\":\"https:\/\/babylove.se\/no\/produkt\/jabadabado-bokhylle-hus-stor\/#primaryimage\"},\"thumbnailUrl\":\"https:\/\/babylove.se\/no\/wp-content\/uploads\/sites\/3\/2025\/07\/5d6f685722cab.jpeg\",\"datePublished\":\"2025-07-18T19:30:06+00:00\",\"dateModified\":\"2026-04-08T07:19:04+00:00\",\"breadcrumb\":{\"@id\":\"https:\/\/babylove.se\/no\/produkt\/jabadabado-bokhylle-hus-stor\/#breadcrumb\"},\"inLanguage\":\"nb-NO\",\"potentialAction\":[{\"@type\":\"ReadAction\",\"target\":[\"https:\/\/babylove.se\/no\/produkt\/jabadabado-bokhylle-hus-stor\/\"]}]},{\"@type\":\"ImageObject\",\"inLanguage\":\"nb-NO\",\"@id\":\"https:\/\/babylove.se\/no\/produkt\/jabadabado-bokhylle-hus-stor\/#primaryimage\",\"url\":\"https:\/\/babylove.se\/no\/wp-content\/uploads\/sites\/3\/2025\/07\/5d6f685722cab.jpeg\",\"contentUrl\":\"https:\/\/babylove.se\/no\/wp-content\/uploads\/sites\/3\/2025\/07\/5d6f685722cab.jpeg\",\"width\":750,\"height\":750},{\"@type\":\"BreadcrumbList\",\"@id\":\"https:\/\/babylove.se\/no\/produkt\/jabadabado-bokhylle-hus-stor\/#breadcrumb\",\"itemListElement\":[{\"@type\":\"ListItem\",\"position\":1,\"name\":\"Hem\",\"item\":\"https:\/\/babylove.se\/no\/\"},{\"@type\":\"ListItem\",\"position\":2,\"name\":\"Butik\",\"item\":\"https:\/\/babylove.se\/no\/butik\/\"},{\"@type\":\"ListItem\",\"position\":3,\"name\":\"Jabadabado Dukkehus\/Bokhylle Hus Stor\"}]},{\"@type\":\"WebSite\",\"@id\":\"https:\/\/babylove.se\/no\/#website\",\"url\":\"https:\/\/babylove.se\/no\/\",\"name\":\"Babylove Norska\",\"description\":\"\",\"potentialAction\":[{\"@type\":\"SearchAction\",\"target\":{\"@type\":\"EntryPoint\",\"urlTemplate\":\"https:\/\/babylove.se\/no\/?s={search_term_string}\"},\"query-input\":{\"@type\":\"PropertyValueSpecification\",\"valueRequired\":true,\"valueName\":\"search_term_string\"}}],\"inLanguage\":\"nb-NO\"}]}<\/script>\n<meta property=\"product:brand\" content=\"JaBaDaBaDo\" \/>\n<meta property=\"product:price:amount\" content=\"1299.00\" \/>\n<meta property=\"product:price:currency\" content=\"SEK\" \/>\n<meta property=\"og:availability\" content=\"instock\" \/>\n<meta property=\"product:availability\" content=\"instock\" \/>\n<meta property=\"product:retailer_item_id\" content=\"H13202\" \/>\n<meta property=\"product:condition\" content=\"new\" \/>\n<!-- \/ Yoast SEO Premium plugin. -->","yoast_head_json":{"title":"Jabadabado Dukkehus\/Bokhylle Hus Stor - Babylove Norska","robots":{"index":"noindex","follow":"follow","max-snippet":"max-snippet:-1","max-image-preview":"max-image-preview:large","max-video-preview":"max-video-preview:-1"},"og_locale":"nb_NO","og_type":"article","og_title":"Jabadabado Dukkehus\/Bokhylle Hus Stor","og_description":"En sv\u00e6rt popul\u00e6r, praktisk og vakker hushylle fra Jabadabado. Konstruert med 7 mindre rom i forskjellige st\u00f8rrelser hvor du og ditt barn kan plassere alle sine favorittting eller hvorfor ikke sette favorittkosedyret p\u00e5 beste plass? Du henger enkelt opp denne hyllen p\u00e5 veggen, men kan selvf\u00f8lgelig ha den st\u00e5ende p\u00e5 gulvet i stedet, eller hvorfor [&hellip;]","og_url":"https:\/\/babylove.se\/no\/produkt\/jabadabado-bokhylle-hus-stor\/","og_site_name":"Babylove Norska","article_modified_time":"2026-04-08T07:19:04+00:00","og_image":[{"width":750,"height":750,"url":"https:\/\/babylove.se\/no\/wp-content\/uploads\/sites\/3\/2025\/07\/5d6f685722cab.jpeg","type":"image\/jpeg"}],"twitter_card":"summary_large_image","twitter_misc":{"Price":"1 299,00&nbsp;&#107;&#114;","Availability":"In stock"},"schema":{"@context":"https:\/\/schema.org","@graph":[{"@type":"WebPage","@id":"https:\/\/babylove.se\/no\/produkt\/jabadabado-bokhylle-hus-stor\/","url":"https:\/\/babylove.se\/no\/produkt\/jabadabado-bokhylle-hus-stor\/","name":"Jabadabado Dukkehus\/Bokhylle Hus Stor - Babylove Norska","isPartOf":{"@id":"https:\/\/babylove.se\/no\/#website"},"primaryImageOfPage":{"@id":"https:\/\/babylove.se\/no\/produkt\/jabadabado-bokhylle-hus-stor\/#primaryimage"},"image":{"@id":"https:\/\/babylove.se\/no\/produkt\/jabadabado-bokhylle-hus-stor\/#primaryimage"},"thumbnailUrl":"https:\/\/babylove.se\/no\/wp-content\/uploads\/sites\/3\/2025\/07\/5d6f685722cab.jpeg","datePublished":"2025-07-18T19:30:06+00:00","dateModified":"2026-04-08T07:19:04+00:00","breadcrumb":{"@id":"https:\/\/babylove.se\/no\/produkt\/jabadabado-bokhylle-hus-stor\/#breadcrumb"},"inLanguage":"nb-NO","potentialAction":[{"@type":"ReadAction","target":["https:\/\/babylove.se\/no\/produkt\/jabadabado-bokhylle-hus-stor\/"]}]},{"@type":"ImageObject","inLanguage":"nb-NO","@id":"https:\/\/babylove.se\/no\/produkt\/jabadabado-bokhylle-hus-stor\/#primaryimage","url":"https:\/\/babylove.se\/no\/wp-content\/uploads\/sites\/3\/2025\/07\/5d6f685722cab.jpeg","contentUrl":"https:\/\/babylove.se\/no\/wp-content\/uploads\/sites\/3\/2025\/07\/5d6f685722cab.jpeg","width":750,"height":750},{"@type":"BreadcrumbList","@id":"https:\/\/babylove.se\/no\/produkt\/jabadabado-bokhylle-hus-stor\/#breadcrumb","itemListElement":[{"@type":"ListItem","position":1,"name":"Hem","item":"https:\/\/babylove.se\/no\/"},{"@type":"ListItem","position":2,"name":"Butik","item":"https:\/\/babylove.se\/no\/butik\/"},{"@type":"ListItem","position":3,"name":"Jabadabado Dukkehus\/Bokhylle Hus Stor"}]},{"@type":"WebSite","@id":"https:\/\/babylove.se\/no\/#website","url":"https:\/\/babylove.se\/no\/","name":"Babylove Norska","description":"","potentialAction":[{"@type":"SearchAction","target":{"@type":"EntryPoint","urlTemplate":"https:\/\/babylove.se\/no\/?s={search_term_string}"},"query-input":{"@type":"PropertyValueSpecification","valueRequired":true,"valueName":"search_term_string"}}],"inLanguage":"nb-NO"}]},"product_brand":"JaBaDaBaDo","product_price_amount":"1299.00","product_price_currency":"SEK","og_availability":"instock","product_availability":"instock","product_retailer_item_id":"H13202","product_condition":"new"},"_links":{"self":[{"href":"https:\/\/babylove.se\/no\/wp-json\/wp\/v2\/product\/5539","targetHints":{"allow":["GET"]}}],"collection":[{"href":"https:\/\/babylove.se\/no\/wp-json\/wp\/v2\/product"}],"about":[{"href":"https:\/\/babylove.se\/no\/wp-json\/wp\/v2\/types\/product"}],"replies":[{"embeddable":true,"href":"https:\/\/babylove.se\/no\/wp-json\/wp\/v2\/comments?post=5539"}],"wp:featuredmedia":[{"embeddable":true,"href":"https:\/\/babylove.se\/no\/wp-json\/wp\/v2\/media\/5541"}],"wp:attachment":[{"href":"https:\/\/babylove.se\/no\/wp-json\/wp\/v2\/media?parent=5539"}],"wp:term":[{"taxonomy":"product_brand","embeddable":true,"href":"https:\/\/babylove.se\/no\/wp-json\/wp\/v2\/product_brand?post=5539"},{"taxonomy":"product_cat","embeddable":true,"href":"https:\/\/babylove.se\/no\/wp-json\/wp\/v2\/product_cat?post=5539"},{"taxonomy":"product_tag","embeddable":true,"href":"https:\/\/babylove.se\/no\/wp-json\/wp\/v2\/product_tag?post=5539"}],"curies":[{"name":"wp","href":"https:\/\/api.w.org\/{rel}","templated":true}]}}