{"id":55402,"date":"2025-07-19T12:34:03","date_gmt":"2025-07-19T11:34:03","guid":{"rendered":"https:\/\/babylove.se\/produkt\/jollein-vattentat-haklapp-med-arm-teddy-bear\/"},"modified":"2026-04-08T13:51:15","modified_gmt":"2026-04-08T12:51:15","slug":"jollein-vanntett-smekke-med-arm-bamse","status":"publish","type":"product","link":"https:\/\/babylove.se\/no\/produkt\/jollein-vanntett-smekke-med-arm-bamse\/","title":{"rendered":"Jollein, vanntett smekke med arm, Teddy Bear"},"content":{"rendered":"<p>Den undbare smekken med erme fra Jollein er en storfavoritt hos utallige foreldre. <\/p>\n<p>Ermene har mansjetter nederst og lommen foran fanger opp alt s\u00f8l og alle smuler. Du fester enkelt smekken med borrel\u00e5s i nakken p\u00e5 barnet ditt og det er p\u00e5 kort tid klart for sitt m\u00e5ltid. <\/p>\n<p>En ekstra liten bonus er utseendet, barnet ditt kommer til \u00e5 se bed\u00e5rende ut ved matbordet, uansett hvor mye det s\u00f8ler? <\/p>\n<p>Rengj\u00f8ringen? Like enkel den, bare skyll i vann eller t\u00f8rk av med en v\u00e5tserviett etter hvert m\u00e5ltid. Kan maskinvaskes ved vanskeligere flekker. <\/p>\n<p><strong>Material<\/strong>: Polyester og polyuretan. <\/p>\n<p>Designer: <a href=\"https:\/\/babylove.se\/varumarken\/jollein\">Jollein<\/a><\/p>\n","protected":false},"excerpt":{"rendered":"<p>Den undbare smekken med erme fra Jollein er en storfavoritt hos utallige foreldre. Ermene har mansjetter nederst og lommen foran fanger opp alt s\u00f8l og alle smuler. Du fester enkelt smekken med borrel\u00e5s i nakken p\u00e5 barnet ditt og det er p\u00e5 kort tid klart for sitt m\u00e5ltid. En ekstra liten bonus er utseendet, barnet [&hellip;]<\/p>\n","protected":false},"featured_media":55404,"comment_status":"closed","ping_status":"closed","template":"","meta":{"_acf_changed":false},"product_brand":[282],"product_cat":[811,206],"product_tag":[],"class_list":{"0":"post-55402","1":"product","2":"type-product","3":"status-publish","4":"has-post-thumbnail","6":"product_brand-liewood","7":"product_cat-jollein","8":"product_cat-smekker","10":"first","11":"outofstock","12":"taxable","13":"shipping-taxable","14":"purchasable","15":"product-type-simple"},"acf":[],"yoast_head":"<!-- This site is optimized with the Yoast SEO Premium plugin v25.8 (Yoast SEO v27.2) - https:\/\/yoast.com\/product\/yoast-seo-premium-wordpress\/ -->\n<title>Jollein, vanntett smekke med arm, Teddy Bear - Babylove Norska<\/title>\n<meta name=\"robots\" content=\"noindex, follow, max-snippet:-1, max-image-preview:large, max-video-preview:-1\" \/>\n<meta property=\"og:locale\" content=\"nb_NO\" \/>\n<meta property=\"og:type\" content=\"article\" \/>\n<meta property=\"og:title\" content=\"Jollein, vanntett smekke med arm, Teddy Bear\" \/>\n<meta property=\"og:description\" content=\"Den undbare smekken med erme fra Jollein er en storfavoritt hos utallige foreldre. Ermene har mansjetter nederst og lommen foran fanger opp alt s\u00f8l og alle smuler. Du fester enkelt smekken med borrel\u00e5s i nakken p\u00e5 barnet ditt og det er p\u00e5 kort tid klart for sitt m\u00e5ltid. En ekstra liten bonus er utseendet, barnet [&hellip;]\" \/>\n<meta property=\"og:url\" content=\"https:\/\/babylove.se\/no\/produkt\/jollein-vanntett-smekke-med-arm-bamse\/\" \/>\n<meta property=\"og:site_name\" content=\"Babylove Norska\" \/>\n<meta property=\"article:modified_time\" content=\"2026-04-08T12:51:15+00:00\" \/>\n<meta property=\"og:image\" content=\"https:\/\/babylove.se\/no\/wp-content\/uploads\/sites\/3\/2025\/07\/652f896a48edf.jpeg\" \/>\n\t<meta property=\"og:image:width\" content=\"1560\" \/>\n\t<meta property=\"og:image:height\" content=\"1080\" \/>\n\t<meta property=\"og:image:type\" content=\"image\/jpeg\" \/>\n<meta name=\"twitter:card\" content=\"summary_large_image\" \/>\n<meta name=\"twitter:label1\" content=\"Price\" \/>\n\t<meta name=\"twitter:data1\" content=\"249,00&nbsp;&#107;&#114;\" \/>\n\t<meta name=\"twitter:label2\" content=\"Availability\" \/>\n\t<meta name=\"twitter:data2\" content=\"Out of stock\" \/>\n<script type=\"application\/ld+json\" class=\"yoast-schema-graph\">{\"@context\":\"https:\/\/schema.org\",\"@graph\":[{\"@type\":\"WebPage\",\"@id\":\"https:\/\/babylove.se\/no\/produkt\/jollein-vanntett-smekke-med-arm-bamse\/\",\"url\":\"https:\/\/babylove.se\/no\/produkt\/jollein-vanntett-smekke-med-arm-bamse\/\",\"name\":\"Jollein, vanntett smekke med arm, Teddy Bear - Babylove Norska\",\"isPartOf\":{\"@id\":\"https:\/\/babylove.se\/no\/#website\"},\"primaryImageOfPage\":{\"@id\":\"https:\/\/babylove.se\/no\/produkt\/jollein-vanntett-smekke-med-arm-bamse\/#primaryimage\"},\"image\":{\"@id\":\"https:\/\/babylove.se\/no\/produkt\/jollein-vanntett-smekke-med-arm-bamse\/#primaryimage\"},\"thumbnailUrl\":\"https:\/\/babylove.se\/no\/wp-content\/uploads\/sites\/3\/2025\/07\/652f896a48edf.jpeg\",\"datePublished\":\"2025-07-19T11:34:03+00:00\",\"dateModified\":\"2026-04-08T12:51:15+00:00\",\"breadcrumb\":{\"@id\":\"https:\/\/babylove.se\/no\/produkt\/jollein-vanntett-smekke-med-arm-bamse\/#breadcrumb\"},\"inLanguage\":\"nb-NO\",\"potentialAction\":[{\"@type\":\"ReadAction\",\"target\":[\"https:\/\/babylove.se\/no\/produkt\/jollein-vanntett-smekke-med-arm-bamse\/\"]}]},{\"@type\":\"ImageObject\",\"inLanguage\":\"nb-NO\",\"@id\":\"https:\/\/babylove.se\/no\/produkt\/jollein-vanntett-smekke-med-arm-bamse\/#primaryimage\",\"url\":\"https:\/\/babylove.se\/no\/wp-content\/uploads\/sites\/3\/2025\/07\/652f896a48edf.jpeg\",\"contentUrl\":\"https:\/\/babylove.se\/no\/wp-content\/uploads\/sites\/3\/2025\/07\/652f896a48edf.jpeg\",\"width\":1560,\"height\":1080},{\"@type\":\"BreadcrumbList\",\"@id\":\"https:\/\/babylove.se\/no\/produkt\/jollein-vanntett-smekke-med-arm-bamse\/#breadcrumb\",\"itemListElement\":[{\"@type\":\"ListItem\",\"position\":1,\"name\":\"Hem\",\"item\":\"https:\/\/babylove.se\/no\/\"},{\"@type\":\"ListItem\",\"position\":2,\"name\":\"Butik\",\"item\":\"https:\/\/babylove.se\/no\/butik\/\"},{\"@type\":\"ListItem\",\"position\":3,\"name\":\"Jollein, vanntett smekke med arm, Teddy Bear\"}]},{\"@type\":\"WebSite\",\"@id\":\"https:\/\/babylove.se\/no\/#website\",\"url\":\"https:\/\/babylove.se\/no\/\",\"name\":\"Babylove Norska\",\"description\":\"\",\"potentialAction\":[{\"@type\":\"SearchAction\",\"target\":{\"@type\":\"EntryPoint\",\"urlTemplate\":\"https:\/\/babylove.se\/no\/?s={search_term_string}\"},\"query-input\":{\"@type\":\"PropertyValueSpecification\",\"valueRequired\":true,\"valueName\":\"search_term_string\"}}],\"inLanguage\":\"nb-NO\"}]}<\/script>\n<meta property=\"product:brand\" content=\"Liewood\" \/>\n<meta property=\"product:price:amount\" content=\"249.00\" \/>\n<meta property=\"product:price:currency\" content=\"SEK\" \/>\n<meta property=\"og:availability\" content=\"out of stock\" \/>\n<meta property=\"product:availability\" content=\"out of stock\" \/>\n<meta property=\"product:retailer_item_id\" content=\"029-869-66095\" \/>\n<meta property=\"product:condition\" content=\"new\" \/>\n<!-- \/ Yoast SEO Premium plugin. -->","yoast_head_json":{"title":"Jollein, vanntett smekke med arm, Teddy Bear - Babylove Norska","robots":{"index":"noindex","follow":"follow","max-snippet":"max-snippet:-1","max-image-preview":"max-image-preview:large","max-video-preview":"max-video-preview:-1"},"og_locale":"nb_NO","og_type":"article","og_title":"Jollein, vanntett smekke med arm, Teddy Bear","og_description":"Den undbare smekken med erme fra Jollein er en storfavoritt hos utallige foreldre. Ermene har mansjetter nederst og lommen foran fanger opp alt s\u00f8l og alle smuler. Du fester enkelt smekken med borrel\u00e5s i nakken p\u00e5 barnet ditt og det er p\u00e5 kort tid klart for sitt m\u00e5ltid. En ekstra liten bonus er utseendet, barnet [&hellip;]","og_url":"https:\/\/babylove.se\/no\/produkt\/jollein-vanntett-smekke-med-arm-bamse\/","og_site_name":"Babylove Norska","article_modified_time":"2026-04-08T12:51:15+00:00","og_image":[{"width":1560,"height":1080,"url":"https:\/\/babylove.se\/no\/wp-content\/uploads\/sites\/3\/2025\/07\/652f896a48edf.jpeg","type":"image\/jpeg"}],"twitter_card":"summary_large_image","twitter_misc":{"Price":"249,00&nbsp;&#107;&#114;","Availability":"Out of stock"},"schema":{"@context":"https:\/\/schema.org","@graph":[{"@type":"WebPage","@id":"https:\/\/babylove.se\/no\/produkt\/jollein-vanntett-smekke-med-arm-bamse\/","url":"https:\/\/babylove.se\/no\/produkt\/jollein-vanntett-smekke-med-arm-bamse\/","name":"Jollein, vanntett smekke med arm, Teddy Bear - Babylove Norska","isPartOf":{"@id":"https:\/\/babylove.se\/no\/#website"},"primaryImageOfPage":{"@id":"https:\/\/babylove.se\/no\/produkt\/jollein-vanntett-smekke-med-arm-bamse\/#primaryimage"},"image":{"@id":"https:\/\/babylove.se\/no\/produkt\/jollein-vanntett-smekke-med-arm-bamse\/#primaryimage"},"thumbnailUrl":"https:\/\/babylove.se\/no\/wp-content\/uploads\/sites\/3\/2025\/07\/652f896a48edf.jpeg","datePublished":"2025-07-19T11:34:03+00:00","dateModified":"2026-04-08T12:51:15+00:00","breadcrumb":{"@id":"https:\/\/babylove.se\/no\/produkt\/jollein-vanntett-smekke-med-arm-bamse\/#breadcrumb"},"inLanguage":"nb-NO","potentialAction":[{"@type":"ReadAction","target":["https:\/\/babylove.se\/no\/produkt\/jollein-vanntett-smekke-med-arm-bamse\/"]}]},{"@type":"ImageObject","inLanguage":"nb-NO","@id":"https:\/\/babylove.se\/no\/produkt\/jollein-vanntett-smekke-med-arm-bamse\/#primaryimage","url":"https:\/\/babylove.se\/no\/wp-content\/uploads\/sites\/3\/2025\/07\/652f896a48edf.jpeg","contentUrl":"https:\/\/babylove.se\/no\/wp-content\/uploads\/sites\/3\/2025\/07\/652f896a48edf.jpeg","width":1560,"height":1080},{"@type":"BreadcrumbList","@id":"https:\/\/babylove.se\/no\/produkt\/jollein-vanntett-smekke-med-arm-bamse\/#breadcrumb","itemListElement":[{"@type":"ListItem","position":1,"name":"Hem","item":"https:\/\/babylove.se\/no\/"},{"@type":"ListItem","position":2,"name":"Butik","item":"https:\/\/babylove.se\/no\/butik\/"},{"@type":"ListItem","position":3,"name":"Jollein, vanntett smekke med arm, Teddy Bear"}]},{"@type":"WebSite","@id":"https:\/\/babylove.se\/no\/#website","url":"https:\/\/babylove.se\/no\/","name":"Babylove Norska","description":"","potentialAction":[{"@type":"SearchAction","target":{"@type":"EntryPoint","urlTemplate":"https:\/\/babylove.se\/no\/?s={search_term_string}"},"query-input":{"@type":"PropertyValueSpecification","valueRequired":true,"valueName":"search_term_string"}}],"inLanguage":"nb-NO"}]},"product_brand":"Liewood","product_price_amount":"249.00","product_price_currency":"SEK","og_availability":"out of stock","product_availability":"out of stock","product_retailer_item_id":"029-869-66095","product_condition":"new"},"_links":{"self":[{"href":"https:\/\/babylove.se\/no\/wp-json\/wp\/v2\/product\/55402","targetHints":{"allow":["GET"]}}],"collection":[{"href":"https:\/\/babylove.se\/no\/wp-json\/wp\/v2\/product"}],"about":[{"href":"https:\/\/babylove.se\/no\/wp-json\/wp\/v2\/types\/product"}],"replies":[{"embeddable":true,"href":"https:\/\/babylove.se\/no\/wp-json\/wp\/v2\/comments?post=55402"}],"wp:featuredmedia":[{"embeddable":true,"href":"https:\/\/babylove.se\/no\/wp-json\/wp\/v2\/media\/55404"}],"wp:attachment":[{"href":"https:\/\/babylove.se\/no\/wp-json\/wp\/v2\/media?parent=55402"}],"wp:term":[{"taxonomy":"product_brand","embeddable":true,"href":"https:\/\/babylove.se\/no\/wp-json\/wp\/v2\/product_brand?post=55402"},{"taxonomy":"product_cat","embeddable":true,"href":"https:\/\/babylove.se\/no\/wp-json\/wp\/v2\/product_cat?post=55402"},{"taxonomy":"product_tag","embeddable":true,"href":"https:\/\/babylove.se\/no\/wp-json\/wp\/v2\/product_tag?post=55402"}],"curies":[{"name":"wp","href":"https:\/\/api.w.org\/{rel}","templated":true}]}}