{"id":55465,"date":"2025-07-19T12:34:59","date_gmt":"2025-07-19T11:34:59","guid":{"rendered":"https:\/\/babylove.se\/produkt\/jollein-omlott-babywrap-akpase-bear-boucle-oatmeal\/"},"modified":"2026-04-08T13:51:37","modified_gmt":"2026-04-08T12:51:37","slug":"jollein-omlott-babywrap-akpase-bear-boucle-oatmeal","status":"publish","type":"product","link":"https:\/\/babylove.se\/no\/produkt\/jollein-omlott-babywrap-akpase-bear-boucle-oatmeal\/","title":{"rendered":"Jollein, omslagsbabywrap k\u00f8repose Bear boucle, oatmeal"},"content":{"rendered":"<p>S\u00f8t og myk filt til bilbarnestol fra Jollein.&nbsp;<\/p>\n<p>Kj\u00f8reposen er perfekt for \u00e5 holde p\u00e5 varmen n\u00e5r man transporterer barnet. Passer til bilbarnestoler og barnevogner med 3\/5-punktssele.&nbsp;Filten har en liten \u00f8ye i nakken s\u00e5 man kan henge den i gangen n\u00e5r den ikke brukes.<span>&nbsp;<\/span><\/p>\n<p>Anbefalt alder: 0-9 mnd.<\/p>\n<p>Maskinvask: 40 grader&nbsp;<\/p>\n<p><strong>M\u00e5l<\/strong>: 100 x 105 cm<\/p>\n<p>Designer: <a href=\"https:\/\/babylove.se\/varumarken\/jollein\">Jollein<\/a>&nbsp;<\/p>\n","protected":false},"excerpt":{"rendered":"<p>S\u00f8t og myk filt til bilbarnestol fra Jollein.&nbsp; Kj\u00f8reposen er perfekt for \u00e5 holde p\u00e5 varmen n\u00e5r man transporterer barnet. Passer til bilbarnestoler og barnevogner med 3\/5-punktssele.&nbsp;Filten har en liten \u00f8ye i nakken s\u00e5 man kan henge den i gangen n\u00e5r den ikke brukes.&nbsp; Anbefalt alder: 0-9 mnd. Maskinvask: 40 grader&nbsp; M\u00e5l: 100 x 105 [&hellip;]<\/p>\n","protected":false},"featured_media":55467,"comment_status":"closed","ping_status":"open","template":"","meta":{"_acf_changed":false},"product_brand":[810],"product_cat":[42,811],"product_tag":[],"class_list":{"0":"post-55465","1":"product","2":"type-product","3":"status-publish","4":"has-post-thumbnail","6":"product_brand-jollein","7":"product_cat-babyteppe","8":"product_cat-jollein","10":"first","11":"outofstock","12":"taxable","13":"shipping-taxable","14":"purchasable","15":"product-type-simple"},"acf":[],"yoast_head":"<!-- This site is optimized with the Yoast SEO Premium plugin v25.8 (Yoast SEO v27.2) - https:\/\/yoast.com\/product\/yoast-seo-premium-wordpress\/ -->\n<title>Mjuk babywrap fr\u00e5n Jollein | K\u00f6p den h\u00e4r | Babylove<\/title>\n<meta name=\"description\" content=\"Mjuk rosa babywrap fr\u00e5n Jollein. Perfekt f\u00f6r att h\u00e5lla v\u00e4rmen n\u00e4r man transporterar barnt | Snabb Frakt | Klarna Faktura | Babylove\" \/>\n<meta name=\"robots\" content=\"noindex, follow, max-snippet:-1, max-image-preview:large, max-video-preview:-1\" \/>\n<meta property=\"og:locale\" content=\"nb_NO\" \/>\n<meta property=\"og:type\" content=\"article\" \/>\n<meta property=\"og:title\" content=\"Jollein, omslagsbabywrap k\u00f8repose Bear boucle, oatmeal\" \/>\n<meta property=\"og:description\" content=\"Mjuk rosa babywrap fr\u00e5n Jollein. Perfekt f\u00f6r att h\u00e5lla v\u00e4rmen n\u00e4r man transporterar barnt | Snabb Frakt | Klarna Faktura | Babylove\" \/>\n<meta property=\"og:url\" content=\"https:\/\/babylove.se\/no\/produkt\/jollein-omlott-babywrap-akpase-bear-boucle-oatmeal\/\" \/>\n<meta property=\"og:site_name\" content=\"Babylove Norska\" \/>\n<meta property=\"article:modified_time\" content=\"2026-04-08T12:51:37+00:00\" \/>\n<meta property=\"og:image\" content=\"https:\/\/babylove.se\/no\/wp-content\/uploads\/sites\/3\/2025\/07\/652fa53b35bab.jpeg\" \/>\n\t<meta property=\"og:image:width\" content=\"843\" \/>\n\t<meta property=\"og:image:height\" content=\"584\" \/>\n\t<meta property=\"og:image:type\" content=\"image\/jpeg\" \/>\n<meta name=\"twitter:card\" content=\"summary_large_image\" \/>\n<meta name=\"twitter:label1\" content=\"Price\" \/>\n\t<meta name=\"twitter:data1\" content=\"549,00&nbsp;&#107;&#114;\" \/>\n\t<meta name=\"twitter:label2\" content=\"Availability\" \/>\n\t<meta name=\"twitter:data2\" content=\"Out of stock\" \/>\n<script type=\"application\/ld+json\" class=\"yoast-schema-graph\">{\"@context\":\"https:\/\/schema.org\",\"@graph\":[{\"@type\":\"WebPage\",\"@id\":\"https:\/\/babylove.se\/no\/produkt\/jollein-omlott-babywrap-akpase-bear-boucle-oatmeal\/\",\"url\":\"https:\/\/babylove.se\/no\/produkt\/jollein-omlott-babywrap-akpase-bear-boucle-oatmeal\/\",\"name\":\"Mjuk babywrap fr\u00e5n Jollein | K\u00f6p den h\u00e4r | Babylove\",\"isPartOf\":{\"@id\":\"https:\/\/babylove.se\/no\/#website\"},\"primaryImageOfPage\":{\"@id\":\"https:\/\/babylove.se\/no\/produkt\/jollein-omlott-babywrap-akpase-bear-boucle-oatmeal\/#primaryimage\"},\"image\":{\"@id\":\"https:\/\/babylove.se\/no\/produkt\/jollein-omlott-babywrap-akpase-bear-boucle-oatmeal\/#primaryimage\"},\"thumbnailUrl\":\"https:\/\/babylove.se\/no\/wp-content\/uploads\/sites\/3\/2025\/07\/652fa53b35bab.jpeg\",\"datePublished\":\"2025-07-19T11:34:59+00:00\",\"dateModified\":\"2026-04-08T12:51:37+00:00\",\"description\":\"Mjuk rosa babywrap fr\u00e5n Jollein. Perfekt f\u00f6r att h\u00e5lla v\u00e4rmen n\u00e4r man transporterar barnt | Snabb Frakt | Klarna Faktura | Babylove\",\"breadcrumb\":{\"@id\":\"https:\/\/babylove.se\/no\/produkt\/jollein-omlott-babywrap-akpase-bear-boucle-oatmeal\/#breadcrumb\"},\"inLanguage\":\"nb-NO\",\"potentialAction\":[{\"@type\":\"ReadAction\",\"target\":[\"https:\/\/babylove.se\/no\/produkt\/jollein-omlott-babywrap-akpase-bear-boucle-oatmeal\/\"]}]},{\"@type\":\"ImageObject\",\"inLanguage\":\"nb-NO\",\"@id\":\"https:\/\/babylove.se\/no\/produkt\/jollein-omlott-babywrap-akpase-bear-boucle-oatmeal\/#primaryimage\",\"url\":\"https:\/\/babylove.se\/no\/wp-content\/uploads\/sites\/3\/2025\/07\/652fa53b35bab.jpeg\",\"contentUrl\":\"https:\/\/babylove.se\/no\/wp-content\/uploads\/sites\/3\/2025\/07\/652fa53b35bab.jpeg\",\"width\":843,\"height\":584},{\"@type\":\"BreadcrumbList\",\"@id\":\"https:\/\/babylove.se\/no\/produkt\/jollein-omlott-babywrap-akpase-bear-boucle-oatmeal\/#breadcrumb\",\"itemListElement\":[{\"@type\":\"ListItem\",\"position\":1,\"name\":\"Hem\",\"item\":\"https:\/\/babylove.se\/no\/\"},{\"@type\":\"ListItem\",\"position\":2,\"name\":\"Butik\",\"item\":\"https:\/\/babylove.se\/no\/butik\/\"},{\"@type\":\"ListItem\",\"position\":3,\"name\":\"Jollein, omslagsbabywrap k\u00f8repose Bear boucle, oatmeal\"}]},{\"@type\":\"WebSite\",\"@id\":\"https:\/\/babylove.se\/no\/#website\",\"url\":\"https:\/\/babylove.se\/no\/\",\"name\":\"Babylove Norska\",\"description\":\"\",\"potentialAction\":[{\"@type\":\"SearchAction\",\"target\":{\"@type\":\"EntryPoint\",\"urlTemplate\":\"https:\/\/babylove.se\/no\/?s={search_term_string}\"},\"query-input\":{\"@type\":\"PropertyValueSpecification\",\"valueRequired\":true,\"valueName\":\"search_term_string\"}}],\"inLanguage\":\"nb-NO\"}]}<\/script>\n<meta property=\"product:brand\" content=\"Jollein\" \/>\n<meta property=\"product:price:amount\" content=\"549.00\" \/>\n<meta property=\"product:price:currency\" content=\"SEK\" \/>\n<meta property=\"og:availability\" content=\"out of stock\" \/>\n<meta property=\"product:availability\" content=\"out of stock\" \/>\n<meta property=\"product:retailer_item_id\" content=\"032-566-67063\" \/>\n<meta property=\"product:condition\" content=\"new\" \/>\n<!-- \/ Yoast SEO Premium plugin. -->","yoast_head_json":{"title":"Mjuk babywrap fr\u00e5n Jollein | K\u00f6p den h\u00e4r | Babylove","description":"Mjuk rosa babywrap fr\u00e5n Jollein. Perfekt f\u00f6r att h\u00e5lla v\u00e4rmen n\u00e4r man transporterar barnt | Snabb Frakt | Klarna Faktura | Babylove","robots":{"index":"noindex","follow":"follow","max-snippet":"max-snippet:-1","max-image-preview":"max-image-preview:large","max-video-preview":"max-video-preview:-1"},"og_locale":"nb_NO","og_type":"article","og_title":"Jollein, omslagsbabywrap k\u00f8repose Bear boucle, oatmeal","og_description":"Mjuk rosa babywrap fr\u00e5n Jollein. Perfekt f\u00f6r att h\u00e5lla v\u00e4rmen n\u00e4r man transporterar barnt | Snabb Frakt | Klarna Faktura | Babylove","og_url":"https:\/\/babylove.se\/no\/produkt\/jollein-omlott-babywrap-akpase-bear-boucle-oatmeal\/","og_site_name":"Babylove Norska","article_modified_time":"2026-04-08T12:51:37+00:00","og_image":[{"width":843,"height":584,"url":"https:\/\/babylove.se\/no\/wp-content\/uploads\/sites\/3\/2025\/07\/652fa53b35bab.jpeg","type":"image\/jpeg"}],"twitter_card":"summary_large_image","twitter_misc":{"Price":"549,00&nbsp;&#107;&#114;","Availability":"Out of stock"},"schema":{"@context":"https:\/\/schema.org","@graph":[{"@type":"WebPage","@id":"https:\/\/babylove.se\/no\/produkt\/jollein-omlott-babywrap-akpase-bear-boucle-oatmeal\/","url":"https:\/\/babylove.se\/no\/produkt\/jollein-omlott-babywrap-akpase-bear-boucle-oatmeal\/","name":"Mjuk babywrap fr\u00e5n Jollein | K\u00f6p den h\u00e4r | Babylove","isPartOf":{"@id":"https:\/\/babylove.se\/no\/#website"},"primaryImageOfPage":{"@id":"https:\/\/babylove.se\/no\/produkt\/jollein-omlott-babywrap-akpase-bear-boucle-oatmeal\/#primaryimage"},"image":{"@id":"https:\/\/babylove.se\/no\/produkt\/jollein-omlott-babywrap-akpase-bear-boucle-oatmeal\/#primaryimage"},"thumbnailUrl":"https:\/\/babylove.se\/no\/wp-content\/uploads\/sites\/3\/2025\/07\/652fa53b35bab.jpeg","datePublished":"2025-07-19T11:34:59+00:00","dateModified":"2026-04-08T12:51:37+00:00","description":"Mjuk rosa babywrap fr\u00e5n Jollein. Perfekt f\u00f6r att h\u00e5lla v\u00e4rmen n\u00e4r man transporterar barnt | Snabb Frakt | Klarna Faktura | Babylove","breadcrumb":{"@id":"https:\/\/babylove.se\/no\/produkt\/jollein-omlott-babywrap-akpase-bear-boucle-oatmeal\/#breadcrumb"},"inLanguage":"nb-NO","potentialAction":[{"@type":"ReadAction","target":["https:\/\/babylove.se\/no\/produkt\/jollein-omlott-babywrap-akpase-bear-boucle-oatmeal\/"]}]},{"@type":"ImageObject","inLanguage":"nb-NO","@id":"https:\/\/babylove.se\/no\/produkt\/jollein-omlott-babywrap-akpase-bear-boucle-oatmeal\/#primaryimage","url":"https:\/\/babylove.se\/no\/wp-content\/uploads\/sites\/3\/2025\/07\/652fa53b35bab.jpeg","contentUrl":"https:\/\/babylove.se\/no\/wp-content\/uploads\/sites\/3\/2025\/07\/652fa53b35bab.jpeg","width":843,"height":584},{"@type":"BreadcrumbList","@id":"https:\/\/babylove.se\/no\/produkt\/jollein-omlott-babywrap-akpase-bear-boucle-oatmeal\/#breadcrumb","itemListElement":[{"@type":"ListItem","position":1,"name":"Hem","item":"https:\/\/babylove.se\/no\/"},{"@type":"ListItem","position":2,"name":"Butik","item":"https:\/\/babylove.se\/no\/butik\/"},{"@type":"ListItem","position":3,"name":"Jollein, omslagsbabywrap k\u00f8repose Bear boucle, oatmeal"}]},{"@type":"WebSite","@id":"https:\/\/babylove.se\/no\/#website","url":"https:\/\/babylove.se\/no\/","name":"Babylove Norska","description":"","potentialAction":[{"@type":"SearchAction","target":{"@type":"EntryPoint","urlTemplate":"https:\/\/babylove.se\/no\/?s={search_term_string}"},"query-input":{"@type":"PropertyValueSpecification","valueRequired":true,"valueName":"search_term_string"}}],"inLanguage":"nb-NO"}]},"product_brand":"Jollein","product_price_amount":"549.00","product_price_currency":"SEK","og_availability":"out of stock","product_availability":"out of stock","product_retailer_item_id":"032-566-67063","product_condition":"new"},"_links":{"self":[{"href":"https:\/\/babylove.se\/no\/wp-json\/wp\/v2\/product\/55465","targetHints":{"allow":["GET"]}}],"collection":[{"href":"https:\/\/babylove.se\/no\/wp-json\/wp\/v2\/product"}],"about":[{"href":"https:\/\/babylove.se\/no\/wp-json\/wp\/v2\/types\/product"}],"replies":[{"embeddable":true,"href":"https:\/\/babylove.se\/no\/wp-json\/wp\/v2\/comments?post=55465"}],"wp:featuredmedia":[{"embeddable":true,"href":"https:\/\/babylove.se\/no\/wp-json\/wp\/v2\/media\/55467"}],"wp:attachment":[{"href":"https:\/\/babylove.se\/no\/wp-json\/wp\/v2\/media?parent=55465"}],"wp:term":[{"taxonomy":"product_brand","embeddable":true,"href":"https:\/\/babylove.se\/no\/wp-json\/wp\/v2\/product_brand?post=55465"},{"taxonomy":"product_cat","embeddable":true,"href":"https:\/\/babylove.se\/no\/wp-json\/wp\/v2\/product_cat?post=55465"},{"taxonomy":"product_tag","embeddable":true,"href":"https:\/\/babylove.se\/no\/wp-json\/wp\/v2\/product_tag?post=55465"}],"curies":[{"name":"wp","href":"https:\/\/api.w.org\/{rel}","templated":true}]}}