{"id":55523,"date":"2025-07-19T12:35:34","date_gmt":"2025-07-19T11:35:34","guid":{"rendered":"https:\/\/babylove.se\/produkt\/filibabba-spjalsangsskydd-collection-of-memories\/"},"modified":"2026-04-08T13:51:54","modified_gmt":"2026-04-08T12:51:54","slug":"filibabba-sengehest-collection-of-memories","status":"publish","type":"product","link":"https:\/\/babylove.se\/no\/produkt\/filibabba-sengehest-collection-of-memories\/","title":{"rendered":"Filibabba, sengehest Collection of memories"},"content":{"rendered":"<p>Et meget vakkert og h\u00f8ykvalitets spj\u00e4leskydd med et vakkert m\u00f8nster vil skape en herlig atmosf\u00e6re i barnets seng og i barnerommet. \\n \\nPerfekt hvis du vil innrede koselig for de minste. Spj\u00e4leskydd fra danske Filibabba som er kjent for sin mykhet for de aller minste \u00e5 lene seg mot. Dessuten beskytter det tykke spj\u00e4leskyddet ditt barn fra \u00e5 sl\u00e5 hodet mot spj\u00e4lesengenes ribbor. \\n \\n<strong>M\u00e5l<\/strong>: H\u00f8yde 30 cm. Lengde 340 cm. Tykkelse 4 cm. \\n \\n<strong>Materiale<\/strong>: \\n<\/p>\n<ul> \\n \\t<\/p>\n<li>Overtrekk: 100 % GOTS-sertifisert \u00f8kologisk bomull.<\/li>\n<p> \\n \\t<\/p>\n<li>Fylling: kaldpresset skum<\/li>\n<p> \\n<\/ul>\n<p> \\nDesigner: <a href=\"https:\/\/babylove.se\/varumarken\/filibaba\">Filibabba<\/a><\/p>\n","protected":false},"excerpt":{"rendered":"<p>Et meget vakkert og h\u00f8ykvalitets spj\u00e4leskydd med et vakkert m\u00f8nster vil skape en herlig atmosf\u00e6re i barnets seng og i barnerommet. \\n \\nPerfekt hvis du vil innrede koselig for de minste. Spj\u00e4leskydd fra danske Filibabba som er kjent for sin mykhet for de aller minste \u00e5 lene seg mot. Dessuten beskytter det tykke spj\u00e4leskyddet ditt [&hellip;]<\/p>\n","protected":false},"featured_media":55525,"comment_status":"closed","ping_status":"closed","template":"","meta":{"_acf_changed":false},"product_brand":[249],"product_cat":[250,108],"product_tag":[],"class_list":{"0":"post-55523","1":"product","2":"type-product","3":"status-publish","4":"has-post-thumbnail","6":"product_brand-filibabba","7":"product_cat-filibabba","8":"product_cat-barnesengbeskyttelse","10":"first","11":"outofstock","12":"taxable","13":"shipping-taxable","14":"purchasable","15":"product-type-simple"},"acf":[],"yoast_head":"<!-- This site is optimized with the Yoast SEO Premium plugin v25.8 (Yoast SEO v27.2) - https:\/\/yoast.com\/product\/yoast-seo-premium-wordpress\/ -->\n<title>Filibabba, sengehest Collection of memories - Babylove Norska<\/title>\n<meta name=\"robots\" content=\"noindex, follow, max-snippet:-1, max-image-preview:large, max-video-preview:-1\" \/>\n<meta property=\"og:locale\" content=\"nb_NO\" \/>\n<meta property=\"og:type\" content=\"article\" \/>\n<meta property=\"og:title\" content=\"Filibabba, sengehest Collection of memories\" \/>\n<meta property=\"og:description\" content=\"Et meget vakkert og h\u00f8ykvalitets spj\u00e4leskydd med et vakkert m\u00f8nster vil skape en herlig atmosf\u00e6re i barnets seng og i barnerommet. n nPerfekt hvis du vil innrede koselig for de minste. Spj\u00e4leskydd fra danske Filibabba som er kjent for sin mykhet for de aller minste \u00e5 lene seg mot. Dessuten beskytter det tykke spj\u00e4leskyddet ditt [&hellip;]\" \/>\n<meta property=\"og:url\" content=\"https:\/\/babylove.se\/no\/produkt\/filibabba-sengehest-collection-of-memories\/\" \/>\n<meta property=\"og:site_name\" content=\"Babylove Norska\" \/>\n<meta property=\"article:modified_time\" content=\"2026-04-08T12:51:54+00:00\" \/>\n<meta property=\"og:image\" content=\"https:\/\/babylove.se\/no\/wp-content\/uploads\/sites\/3\/2025\/07\/65321f9905029.jpeg\" \/>\n\t<meta property=\"og:image:width\" content=\"984\" \/>\n\t<meta property=\"og:image:height\" content=\"779\" \/>\n\t<meta property=\"og:image:type\" content=\"image\/jpeg\" \/>\n<meta name=\"twitter:card\" content=\"summary_large_image\" \/>\n<meta name=\"twitter:label1\" content=\"Price\" \/>\n\t<meta name=\"twitter:data1\" content=\"899,00&nbsp;&#107;&#114;\" \/>\n\t<meta name=\"twitter:label2\" content=\"Availability\" \/>\n\t<meta name=\"twitter:data2\" content=\"Out of stock\" \/>\n<script type=\"application\/ld+json\" class=\"yoast-schema-graph\">{\"@context\":\"https:\/\/schema.org\",\"@graph\":[{\"@type\":\"WebPage\",\"@id\":\"https:\/\/babylove.se\/no\/produkt\/filibabba-sengehest-collection-of-memories\/\",\"url\":\"https:\/\/babylove.se\/no\/produkt\/filibabba-sengehest-collection-of-memories\/\",\"name\":\"Filibabba, sengehest Collection of memories - Babylove Norska\",\"isPartOf\":{\"@id\":\"https:\/\/babylove.se\/no\/#website\"},\"primaryImageOfPage\":{\"@id\":\"https:\/\/babylove.se\/no\/produkt\/filibabba-sengehest-collection-of-memories\/#primaryimage\"},\"image\":{\"@id\":\"https:\/\/babylove.se\/no\/produkt\/filibabba-sengehest-collection-of-memories\/#primaryimage\"},\"thumbnailUrl\":\"https:\/\/babylove.se\/no\/wp-content\/uploads\/sites\/3\/2025\/07\/65321f9905029.jpeg\",\"datePublished\":\"2025-07-19T11:35:34+00:00\",\"dateModified\":\"2026-04-08T12:51:54+00:00\",\"breadcrumb\":{\"@id\":\"https:\/\/babylove.se\/no\/produkt\/filibabba-sengehest-collection-of-memories\/#breadcrumb\"},\"inLanguage\":\"nb-NO\",\"potentialAction\":[{\"@type\":\"ReadAction\",\"target\":[\"https:\/\/babylove.se\/no\/produkt\/filibabba-sengehest-collection-of-memories\/\"]}]},{\"@type\":\"ImageObject\",\"inLanguage\":\"nb-NO\",\"@id\":\"https:\/\/babylove.se\/no\/produkt\/filibabba-sengehest-collection-of-memories\/#primaryimage\",\"url\":\"https:\/\/babylove.se\/no\/wp-content\/uploads\/sites\/3\/2025\/07\/65321f9905029.jpeg\",\"contentUrl\":\"https:\/\/babylove.se\/no\/wp-content\/uploads\/sites\/3\/2025\/07\/65321f9905029.jpeg\",\"width\":984,\"height\":779},{\"@type\":\"BreadcrumbList\",\"@id\":\"https:\/\/babylove.se\/no\/produkt\/filibabba-sengehest-collection-of-memories\/#breadcrumb\",\"itemListElement\":[{\"@type\":\"ListItem\",\"position\":1,\"name\":\"Hem\",\"item\":\"https:\/\/babylove.se\/no\/\"},{\"@type\":\"ListItem\",\"position\":2,\"name\":\"Butik\",\"item\":\"https:\/\/babylove.se\/no\/butik\/\"},{\"@type\":\"ListItem\",\"position\":3,\"name\":\"Filibabba, sengehest Collection of memories\"}]},{\"@type\":\"WebSite\",\"@id\":\"https:\/\/babylove.se\/no\/#website\",\"url\":\"https:\/\/babylove.se\/no\/\",\"name\":\"Babylove Norska\",\"description\":\"\",\"potentialAction\":[{\"@type\":\"SearchAction\",\"target\":{\"@type\":\"EntryPoint\",\"urlTemplate\":\"https:\/\/babylove.se\/no\/?s={search_term_string}\"},\"query-input\":{\"@type\":\"PropertyValueSpecification\",\"valueRequired\":true,\"valueName\":\"search_term_string\"}}],\"inLanguage\":\"nb-NO\"}]}<\/script>\n<meta property=\"product:brand\" content=\"Filibabba\" \/>\n<meta property=\"product:price:amount\" content=\"899.00\" \/>\n<meta property=\"product:price:currency\" content=\"SEK\" \/>\n<meta property=\"og:availability\" content=\"out of stock\" \/>\n<meta property=\"product:availability\" content=\"out of stock\" \/>\n<meta property=\"product:retailer_item_id\" content=\"FI-01612\" \/>\n<meta property=\"product:condition\" content=\"new\" \/>\n<!-- \/ Yoast SEO Premium plugin. -->","yoast_head_json":{"title":"Filibabba, sengehest Collection of memories - Babylove Norska","robots":{"index":"noindex","follow":"follow","max-snippet":"max-snippet:-1","max-image-preview":"max-image-preview:large","max-video-preview":"max-video-preview:-1"},"og_locale":"nb_NO","og_type":"article","og_title":"Filibabba, sengehest Collection of memories","og_description":"Et meget vakkert og h\u00f8ykvalitets spj\u00e4leskydd med et vakkert m\u00f8nster vil skape en herlig atmosf\u00e6re i barnets seng og i barnerommet. n nPerfekt hvis du vil innrede koselig for de minste. Spj\u00e4leskydd fra danske Filibabba som er kjent for sin mykhet for de aller minste \u00e5 lene seg mot. Dessuten beskytter det tykke spj\u00e4leskyddet ditt [&hellip;]","og_url":"https:\/\/babylove.se\/no\/produkt\/filibabba-sengehest-collection-of-memories\/","og_site_name":"Babylove Norska","article_modified_time":"2026-04-08T12:51:54+00:00","og_image":[{"width":984,"height":779,"url":"https:\/\/babylove.se\/no\/wp-content\/uploads\/sites\/3\/2025\/07\/65321f9905029.jpeg","type":"image\/jpeg"}],"twitter_card":"summary_large_image","twitter_misc":{"Price":"899,00&nbsp;&#107;&#114;","Availability":"Out of stock"},"schema":{"@context":"https:\/\/schema.org","@graph":[{"@type":"WebPage","@id":"https:\/\/babylove.se\/no\/produkt\/filibabba-sengehest-collection-of-memories\/","url":"https:\/\/babylove.se\/no\/produkt\/filibabba-sengehest-collection-of-memories\/","name":"Filibabba, sengehest Collection of memories - Babylove Norska","isPartOf":{"@id":"https:\/\/babylove.se\/no\/#website"},"primaryImageOfPage":{"@id":"https:\/\/babylove.se\/no\/produkt\/filibabba-sengehest-collection-of-memories\/#primaryimage"},"image":{"@id":"https:\/\/babylove.se\/no\/produkt\/filibabba-sengehest-collection-of-memories\/#primaryimage"},"thumbnailUrl":"https:\/\/babylove.se\/no\/wp-content\/uploads\/sites\/3\/2025\/07\/65321f9905029.jpeg","datePublished":"2025-07-19T11:35:34+00:00","dateModified":"2026-04-08T12:51:54+00:00","breadcrumb":{"@id":"https:\/\/babylove.se\/no\/produkt\/filibabba-sengehest-collection-of-memories\/#breadcrumb"},"inLanguage":"nb-NO","potentialAction":[{"@type":"ReadAction","target":["https:\/\/babylove.se\/no\/produkt\/filibabba-sengehest-collection-of-memories\/"]}]},{"@type":"ImageObject","inLanguage":"nb-NO","@id":"https:\/\/babylove.se\/no\/produkt\/filibabba-sengehest-collection-of-memories\/#primaryimage","url":"https:\/\/babylove.se\/no\/wp-content\/uploads\/sites\/3\/2025\/07\/65321f9905029.jpeg","contentUrl":"https:\/\/babylove.se\/no\/wp-content\/uploads\/sites\/3\/2025\/07\/65321f9905029.jpeg","width":984,"height":779},{"@type":"BreadcrumbList","@id":"https:\/\/babylove.se\/no\/produkt\/filibabba-sengehest-collection-of-memories\/#breadcrumb","itemListElement":[{"@type":"ListItem","position":1,"name":"Hem","item":"https:\/\/babylove.se\/no\/"},{"@type":"ListItem","position":2,"name":"Butik","item":"https:\/\/babylove.se\/no\/butik\/"},{"@type":"ListItem","position":3,"name":"Filibabba, sengehest Collection of memories"}]},{"@type":"WebSite","@id":"https:\/\/babylove.se\/no\/#website","url":"https:\/\/babylove.se\/no\/","name":"Babylove Norska","description":"","potentialAction":[{"@type":"SearchAction","target":{"@type":"EntryPoint","urlTemplate":"https:\/\/babylove.se\/no\/?s={search_term_string}"},"query-input":{"@type":"PropertyValueSpecification","valueRequired":true,"valueName":"search_term_string"}}],"inLanguage":"nb-NO"}]},"product_brand":"Filibabba","product_price_amount":"899.00","product_price_currency":"SEK","og_availability":"out of stock","product_availability":"out of stock","product_retailer_item_id":"FI-01612","product_condition":"new"},"_links":{"self":[{"href":"https:\/\/babylove.se\/no\/wp-json\/wp\/v2\/product\/55523","targetHints":{"allow":["GET"]}}],"collection":[{"href":"https:\/\/babylove.se\/no\/wp-json\/wp\/v2\/product"}],"about":[{"href":"https:\/\/babylove.se\/no\/wp-json\/wp\/v2\/types\/product"}],"replies":[{"embeddable":true,"href":"https:\/\/babylove.se\/no\/wp-json\/wp\/v2\/comments?post=55523"}],"wp:featuredmedia":[{"embeddable":true,"href":"https:\/\/babylove.se\/no\/wp-json\/wp\/v2\/media\/55525"}],"wp:attachment":[{"href":"https:\/\/babylove.se\/no\/wp-json\/wp\/v2\/media?parent=55523"}],"wp:term":[{"taxonomy":"product_brand","embeddable":true,"href":"https:\/\/babylove.se\/no\/wp-json\/wp\/v2\/product_brand?post=55523"},{"taxonomy":"product_cat","embeddable":true,"href":"https:\/\/babylove.se\/no\/wp-json\/wp\/v2\/product_cat?post=55523"},{"taxonomy":"product_tag","embeddable":true,"href":"https:\/\/babylove.se\/no\/wp-json\/wp\/v2\/product_tag?post=55523"}],"curies":[{"name":"wp","href":"https:\/\/api.w.org\/{rel}","templated":true}]}}