{"id":55529,"date":"2025-07-19T12:35:34","date_gmt":"2025-07-19T11:35:34","guid":{"rendered":"https:\/\/babylove.se\/produkt\/filibabba-spjalsangsskydd-botanical-love\/"},"modified":"2026-04-08T13:51:57","modified_gmt":"2026-04-08T12:51:57","slug":"filibabba-sengehest-botanical-love","status":"publish","type":"product","link":"https:\/\/babylove.se\/no\/produkt\/filibabba-sengehest-botanical-love\/","title":{"rendered":"Filibabba, sengehest Botanical love"},"content":{"rendered":"<p>Et meget vakkert og h\u00f8ykvalitets sengeomkrans med et vakkert m\u00f8nster vil skape en herlig atmosf\u00e6re i barnets seng og p\u00e5 barnerommet. <\/p>\n<p>Perfekt hvis du vil innrede koselig for de minste. Sengeomkrans fra danske Filibabba som er kjent for sin mykhet for de aller minste \u00e5 lene seg mot. I tillegg beskytter den tykke sengeomkransen barnet ditt mot \u00e5 sl\u00e5 hodet mot sengens spiler. <\/p>\n<p><strong>M\u00e5l<\/strong>: H\u00f8yde 30 cm. Lengde 340 cm. Tykkelse 4 cm. <\/p>\n<p><strong>Materiale<\/strong>: <\/p>\n<ul>\n<li>Overtrekk: 100 % GOTS-sertifisert \u00f8kologisk bomull.<\/li>\n<li>Fyll: kaldpresset skum<\/li>\n<\/ul>\n<p>Designer: <a href=\"https:\/\/babylove.se\/varumarken\/filibaba\">Filibabba<\/a><\/p>\n","protected":false},"excerpt":{"rendered":"<p>Et meget vakkert og h\u00f8ykvalitets sengeomkrans med et vakkert m\u00f8nster vil skape en herlig atmosf\u00e6re i barnets seng og p\u00e5 barnerommet. Perfekt hvis du vil innrede koselig for de minste. Sengeomkrans fra danske Filibabba som er kjent for sin mykhet for de aller minste \u00e5 lene seg mot. I tillegg beskytter den tykke sengeomkransen barnet [&hellip;]<\/p>\n","protected":false},"featured_media":55531,"comment_status":"closed","ping_status":"closed","template":"","meta":{"_acf_changed":false},"product_brand":[249],"product_cat":[250,108],"product_tag":[1709],"class_list":{"0":"post-55529","1":"product","2":"type-product","3":"status-publish","4":"has-post-thumbnail","6":"product_brand-filibabba","7":"product_cat-filibabba","8":"product_cat-barnesengbeskyttelse","9":"product_tag-utforsalg","11":"first","12":"outofstock","13":"taxable","14":"shipping-taxable","15":"purchasable","16":"product-type-simple"},"acf":[],"yoast_head":"<!-- This site is optimized with the Yoast SEO Premium plugin v25.8 (Yoast SEO v27.2) - https:\/\/yoast.com\/product\/yoast-seo-premium-wordpress\/ -->\n<title>Filibabba, sengehest Botanical love - Babylove Norska<\/title>\n<meta name=\"robots\" content=\"noindex, follow, max-snippet:-1, max-image-preview:large, max-video-preview:-1\" \/>\n<meta property=\"og:locale\" content=\"nb_NO\" \/>\n<meta property=\"og:type\" content=\"article\" \/>\n<meta property=\"og:title\" content=\"Filibabba, sengehest Botanical love\" \/>\n<meta property=\"og:description\" content=\"Et meget vakkert og h\u00f8ykvalitets sengeomkrans med et vakkert m\u00f8nster vil skape en herlig atmosf\u00e6re i barnets seng og p\u00e5 barnerommet. Perfekt hvis du vil innrede koselig for de minste. Sengeomkrans fra danske Filibabba som er kjent for sin mykhet for de aller minste \u00e5 lene seg mot. I tillegg beskytter den tykke sengeomkransen barnet [&hellip;]\" \/>\n<meta property=\"og:url\" content=\"https:\/\/babylove.se\/no\/produkt\/filibabba-sengehest-botanical-love\/\" \/>\n<meta property=\"og:site_name\" content=\"Babylove Norska\" \/>\n<meta property=\"article:modified_time\" content=\"2026-04-08T12:51:57+00:00\" \/>\n<meta property=\"og:image\" content=\"https:\/\/babylove.se\/no\/wp-content\/uploads\/sites\/3\/2025\/07\/653221278be30.jpeg\" \/>\n\t<meta property=\"og:image:width\" content=\"738\" \/>\n\t<meta property=\"og:image:height\" content=\"738\" \/>\n\t<meta property=\"og:image:type\" content=\"image\/jpeg\" \/>\n<meta name=\"twitter:card\" content=\"summary_large_image\" \/>\n<meta name=\"twitter:label1\" content=\"Price\" \/>\n\t<meta name=\"twitter:data1\" content=\"899,00&nbsp;&#107;&#114;\" \/>\n\t<meta name=\"twitter:label2\" content=\"Availability\" \/>\n\t<meta name=\"twitter:data2\" content=\"Out of stock\" \/>\n<script type=\"application\/ld+json\" class=\"yoast-schema-graph\">{\"@context\":\"https:\/\/schema.org\",\"@graph\":[{\"@type\":\"WebPage\",\"@id\":\"https:\/\/babylove.se\/no\/produkt\/filibabba-sengehest-botanical-love\/\",\"url\":\"https:\/\/babylove.se\/no\/produkt\/filibabba-sengehest-botanical-love\/\",\"name\":\"Filibabba, sengehest Botanical love - Babylove Norska\",\"isPartOf\":{\"@id\":\"https:\/\/babylove.se\/no\/#website\"},\"primaryImageOfPage\":{\"@id\":\"https:\/\/babylove.se\/no\/produkt\/filibabba-sengehest-botanical-love\/#primaryimage\"},\"image\":{\"@id\":\"https:\/\/babylove.se\/no\/produkt\/filibabba-sengehest-botanical-love\/#primaryimage\"},\"thumbnailUrl\":\"https:\/\/babylove.se\/no\/wp-content\/uploads\/sites\/3\/2025\/07\/653221278be30.jpeg\",\"datePublished\":\"2025-07-19T11:35:34+00:00\",\"dateModified\":\"2026-04-08T12:51:57+00:00\",\"breadcrumb\":{\"@id\":\"https:\/\/babylove.se\/no\/produkt\/filibabba-sengehest-botanical-love\/#breadcrumb\"},\"inLanguage\":\"nb-NO\",\"potentialAction\":[{\"@type\":\"ReadAction\",\"target\":[\"https:\/\/babylove.se\/no\/produkt\/filibabba-sengehest-botanical-love\/\"]}]},{\"@type\":\"ImageObject\",\"inLanguage\":\"nb-NO\",\"@id\":\"https:\/\/babylove.se\/no\/produkt\/filibabba-sengehest-botanical-love\/#primaryimage\",\"url\":\"https:\/\/babylove.se\/no\/wp-content\/uploads\/sites\/3\/2025\/07\/653221278be30.jpeg\",\"contentUrl\":\"https:\/\/babylove.se\/no\/wp-content\/uploads\/sites\/3\/2025\/07\/653221278be30.jpeg\",\"width\":738,\"height\":738},{\"@type\":\"BreadcrumbList\",\"@id\":\"https:\/\/babylove.se\/no\/produkt\/filibabba-sengehest-botanical-love\/#breadcrumb\",\"itemListElement\":[{\"@type\":\"ListItem\",\"position\":1,\"name\":\"Hem\",\"item\":\"https:\/\/babylove.se\/no\/\"},{\"@type\":\"ListItem\",\"position\":2,\"name\":\"Butik\",\"item\":\"https:\/\/babylove.se\/no\/butik\/\"},{\"@type\":\"ListItem\",\"position\":3,\"name\":\"Filibabba, sengehest Botanical love\"}]},{\"@type\":\"WebSite\",\"@id\":\"https:\/\/babylove.se\/no\/#website\",\"url\":\"https:\/\/babylove.se\/no\/\",\"name\":\"Babylove Norska\",\"description\":\"\",\"potentialAction\":[{\"@type\":\"SearchAction\",\"target\":{\"@type\":\"EntryPoint\",\"urlTemplate\":\"https:\/\/babylove.se\/no\/?s={search_term_string}\"},\"query-input\":{\"@type\":\"PropertyValueSpecification\",\"valueRequired\":true,\"valueName\":\"search_term_string\"}}],\"inLanguage\":\"nb-NO\"}]}<\/script>\n<meta property=\"product:brand\" content=\"Filibabba\" \/>\n<meta property=\"product:price:amount\" content=\"899.00\" \/>\n<meta property=\"product:price:currency\" content=\"SEK\" \/>\n<meta property=\"og:availability\" content=\"out of stock\" \/>\n<meta property=\"product:availability\" content=\"out of stock\" \/>\n<meta property=\"product:retailer_item_id\" content=\"FI-BOT005\" \/>\n<meta property=\"product:condition\" content=\"new\" \/>\n<!-- \/ Yoast SEO Premium plugin. -->","yoast_head_json":{"title":"Filibabba, sengehest Botanical love - Babylove Norska","robots":{"index":"noindex","follow":"follow","max-snippet":"max-snippet:-1","max-image-preview":"max-image-preview:large","max-video-preview":"max-video-preview:-1"},"og_locale":"nb_NO","og_type":"article","og_title":"Filibabba, sengehest Botanical love","og_description":"Et meget vakkert og h\u00f8ykvalitets sengeomkrans med et vakkert m\u00f8nster vil skape en herlig atmosf\u00e6re i barnets seng og p\u00e5 barnerommet. Perfekt hvis du vil innrede koselig for de minste. Sengeomkrans fra danske Filibabba som er kjent for sin mykhet for de aller minste \u00e5 lene seg mot. I tillegg beskytter den tykke sengeomkransen barnet [&hellip;]","og_url":"https:\/\/babylove.se\/no\/produkt\/filibabba-sengehest-botanical-love\/","og_site_name":"Babylove Norska","article_modified_time":"2026-04-08T12:51:57+00:00","og_image":[{"width":738,"height":738,"url":"https:\/\/babylove.se\/no\/wp-content\/uploads\/sites\/3\/2025\/07\/653221278be30.jpeg","type":"image\/jpeg"}],"twitter_card":"summary_large_image","twitter_misc":{"Price":"899,00&nbsp;&#107;&#114;","Availability":"Out of stock"},"schema":{"@context":"https:\/\/schema.org","@graph":[{"@type":"WebPage","@id":"https:\/\/babylove.se\/no\/produkt\/filibabba-sengehest-botanical-love\/","url":"https:\/\/babylove.se\/no\/produkt\/filibabba-sengehest-botanical-love\/","name":"Filibabba, sengehest Botanical love - Babylove Norska","isPartOf":{"@id":"https:\/\/babylove.se\/no\/#website"},"primaryImageOfPage":{"@id":"https:\/\/babylove.se\/no\/produkt\/filibabba-sengehest-botanical-love\/#primaryimage"},"image":{"@id":"https:\/\/babylove.se\/no\/produkt\/filibabba-sengehest-botanical-love\/#primaryimage"},"thumbnailUrl":"https:\/\/babylove.se\/no\/wp-content\/uploads\/sites\/3\/2025\/07\/653221278be30.jpeg","datePublished":"2025-07-19T11:35:34+00:00","dateModified":"2026-04-08T12:51:57+00:00","breadcrumb":{"@id":"https:\/\/babylove.se\/no\/produkt\/filibabba-sengehest-botanical-love\/#breadcrumb"},"inLanguage":"nb-NO","potentialAction":[{"@type":"ReadAction","target":["https:\/\/babylove.se\/no\/produkt\/filibabba-sengehest-botanical-love\/"]}]},{"@type":"ImageObject","inLanguage":"nb-NO","@id":"https:\/\/babylove.se\/no\/produkt\/filibabba-sengehest-botanical-love\/#primaryimage","url":"https:\/\/babylove.se\/no\/wp-content\/uploads\/sites\/3\/2025\/07\/653221278be30.jpeg","contentUrl":"https:\/\/babylove.se\/no\/wp-content\/uploads\/sites\/3\/2025\/07\/653221278be30.jpeg","width":738,"height":738},{"@type":"BreadcrumbList","@id":"https:\/\/babylove.se\/no\/produkt\/filibabba-sengehest-botanical-love\/#breadcrumb","itemListElement":[{"@type":"ListItem","position":1,"name":"Hem","item":"https:\/\/babylove.se\/no\/"},{"@type":"ListItem","position":2,"name":"Butik","item":"https:\/\/babylove.se\/no\/butik\/"},{"@type":"ListItem","position":3,"name":"Filibabba, sengehest Botanical love"}]},{"@type":"WebSite","@id":"https:\/\/babylove.se\/no\/#website","url":"https:\/\/babylove.se\/no\/","name":"Babylove Norska","description":"","potentialAction":[{"@type":"SearchAction","target":{"@type":"EntryPoint","urlTemplate":"https:\/\/babylove.se\/no\/?s={search_term_string}"},"query-input":{"@type":"PropertyValueSpecification","valueRequired":true,"valueName":"search_term_string"}}],"inLanguage":"nb-NO"}]},"product_brand":"Filibabba","product_price_amount":"899.00","product_price_currency":"SEK","og_availability":"out of stock","product_availability":"out of stock","product_retailer_item_id":"FI-BOT005","product_condition":"new"},"_links":{"self":[{"href":"https:\/\/babylove.se\/no\/wp-json\/wp\/v2\/product\/55529","targetHints":{"allow":["GET"]}}],"collection":[{"href":"https:\/\/babylove.se\/no\/wp-json\/wp\/v2\/product"}],"about":[{"href":"https:\/\/babylove.se\/no\/wp-json\/wp\/v2\/types\/product"}],"replies":[{"embeddable":true,"href":"https:\/\/babylove.se\/no\/wp-json\/wp\/v2\/comments?post=55529"}],"wp:featuredmedia":[{"embeddable":true,"href":"https:\/\/babylove.se\/no\/wp-json\/wp\/v2\/media\/55531"}],"wp:attachment":[{"href":"https:\/\/babylove.se\/no\/wp-json\/wp\/v2\/media?parent=55529"}],"wp:term":[{"taxonomy":"product_brand","embeddable":true,"href":"https:\/\/babylove.se\/no\/wp-json\/wp\/v2\/product_brand?post=55529"},{"taxonomy":"product_cat","embeddable":true,"href":"https:\/\/babylove.se\/no\/wp-json\/wp\/v2\/product_cat?post=55529"},{"taxonomy":"product_tag","embeddable":true,"href":"https:\/\/babylove.se\/no\/wp-json\/wp\/v2\/product_tag?post=55529"}],"curies":[{"name":"wp","href":"https:\/\/api.w.org\/{rel}","templated":true}]}}