{"id":5553,"date":"2025-07-18T20:30:06","date_gmt":"2025-07-18T19:30:06","guid":{"rendered":"https:\/\/babylove.se\/produkt\/jabadabado-sorteringslada-silver\/"},"modified":"2026-04-08T08:19:10","modified_gmt":"2026-04-08T07:19:10","slug":"jabadabado-sorteringsboks-solv","status":"publish","type":"product","link":"https:\/\/babylove.se\/no\/produkt\/jabadabado-sorteringsboks-solv\/","title":{"rendered":"JaBaDaBaDo Sorteringsboks S\u00f8lv"},"content":{"rendered":"<p><strong>JaBaDaBaDo Sorteringsboks S\u00f8lv<\/strong><\/p>\n<p>En ekte klassiker, verdsatt av generasjoner og kommer garantert til \u00e5 skape mange \u00f8yeblikk av glede for barnet ditt. Denne sorteringsboksen fra svenske JaBaDaBaDo er, foruten vakker \u00e5 se p\u00e5, b\u00e5de underholdende og leken. Designen gj\u00f8r at den garantert passer med din \u00f8vrige barneroms-innredning. Barnet ditt kommer til \u00e5 utvikle sin kreativitet og sin f\u00f8lelse for former og farger n\u00e5r de leker med denne plukk-boksen. 4 klosser \u00e5 legge i f\u00f8lger med og plukk-boksen anbefales for barn som er ca 18 m\u00e5neder og oppover.<\/p>\n<p><strong>M\u00e5l<\/strong>: 15 x 15 x 10<\/p>\n<p>Designer: <a href=\"https:\/\/babylove.se\/varumarken\/jabadabado\"><u>JaBaDaBaDo<\/u><\/a><\/p>\n","protected":false},"excerpt":{"rendered":"<p>JaBaDaBaDo Sorteringsboks S\u00f8lv En ekte klassiker, verdsatt av generasjoner og kommer garantert til \u00e5 skape mange \u00f8yeblikk av glede for barnet ditt. Denne sorteringsboksen fra svenske JaBaDaBaDo er, foruten vakker \u00e5 se p\u00e5, b\u00e5de underholdende og leken. Designen gj\u00f8r at den garantert passer med din \u00f8vrige barneroms-innredning. Barnet ditt kommer til \u00e5 utvikle sin kreativitet [&hellip;]<\/p>\n","protected":false},"featured_media":5555,"comment_status":"closed","ping_status":"open","template":"","meta":{"_acf_changed":false},"product_brand":[273],"product_cat":[274,72,68,48,247,112],"product_tag":[],"class_list":{"0":"post-5553","1":"product","2":"type-product","3":"status-publish","4":"has-post-thumbnail","6":"product_brand-jabadabado","7":"product_cat-jabadabado","8":"product_cat-julegaver","9":"product_cat-leker","10":"product_cat-startside","11":"product_cat-traklossar-barn","12":"product_cat-treleker","14":"first","15":"instock","16":"taxable","17":"shipping-taxable","18":"purchasable","19":"product-type-simple"},"acf":[],"yoast_head":"<!-- This site is optimized with the Yoast SEO Premium plugin v25.8 (Yoast SEO v27.2) - https:\/\/yoast.com\/product\/yoast-seo-premium-wordpress\/ -->\n<title>JaBaDaBaDo Sorteringsboks S\u00f8lv - Babylove Norska<\/title>\n<meta name=\"robots\" content=\"noindex, follow, max-snippet:-1, max-image-preview:large, max-video-preview:-1\" \/>\n<meta property=\"og:locale\" content=\"nb_NO\" \/>\n<meta property=\"og:type\" content=\"article\" \/>\n<meta property=\"og:title\" content=\"JaBaDaBaDo Sorteringsboks S\u00f8lv\" \/>\n<meta property=\"og:description\" content=\"JaBaDaBaDo Sorteringsboks S\u00f8lv En ekte klassiker, verdsatt av generasjoner og kommer garantert til \u00e5 skape mange \u00f8yeblikk av glede for barnet ditt. Denne sorteringsboksen fra svenske JaBaDaBaDo er, foruten vakker \u00e5 se p\u00e5, b\u00e5de underholdende og leken. Designen gj\u00f8r at den garantert passer med din \u00f8vrige barneroms-innredning. Barnet ditt kommer til \u00e5 utvikle sin kreativitet [&hellip;]\" \/>\n<meta property=\"og:url\" content=\"https:\/\/babylove.se\/no\/produkt\/jabadabado-sorteringsboks-solv\/\" \/>\n<meta property=\"og:site_name\" content=\"Babylove Norska\" \/>\n<meta property=\"article:modified_time\" content=\"2026-04-08T07:19:10+00:00\" \/>\n<meta property=\"og:image\" content=\"https:\/\/babylove.se\/no\/wp-content\/uploads\/sites\/3\/2025\/07\/5e6fe5e07ca2e.jpeg\" \/>\n\t<meta property=\"og:image:width\" content=\"640\" \/>\n\t<meta property=\"og:image:height\" content=\"640\" \/>\n\t<meta property=\"og:image:type\" content=\"image\/jpeg\" \/>\n<meta name=\"twitter:card\" content=\"summary_large_image\" \/>\n<meta name=\"twitter:label1\" content=\"Price\" \/>\n\t<meta name=\"twitter:data1\" content=\"219,00&nbsp;&#107;&#114;\" \/>\n\t<meta name=\"twitter:label2\" content=\"Availability\" \/>\n\t<meta name=\"twitter:data2\" content=\"In stock\" \/>\n<script type=\"application\/ld+json\" class=\"yoast-schema-graph\">{\"@context\":\"https:\/\/schema.org\",\"@graph\":[{\"@type\":\"WebPage\",\"@id\":\"https:\/\/babylove.se\/no\/produkt\/jabadabado-sorteringsboks-solv\/\",\"url\":\"https:\/\/babylove.se\/no\/produkt\/jabadabado-sorteringsboks-solv\/\",\"name\":\"JaBaDaBaDo Sorteringsboks S\u00f8lv - Babylove Norska\",\"isPartOf\":{\"@id\":\"https:\/\/babylove.se\/no\/#website\"},\"primaryImageOfPage\":{\"@id\":\"https:\/\/babylove.se\/no\/produkt\/jabadabado-sorteringsboks-solv\/#primaryimage\"},\"image\":{\"@id\":\"https:\/\/babylove.se\/no\/produkt\/jabadabado-sorteringsboks-solv\/#primaryimage\"},\"thumbnailUrl\":\"https:\/\/babylove.se\/no\/wp-content\/uploads\/sites\/3\/2025\/07\/5e6fe5e07ca2e.jpeg\",\"datePublished\":\"2025-07-18T19:30:06+00:00\",\"dateModified\":\"2026-04-08T07:19:10+00:00\",\"breadcrumb\":{\"@id\":\"https:\/\/babylove.se\/no\/produkt\/jabadabado-sorteringsboks-solv\/#breadcrumb\"},\"inLanguage\":\"nb-NO\",\"potentialAction\":[{\"@type\":\"ReadAction\",\"target\":[\"https:\/\/babylove.se\/no\/produkt\/jabadabado-sorteringsboks-solv\/\"]}]},{\"@type\":\"ImageObject\",\"inLanguage\":\"nb-NO\",\"@id\":\"https:\/\/babylove.se\/no\/produkt\/jabadabado-sorteringsboks-solv\/#primaryimage\",\"url\":\"https:\/\/babylove.se\/no\/wp-content\/uploads\/sites\/3\/2025\/07\/5e6fe5e07ca2e.jpeg\",\"contentUrl\":\"https:\/\/babylove.se\/no\/wp-content\/uploads\/sites\/3\/2025\/07\/5e6fe5e07ca2e.jpeg\",\"width\":640,\"height\":640},{\"@type\":\"BreadcrumbList\",\"@id\":\"https:\/\/babylove.se\/no\/produkt\/jabadabado-sorteringsboks-solv\/#breadcrumb\",\"itemListElement\":[{\"@type\":\"ListItem\",\"position\":1,\"name\":\"Hem\",\"item\":\"https:\/\/babylove.se\/no\/\"},{\"@type\":\"ListItem\",\"position\":2,\"name\":\"Butik\",\"item\":\"https:\/\/babylove.se\/no\/butik\/\"},{\"@type\":\"ListItem\",\"position\":3,\"name\":\"JaBaDaBaDo Sorteringsboks S\u00f8lv\"}]},{\"@type\":\"WebSite\",\"@id\":\"https:\/\/babylove.se\/no\/#website\",\"url\":\"https:\/\/babylove.se\/no\/\",\"name\":\"Babylove Norska\",\"description\":\"\",\"potentialAction\":[{\"@type\":\"SearchAction\",\"target\":{\"@type\":\"EntryPoint\",\"urlTemplate\":\"https:\/\/babylove.se\/no\/?s={search_term_string}\"},\"query-input\":{\"@type\":\"PropertyValueSpecification\",\"valueRequired\":true,\"valueName\":\"search_term_string\"}}],\"inLanguage\":\"nb-NO\"}]}<\/script>\n<meta property=\"product:brand\" content=\"JaBaDaBaDo\" \/>\n<meta property=\"product:price:amount\" content=\"219.00\" \/>\n<meta property=\"product:price:currency\" content=\"SEK\" \/>\n<meta property=\"og:availability\" content=\"instock\" \/>\n<meta property=\"product:availability\" content=\"instock\" \/>\n<meta property=\"product:retailer_item_id\" content=\"W7155\" \/>\n<meta property=\"product:condition\" content=\"new\" \/>\n<!-- \/ Yoast SEO Premium plugin. -->","yoast_head_json":{"title":"JaBaDaBaDo Sorteringsboks S\u00f8lv - Babylove Norska","robots":{"index":"noindex","follow":"follow","max-snippet":"max-snippet:-1","max-image-preview":"max-image-preview:large","max-video-preview":"max-video-preview:-1"},"og_locale":"nb_NO","og_type":"article","og_title":"JaBaDaBaDo Sorteringsboks S\u00f8lv","og_description":"JaBaDaBaDo Sorteringsboks S\u00f8lv En ekte klassiker, verdsatt av generasjoner og kommer garantert til \u00e5 skape mange \u00f8yeblikk av glede for barnet ditt. Denne sorteringsboksen fra svenske JaBaDaBaDo er, foruten vakker \u00e5 se p\u00e5, b\u00e5de underholdende og leken. Designen gj\u00f8r at den garantert passer med din \u00f8vrige barneroms-innredning. Barnet ditt kommer til \u00e5 utvikle sin kreativitet [&hellip;]","og_url":"https:\/\/babylove.se\/no\/produkt\/jabadabado-sorteringsboks-solv\/","og_site_name":"Babylove Norska","article_modified_time":"2026-04-08T07:19:10+00:00","og_image":[{"width":640,"height":640,"url":"https:\/\/babylove.se\/no\/wp-content\/uploads\/sites\/3\/2025\/07\/5e6fe5e07ca2e.jpeg","type":"image\/jpeg"}],"twitter_card":"summary_large_image","twitter_misc":{"Price":"219,00&nbsp;&#107;&#114;","Availability":"In stock"},"schema":{"@context":"https:\/\/schema.org","@graph":[{"@type":"WebPage","@id":"https:\/\/babylove.se\/no\/produkt\/jabadabado-sorteringsboks-solv\/","url":"https:\/\/babylove.se\/no\/produkt\/jabadabado-sorteringsboks-solv\/","name":"JaBaDaBaDo Sorteringsboks S\u00f8lv - Babylove Norska","isPartOf":{"@id":"https:\/\/babylove.se\/no\/#website"},"primaryImageOfPage":{"@id":"https:\/\/babylove.se\/no\/produkt\/jabadabado-sorteringsboks-solv\/#primaryimage"},"image":{"@id":"https:\/\/babylove.se\/no\/produkt\/jabadabado-sorteringsboks-solv\/#primaryimage"},"thumbnailUrl":"https:\/\/babylove.se\/no\/wp-content\/uploads\/sites\/3\/2025\/07\/5e6fe5e07ca2e.jpeg","datePublished":"2025-07-18T19:30:06+00:00","dateModified":"2026-04-08T07:19:10+00:00","breadcrumb":{"@id":"https:\/\/babylove.se\/no\/produkt\/jabadabado-sorteringsboks-solv\/#breadcrumb"},"inLanguage":"nb-NO","potentialAction":[{"@type":"ReadAction","target":["https:\/\/babylove.se\/no\/produkt\/jabadabado-sorteringsboks-solv\/"]}]},{"@type":"ImageObject","inLanguage":"nb-NO","@id":"https:\/\/babylove.se\/no\/produkt\/jabadabado-sorteringsboks-solv\/#primaryimage","url":"https:\/\/babylove.se\/no\/wp-content\/uploads\/sites\/3\/2025\/07\/5e6fe5e07ca2e.jpeg","contentUrl":"https:\/\/babylove.se\/no\/wp-content\/uploads\/sites\/3\/2025\/07\/5e6fe5e07ca2e.jpeg","width":640,"height":640},{"@type":"BreadcrumbList","@id":"https:\/\/babylove.se\/no\/produkt\/jabadabado-sorteringsboks-solv\/#breadcrumb","itemListElement":[{"@type":"ListItem","position":1,"name":"Hem","item":"https:\/\/babylove.se\/no\/"},{"@type":"ListItem","position":2,"name":"Butik","item":"https:\/\/babylove.se\/no\/butik\/"},{"@type":"ListItem","position":3,"name":"JaBaDaBaDo Sorteringsboks S\u00f8lv"}]},{"@type":"WebSite","@id":"https:\/\/babylove.se\/no\/#website","url":"https:\/\/babylove.se\/no\/","name":"Babylove Norska","description":"","potentialAction":[{"@type":"SearchAction","target":{"@type":"EntryPoint","urlTemplate":"https:\/\/babylove.se\/no\/?s={search_term_string}"},"query-input":{"@type":"PropertyValueSpecification","valueRequired":true,"valueName":"search_term_string"}}],"inLanguage":"nb-NO"}]},"product_brand":"JaBaDaBaDo","product_price_amount":"219.00","product_price_currency":"SEK","og_availability":"instock","product_availability":"instock","product_retailer_item_id":"W7155","product_condition":"new"},"_links":{"self":[{"href":"https:\/\/babylove.se\/no\/wp-json\/wp\/v2\/product\/5553","targetHints":{"allow":["GET"]}}],"collection":[{"href":"https:\/\/babylove.se\/no\/wp-json\/wp\/v2\/product"}],"about":[{"href":"https:\/\/babylove.se\/no\/wp-json\/wp\/v2\/types\/product"}],"replies":[{"embeddable":true,"href":"https:\/\/babylove.se\/no\/wp-json\/wp\/v2\/comments?post=5553"}],"wp:featuredmedia":[{"embeddable":true,"href":"https:\/\/babylove.se\/no\/wp-json\/wp\/v2\/media\/5555"}],"wp:attachment":[{"href":"https:\/\/babylove.se\/no\/wp-json\/wp\/v2\/media?parent=5553"}],"wp:term":[{"taxonomy":"product_brand","embeddable":true,"href":"https:\/\/babylove.se\/no\/wp-json\/wp\/v2\/product_brand?post=5553"},{"taxonomy":"product_cat","embeddable":true,"href":"https:\/\/babylove.se\/no\/wp-json\/wp\/v2\/product_cat?post=5553"},{"taxonomy":"product_tag","embeddable":true,"href":"https:\/\/babylove.se\/no\/wp-json\/wp\/v2\/product_tag?post=5553"}],"curies":[{"name":"wp","href":"https:\/\/api.w.org\/{rel}","templated":true}]}}