{"id":55551,"date":"2025-07-19T12:35:56","date_gmt":"2025-07-19T11:35:56","guid":{"rendered":"https:\/\/babylove.se\/produkt\/filibabba-sangmobil-carrot-thief\/"},"modified":"2026-04-08T13:52:05","modified_gmt":"2026-04-08T12:52:05","slug":"filibabba-sangmobil-gulrotttyv","status":"publish","type":"product","link":"https:\/\/babylove.se\/no\/produkt\/filibabba-sangmobil-gulrotttyv\/","title":{"rendered":"Filibabba, sengemobil Carrot Thief"},"content":{"rendered":"<p>En vakker sengemobil med to s\u00f8te kaniner og en deilig gulrot for de aller minste i hjemmet fra danske Filibabba! <\/p>\n<p>Skap ditt eget og unike milj\u00f8 i barnerommet ved hjelp av de sm\u00e5 figurene som flyter langsomt i luften. <\/p>\n<p>Sengemobilen er helt h\u00e5ndlaget og sm\u00e5 variasjoner kan forekomme. Vi anbefaler \u00e5 henge sengemobilen utenfor rekkevidde for ditt barn <\/p>\n<p><strong>M\u00e5l<\/strong>: 45 x 20 x 20 cm <\/p>\n<p><strong>Materiale: <\/strong>Tre, bomull, lin, fyll av resirkulert polyester. <\/p>\n<p>Designer: <a href=\"https:\/\/babylove.se\/varumarken\/filibaba\">Filibabba<\/a><\/p>\n","protected":false},"excerpt":{"rendered":"<p>En vakker sengemobil med to s\u00f8te kaniner og en deilig gulrot for de aller minste i hjemmet fra danske Filibabba! Skap ditt eget og unike milj\u00f8 i barnerommet ved hjelp av de sm\u00e5 figurene som flyter langsomt i luften. Sengemobilen er helt h\u00e5ndlaget og sm\u00e5 variasjoner kan forekomme. Vi anbefaler \u00e5 henge sengemobilen utenfor rekkevidde [&hellip;]<\/p>\n","protected":false},"featured_media":55553,"comment_status":"closed","ping_status":"closed","template":"","meta":{"_acf_changed":false},"product_brand":[249],"product_cat":[250,145],"product_tag":[1709],"class_list":{"0":"post-55551","1":"product","2":"type-product","3":"status-publish","4":"has-post-thumbnail","6":"product_brand-filibabba","7":"product_cat-filibabba","8":"product_cat-sangmobiler","9":"product_tag-utforsalg","11":"first","12":"instock","13":"taxable","14":"shipping-taxable","15":"purchasable","16":"product-type-simple"},"acf":[],"yoast_head":"<!-- This site is optimized with the Yoast SEO Premium plugin v25.8 (Yoast SEO v27.2) - https:\/\/yoast.com\/product\/yoast-seo-premium-wordpress\/ -->\n<title>Filibabba, sengemobil Carrot Thief - Babylove Norska<\/title>\n<meta name=\"robots\" content=\"noindex, follow, max-snippet:-1, max-image-preview:large, max-video-preview:-1\" \/>\n<meta property=\"og:locale\" content=\"nb_NO\" \/>\n<meta property=\"og:type\" content=\"article\" \/>\n<meta property=\"og:title\" content=\"Filibabba, sengemobil Carrot Thief\" \/>\n<meta property=\"og:description\" content=\"En vakker sengemobil med to s\u00f8te kaniner og en deilig gulrot for de aller minste i hjemmet fra danske Filibabba! Skap ditt eget og unike milj\u00f8 i barnerommet ved hjelp av de sm\u00e5 figurene som flyter langsomt i luften. Sengemobilen er helt h\u00e5ndlaget og sm\u00e5 variasjoner kan forekomme. Vi anbefaler \u00e5 henge sengemobilen utenfor rekkevidde [&hellip;]\" \/>\n<meta property=\"og:url\" content=\"https:\/\/babylove.se\/no\/produkt\/filibabba-sangmobil-gulrotttyv\/\" \/>\n<meta property=\"og:site_name\" content=\"Babylove Norska\" \/>\n<meta property=\"article:modified_time\" content=\"2026-04-08T12:52:05+00:00\" \/>\n<meta property=\"og:image\" content=\"https:\/\/babylove.se\/no\/wp-content\/uploads\/sites\/3\/2025\/07\/6532257ced9c1.jpeg\" \/>\n\t<meta property=\"og:image:width\" content=\"1400\" \/>\n\t<meta property=\"og:image:height\" content=\"1400\" \/>\n\t<meta property=\"og:image:type\" content=\"image\/jpeg\" \/>\n<meta name=\"twitter:card\" content=\"summary_large_image\" \/>\n<meta name=\"twitter:label1\" content=\"Price\" \/>\n\t<meta name=\"twitter:data1\" content=\"499,00&nbsp;&#107;&#114;\" \/>\n\t<meta name=\"twitter:label2\" content=\"Availability\" \/>\n\t<meta name=\"twitter:data2\" content=\"In stock\" \/>\n<script type=\"application\/ld+json\" class=\"yoast-schema-graph\">{\"@context\":\"https:\/\/schema.org\",\"@graph\":[{\"@type\":\"WebPage\",\"@id\":\"https:\/\/babylove.se\/no\/produkt\/filibabba-sangmobil-gulrotttyv\/\",\"url\":\"https:\/\/babylove.se\/no\/produkt\/filibabba-sangmobil-gulrotttyv\/\",\"name\":\"Filibabba, sengemobil Carrot Thief - Babylove Norska\",\"isPartOf\":{\"@id\":\"https:\/\/babylove.se\/no\/#website\"},\"primaryImageOfPage\":{\"@id\":\"https:\/\/babylove.se\/no\/produkt\/filibabba-sangmobil-gulrotttyv\/#primaryimage\"},\"image\":{\"@id\":\"https:\/\/babylove.se\/no\/produkt\/filibabba-sangmobil-gulrotttyv\/#primaryimage\"},\"thumbnailUrl\":\"https:\/\/babylove.se\/no\/wp-content\/uploads\/sites\/3\/2025\/07\/6532257ced9c1.jpeg\",\"datePublished\":\"2025-07-19T11:35:56+00:00\",\"dateModified\":\"2026-04-08T12:52:05+00:00\",\"breadcrumb\":{\"@id\":\"https:\/\/babylove.se\/no\/produkt\/filibabba-sangmobil-gulrotttyv\/#breadcrumb\"},\"inLanguage\":\"nb-NO\",\"potentialAction\":[{\"@type\":\"ReadAction\",\"target\":[\"https:\/\/babylove.se\/no\/produkt\/filibabba-sangmobil-gulrotttyv\/\"]}]},{\"@type\":\"ImageObject\",\"inLanguage\":\"nb-NO\",\"@id\":\"https:\/\/babylove.se\/no\/produkt\/filibabba-sangmobil-gulrotttyv\/#primaryimage\",\"url\":\"https:\/\/babylove.se\/no\/wp-content\/uploads\/sites\/3\/2025\/07\/6532257ced9c1.jpeg\",\"contentUrl\":\"https:\/\/babylove.se\/no\/wp-content\/uploads\/sites\/3\/2025\/07\/6532257ced9c1.jpeg\",\"width\":1400,\"height\":1400},{\"@type\":\"BreadcrumbList\",\"@id\":\"https:\/\/babylove.se\/no\/produkt\/filibabba-sangmobil-gulrotttyv\/#breadcrumb\",\"itemListElement\":[{\"@type\":\"ListItem\",\"position\":1,\"name\":\"Hem\",\"item\":\"https:\/\/babylove.se\/no\/\"},{\"@type\":\"ListItem\",\"position\":2,\"name\":\"Butik\",\"item\":\"https:\/\/babylove.se\/no\/butik\/\"},{\"@type\":\"ListItem\",\"position\":3,\"name\":\"Filibabba, sengemobil Carrot Thief\"}]},{\"@type\":\"WebSite\",\"@id\":\"https:\/\/babylove.se\/no\/#website\",\"url\":\"https:\/\/babylove.se\/no\/\",\"name\":\"Babylove Norska\",\"description\":\"\",\"potentialAction\":[{\"@type\":\"SearchAction\",\"target\":{\"@type\":\"EntryPoint\",\"urlTemplate\":\"https:\/\/babylove.se\/no\/?s={search_term_string}\"},\"query-input\":{\"@type\":\"PropertyValueSpecification\",\"valueRequired\":true,\"valueName\":\"search_term_string\"}}],\"inLanguage\":\"nb-NO\"}]}<\/script>\n<meta property=\"product:brand\" content=\"Filibabba\" \/>\n<meta property=\"product:price:amount\" content=\"499.00\" \/>\n<meta property=\"product:price:currency\" content=\"SEK\" \/>\n<meta property=\"og:availability\" content=\"instock\" \/>\n<meta property=\"product:availability\" content=\"instock\" \/>\n<meta property=\"product:retailer_item_id\" content=\"FI-02799\" \/>\n<meta property=\"product:condition\" content=\"new\" \/>\n<!-- \/ Yoast SEO Premium plugin. -->","yoast_head_json":{"title":"Filibabba, sengemobil Carrot Thief - Babylove Norska","robots":{"index":"noindex","follow":"follow","max-snippet":"max-snippet:-1","max-image-preview":"max-image-preview:large","max-video-preview":"max-video-preview:-1"},"og_locale":"nb_NO","og_type":"article","og_title":"Filibabba, sengemobil Carrot Thief","og_description":"En vakker sengemobil med to s\u00f8te kaniner og en deilig gulrot for de aller minste i hjemmet fra danske Filibabba! Skap ditt eget og unike milj\u00f8 i barnerommet ved hjelp av de sm\u00e5 figurene som flyter langsomt i luften. Sengemobilen er helt h\u00e5ndlaget og sm\u00e5 variasjoner kan forekomme. Vi anbefaler \u00e5 henge sengemobilen utenfor rekkevidde [&hellip;]","og_url":"https:\/\/babylove.se\/no\/produkt\/filibabba-sangmobil-gulrotttyv\/","og_site_name":"Babylove Norska","article_modified_time":"2026-04-08T12:52:05+00:00","og_image":[{"width":1400,"height":1400,"url":"https:\/\/babylove.se\/no\/wp-content\/uploads\/sites\/3\/2025\/07\/6532257ced9c1.jpeg","type":"image\/jpeg"}],"twitter_card":"summary_large_image","twitter_misc":{"Price":"499,00&nbsp;&#107;&#114;","Availability":"In stock"},"schema":{"@context":"https:\/\/schema.org","@graph":[{"@type":"WebPage","@id":"https:\/\/babylove.se\/no\/produkt\/filibabba-sangmobil-gulrotttyv\/","url":"https:\/\/babylove.se\/no\/produkt\/filibabba-sangmobil-gulrotttyv\/","name":"Filibabba, sengemobil Carrot Thief - Babylove Norska","isPartOf":{"@id":"https:\/\/babylove.se\/no\/#website"},"primaryImageOfPage":{"@id":"https:\/\/babylove.se\/no\/produkt\/filibabba-sangmobil-gulrotttyv\/#primaryimage"},"image":{"@id":"https:\/\/babylove.se\/no\/produkt\/filibabba-sangmobil-gulrotttyv\/#primaryimage"},"thumbnailUrl":"https:\/\/babylove.se\/no\/wp-content\/uploads\/sites\/3\/2025\/07\/6532257ced9c1.jpeg","datePublished":"2025-07-19T11:35:56+00:00","dateModified":"2026-04-08T12:52:05+00:00","breadcrumb":{"@id":"https:\/\/babylove.se\/no\/produkt\/filibabba-sangmobil-gulrotttyv\/#breadcrumb"},"inLanguage":"nb-NO","potentialAction":[{"@type":"ReadAction","target":["https:\/\/babylove.se\/no\/produkt\/filibabba-sangmobil-gulrotttyv\/"]}]},{"@type":"ImageObject","inLanguage":"nb-NO","@id":"https:\/\/babylove.se\/no\/produkt\/filibabba-sangmobil-gulrotttyv\/#primaryimage","url":"https:\/\/babylove.se\/no\/wp-content\/uploads\/sites\/3\/2025\/07\/6532257ced9c1.jpeg","contentUrl":"https:\/\/babylove.se\/no\/wp-content\/uploads\/sites\/3\/2025\/07\/6532257ced9c1.jpeg","width":1400,"height":1400},{"@type":"BreadcrumbList","@id":"https:\/\/babylove.se\/no\/produkt\/filibabba-sangmobil-gulrotttyv\/#breadcrumb","itemListElement":[{"@type":"ListItem","position":1,"name":"Hem","item":"https:\/\/babylove.se\/no\/"},{"@type":"ListItem","position":2,"name":"Butik","item":"https:\/\/babylove.se\/no\/butik\/"},{"@type":"ListItem","position":3,"name":"Filibabba, sengemobil Carrot Thief"}]},{"@type":"WebSite","@id":"https:\/\/babylove.se\/no\/#website","url":"https:\/\/babylove.se\/no\/","name":"Babylove Norska","description":"","potentialAction":[{"@type":"SearchAction","target":{"@type":"EntryPoint","urlTemplate":"https:\/\/babylove.se\/no\/?s={search_term_string}"},"query-input":{"@type":"PropertyValueSpecification","valueRequired":true,"valueName":"search_term_string"}}],"inLanguage":"nb-NO"}]},"product_brand":"Filibabba","product_price_amount":"499.00","product_price_currency":"SEK","og_availability":"instock","product_availability":"instock","product_retailer_item_id":"FI-02799","product_condition":"new"},"_links":{"self":[{"href":"https:\/\/babylove.se\/no\/wp-json\/wp\/v2\/product\/55551","targetHints":{"allow":["GET"]}}],"collection":[{"href":"https:\/\/babylove.se\/no\/wp-json\/wp\/v2\/product"}],"about":[{"href":"https:\/\/babylove.se\/no\/wp-json\/wp\/v2\/types\/product"}],"replies":[{"embeddable":true,"href":"https:\/\/babylove.se\/no\/wp-json\/wp\/v2\/comments?post=55551"}],"wp:featuredmedia":[{"embeddable":true,"href":"https:\/\/babylove.se\/no\/wp-json\/wp\/v2\/media\/55553"}],"wp:attachment":[{"href":"https:\/\/babylove.se\/no\/wp-json\/wp\/v2\/media?parent=55551"}],"wp:term":[{"taxonomy":"product_brand","embeddable":true,"href":"https:\/\/babylove.se\/no\/wp-json\/wp\/v2\/product_brand?post=55551"},{"taxonomy":"product_cat","embeddable":true,"href":"https:\/\/babylove.se\/no\/wp-json\/wp\/v2\/product_cat?post=55551"},{"taxonomy":"product_tag","embeddable":true,"href":"https:\/\/babylove.se\/no\/wp-json\/wp\/v2\/product_tag?post=55551"}],"curies":[{"name":"wp","href":"https:\/\/api.w.org\/{rel}","templated":true}]}}