{"id":55599,"date":"2025-07-19T12:36:20","date_gmt":"2025-07-19T11:36:20","guid":{"rendered":"https:\/\/babylove.se\/produkt\/mrs-mighetto-barnbok-pekbok-123\/"},"modified":"2026-04-08T13:52:32","modified_gmt":"2026-04-08T12:52:32","slug":"mrs-mighetto-barnebok-pekebok-123","status":"publish","type":"product","link":"https:\/\/babylove.se\/no\/produkt\/mrs-mighetto-barnebok-pekebok-123\/","title":{"rendered":"Mrs Mighetto, barnebok pekerbok 123"},"content":{"rendered":"<p>Supernyttig pekebok for alle sm\u00e5rollinger som har begynt \u00e5 interessere seg for sifrenes magiske kunst! Ved hjelp av fortryllende karakterer fra Mrs Mighettos verden vil ditt barn l\u00e6re seg \u00e5 kjenne igjen siffer, logikken i \u00e5 telle samt utvide ordforr\u00e5det sitt p\u00e5 en morsom m\u00e5te. <\/p>\n<p>Denne fantastiske barneboken har tykke sider slik at barn i alderen 0-3 \u00e5r enkelt kan bla i den. <\/p>\n<p>Perfekt som gave til nyf\u00f8dte, d\u00e5p eller til den f\u00f8rste bursdagen! <\/p>\n<p>Antall sider: 24 <\/p>\n<p>Designer: <a href=\"https:\/\/babylove.se\/varumarken\/mrs-mighetto\">Mrs Mighetto<\/a> <\/p>\n<p><em>Boken trykkes p\u00e5 et FSC-sertifisert trykkeri i EU. Boken inneholder bare siffer og er delvis spr\u00e5kavhengig. <\/em><\/p>\n","protected":false},"excerpt":{"rendered":"<p>Supernyttig pekebok for alle sm\u00e5rollinger som har begynt \u00e5 interessere seg for sifrenes magiske kunst! Ved hjelp av fortryllende karakterer fra Mrs Mighettos verden vil ditt barn l\u00e6re seg \u00e5 kjenne igjen siffer, logikken i \u00e5 telle samt utvide ordforr\u00e5det sitt p\u00e5 en morsom m\u00e5te. Denne fantastiske barneboken har tykke sider slik at barn i [&hellip;]<\/p>\n","protected":false},"featured_media":55601,"comment_status":"closed","ping_status":"closed","template":"","meta":{"_acf_changed":false},"product_brand":[974],"product_cat":[977,975],"product_tag":[1709],"class_list":{"0":"post-55599","1":"product","2":"type-product","3":"status-publish","4":"has-post-thumbnail","6":"product_brand-mrs-mighetto","7":"product_cat-barneboker","8":"product_cat-mrs-mighetto","9":"product_tag-utforsalg","11":"first","12":"outofstock","13":"taxable","14":"shipping-taxable","15":"purchasable","16":"product-type-simple"},"acf":[],"yoast_head":"<!-- This site is optimized with the Yoast SEO Premium plugin v25.8 (Yoast SEO v27.2) - https:\/\/yoast.com\/product\/yoast-seo-premium-wordpress\/ -->\n<title>Mrs Mighetto, barnebok pekerbok 123 - Babylove Norska<\/title>\n<meta name=\"robots\" content=\"noindex, follow, max-snippet:-1, max-image-preview:large, max-video-preview:-1\" \/>\n<meta property=\"og:locale\" content=\"nb_NO\" \/>\n<meta property=\"og:type\" content=\"article\" \/>\n<meta property=\"og:title\" content=\"Mrs Mighetto, barnebok pekerbok 123\" \/>\n<meta property=\"og:description\" content=\"Supernyttig pekebok for alle sm\u00e5rollinger som har begynt \u00e5 interessere seg for sifrenes magiske kunst! Ved hjelp av fortryllende karakterer fra Mrs Mighettos verden vil ditt barn l\u00e6re seg \u00e5 kjenne igjen siffer, logikken i \u00e5 telle samt utvide ordforr\u00e5det sitt p\u00e5 en morsom m\u00e5te. Denne fantastiske barneboken har tykke sider slik at barn i [&hellip;]\" \/>\n<meta property=\"og:url\" content=\"https:\/\/babylove.se\/no\/produkt\/mrs-mighetto-barnebok-pekebok-123\/\" \/>\n<meta property=\"og:site_name\" content=\"Babylove Norska\" \/>\n<meta property=\"article:modified_time\" content=\"2026-04-08T12:52:32+00:00\" \/>\n<meta property=\"og:image\" content=\"https:\/\/babylove.se\/no\/wp-content\/uploads\/sites\/3\/2025\/07\/653767a8b1009.jpeg\" \/>\n\t<meta property=\"og:image:width\" content=\"546\" \/>\n\t<meta property=\"og:image:height\" content=\"820\" \/>\n\t<meta property=\"og:image:type\" content=\"image\/jpeg\" \/>\n<meta name=\"twitter:card\" content=\"summary_large_image\" \/>\n<meta name=\"twitter:label1\" content=\"Price\" \/>\n\t<meta name=\"twitter:data1\" content=\"199,00&nbsp;&#107;&#114;\" \/>\n\t<meta name=\"twitter:label2\" content=\"Availability\" \/>\n\t<meta name=\"twitter:data2\" content=\"Out of stock\" \/>\n<script type=\"application\/ld+json\" class=\"yoast-schema-graph\">{\"@context\":\"https:\/\/schema.org\",\"@graph\":[{\"@type\":\"WebPage\",\"@id\":\"https:\/\/babylove.se\/no\/produkt\/mrs-mighetto-barnebok-pekebok-123\/\",\"url\":\"https:\/\/babylove.se\/no\/produkt\/mrs-mighetto-barnebok-pekebok-123\/\",\"name\":\"Mrs Mighetto, barnebok pekerbok 123 - Babylove Norska\",\"isPartOf\":{\"@id\":\"https:\/\/babylove.se\/no\/#website\"},\"primaryImageOfPage\":{\"@id\":\"https:\/\/babylove.se\/no\/produkt\/mrs-mighetto-barnebok-pekebok-123\/#primaryimage\"},\"image\":{\"@id\":\"https:\/\/babylove.se\/no\/produkt\/mrs-mighetto-barnebok-pekebok-123\/#primaryimage\"},\"thumbnailUrl\":\"https:\/\/babylove.se\/no\/wp-content\/uploads\/sites\/3\/2025\/07\/653767a8b1009.jpeg\",\"datePublished\":\"2025-07-19T11:36:20+00:00\",\"dateModified\":\"2026-04-08T12:52:32+00:00\",\"breadcrumb\":{\"@id\":\"https:\/\/babylove.se\/no\/produkt\/mrs-mighetto-barnebok-pekebok-123\/#breadcrumb\"},\"inLanguage\":\"nb-NO\",\"potentialAction\":[{\"@type\":\"ReadAction\",\"target\":[\"https:\/\/babylove.se\/no\/produkt\/mrs-mighetto-barnebok-pekebok-123\/\"]}]},{\"@type\":\"ImageObject\",\"inLanguage\":\"nb-NO\",\"@id\":\"https:\/\/babylove.se\/no\/produkt\/mrs-mighetto-barnebok-pekebok-123\/#primaryimage\",\"url\":\"https:\/\/babylove.se\/no\/wp-content\/uploads\/sites\/3\/2025\/07\/653767a8b1009.jpeg\",\"contentUrl\":\"https:\/\/babylove.se\/no\/wp-content\/uploads\/sites\/3\/2025\/07\/653767a8b1009.jpeg\",\"width\":546,\"height\":820},{\"@type\":\"BreadcrumbList\",\"@id\":\"https:\/\/babylove.se\/no\/produkt\/mrs-mighetto-barnebok-pekebok-123\/#breadcrumb\",\"itemListElement\":[{\"@type\":\"ListItem\",\"position\":1,\"name\":\"Hem\",\"item\":\"https:\/\/babylove.se\/no\/\"},{\"@type\":\"ListItem\",\"position\":2,\"name\":\"Butik\",\"item\":\"https:\/\/babylove.se\/no\/butik\/\"},{\"@type\":\"ListItem\",\"position\":3,\"name\":\"Mrs Mighetto, barnebok pekerbok 123\"}]},{\"@type\":\"WebSite\",\"@id\":\"https:\/\/babylove.se\/no\/#website\",\"url\":\"https:\/\/babylove.se\/no\/\",\"name\":\"Babylove Norska\",\"description\":\"\",\"potentialAction\":[{\"@type\":\"SearchAction\",\"target\":{\"@type\":\"EntryPoint\",\"urlTemplate\":\"https:\/\/babylove.se\/no\/?s={search_term_string}\"},\"query-input\":{\"@type\":\"PropertyValueSpecification\",\"valueRequired\":true,\"valueName\":\"search_term_string\"}}],\"inLanguage\":\"nb-NO\"}]}<\/script>\n<meta property=\"product:brand\" content=\"Mrs Mighetto\" \/>\n<meta property=\"product:price:amount\" content=\"199.00\" \/>\n<meta property=\"product:price:currency\" content=\"SEK\" \/>\n<meta property=\"og:availability\" content=\"out of stock\" \/>\n<meta property=\"product:availability\" content=\"out of stock\" \/>\n<meta property=\"product:retailer_item_id\" content=\"BK-TT-123\" \/>\n<meta property=\"product:condition\" content=\"new\" \/>\n<!-- \/ Yoast SEO Premium plugin. -->","yoast_head_json":{"title":"Mrs Mighetto, barnebok pekerbok 123 - Babylove Norska","robots":{"index":"noindex","follow":"follow","max-snippet":"max-snippet:-1","max-image-preview":"max-image-preview:large","max-video-preview":"max-video-preview:-1"},"og_locale":"nb_NO","og_type":"article","og_title":"Mrs Mighetto, barnebok pekerbok 123","og_description":"Supernyttig pekebok for alle sm\u00e5rollinger som har begynt \u00e5 interessere seg for sifrenes magiske kunst! Ved hjelp av fortryllende karakterer fra Mrs Mighettos verden vil ditt barn l\u00e6re seg \u00e5 kjenne igjen siffer, logikken i \u00e5 telle samt utvide ordforr\u00e5det sitt p\u00e5 en morsom m\u00e5te. Denne fantastiske barneboken har tykke sider slik at barn i [&hellip;]","og_url":"https:\/\/babylove.se\/no\/produkt\/mrs-mighetto-barnebok-pekebok-123\/","og_site_name":"Babylove Norska","article_modified_time":"2026-04-08T12:52:32+00:00","og_image":[{"width":546,"height":820,"url":"https:\/\/babylove.se\/no\/wp-content\/uploads\/sites\/3\/2025\/07\/653767a8b1009.jpeg","type":"image\/jpeg"}],"twitter_card":"summary_large_image","twitter_misc":{"Price":"199,00&nbsp;&#107;&#114;","Availability":"Out of stock"},"schema":{"@context":"https:\/\/schema.org","@graph":[{"@type":"WebPage","@id":"https:\/\/babylove.se\/no\/produkt\/mrs-mighetto-barnebok-pekebok-123\/","url":"https:\/\/babylove.se\/no\/produkt\/mrs-mighetto-barnebok-pekebok-123\/","name":"Mrs Mighetto, barnebok pekerbok 123 - Babylove Norska","isPartOf":{"@id":"https:\/\/babylove.se\/no\/#website"},"primaryImageOfPage":{"@id":"https:\/\/babylove.se\/no\/produkt\/mrs-mighetto-barnebok-pekebok-123\/#primaryimage"},"image":{"@id":"https:\/\/babylove.se\/no\/produkt\/mrs-mighetto-barnebok-pekebok-123\/#primaryimage"},"thumbnailUrl":"https:\/\/babylove.se\/no\/wp-content\/uploads\/sites\/3\/2025\/07\/653767a8b1009.jpeg","datePublished":"2025-07-19T11:36:20+00:00","dateModified":"2026-04-08T12:52:32+00:00","breadcrumb":{"@id":"https:\/\/babylove.se\/no\/produkt\/mrs-mighetto-barnebok-pekebok-123\/#breadcrumb"},"inLanguage":"nb-NO","potentialAction":[{"@type":"ReadAction","target":["https:\/\/babylove.se\/no\/produkt\/mrs-mighetto-barnebok-pekebok-123\/"]}]},{"@type":"ImageObject","inLanguage":"nb-NO","@id":"https:\/\/babylove.se\/no\/produkt\/mrs-mighetto-barnebok-pekebok-123\/#primaryimage","url":"https:\/\/babylove.se\/no\/wp-content\/uploads\/sites\/3\/2025\/07\/653767a8b1009.jpeg","contentUrl":"https:\/\/babylove.se\/no\/wp-content\/uploads\/sites\/3\/2025\/07\/653767a8b1009.jpeg","width":546,"height":820},{"@type":"BreadcrumbList","@id":"https:\/\/babylove.se\/no\/produkt\/mrs-mighetto-barnebok-pekebok-123\/#breadcrumb","itemListElement":[{"@type":"ListItem","position":1,"name":"Hem","item":"https:\/\/babylove.se\/no\/"},{"@type":"ListItem","position":2,"name":"Butik","item":"https:\/\/babylove.se\/no\/butik\/"},{"@type":"ListItem","position":3,"name":"Mrs Mighetto, barnebok pekerbok 123"}]},{"@type":"WebSite","@id":"https:\/\/babylove.se\/no\/#website","url":"https:\/\/babylove.se\/no\/","name":"Babylove Norska","description":"","potentialAction":[{"@type":"SearchAction","target":{"@type":"EntryPoint","urlTemplate":"https:\/\/babylove.se\/no\/?s={search_term_string}"},"query-input":{"@type":"PropertyValueSpecification","valueRequired":true,"valueName":"search_term_string"}}],"inLanguage":"nb-NO"}]},"product_brand":"Mrs Mighetto","product_price_amount":"199.00","product_price_currency":"SEK","og_availability":"out of stock","product_availability":"out of stock","product_retailer_item_id":"BK-TT-123","product_condition":"new"},"_links":{"self":[{"href":"https:\/\/babylove.se\/no\/wp-json\/wp\/v2\/product\/55599","targetHints":{"allow":["GET"]}}],"collection":[{"href":"https:\/\/babylove.se\/no\/wp-json\/wp\/v2\/product"}],"about":[{"href":"https:\/\/babylove.se\/no\/wp-json\/wp\/v2\/types\/product"}],"replies":[{"embeddable":true,"href":"https:\/\/babylove.se\/no\/wp-json\/wp\/v2\/comments?post=55599"}],"wp:featuredmedia":[{"embeddable":true,"href":"https:\/\/babylove.se\/no\/wp-json\/wp\/v2\/media\/55601"}],"wp:attachment":[{"href":"https:\/\/babylove.se\/no\/wp-json\/wp\/v2\/media?parent=55599"}],"wp:term":[{"taxonomy":"product_brand","embeddable":true,"href":"https:\/\/babylove.se\/no\/wp-json\/wp\/v2\/product_brand?post=55599"},{"taxonomy":"product_cat","embeddable":true,"href":"https:\/\/babylove.se\/no\/wp-json\/wp\/v2\/product_cat?post=55599"},{"taxonomy":"product_tag","embeddable":true,"href":"https:\/\/babylove.se\/no\/wp-json\/wp\/v2\/product_tag?post=55599"}],"curies":[{"name":"wp","href":"https:\/\/api.w.org\/{rel}","templated":true}]}}