{"id":55623,"date":"2025-07-19T12:36:43","date_gmt":"2025-07-19T11:36:43","guid":{"rendered":"https:\/\/babylove.se\/produkt\/mrs-mighetto-tapet-tulips-for-belle-blue\/"},"modified":"2026-04-08T13:52:40","modified_gmt":"2026-04-08T12:52:40","slug":"mrs-mighetto-tapet-tulipaner-for-belle-bla","status":"publish","type":"product","link":"https:\/\/babylove.se\/no\/produkt\/mrs-mighetto-tapet-tulipaner-for-belle-bla\/","title":{"rendered":"Mrs Mighetto, tapet Tulips for Belle, Blue"},"content":{"rendered":"<p>Unike og eventyrlige tapeter som du m\u00e5ttbestiller etter dine \u00f8nsker. Du kan skape en helt egen eventyrverden som barnet ditt kommer til \u00e5 elske, og samtidig skape en barnerominnredning av sjeldent skuet slag. Like underbar som p\u00e5 fondveggen som p\u00e5 rommets alle vegger! <\/p>\n<p><strong>Material:<\/strong> <\/p>\n<ul>\n<li>Non-woven papir forsterket med nylonfibre<\/li>\n<li>100% FSC-sertifisert som sikrer at papiret kommer fra ansvarlig skogbruk<\/li>\n<li>Fri for skadelige VOC-stoffer (volatile organic compound)<\/li>\n<li>Myk og matt finish<\/li>\n<\/ul>\n<p><strong>Info<\/strong>: <\/p>\n<ul>\n<li>Tapetet selges per kvadratmeter og minimumsordre er 3 m<sup>2<\/sup><\/li>\n<li>For \u00e5 bestille riktig antall begynn med \u00e5 m\u00e5le veggen du vil tapetsere. Multipliser deretter veggens bredde x veggens lengde. Hvis svaret ikke er jevnt &#8211; rund <em>opp<\/em>.<\/li>\n<li>For eksempel: For \u00e5 tapetsere en vegg som er 2,5 meter bred og 2,5 meter lang  (2,5 m x 2,5 m = 6,25 m2) .trenger du minst 7 kvadratmeter.<\/li>\n<li>Legg til 5 cm p\u00e5 b\u00e5de h\u00f8yde og bredde i tilfelle veggen heller<\/li>\n<li>Produseres i Sverige<\/li>\n<\/ul>\n<p>Designer:<a href=\"https:\/\/babylove.se\/varumarken\/dekorillo\"> <\/a><a href=\"https:\/\/babylove.se\/varumarken\/mrs-mighetto\">Mrs Mighetto<\/a> <\/p>\n<p><u>Obs! Spesialtilpasset bestillingsvare. Angrerett gjelder ikke og bestilte tapeter kan ikke returneres.<\/u><\/p>\n","protected":false},"excerpt":{"rendered":"<p>Unike og eventyrlige tapeter som du m\u00e5ttbestiller etter dine \u00f8nsker. Du kan skape en helt egen eventyrverden som barnet ditt kommer til \u00e5 elske, og samtidig skape en barnerominnredning av sjeldent skuet slag. Like underbar som p\u00e5 fondveggen som p\u00e5 rommets alle vegger! Material: Non-woven papir forsterket med nylonfibre 100% FSC-sertifisert som sikrer at papiret [&hellip;]<\/p>\n","protected":false},"featured_media":55625,"comment_status":"closed","ping_status":"closed","template":"","meta":{"_acf_changed":false},"product_brand":[974],"product_cat":[975,328],"product_tag":[],"class_list":{"0":"post-55623","1":"product","2":"type-product","3":"status-publish","4":"has-post-thumbnail","6":"product_brand-mrs-mighetto","7":"product_cat-mrs-mighetto","8":"product_cat-tapeter","9":"pa_matt-kvadratmeter-1-m2","11":"first","12":"outofstock","13":"taxable","14":"shipping-taxable","15":"purchasable","16":"product-type-simple"},"acf":[],"yoast_head":"<!-- This site is optimized with the Yoast SEO Premium plugin v25.8 (Yoast SEO v27.2) - https:\/\/yoast.com\/product\/yoast-seo-premium-wordpress\/ -->\n<title>Mrs Mighetto, tapet Tulips for Belle, Blue - Babylove Norska<\/title>\n<meta name=\"robots\" content=\"noindex, follow, max-snippet:-1, max-image-preview:large, max-video-preview:-1\" \/>\n<meta property=\"og:locale\" content=\"nb_NO\" \/>\n<meta property=\"og:type\" content=\"article\" \/>\n<meta property=\"og:title\" content=\"Mrs Mighetto, tapet Tulips for Belle, Blue\" \/>\n<meta property=\"og:description\" content=\"Unike og eventyrlige tapeter som du m\u00e5ttbestiller etter dine \u00f8nsker. Du kan skape en helt egen eventyrverden som barnet ditt kommer til \u00e5 elske, og samtidig skape en barnerominnredning av sjeldent skuet slag. Like underbar som p\u00e5 fondveggen som p\u00e5 rommets alle vegger! Material: Non-woven papir forsterket med nylonfibre 100% FSC-sertifisert som sikrer at papiret [&hellip;]\" \/>\n<meta property=\"og:url\" content=\"https:\/\/babylove.se\/no\/produkt\/mrs-mighetto-tapet-tulipaner-for-belle-bla\/\" \/>\n<meta property=\"og:site_name\" content=\"Babylove Norska\" \/>\n<meta property=\"article:modified_time\" content=\"2026-04-08T12:52:40+00:00\" \/>\n<meta property=\"og:image\" content=\"https:\/\/babylove.se\/no\/wp-content\/uploads\/sites\/3\/2025\/07\/6538b6f57ab10.jpeg\" \/>\n\t<meta property=\"og:image:width\" content=\"473\" \/>\n\t<meta property=\"og:image:height\" content=\"720\" \/>\n\t<meta property=\"og:image:type\" content=\"image\/jpeg\" \/>\n<meta name=\"twitter:card\" content=\"summary_large_image\" \/>\n<meta name=\"twitter:label1\" content=\"Price\" \/>\n\t<meta name=\"twitter:data1\" content=\"375,00&nbsp;&#107;&#114;\" \/>\n\t<meta name=\"twitter:label2\" content=\"Availability\" \/>\n\t<meta name=\"twitter:data2\" content=\"Out of stock\" \/>\n<script type=\"application\/ld+json\" class=\"yoast-schema-graph\">{\"@context\":\"https:\/\/schema.org\",\"@graph\":[{\"@type\":\"WebPage\",\"@id\":\"https:\/\/babylove.se\/no\/produkt\/mrs-mighetto-tapet-tulipaner-for-belle-bla\/\",\"url\":\"https:\/\/babylove.se\/no\/produkt\/mrs-mighetto-tapet-tulipaner-for-belle-bla\/\",\"name\":\"Mrs Mighetto, tapet Tulips for Belle, Blue - Babylove Norska\",\"isPartOf\":{\"@id\":\"https:\/\/babylove.se\/no\/#website\"},\"primaryImageOfPage\":{\"@id\":\"https:\/\/babylove.se\/no\/produkt\/mrs-mighetto-tapet-tulipaner-for-belle-bla\/#primaryimage\"},\"image\":{\"@id\":\"https:\/\/babylove.se\/no\/produkt\/mrs-mighetto-tapet-tulipaner-for-belle-bla\/#primaryimage\"},\"thumbnailUrl\":\"https:\/\/babylove.se\/no\/wp-content\/uploads\/sites\/3\/2025\/07\/6538b6f57ab10.jpeg\",\"datePublished\":\"2025-07-19T11:36:43+00:00\",\"dateModified\":\"2026-04-08T12:52:40+00:00\",\"breadcrumb\":{\"@id\":\"https:\/\/babylove.se\/no\/produkt\/mrs-mighetto-tapet-tulipaner-for-belle-bla\/#breadcrumb\"},\"inLanguage\":\"nb-NO\",\"potentialAction\":[{\"@type\":\"ReadAction\",\"target\":[\"https:\/\/babylove.se\/no\/produkt\/mrs-mighetto-tapet-tulipaner-for-belle-bla\/\"]}]},{\"@type\":\"ImageObject\",\"inLanguage\":\"nb-NO\",\"@id\":\"https:\/\/babylove.se\/no\/produkt\/mrs-mighetto-tapet-tulipaner-for-belle-bla\/#primaryimage\",\"url\":\"https:\/\/babylove.se\/no\/wp-content\/uploads\/sites\/3\/2025\/07\/6538b6f57ab10.jpeg\",\"contentUrl\":\"https:\/\/babylove.se\/no\/wp-content\/uploads\/sites\/3\/2025\/07\/6538b6f57ab10.jpeg\",\"width\":473,\"height\":720},{\"@type\":\"BreadcrumbList\",\"@id\":\"https:\/\/babylove.se\/no\/produkt\/mrs-mighetto-tapet-tulipaner-for-belle-bla\/#breadcrumb\",\"itemListElement\":[{\"@type\":\"ListItem\",\"position\":1,\"name\":\"Hem\",\"item\":\"https:\/\/babylove.se\/no\/\"},{\"@type\":\"ListItem\",\"position\":2,\"name\":\"Butik\",\"item\":\"https:\/\/babylove.se\/no\/butik\/\"},{\"@type\":\"ListItem\",\"position\":3,\"name\":\"Mrs Mighetto, tapet Tulips for Belle, Blue\"}]},{\"@type\":\"WebSite\",\"@id\":\"https:\/\/babylove.se\/no\/#website\",\"url\":\"https:\/\/babylove.se\/no\/\",\"name\":\"Babylove Norska\",\"description\":\"\",\"potentialAction\":[{\"@type\":\"SearchAction\",\"target\":{\"@type\":\"EntryPoint\",\"urlTemplate\":\"https:\/\/babylove.se\/no\/?s={search_term_string}\"},\"query-input\":{\"@type\":\"PropertyValueSpecification\",\"valueRequired\":true,\"valueName\":\"search_term_string\"}}],\"inLanguage\":\"nb-NO\"}]}<\/script>\n<meta property=\"product:brand\" content=\"Mrs Mighetto\" \/>\n<meta property=\"product:price:amount\" content=\"375.00\" \/>\n<meta property=\"product:price:currency\" content=\"SEK\" \/>\n<meta property=\"og:availability\" content=\"out of stock\" \/>\n<meta property=\"product:availability\" content=\"out of stock\" \/>\n<meta property=\"product:retailer_item_id\" content=\"MM-2103\" \/>\n<meta property=\"product:condition\" content=\"new\" \/>\n<!-- \/ Yoast SEO Premium plugin. -->","yoast_head_json":{"title":"Mrs Mighetto, tapet Tulips for Belle, Blue - Babylove Norska","robots":{"index":"noindex","follow":"follow","max-snippet":"max-snippet:-1","max-image-preview":"max-image-preview:large","max-video-preview":"max-video-preview:-1"},"og_locale":"nb_NO","og_type":"article","og_title":"Mrs Mighetto, tapet Tulips for Belle, Blue","og_description":"Unike og eventyrlige tapeter som du m\u00e5ttbestiller etter dine \u00f8nsker. Du kan skape en helt egen eventyrverden som barnet ditt kommer til \u00e5 elske, og samtidig skape en barnerominnredning av sjeldent skuet slag. Like underbar som p\u00e5 fondveggen som p\u00e5 rommets alle vegger! Material: Non-woven papir forsterket med nylonfibre 100% FSC-sertifisert som sikrer at papiret [&hellip;]","og_url":"https:\/\/babylove.se\/no\/produkt\/mrs-mighetto-tapet-tulipaner-for-belle-bla\/","og_site_name":"Babylove Norska","article_modified_time":"2026-04-08T12:52:40+00:00","og_image":[{"width":473,"height":720,"url":"https:\/\/babylove.se\/no\/wp-content\/uploads\/sites\/3\/2025\/07\/6538b6f57ab10.jpeg","type":"image\/jpeg"}],"twitter_card":"summary_large_image","twitter_misc":{"Price":"375,00&nbsp;&#107;&#114;","Availability":"Out of stock"},"schema":{"@context":"https:\/\/schema.org","@graph":[{"@type":"WebPage","@id":"https:\/\/babylove.se\/no\/produkt\/mrs-mighetto-tapet-tulipaner-for-belle-bla\/","url":"https:\/\/babylove.se\/no\/produkt\/mrs-mighetto-tapet-tulipaner-for-belle-bla\/","name":"Mrs Mighetto, tapet Tulips for Belle, Blue - Babylove Norska","isPartOf":{"@id":"https:\/\/babylove.se\/no\/#website"},"primaryImageOfPage":{"@id":"https:\/\/babylove.se\/no\/produkt\/mrs-mighetto-tapet-tulipaner-for-belle-bla\/#primaryimage"},"image":{"@id":"https:\/\/babylove.se\/no\/produkt\/mrs-mighetto-tapet-tulipaner-for-belle-bla\/#primaryimage"},"thumbnailUrl":"https:\/\/babylove.se\/no\/wp-content\/uploads\/sites\/3\/2025\/07\/6538b6f57ab10.jpeg","datePublished":"2025-07-19T11:36:43+00:00","dateModified":"2026-04-08T12:52:40+00:00","breadcrumb":{"@id":"https:\/\/babylove.se\/no\/produkt\/mrs-mighetto-tapet-tulipaner-for-belle-bla\/#breadcrumb"},"inLanguage":"nb-NO","potentialAction":[{"@type":"ReadAction","target":["https:\/\/babylove.se\/no\/produkt\/mrs-mighetto-tapet-tulipaner-for-belle-bla\/"]}]},{"@type":"ImageObject","inLanguage":"nb-NO","@id":"https:\/\/babylove.se\/no\/produkt\/mrs-mighetto-tapet-tulipaner-for-belle-bla\/#primaryimage","url":"https:\/\/babylove.se\/no\/wp-content\/uploads\/sites\/3\/2025\/07\/6538b6f57ab10.jpeg","contentUrl":"https:\/\/babylove.se\/no\/wp-content\/uploads\/sites\/3\/2025\/07\/6538b6f57ab10.jpeg","width":473,"height":720},{"@type":"BreadcrumbList","@id":"https:\/\/babylove.se\/no\/produkt\/mrs-mighetto-tapet-tulipaner-for-belle-bla\/#breadcrumb","itemListElement":[{"@type":"ListItem","position":1,"name":"Hem","item":"https:\/\/babylove.se\/no\/"},{"@type":"ListItem","position":2,"name":"Butik","item":"https:\/\/babylove.se\/no\/butik\/"},{"@type":"ListItem","position":3,"name":"Mrs Mighetto, tapet Tulips for Belle, Blue"}]},{"@type":"WebSite","@id":"https:\/\/babylove.se\/no\/#website","url":"https:\/\/babylove.se\/no\/","name":"Babylove Norska","description":"","potentialAction":[{"@type":"SearchAction","target":{"@type":"EntryPoint","urlTemplate":"https:\/\/babylove.se\/no\/?s={search_term_string}"},"query-input":{"@type":"PropertyValueSpecification","valueRequired":true,"valueName":"search_term_string"}}],"inLanguage":"nb-NO"}]},"product_brand":"Mrs Mighetto","product_price_amount":"375.00","product_price_currency":"SEK","og_availability":"out of stock","product_availability":"out of stock","product_retailer_item_id":"MM-2103","product_condition":"new"},"_links":{"self":[{"href":"https:\/\/babylove.se\/no\/wp-json\/wp\/v2\/product\/55623","targetHints":{"allow":["GET"]}}],"collection":[{"href":"https:\/\/babylove.se\/no\/wp-json\/wp\/v2\/product"}],"about":[{"href":"https:\/\/babylove.se\/no\/wp-json\/wp\/v2\/types\/product"}],"replies":[{"embeddable":true,"href":"https:\/\/babylove.se\/no\/wp-json\/wp\/v2\/comments?post=55623"}],"wp:featuredmedia":[{"embeddable":true,"href":"https:\/\/babylove.se\/no\/wp-json\/wp\/v2\/media\/55625"}],"wp:attachment":[{"href":"https:\/\/babylove.se\/no\/wp-json\/wp\/v2\/media?parent=55623"}],"wp:term":[{"taxonomy":"product_brand","embeddable":true,"href":"https:\/\/babylove.se\/no\/wp-json\/wp\/v2\/product_brand?post=55623"},{"taxonomy":"product_cat","embeddable":true,"href":"https:\/\/babylove.se\/no\/wp-json\/wp\/v2\/product_cat?post=55623"},{"taxonomy":"product_tag","embeddable":true,"href":"https:\/\/babylove.se\/no\/wp-json\/wp\/v2\/product_tag?post=55623"}],"curies":[{"name":"wp","href":"https:\/\/api.w.org\/{rel}","templated":true}]}}