{"id":5566,"date":"2025-07-18T20:30:06","date_gmt":"2025-07-18T19:30:06","guid":{"rendered":"https:\/\/babylove.se\/produkt\/elodie-details-lekmatta-flowing-lines\/"},"modified":"2026-04-08T08:19:18","modified_gmt":"2026-04-08T07:19:18","slug":"elodie-details-lekematte-flowing-lines","status":"publish","type":"product","link":"https:\/\/babylove.se\/no\/produkt\/elodie-details-lekematte-flowing-lines\/","title":{"rendered":"Elodie Details, Lekematte &#8211; Flowing Lines"},"content":{"rendered":"<p><strong>Elodie Details, Lekematte &#8211; Flowing Lines<\/strong><strong>&#8211; sendes innen 24 timer ! <\/strong><\/p>\n<p>En fantastisk lekematte laget i myk \u00d6KO-Tex-sertifisert bomull, som garantert er fri for skadelige kjemikalier. Denne fine lekematten har en lett skumfylling som gj\u00f8r at den b\u00e5de beskytter og demper, alt for ditt barns komfort. Lekematten er anbefalt for nyf\u00f8dte og oppover, den passer barn i alle aldre. I tillegg er den m\u00f8nstret og har fine dekorative frynser, noe som gj\u00f8r at den passer godt til innredningen din b\u00e5de p\u00e5 barnerommet og i \u00f8vrige deler av hjemmet ditt. Elodie Details har tenkt p\u00e5 alle detaljene.<\/p>\n<p><strong>Materiale<\/strong>: 100% \u00d6KO-Tex bomull. <\/p>\n<p><strong>M\u00e5l<\/strong>: Diameter 120cm. <\/p>\n<p>Kan vaskes i maskin opp til 40 grader.<\/p>\n","protected":false},"excerpt":{"rendered":"<p>Elodie Details, Lekematte &#8211; Flowing Lines&#8211; sendes innen 24 timer ! En fantastisk lekematte laget i myk \u00d6KO-Tex-sertifisert bomull, som garantert er fri for skadelige kjemikalier. Denne fine lekematten har en lett skumfylling som gj\u00f8r at den b\u00e5de beskytter og demper, alt for ditt barns komfort. Lekematten er anbefalt for nyf\u00f8dte og oppover, den passer [&hellip;]<\/p>\n","protected":false},"featured_media":5568,"comment_status":"closed","ping_status":"open","template":"","meta":{"_acf_changed":false},"product_brand":[174],"product_cat":[175,26,25,52,48,135],"product_tag":[],"class_list":{"0":"post-5566","1":"product","2":"type-product","3":"status-publish","4":"has-post-thumbnail","6":"product_brand-elodie-details","7":"product_cat-elodie-details","8":"product_cat-kjop-produkter-som-ikke-bare-er-for-gutter","9":"product_cat-ikke-bare-jenter","10":"product_cat-lekematter","11":"product_cat-startside","12":"product_cat-tepper","14":"first","15":"outofstock","16":"taxable","17":"shipping-taxable","18":"purchasable","19":"product-type-simple"},"acf":[],"yoast_head":"<!-- This site is optimized with the Yoast SEO Premium plugin v25.8 (Yoast SEO v27.2) - https:\/\/yoast.com\/product\/yoast-seo-premium-wordpress\/ -->\n<title>Elodie Details, Lekematte - Flowing Lines - Babylove Norska<\/title>\n<meta name=\"robots\" content=\"noindex, follow, max-snippet:-1, max-image-preview:large, max-video-preview:-1\" \/>\n<meta property=\"og:locale\" content=\"nb_NO\" \/>\n<meta property=\"og:type\" content=\"article\" \/>\n<meta property=\"og:title\" content=\"Elodie Details, Lekematte - Flowing Lines\" \/>\n<meta property=\"og:description\" content=\"Elodie Details, Lekematte &#8211; Flowing Lines&#8211; sendes innen 24 timer ! En fantastisk lekematte laget i myk \u00d6KO-Tex-sertifisert bomull, som garantert er fri for skadelige kjemikalier. Denne fine lekematten har en lett skumfylling som gj\u00f8r at den b\u00e5de beskytter og demper, alt for ditt barns komfort. Lekematten er anbefalt for nyf\u00f8dte og oppover, den passer [&hellip;]\" \/>\n<meta property=\"og:url\" content=\"https:\/\/babylove.se\/no\/produkt\/elodie-details-lekematte-flowing-lines\/\" \/>\n<meta property=\"og:site_name\" content=\"Babylove Norska\" \/>\n<meta property=\"article:modified_time\" content=\"2026-04-08T07:19:18+00:00\" \/>\n<meta property=\"og:image\" content=\"https:\/\/babylove.se\/no\/wp-content\/uploads\/sites\/3\/2025\/07\/5a685b149974c.jpeg\" \/>\n\t<meta property=\"og:image:width\" content=\"750\" \/>\n\t<meta property=\"og:image:height\" content=\"750\" \/>\n\t<meta property=\"og:image:type\" content=\"image\/jpeg\" \/>\n<meta name=\"twitter:card\" content=\"summary_large_image\" \/>\n<meta name=\"twitter:label1\" content=\"Price\" \/>\n\t<meta name=\"twitter:data1\" content=\"1 249,00&nbsp;&#107;&#114;\" \/>\n\t<meta name=\"twitter:label2\" content=\"Availability\" \/>\n\t<meta name=\"twitter:data2\" content=\"Out of stock\" \/>\n<script type=\"application\/ld+json\" class=\"yoast-schema-graph\">{\"@context\":\"https:\/\/schema.org\",\"@graph\":[{\"@type\":\"WebPage\",\"@id\":\"https:\/\/babylove.se\/no\/produkt\/elodie-details-lekematte-flowing-lines\/\",\"url\":\"https:\/\/babylove.se\/no\/produkt\/elodie-details-lekematte-flowing-lines\/\",\"name\":\"Elodie Details, Lekematte - Flowing Lines - Babylove Norska\",\"isPartOf\":{\"@id\":\"https:\/\/babylove.se\/no\/#website\"},\"primaryImageOfPage\":{\"@id\":\"https:\/\/babylove.se\/no\/produkt\/elodie-details-lekematte-flowing-lines\/#primaryimage\"},\"image\":{\"@id\":\"https:\/\/babylove.se\/no\/produkt\/elodie-details-lekematte-flowing-lines\/#primaryimage\"},\"thumbnailUrl\":\"https:\/\/babylove.se\/no\/wp-content\/uploads\/sites\/3\/2025\/07\/5a685b149974c.jpeg\",\"datePublished\":\"2025-07-18T19:30:06+00:00\",\"dateModified\":\"2026-04-08T07:19:18+00:00\",\"breadcrumb\":{\"@id\":\"https:\/\/babylove.se\/no\/produkt\/elodie-details-lekematte-flowing-lines\/#breadcrumb\"},\"inLanguage\":\"nb-NO\",\"potentialAction\":[{\"@type\":\"ReadAction\",\"target\":[\"https:\/\/babylove.se\/no\/produkt\/elodie-details-lekematte-flowing-lines\/\"]}]},{\"@type\":\"ImageObject\",\"inLanguage\":\"nb-NO\",\"@id\":\"https:\/\/babylove.se\/no\/produkt\/elodie-details-lekematte-flowing-lines\/#primaryimage\",\"url\":\"https:\/\/babylove.se\/no\/wp-content\/uploads\/sites\/3\/2025\/07\/5a685b149974c.jpeg\",\"contentUrl\":\"https:\/\/babylove.se\/no\/wp-content\/uploads\/sites\/3\/2025\/07\/5a685b149974c.jpeg\",\"width\":750,\"height\":750},{\"@type\":\"BreadcrumbList\",\"@id\":\"https:\/\/babylove.se\/no\/produkt\/elodie-details-lekematte-flowing-lines\/#breadcrumb\",\"itemListElement\":[{\"@type\":\"ListItem\",\"position\":1,\"name\":\"Hem\",\"item\":\"https:\/\/babylove.se\/no\/\"},{\"@type\":\"ListItem\",\"position\":2,\"name\":\"Butik\",\"item\":\"https:\/\/babylove.se\/no\/butik\/\"},{\"@type\":\"ListItem\",\"position\":3,\"name\":\"Elodie Details, Lekematte &#8211; Flowing Lines\"}]},{\"@type\":\"WebSite\",\"@id\":\"https:\/\/babylove.se\/no\/#website\",\"url\":\"https:\/\/babylove.se\/no\/\",\"name\":\"Babylove Norska\",\"description\":\"\",\"potentialAction\":[{\"@type\":\"SearchAction\",\"target\":{\"@type\":\"EntryPoint\",\"urlTemplate\":\"https:\/\/babylove.se\/no\/?s={search_term_string}\"},\"query-input\":{\"@type\":\"PropertyValueSpecification\",\"valueRequired\":true,\"valueName\":\"search_term_string\"}}],\"inLanguage\":\"nb-NO\"}]}<\/script>\n<meta property=\"product:brand\" content=\"Elodie Details\" \/>\n<meta property=\"product:price:amount\" content=\"1249.00\" \/>\n<meta property=\"product:price:currency\" content=\"SEK\" \/>\n<meta property=\"og:availability\" content=\"out of stock\" \/>\n<meta property=\"product:availability\" content=\"out of stock\" \/>\n<meta property=\"product:retailer_item_id\" content=\"1712\" \/>\n<meta property=\"product:condition\" content=\"new\" \/>\n<!-- \/ Yoast SEO Premium plugin. -->","yoast_head_json":{"title":"Elodie Details, Lekematte - Flowing Lines - Babylove Norska","robots":{"index":"noindex","follow":"follow","max-snippet":"max-snippet:-1","max-image-preview":"max-image-preview:large","max-video-preview":"max-video-preview:-1"},"og_locale":"nb_NO","og_type":"article","og_title":"Elodie Details, Lekematte - Flowing Lines","og_description":"Elodie Details, Lekematte &#8211; Flowing Lines&#8211; sendes innen 24 timer ! En fantastisk lekematte laget i myk \u00d6KO-Tex-sertifisert bomull, som garantert er fri for skadelige kjemikalier. Denne fine lekematten har en lett skumfylling som gj\u00f8r at den b\u00e5de beskytter og demper, alt for ditt barns komfort. Lekematten er anbefalt for nyf\u00f8dte og oppover, den passer [&hellip;]","og_url":"https:\/\/babylove.se\/no\/produkt\/elodie-details-lekematte-flowing-lines\/","og_site_name":"Babylove Norska","article_modified_time":"2026-04-08T07:19:18+00:00","og_image":[{"width":750,"height":750,"url":"https:\/\/babylove.se\/no\/wp-content\/uploads\/sites\/3\/2025\/07\/5a685b149974c.jpeg","type":"image\/jpeg"}],"twitter_card":"summary_large_image","twitter_misc":{"Price":"1 249,00&nbsp;&#107;&#114;","Availability":"Out of stock"},"schema":{"@context":"https:\/\/schema.org","@graph":[{"@type":"WebPage","@id":"https:\/\/babylove.se\/no\/produkt\/elodie-details-lekematte-flowing-lines\/","url":"https:\/\/babylove.se\/no\/produkt\/elodie-details-lekematte-flowing-lines\/","name":"Elodie Details, Lekematte - Flowing Lines - Babylove Norska","isPartOf":{"@id":"https:\/\/babylove.se\/no\/#website"},"primaryImageOfPage":{"@id":"https:\/\/babylove.se\/no\/produkt\/elodie-details-lekematte-flowing-lines\/#primaryimage"},"image":{"@id":"https:\/\/babylove.se\/no\/produkt\/elodie-details-lekematte-flowing-lines\/#primaryimage"},"thumbnailUrl":"https:\/\/babylove.se\/no\/wp-content\/uploads\/sites\/3\/2025\/07\/5a685b149974c.jpeg","datePublished":"2025-07-18T19:30:06+00:00","dateModified":"2026-04-08T07:19:18+00:00","breadcrumb":{"@id":"https:\/\/babylove.se\/no\/produkt\/elodie-details-lekematte-flowing-lines\/#breadcrumb"},"inLanguage":"nb-NO","potentialAction":[{"@type":"ReadAction","target":["https:\/\/babylove.se\/no\/produkt\/elodie-details-lekematte-flowing-lines\/"]}]},{"@type":"ImageObject","inLanguage":"nb-NO","@id":"https:\/\/babylove.se\/no\/produkt\/elodie-details-lekematte-flowing-lines\/#primaryimage","url":"https:\/\/babylove.se\/no\/wp-content\/uploads\/sites\/3\/2025\/07\/5a685b149974c.jpeg","contentUrl":"https:\/\/babylove.se\/no\/wp-content\/uploads\/sites\/3\/2025\/07\/5a685b149974c.jpeg","width":750,"height":750},{"@type":"BreadcrumbList","@id":"https:\/\/babylove.se\/no\/produkt\/elodie-details-lekematte-flowing-lines\/#breadcrumb","itemListElement":[{"@type":"ListItem","position":1,"name":"Hem","item":"https:\/\/babylove.se\/no\/"},{"@type":"ListItem","position":2,"name":"Butik","item":"https:\/\/babylove.se\/no\/butik\/"},{"@type":"ListItem","position":3,"name":"Elodie Details, Lekematte &#8211; Flowing Lines"}]},{"@type":"WebSite","@id":"https:\/\/babylove.se\/no\/#website","url":"https:\/\/babylove.se\/no\/","name":"Babylove Norska","description":"","potentialAction":[{"@type":"SearchAction","target":{"@type":"EntryPoint","urlTemplate":"https:\/\/babylove.se\/no\/?s={search_term_string}"},"query-input":{"@type":"PropertyValueSpecification","valueRequired":true,"valueName":"search_term_string"}}],"inLanguage":"nb-NO"}]},"product_brand":"Elodie Details","product_price_amount":"1249.00","product_price_currency":"SEK","og_availability":"out of stock","product_availability":"out of stock","product_retailer_item_id":"1712","product_condition":"new"},"_links":{"self":[{"href":"https:\/\/babylove.se\/no\/wp-json\/wp\/v2\/product\/5566","targetHints":{"allow":["GET"]}}],"collection":[{"href":"https:\/\/babylove.se\/no\/wp-json\/wp\/v2\/product"}],"about":[{"href":"https:\/\/babylove.se\/no\/wp-json\/wp\/v2\/types\/product"}],"replies":[{"embeddable":true,"href":"https:\/\/babylove.se\/no\/wp-json\/wp\/v2\/comments?post=5566"}],"wp:featuredmedia":[{"embeddable":true,"href":"https:\/\/babylove.se\/no\/wp-json\/wp\/v2\/media\/5568"}],"wp:attachment":[{"href":"https:\/\/babylove.se\/no\/wp-json\/wp\/v2\/media?parent=5566"}],"wp:term":[{"taxonomy":"product_brand","embeddable":true,"href":"https:\/\/babylove.se\/no\/wp-json\/wp\/v2\/product_brand?post=5566"},{"taxonomy":"product_cat","embeddable":true,"href":"https:\/\/babylove.se\/no\/wp-json\/wp\/v2\/product_cat?post=5566"},{"taxonomy":"product_tag","embeddable":true,"href":"https:\/\/babylove.se\/no\/wp-json\/wp\/v2\/product_tag?post=5566"}],"curies":[{"name":"wp","href":"https:\/\/api.w.org\/{rel}","templated":true}]}}