{"id":55664,"date":"2025-07-19T12:37:06","date_gmt":"2025-07-19T11:37:06","guid":{"rendered":"https:\/\/babylove.se\/produkt\/aktivitetstavla-bradspel\/"},"modified":"2026-04-08T13:53:00","modified_gmt":"2026-04-08T12:53:00","slug":"aktivitetstavle-brettspill","status":"publish","type":"product","link":"https:\/\/babylove.se\/no\/produkt\/aktivitetstavle-brettspill\/","title":{"rendered":"Aktivitetstavle brettspill"},"content":{"rendered":"<p>Denne morsomme aktivitetsttavlen er det perfekte lekeutstyret for sm\u00e5barn!<\/p>\n<p>Barnet ditt kan blant annet snurre p\u00e5 vingene p\u00e5 en v\u00e6rm\u00f8lle, knyte skolisser eller leke med et timeglass.<\/p>\n<p>Meget popul\u00e6r bursdagsgave eller d\u00e5psgave!&nbsp;<\/p>\n<p><strong>M\u00e5l<\/strong>: 30 x 22 x 5 cm<\/p>\n<p><strong>Materiale<\/strong>: Tre<\/p>\n","protected":false},"excerpt":{"rendered":"<p>Denne morsomme aktivitetsttavlen er det perfekte lekeutstyret for sm\u00e5barn! Barnet ditt kan blant annet snurre p\u00e5 vingene p\u00e5 en v\u00e6rm\u00f8lle, knyte skolisser eller leke med et timeglass. Meget popul\u00e6r bursdagsgave eller d\u00e5psgave!&nbsp; M\u00e5l: 30 x 22 x 5 cm Materiale: Tre<\/p>\n","protected":false},"featured_media":55666,"comment_status":"closed","ping_status":"open","template":"","meta":{"_acf_changed":false},"product_brand":[972],"product_cat":[973,112],"product_tag":[],"class_list":{"0":"post-55664","1":"product","2":"type-product","3":"status-publish","4":"has-post-thumbnail","6":"product_brand-atmosphera","7":"product_cat-atmosphera","8":"product_cat-treleker","10":"first","11":"instock","12":"taxable","13":"shipping-taxable","14":"purchasable","15":"product-type-simple"},"acf":[],"yoast_head":"<!-- This site is optimized with the Yoast SEO Premium plugin v25.8 (Yoast SEO v27.2) - https:\/\/yoast.com\/product\/yoast-seo-premium-wordpress\/ -->\n<title>Aktivitetstavle brettspill - Babylove Norska<\/title>\n<meta name=\"robots\" content=\"noindex, follow, max-snippet:-1, max-image-preview:large, max-video-preview:-1\" \/>\n<meta property=\"og:locale\" content=\"nb_NO\" \/>\n<meta property=\"og:type\" content=\"article\" \/>\n<meta property=\"og:title\" content=\"Aktivitetstavle brettspill\" \/>\n<meta property=\"og:description\" content=\"Denne morsomme aktivitetsttavlen er det perfekte lekeutstyret for sm\u00e5barn! Barnet ditt kan blant annet snurre p\u00e5 vingene p\u00e5 en v\u00e6rm\u00f8lle, knyte skolisser eller leke med et timeglass. Meget popul\u00e6r bursdagsgave eller d\u00e5psgave!&nbsp; M\u00e5l: 30 x 22 x 5 cm Materiale: Tre\" \/>\n<meta property=\"og:url\" content=\"https:\/\/babylove.se\/no\/produkt\/aktivitetstavle-brettspill\/\" \/>\n<meta property=\"og:site_name\" content=\"Babylove Norska\" \/>\n<meta property=\"article:modified_time\" content=\"2026-04-08T12:53:00+00:00\" \/>\n<meta property=\"og:image\" content=\"https:\/\/babylove.se\/no\/wp-content\/uploads\/sites\/3\/2025\/07\/6548992550d46.jpeg\" \/>\n\t<meta property=\"og:image:width\" content=\"864\" \/>\n\t<meta property=\"og:image:height\" content=\"864\" \/>\n\t<meta property=\"og:image:type\" content=\"image\/jpeg\" \/>\n<meta name=\"twitter:card\" content=\"summary_large_image\" \/>\n<meta name=\"twitter:label1\" content=\"Price\" \/>\n\t<meta name=\"twitter:data1\" content=\"399,00&nbsp;&#107;&#114;\" \/>\n\t<meta name=\"twitter:label2\" content=\"Availability\" \/>\n\t<meta name=\"twitter:data2\" content=\"In stock\" \/>\n<script type=\"application\/ld+json\" class=\"yoast-schema-graph\">{\"@context\":\"https:\/\/schema.org\",\"@graph\":[{\"@type\":\"WebPage\",\"@id\":\"https:\/\/babylove.se\/no\/produkt\/aktivitetstavle-brettspill\/\",\"url\":\"https:\/\/babylove.se\/no\/produkt\/aktivitetstavle-brettspill\/\",\"name\":\"Aktivitetstavle brettspill - Babylove Norska\",\"isPartOf\":{\"@id\":\"https:\/\/babylove.se\/no\/#website\"},\"primaryImageOfPage\":{\"@id\":\"https:\/\/babylove.se\/no\/produkt\/aktivitetstavle-brettspill\/#primaryimage\"},\"image\":{\"@id\":\"https:\/\/babylove.se\/no\/produkt\/aktivitetstavle-brettspill\/#primaryimage\"},\"thumbnailUrl\":\"https:\/\/babylove.se\/no\/wp-content\/uploads\/sites\/3\/2025\/07\/6548992550d46.jpeg\",\"datePublished\":\"2025-07-19T11:37:06+00:00\",\"dateModified\":\"2026-04-08T12:53:00+00:00\",\"breadcrumb\":{\"@id\":\"https:\/\/babylove.se\/no\/produkt\/aktivitetstavle-brettspill\/#breadcrumb\"},\"inLanguage\":\"nb-NO\",\"potentialAction\":[{\"@type\":\"ReadAction\",\"target\":[\"https:\/\/babylove.se\/no\/produkt\/aktivitetstavle-brettspill\/\"]}]},{\"@type\":\"ImageObject\",\"inLanguage\":\"nb-NO\",\"@id\":\"https:\/\/babylove.se\/no\/produkt\/aktivitetstavle-brettspill\/#primaryimage\",\"url\":\"https:\/\/babylove.se\/no\/wp-content\/uploads\/sites\/3\/2025\/07\/6548992550d46.jpeg\",\"contentUrl\":\"https:\/\/babylove.se\/no\/wp-content\/uploads\/sites\/3\/2025\/07\/6548992550d46.jpeg\",\"width\":864,\"height\":864},{\"@type\":\"BreadcrumbList\",\"@id\":\"https:\/\/babylove.se\/no\/produkt\/aktivitetstavle-brettspill\/#breadcrumb\",\"itemListElement\":[{\"@type\":\"ListItem\",\"position\":1,\"name\":\"Hem\",\"item\":\"https:\/\/babylove.se\/no\/\"},{\"@type\":\"ListItem\",\"position\":2,\"name\":\"Butik\",\"item\":\"https:\/\/babylove.se\/no\/butik\/\"},{\"@type\":\"ListItem\",\"position\":3,\"name\":\"Aktivitetstavle brettspill\"}]},{\"@type\":\"WebSite\",\"@id\":\"https:\/\/babylove.se\/no\/#website\",\"url\":\"https:\/\/babylove.se\/no\/\",\"name\":\"Babylove Norska\",\"description\":\"\",\"potentialAction\":[{\"@type\":\"SearchAction\",\"target\":{\"@type\":\"EntryPoint\",\"urlTemplate\":\"https:\/\/babylove.se\/no\/?s={search_term_string}\"},\"query-input\":{\"@type\":\"PropertyValueSpecification\",\"valueRequired\":true,\"valueName\":\"search_term_string\"}}],\"inLanguage\":\"nb-NO\"}]}<\/script>\n<meta property=\"product:brand\" content=\"Atmosphera\" \/>\n<meta property=\"product:price:amount\" content=\"399.00\" \/>\n<meta property=\"product:price:currency\" content=\"SEK\" \/>\n<meta property=\"og:availability\" content=\"instock\" \/>\n<meta property=\"product:availability\" content=\"instock\" \/>\n<meta property=\"product:retailer_item_id\" content=\"195847\" \/>\n<meta property=\"product:condition\" content=\"new\" \/>\n<!-- \/ Yoast SEO Premium plugin. -->","yoast_head_json":{"title":"Aktivitetstavle brettspill - Babylove Norska","robots":{"index":"noindex","follow":"follow","max-snippet":"max-snippet:-1","max-image-preview":"max-image-preview:large","max-video-preview":"max-video-preview:-1"},"og_locale":"nb_NO","og_type":"article","og_title":"Aktivitetstavle brettspill","og_description":"Denne morsomme aktivitetsttavlen er det perfekte lekeutstyret for sm\u00e5barn! Barnet ditt kan blant annet snurre p\u00e5 vingene p\u00e5 en v\u00e6rm\u00f8lle, knyte skolisser eller leke med et timeglass. Meget popul\u00e6r bursdagsgave eller d\u00e5psgave!&nbsp; M\u00e5l: 30 x 22 x 5 cm Materiale: Tre","og_url":"https:\/\/babylove.se\/no\/produkt\/aktivitetstavle-brettspill\/","og_site_name":"Babylove Norska","article_modified_time":"2026-04-08T12:53:00+00:00","og_image":[{"width":864,"height":864,"url":"https:\/\/babylove.se\/no\/wp-content\/uploads\/sites\/3\/2025\/07\/6548992550d46.jpeg","type":"image\/jpeg"}],"twitter_card":"summary_large_image","twitter_misc":{"Price":"399,00&nbsp;&#107;&#114;","Availability":"In stock"},"schema":{"@context":"https:\/\/schema.org","@graph":[{"@type":"WebPage","@id":"https:\/\/babylove.se\/no\/produkt\/aktivitetstavle-brettspill\/","url":"https:\/\/babylove.se\/no\/produkt\/aktivitetstavle-brettspill\/","name":"Aktivitetstavle brettspill - Babylove Norska","isPartOf":{"@id":"https:\/\/babylove.se\/no\/#website"},"primaryImageOfPage":{"@id":"https:\/\/babylove.se\/no\/produkt\/aktivitetstavle-brettspill\/#primaryimage"},"image":{"@id":"https:\/\/babylove.se\/no\/produkt\/aktivitetstavle-brettspill\/#primaryimage"},"thumbnailUrl":"https:\/\/babylove.se\/no\/wp-content\/uploads\/sites\/3\/2025\/07\/6548992550d46.jpeg","datePublished":"2025-07-19T11:37:06+00:00","dateModified":"2026-04-08T12:53:00+00:00","breadcrumb":{"@id":"https:\/\/babylove.se\/no\/produkt\/aktivitetstavle-brettspill\/#breadcrumb"},"inLanguage":"nb-NO","potentialAction":[{"@type":"ReadAction","target":["https:\/\/babylove.se\/no\/produkt\/aktivitetstavle-brettspill\/"]}]},{"@type":"ImageObject","inLanguage":"nb-NO","@id":"https:\/\/babylove.se\/no\/produkt\/aktivitetstavle-brettspill\/#primaryimage","url":"https:\/\/babylove.se\/no\/wp-content\/uploads\/sites\/3\/2025\/07\/6548992550d46.jpeg","contentUrl":"https:\/\/babylove.se\/no\/wp-content\/uploads\/sites\/3\/2025\/07\/6548992550d46.jpeg","width":864,"height":864},{"@type":"BreadcrumbList","@id":"https:\/\/babylove.se\/no\/produkt\/aktivitetstavle-brettspill\/#breadcrumb","itemListElement":[{"@type":"ListItem","position":1,"name":"Hem","item":"https:\/\/babylove.se\/no\/"},{"@type":"ListItem","position":2,"name":"Butik","item":"https:\/\/babylove.se\/no\/butik\/"},{"@type":"ListItem","position":3,"name":"Aktivitetstavle brettspill"}]},{"@type":"WebSite","@id":"https:\/\/babylove.se\/no\/#website","url":"https:\/\/babylove.se\/no\/","name":"Babylove Norska","description":"","potentialAction":[{"@type":"SearchAction","target":{"@type":"EntryPoint","urlTemplate":"https:\/\/babylove.se\/no\/?s={search_term_string}"},"query-input":{"@type":"PropertyValueSpecification","valueRequired":true,"valueName":"search_term_string"}}],"inLanguage":"nb-NO"}]},"product_brand":"Atmosphera","product_price_amount":"399.00","product_price_currency":"SEK","og_availability":"instock","product_availability":"instock","product_retailer_item_id":"195847","product_condition":"new"},"_links":{"self":[{"href":"https:\/\/babylove.se\/no\/wp-json\/wp\/v2\/product\/55664","targetHints":{"allow":["GET"]}}],"collection":[{"href":"https:\/\/babylove.se\/no\/wp-json\/wp\/v2\/product"}],"about":[{"href":"https:\/\/babylove.se\/no\/wp-json\/wp\/v2\/types\/product"}],"replies":[{"embeddable":true,"href":"https:\/\/babylove.se\/no\/wp-json\/wp\/v2\/comments?post=55664"}],"wp:featuredmedia":[{"embeddable":true,"href":"https:\/\/babylove.se\/no\/wp-json\/wp\/v2\/media\/55666"}],"wp:attachment":[{"href":"https:\/\/babylove.se\/no\/wp-json\/wp\/v2\/media?parent=55664"}],"wp:term":[{"taxonomy":"product_brand","embeddable":true,"href":"https:\/\/babylove.se\/no\/wp-json\/wp\/v2\/product_brand?post=55664"},{"taxonomy":"product_cat","embeddable":true,"href":"https:\/\/babylove.se\/no\/wp-json\/wp\/v2\/product_cat?post=55664"},{"taxonomy":"product_tag","embeddable":true,"href":"https:\/\/babylove.se\/no\/wp-json\/wp\/v2\/product_tag?post=55664"}],"curies":[{"name":"wp","href":"https:\/\/api.w.org\/{rel}","templated":true}]}}