{"id":55731,"date":"2025-07-19T12:37:52","date_gmt":"2025-07-19T11:37:52","guid":{"rendered":"https:\/\/babylove.se\/produkt\/vaggdekoration-natur-kolibri\/"},"modified":"2026-04-08T13:53:41","modified_gmt":"2026-04-08T12:53:41","slug":"veggdekorasjon-natur-kolibri","status":"publish","type":"product","link":"https:\/\/babylove.se\/no\/produkt\/veggdekorasjon-natur-kolibri\/","title":{"rendered":"Veggdekorasjon natur kolibri"},"content":{"rendered":"<p>Superfin veggdekorasjon i form av en naturlig kolibrifugl! <\/p>\n<p>Laget av deilig stoff gj\u00f8r at denne kolibrien er veldig myk og koselig \u00e5 kjenne p\u00e5 samtidig som det er en fantastisk vakker dekorasjon til barnerommet. <\/p>\n<p>Produktet er forberedt for \u00e5 henge opp p\u00e5 veggen med p\u00e5sydde hengere. Bare fest en limt krok p\u00e5 veggen og s\u00e5 setter du den dit. <\/p>\n<p><strong>M\u00e5l<\/strong>: 40 \u00d7 30 \u00d7 30 cm <\/p>\n<p><strong>Materiale<\/strong>: 100% lin <\/p>\n<p>Designer: <a href=\"https:\/\/babylove.se\/varumarken\/love-me-decoration\">Love me decoration<\/a><\/p>\n","protected":false},"excerpt":{"rendered":"<p>Superfin veggdekorasjon i form av en naturlig kolibrifugl! Laget av deilig stoff gj\u00f8r at denne kolibrien er veldig myk og koselig \u00e5 kjenne p\u00e5 samtidig som det er en fantastisk vakker dekorasjon til barnerommet. Produktet er forberedt for \u00e5 henge opp p\u00e5 veggen med p\u00e5sydde hengere. Bare fest en limt krok p\u00e5 veggen og s\u00e5 [&hellip;]<\/p>\n","protected":false},"featured_media":55733,"comment_status":"closed","ping_status":"closed","template":"","meta":{"_acf_changed":false},"product_brand":[197],"product_cat":[186,90,198,29],"product_tag":[],"class_list":{"0":"post-55731","1":"product","2":"type-product","3":"status-publish","4":"has-post-thumbnail","6":"product_brand-love-my-decoration","7":"product_cat-dyrehode","8":"product_cat-dyr","9":"product_cat-love-me-decoration","10":"product_cat-veggdekorasjoner","12":"first","13":"instock","14":"taxable","15":"shipping-taxable","16":"purchasable","17":"product-type-simple"},"acf":[],"yoast_head":"<!-- This site is optimized with the Yoast SEO Premium plugin v25.8 (Yoast SEO v27.2) - https:\/\/yoast.com\/product\/yoast-seo-premium-wordpress\/ -->\n<title>Veggdekorasjon natur kolibri - Babylove Norska<\/title>\n<meta name=\"description\" content=\"Fantastiskt vacker v\u00e4ggdekoration till barnrummet i form av en elefant. Gjord av mjuk och h\u00e4rlig tyg . 14 dagars \u00f6ppet k\u00f6p - Frakt inom 24 timmar !\" \/>\n<meta name=\"robots\" content=\"noindex, follow, max-snippet:-1, max-image-preview:large, max-video-preview:-1\" \/>\n<meta property=\"og:locale\" content=\"nb_NO\" \/>\n<meta property=\"og:type\" content=\"article\" \/>\n<meta property=\"og:title\" content=\"Veggdekorasjon natur kolibri\" \/>\n<meta property=\"og:description\" content=\"Fantastiskt vacker v\u00e4ggdekoration till barnrummet i form av en elefant. Gjord av mjuk och h\u00e4rlig tyg . 14 dagars \u00f6ppet k\u00f6p - Frakt inom 24 timmar !\" \/>\n<meta property=\"og:url\" content=\"https:\/\/babylove.se\/no\/produkt\/veggdekorasjon-natur-kolibri\/\" \/>\n<meta property=\"og:site_name\" content=\"Babylove Norska\" \/>\n<meta property=\"article:modified_time\" content=\"2026-04-08T12:53:41+00:00\" \/>\n<meta property=\"og:image\" content=\"https:\/\/babylove.se\/no\/wp-content\/uploads\/sites\/3\/2025\/07\/6549eb4f31810.jpeg\" \/>\n\t<meta property=\"og:image:width\" content=\"923\" \/>\n\t<meta property=\"og:image:height\" content=\"922\" \/>\n\t<meta property=\"og:image:type\" content=\"image\/jpeg\" \/>\n<meta name=\"twitter:card\" content=\"summary_large_image\" \/>\n<meta name=\"twitter:label1\" content=\"Price\" \/>\n\t<meta name=\"twitter:data1\" content=\"649,00&nbsp;&#107;&#114;\" \/>\n\t<meta name=\"twitter:label2\" content=\"Availability\" \/>\n\t<meta name=\"twitter:data2\" content=\"In stock\" \/>\n<script type=\"application\/ld+json\" class=\"yoast-schema-graph\">{\"@context\":\"https:\/\/schema.org\",\"@graph\":[{\"@type\":\"WebPage\",\"@id\":\"https:\/\/babylove.se\/no\/produkt\/veggdekorasjon-natur-kolibri\/\",\"url\":\"https:\/\/babylove.se\/no\/produkt\/veggdekorasjon-natur-kolibri\/\",\"name\":\"Veggdekorasjon natur kolibri - Babylove Norska\",\"isPartOf\":{\"@id\":\"https:\/\/babylove.se\/no\/#website\"},\"primaryImageOfPage\":{\"@id\":\"https:\/\/babylove.se\/no\/produkt\/veggdekorasjon-natur-kolibri\/#primaryimage\"},\"image\":{\"@id\":\"https:\/\/babylove.se\/no\/produkt\/veggdekorasjon-natur-kolibri\/#primaryimage\"},\"thumbnailUrl\":\"https:\/\/babylove.se\/no\/wp-content\/uploads\/sites\/3\/2025\/07\/6549eb4f31810.jpeg\",\"datePublished\":\"2025-07-19T11:37:52+00:00\",\"dateModified\":\"2026-04-08T12:53:41+00:00\",\"description\":\"Fantastiskt vacker v\u00e4ggdekoration till barnrummet i form av en elefant. Gjord av mjuk och h\u00e4rlig tyg . 14 dagars \u00f6ppet k\u00f6p - Frakt inom 24 timmar !\",\"breadcrumb\":{\"@id\":\"https:\/\/babylove.se\/no\/produkt\/veggdekorasjon-natur-kolibri\/#breadcrumb\"},\"inLanguage\":\"nb-NO\",\"potentialAction\":[{\"@type\":\"ReadAction\",\"target\":[\"https:\/\/babylove.se\/no\/produkt\/veggdekorasjon-natur-kolibri\/\"]}]},{\"@type\":\"ImageObject\",\"inLanguage\":\"nb-NO\",\"@id\":\"https:\/\/babylove.se\/no\/produkt\/veggdekorasjon-natur-kolibri\/#primaryimage\",\"url\":\"https:\/\/babylove.se\/no\/wp-content\/uploads\/sites\/3\/2025\/07\/6549eb4f31810.jpeg\",\"contentUrl\":\"https:\/\/babylove.se\/no\/wp-content\/uploads\/sites\/3\/2025\/07\/6549eb4f31810.jpeg\",\"width\":923,\"height\":922},{\"@type\":\"BreadcrumbList\",\"@id\":\"https:\/\/babylove.se\/no\/produkt\/veggdekorasjon-natur-kolibri\/#breadcrumb\",\"itemListElement\":[{\"@type\":\"ListItem\",\"position\":1,\"name\":\"Hem\",\"item\":\"https:\/\/babylove.se\/no\/\"},{\"@type\":\"ListItem\",\"position\":2,\"name\":\"Butik\",\"item\":\"https:\/\/babylove.se\/no\/butik\/\"},{\"@type\":\"ListItem\",\"position\":3,\"name\":\"Veggdekorasjon natur kolibri\"}]},{\"@type\":\"WebSite\",\"@id\":\"https:\/\/babylove.se\/no\/#website\",\"url\":\"https:\/\/babylove.se\/no\/\",\"name\":\"Babylove Norska\",\"description\":\"\",\"potentialAction\":[{\"@type\":\"SearchAction\",\"target\":{\"@type\":\"EntryPoint\",\"urlTemplate\":\"https:\/\/babylove.se\/no\/?s={search_term_string}\"},\"query-input\":{\"@type\":\"PropertyValueSpecification\",\"valueRequired\":true,\"valueName\":\"search_term_string\"}}],\"inLanguage\":\"nb-NO\"}]}<\/script>\n<meta property=\"product:brand\" content=\"Love my decoration\" \/>\n<meta property=\"product:price:amount\" content=\"649.00\" \/>\n<meta property=\"product:price:currency\" content=\"SEK\" \/>\n<meta property=\"og:availability\" content=\"instock\" \/>\n<meta property=\"product:availability\" content=\"instock\" \/>\n<meta property=\"product:retailer_item_id\" content=\"5906896880298\" \/>\n<meta property=\"product:condition\" content=\"new\" \/>\n<!-- \/ Yoast SEO Premium plugin. -->","yoast_head_json":{"title":"Veggdekorasjon natur kolibri - Babylove Norska","description":"Fantastiskt vacker v\u00e4ggdekoration till barnrummet i form av en elefant. Gjord av mjuk och h\u00e4rlig tyg . 14 dagars \u00f6ppet k\u00f6p - Frakt inom 24 timmar !","robots":{"index":"noindex","follow":"follow","max-snippet":"max-snippet:-1","max-image-preview":"max-image-preview:large","max-video-preview":"max-video-preview:-1"},"og_locale":"nb_NO","og_type":"article","og_title":"Veggdekorasjon natur kolibri","og_description":"Fantastiskt vacker v\u00e4ggdekoration till barnrummet i form av en elefant. Gjord av mjuk och h\u00e4rlig tyg . 14 dagars \u00f6ppet k\u00f6p - Frakt inom 24 timmar !","og_url":"https:\/\/babylove.se\/no\/produkt\/veggdekorasjon-natur-kolibri\/","og_site_name":"Babylove Norska","article_modified_time":"2026-04-08T12:53:41+00:00","og_image":[{"width":923,"height":922,"url":"https:\/\/babylove.se\/no\/wp-content\/uploads\/sites\/3\/2025\/07\/6549eb4f31810.jpeg","type":"image\/jpeg"}],"twitter_card":"summary_large_image","twitter_misc":{"Price":"649,00&nbsp;&#107;&#114;","Availability":"In stock"},"schema":{"@context":"https:\/\/schema.org","@graph":[{"@type":"WebPage","@id":"https:\/\/babylove.se\/no\/produkt\/veggdekorasjon-natur-kolibri\/","url":"https:\/\/babylove.se\/no\/produkt\/veggdekorasjon-natur-kolibri\/","name":"Veggdekorasjon natur kolibri - Babylove Norska","isPartOf":{"@id":"https:\/\/babylove.se\/no\/#website"},"primaryImageOfPage":{"@id":"https:\/\/babylove.se\/no\/produkt\/veggdekorasjon-natur-kolibri\/#primaryimage"},"image":{"@id":"https:\/\/babylove.se\/no\/produkt\/veggdekorasjon-natur-kolibri\/#primaryimage"},"thumbnailUrl":"https:\/\/babylove.se\/no\/wp-content\/uploads\/sites\/3\/2025\/07\/6549eb4f31810.jpeg","datePublished":"2025-07-19T11:37:52+00:00","dateModified":"2026-04-08T12:53:41+00:00","description":"Fantastiskt vacker v\u00e4ggdekoration till barnrummet i form av en elefant. Gjord av mjuk och h\u00e4rlig tyg . 14 dagars \u00f6ppet k\u00f6p - Frakt inom 24 timmar !","breadcrumb":{"@id":"https:\/\/babylove.se\/no\/produkt\/veggdekorasjon-natur-kolibri\/#breadcrumb"},"inLanguage":"nb-NO","potentialAction":[{"@type":"ReadAction","target":["https:\/\/babylove.se\/no\/produkt\/veggdekorasjon-natur-kolibri\/"]}]},{"@type":"ImageObject","inLanguage":"nb-NO","@id":"https:\/\/babylove.se\/no\/produkt\/veggdekorasjon-natur-kolibri\/#primaryimage","url":"https:\/\/babylove.se\/no\/wp-content\/uploads\/sites\/3\/2025\/07\/6549eb4f31810.jpeg","contentUrl":"https:\/\/babylove.se\/no\/wp-content\/uploads\/sites\/3\/2025\/07\/6549eb4f31810.jpeg","width":923,"height":922},{"@type":"BreadcrumbList","@id":"https:\/\/babylove.se\/no\/produkt\/veggdekorasjon-natur-kolibri\/#breadcrumb","itemListElement":[{"@type":"ListItem","position":1,"name":"Hem","item":"https:\/\/babylove.se\/no\/"},{"@type":"ListItem","position":2,"name":"Butik","item":"https:\/\/babylove.se\/no\/butik\/"},{"@type":"ListItem","position":3,"name":"Veggdekorasjon natur kolibri"}]},{"@type":"WebSite","@id":"https:\/\/babylove.se\/no\/#website","url":"https:\/\/babylove.se\/no\/","name":"Babylove Norska","description":"","potentialAction":[{"@type":"SearchAction","target":{"@type":"EntryPoint","urlTemplate":"https:\/\/babylove.se\/no\/?s={search_term_string}"},"query-input":{"@type":"PropertyValueSpecification","valueRequired":true,"valueName":"search_term_string"}}],"inLanguage":"nb-NO"}]},"product_brand":"Love my decoration","product_price_amount":"649.00","product_price_currency":"SEK","og_availability":"instock","product_availability":"instock","product_retailer_item_id":"5906896880298","product_condition":"new"},"_links":{"self":[{"href":"https:\/\/babylove.se\/no\/wp-json\/wp\/v2\/product\/55731","targetHints":{"allow":["GET"]}}],"collection":[{"href":"https:\/\/babylove.se\/no\/wp-json\/wp\/v2\/product"}],"about":[{"href":"https:\/\/babylove.se\/no\/wp-json\/wp\/v2\/types\/product"}],"replies":[{"embeddable":true,"href":"https:\/\/babylove.se\/no\/wp-json\/wp\/v2\/comments?post=55731"}],"wp:featuredmedia":[{"embeddable":true,"href":"https:\/\/babylove.se\/no\/wp-json\/wp\/v2\/media\/55733"}],"wp:attachment":[{"href":"https:\/\/babylove.se\/no\/wp-json\/wp\/v2\/media?parent=55731"}],"wp:term":[{"taxonomy":"product_brand","embeddable":true,"href":"https:\/\/babylove.se\/no\/wp-json\/wp\/v2\/product_brand?post=55731"},{"taxonomy":"product_cat","embeddable":true,"href":"https:\/\/babylove.se\/no\/wp-json\/wp\/v2\/product_cat?post=55731"},{"taxonomy":"product_tag","embeddable":true,"href":"https:\/\/babylove.se\/no\/wp-json\/wp\/v2\/product_tag?post=55731"}],"curies":[{"name":"wp","href":"https:\/\/api.w.org\/{rel}","templated":true}]}}