{"id":55799,"date":"2025-07-19T12:38:38","date_gmt":"2025-07-19T11:38:38","guid":{"rendered":"https:\/\/babylove.se\/produkt\/jabadabado-lara-ga-vagn-teddy\/"},"modified":"2026-04-08T13:54:09","modified_gmt":"2026-04-08T12:54:09","slug":"jabadabado-lara-ga-vogn-teddy","status":"publish","type":"product","link":"https:\/\/babylove.se\/no\/produkt\/jabadabado-lara-ga-vogn-teddy\/","title":{"rendered":"JaBaDaBaDo, l\u00e6r-\u00e5-g\u00e5-vogn, teddy"},"content":{"rendered":"<p>Denne fantastiske g\u00e5vognen fra JaBaDaBaDo hjelper barnet ditt med \u00e5 utvikle motorikken og balansen, samtidig som det elsker \u00e5 kj\u00f8re rundt med Teddy i lasteavdelingen.&nbsp;<\/p>\n<p>Justerbar brems p\u00e5 begge bakhjulene sikrer stabil kj\u00f8ring for de minste. Smarte gummikanter rundt hjulene gj\u00f8r at den g\u00e5r stille samtidig som den beskytter gulvene. Vognen har ogs\u00e5 smart oppbevaring med lokk.&nbsp;<\/p>\n<p>Sikker og passer barn fra 12 m\u00e5neder og oppover aller best.<\/p>\n<p>Designer: <a href=\"https:\/\/babylove.se\/varumarken\/jabadabado\">JaBaDaBaDo<\/a><\/p>\n","protected":false},"excerpt":{"rendered":"<p>Denne fantastiske g\u00e5vognen fra JaBaDaBaDo hjelper barnet ditt med \u00e5 utvikle motorikken og balansen, samtidig som det elsker \u00e5 kj\u00f8re rundt med Teddy i lasteavdelingen.&nbsp; Justerbar brems p\u00e5 begge bakhjulene sikrer stabil kj\u00f8ring for de minste. Smarte gummikanter rundt hjulene gj\u00f8r at den g\u00e5r stille samtidig som den beskytter gulvene. Vognen har ogs\u00e5 smart oppbevaring [&hellip;]<\/p>\n","protected":false},"featured_media":55801,"comment_status":"closed","ping_status":"open","template":"","meta":{"_acf_changed":false},"product_brand":[273],"product_cat":[274,72,68,204,112],"product_tag":[],"class_list":{"0":"post-55799","1":"product","2":"type-product","3":"status-publish","4":"has-post-thumbnail","6":"product_brand-jabadabado","7":"product_cat-jabadabado","8":"product_cat-julegaver","9":"product_cat-leker","10":"product_cat-motoriske-barnmobler","11":"product_cat-treleker","13":"first","14":"instock","15":"taxable","16":"shipping-taxable","17":"purchasable","18":"product-type-simple"},"acf":[],"yoast_head":"<!-- This site is optimized with the Yoast SEO Premium plugin v25.8 (Yoast SEO v27.2) - https:\/\/yoast.com\/product\/yoast-seo-premium-wordpress\/ -->\n<title>JaBaDaBaDo, l\u00e6r-\u00e5-g\u00e5-vogn, teddy - Babylove Norska<\/title>\n<meta name=\"robots\" content=\"noindex, follow, max-snippet:-1, max-image-preview:large, max-video-preview:-1\" \/>\n<meta property=\"og:locale\" content=\"nb_NO\" \/>\n<meta property=\"og:type\" content=\"article\" \/>\n<meta property=\"og:title\" content=\"JaBaDaBaDo, l\u00e6r-\u00e5-g\u00e5-vogn, teddy\" \/>\n<meta property=\"og:description\" content=\"Denne fantastiske g\u00e5vognen fra JaBaDaBaDo hjelper barnet ditt med \u00e5 utvikle motorikken og balansen, samtidig som det elsker \u00e5 kj\u00f8re rundt med Teddy i lasteavdelingen.&nbsp; Justerbar brems p\u00e5 begge bakhjulene sikrer stabil kj\u00f8ring for de minste. Smarte gummikanter rundt hjulene gj\u00f8r at den g\u00e5r stille samtidig som den beskytter gulvene. Vognen har ogs\u00e5 smart oppbevaring [&hellip;]\" \/>\n<meta property=\"og:url\" content=\"https:\/\/babylove.se\/no\/produkt\/jabadabado-lara-ga-vogn-teddy\/\" \/>\n<meta property=\"og:site_name\" content=\"Babylove Norska\" \/>\n<meta property=\"article:modified_time\" content=\"2026-04-08T12:54:09+00:00\" \/>\n<meta property=\"og:image\" content=\"https:\/\/babylove.se\/no\/wp-content\/uploads\/sites\/3\/2025\/07\/6553295ced88d.jpeg\" \/>\n\t<meta property=\"og:image:width\" content=\"1013\" \/>\n\t<meta property=\"og:image:height\" content=\"953\" \/>\n\t<meta property=\"og:image:type\" content=\"image\/jpeg\" \/>\n<meta name=\"twitter:card\" content=\"summary_large_image\" \/>\n<meta name=\"twitter:label1\" content=\"Price\" \/>\n\t<meta name=\"twitter:data1\" content=\"699,00&nbsp;&#107;&#114;\" \/>\n\t<meta name=\"twitter:label2\" content=\"Availability\" \/>\n\t<meta name=\"twitter:data2\" content=\"In stock\" \/>\n<script type=\"application\/ld+json\" class=\"yoast-schema-graph\">{\"@context\":\"https:\/\/schema.org\",\"@graph\":[{\"@type\":\"WebPage\",\"@id\":\"https:\/\/babylove.se\/no\/produkt\/jabadabado-lara-ga-vogn-teddy\/\",\"url\":\"https:\/\/babylove.se\/no\/produkt\/jabadabado-lara-ga-vogn-teddy\/\",\"name\":\"JaBaDaBaDo, l\u00e6r-\u00e5-g\u00e5-vogn, teddy - Babylove Norska\",\"isPartOf\":{\"@id\":\"https:\/\/babylove.se\/no\/#website\"},\"primaryImageOfPage\":{\"@id\":\"https:\/\/babylove.se\/no\/produkt\/jabadabado-lara-ga-vogn-teddy\/#primaryimage\"},\"image\":{\"@id\":\"https:\/\/babylove.se\/no\/produkt\/jabadabado-lara-ga-vogn-teddy\/#primaryimage\"},\"thumbnailUrl\":\"https:\/\/babylove.se\/no\/wp-content\/uploads\/sites\/3\/2025\/07\/6553295ced88d.jpeg\",\"datePublished\":\"2025-07-19T11:38:38+00:00\",\"dateModified\":\"2026-04-08T12:54:09+00:00\",\"breadcrumb\":{\"@id\":\"https:\/\/babylove.se\/no\/produkt\/jabadabado-lara-ga-vogn-teddy\/#breadcrumb\"},\"inLanguage\":\"nb-NO\",\"potentialAction\":[{\"@type\":\"ReadAction\",\"target\":[\"https:\/\/babylove.se\/no\/produkt\/jabadabado-lara-ga-vogn-teddy\/\"]}]},{\"@type\":\"ImageObject\",\"inLanguage\":\"nb-NO\",\"@id\":\"https:\/\/babylove.se\/no\/produkt\/jabadabado-lara-ga-vogn-teddy\/#primaryimage\",\"url\":\"https:\/\/babylove.se\/no\/wp-content\/uploads\/sites\/3\/2025\/07\/6553295ced88d.jpeg\",\"contentUrl\":\"https:\/\/babylove.se\/no\/wp-content\/uploads\/sites\/3\/2025\/07\/6553295ced88d.jpeg\",\"width\":1013,\"height\":953},{\"@type\":\"BreadcrumbList\",\"@id\":\"https:\/\/babylove.se\/no\/produkt\/jabadabado-lara-ga-vogn-teddy\/#breadcrumb\",\"itemListElement\":[{\"@type\":\"ListItem\",\"position\":1,\"name\":\"Hem\",\"item\":\"https:\/\/babylove.se\/no\/\"},{\"@type\":\"ListItem\",\"position\":2,\"name\":\"Butik\",\"item\":\"https:\/\/babylove.se\/no\/butik\/\"},{\"@type\":\"ListItem\",\"position\":3,\"name\":\"JaBaDaBaDo, l\u00e6r-\u00e5-g\u00e5-vogn, teddy\"}]},{\"@type\":\"WebSite\",\"@id\":\"https:\/\/babylove.se\/no\/#website\",\"url\":\"https:\/\/babylove.se\/no\/\",\"name\":\"Babylove Norska\",\"description\":\"\",\"potentialAction\":[{\"@type\":\"SearchAction\",\"target\":{\"@type\":\"EntryPoint\",\"urlTemplate\":\"https:\/\/babylove.se\/no\/?s={search_term_string}\"},\"query-input\":{\"@type\":\"PropertyValueSpecification\",\"valueRequired\":true,\"valueName\":\"search_term_string\"}}],\"inLanguage\":\"nb-NO\"}]}<\/script>\n<meta property=\"product:brand\" content=\"JaBaDaBaDo\" \/>\n<meta property=\"product:price:amount\" content=\"699.00\" \/>\n<meta property=\"product:price:currency\" content=\"SEK\" \/>\n<meta property=\"og:availability\" content=\"instock\" \/>\n<meta property=\"product:availability\" content=\"instock\" \/>\n<meta property=\"product:retailer_item_id\" content=\"S1005\" \/>\n<meta property=\"product:condition\" content=\"new\" \/>\n<!-- \/ Yoast SEO Premium plugin. -->","yoast_head_json":{"title":"JaBaDaBaDo, l\u00e6r-\u00e5-g\u00e5-vogn, teddy - Babylove Norska","robots":{"index":"noindex","follow":"follow","max-snippet":"max-snippet:-1","max-image-preview":"max-image-preview:large","max-video-preview":"max-video-preview:-1"},"og_locale":"nb_NO","og_type":"article","og_title":"JaBaDaBaDo, l\u00e6r-\u00e5-g\u00e5-vogn, teddy","og_description":"Denne fantastiske g\u00e5vognen fra JaBaDaBaDo hjelper barnet ditt med \u00e5 utvikle motorikken og balansen, samtidig som det elsker \u00e5 kj\u00f8re rundt med Teddy i lasteavdelingen.&nbsp; Justerbar brems p\u00e5 begge bakhjulene sikrer stabil kj\u00f8ring for de minste. Smarte gummikanter rundt hjulene gj\u00f8r at den g\u00e5r stille samtidig som den beskytter gulvene. Vognen har ogs\u00e5 smart oppbevaring [&hellip;]","og_url":"https:\/\/babylove.se\/no\/produkt\/jabadabado-lara-ga-vogn-teddy\/","og_site_name":"Babylove Norska","article_modified_time":"2026-04-08T12:54:09+00:00","og_image":[{"width":1013,"height":953,"url":"https:\/\/babylove.se\/no\/wp-content\/uploads\/sites\/3\/2025\/07\/6553295ced88d.jpeg","type":"image\/jpeg"}],"twitter_card":"summary_large_image","twitter_misc":{"Price":"699,00&nbsp;&#107;&#114;","Availability":"In stock"},"schema":{"@context":"https:\/\/schema.org","@graph":[{"@type":"WebPage","@id":"https:\/\/babylove.se\/no\/produkt\/jabadabado-lara-ga-vogn-teddy\/","url":"https:\/\/babylove.se\/no\/produkt\/jabadabado-lara-ga-vogn-teddy\/","name":"JaBaDaBaDo, l\u00e6r-\u00e5-g\u00e5-vogn, teddy - Babylove Norska","isPartOf":{"@id":"https:\/\/babylove.se\/no\/#website"},"primaryImageOfPage":{"@id":"https:\/\/babylove.se\/no\/produkt\/jabadabado-lara-ga-vogn-teddy\/#primaryimage"},"image":{"@id":"https:\/\/babylove.se\/no\/produkt\/jabadabado-lara-ga-vogn-teddy\/#primaryimage"},"thumbnailUrl":"https:\/\/babylove.se\/no\/wp-content\/uploads\/sites\/3\/2025\/07\/6553295ced88d.jpeg","datePublished":"2025-07-19T11:38:38+00:00","dateModified":"2026-04-08T12:54:09+00:00","breadcrumb":{"@id":"https:\/\/babylove.se\/no\/produkt\/jabadabado-lara-ga-vogn-teddy\/#breadcrumb"},"inLanguage":"nb-NO","potentialAction":[{"@type":"ReadAction","target":["https:\/\/babylove.se\/no\/produkt\/jabadabado-lara-ga-vogn-teddy\/"]}]},{"@type":"ImageObject","inLanguage":"nb-NO","@id":"https:\/\/babylove.se\/no\/produkt\/jabadabado-lara-ga-vogn-teddy\/#primaryimage","url":"https:\/\/babylove.se\/no\/wp-content\/uploads\/sites\/3\/2025\/07\/6553295ced88d.jpeg","contentUrl":"https:\/\/babylove.se\/no\/wp-content\/uploads\/sites\/3\/2025\/07\/6553295ced88d.jpeg","width":1013,"height":953},{"@type":"BreadcrumbList","@id":"https:\/\/babylove.se\/no\/produkt\/jabadabado-lara-ga-vogn-teddy\/#breadcrumb","itemListElement":[{"@type":"ListItem","position":1,"name":"Hem","item":"https:\/\/babylove.se\/no\/"},{"@type":"ListItem","position":2,"name":"Butik","item":"https:\/\/babylove.se\/no\/butik\/"},{"@type":"ListItem","position":3,"name":"JaBaDaBaDo, l\u00e6r-\u00e5-g\u00e5-vogn, teddy"}]},{"@type":"WebSite","@id":"https:\/\/babylove.se\/no\/#website","url":"https:\/\/babylove.se\/no\/","name":"Babylove Norska","description":"","potentialAction":[{"@type":"SearchAction","target":{"@type":"EntryPoint","urlTemplate":"https:\/\/babylove.se\/no\/?s={search_term_string}"},"query-input":{"@type":"PropertyValueSpecification","valueRequired":true,"valueName":"search_term_string"}}],"inLanguage":"nb-NO"}]},"product_brand":"JaBaDaBaDo","product_price_amount":"699.00","product_price_currency":"SEK","og_availability":"instock","product_availability":"instock","product_retailer_item_id":"S1005","product_condition":"new"},"_links":{"self":[{"href":"https:\/\/babylove.se\/no\/wp-json\/wp\/v2\/product\/55799","targetHints":{"allow":["GET"]}}],"collection":[{"href":"https:\/\/babylove.se\/no\/wp-json\/wp\/v2\/product"}],"about":[{"href":"https:\/\/babylove.se\/no\/wp-json\/wp\/v2\/types\/product"}],"replies":[{"embeddable":true,"href":"https:\/\/babylove.se\/no\/wp-json\/wp\/v2\/comments?post=55799"}],"wp:featuredmedia":[{"embeddable":true,"href":"https:\/\/babylove.se\/no\/wp-json\/wp\/v2\/media\/55801"}],"wp:attachment":[{"href":"https:\/\/babylove.se\/no\/wp-json\/wp\/v2\/media?parent=55799"}],"wp:term":[{"taxonomy":"product_brand","embeddable":true,"href":"https:\/\/babylove.se\/no\/wp-json\/wp\/v2\/product_brand?post=55799"},{"taxonomy":"product_cat","embeddable":true,"href":"https:\/\/babylove.se\/no\/wp-json\/wp\/v2\/product_cat?post=55799"},{"taxonomy":"product_tag","embeddable":true,"href":"https:\/\/babylove.se\/no\/wp-json\/wp\/v2\/product_tag?post=55799"}],"curies":[{"name":"wp","href":"https:\/\/api.w.org\/{rel}","templated":true}]}}