{"id":55807,"date":"2025-07-19T12:38:38","date_gmt":"2025-07-19T11:38:38","guid":{"rendered":"https:\/\/babylove.se\/produkt\/jabadabado-lara-ga-vagn-bunny\/"},"modified":"2026-04-08T13:54:12","modified_gmt":"2026-04-08T12:54:12","slug":"jabadabado-lara-ga-vogn-bunny","status":"publish","type":"product","link":"https:\/\/babylove.se\/no\/produkt\/jabadabado-lara-ga-vogn-bunny\/","title":{"rendered":"JaBaDaBaDo, l\u00e6r-\u00e5-g\u00e5-vogn, bunny"},"content":{"rendered":"<p>Denne fantastiske gavelasteren fra JaBaDaBaDo hjelper barnet ditt med \u00e5 utvikle motorikk og balanse, samtidig som det elsker \u00e5 kj\u00f8re rundt med Bunny i lastepartiet.&nbsp;<\/p>\n<p>Justerbar brems p\u00e5 begge bakhjulene sikrer stabil kj\u00f8ring for sm\u00e5rollinger. Smarte gummikanter rundt hjulene gj\u00f8r at den g\u00e5r lydl\u00f8st samtidig som den beskytter gulvene. Vognen har ogs\u00e5 smart oppbevaring med lokk.&nbsp;<\/p>\n<p>Trygg og passer barn fra 12 m\u00e5neder og oppover aller best.<\/p>\n<p>Designer: <a href=\"https:\/\/babylove.se\/varumarken\/jabadabado\">JaBaDaBaDo<\/a><\/p>\n","protected":false},"excerpt":{"rendered":"<p>Denne fantastiske gavelasteren fra JaBaDaBaDo hjelper barnet ditt med \u00e5 utvikle motorikk og balanse, samtidig som det elsker \u00e5 kj\u00f8re rundt med Bunny i lastepartiet.&nbsp; Justerbar brems p\u00e5 begge bakhjulene sikrer stabil kj\u00f8ring for sm\u00e5rollinger. Smarte gummikanter rundt hjulene gj\u00f8r at den g\u00e5r lydl\u00f8st samtidig som den beskytter gulvene. Vognen har ogs\u00e5 smart oppbevaring med [&hellip;]<\/p>\n","protected":false},"featured_media":55809,"comment_status":"closed","ping_status":"open","template":"","meta":{"_acf_changed":false},"product_brand":[273],"product_cat":[274,72,68,204,112],"product_tag":[],"class_list":{"0":"post-55807","1":"product","2":"type-product","3":"status-publish","4":"has-post-thumbnail","6":"product_brand-jabadabado","7":"product_cat-jabadabado","8":"product_cat-julegaver","9":"product_cat-leker","10":"product_cat-motoriske-barnmobler","11":"product_cat-treleker","13":"first","14":"instock","15":"taxable","16":"shipping-taxable","17":"purchasable","18":"product-type-simple"},"acf":[],"yoast_head":"<!-- This site is optimized with the Yoast SEO Premium plugin v25.8 (Yoast SEO v27.2) - https:\/\/yoast.com\/product\/yoast-seo-premium-wordpress\/ -->\n<title>JaBaDaBaDo, l\u00e6r-\u00e5-g\u00e5-vogn, bunny - Babylove Norska<\/title>\n<meta name=\"robots\" content=\"noindex, follow, max-snippet:-1, max-image-preview:large, max-video-preview:-1\" \/>\n<meta property=\"og:locale\" content=\"nb_NO\" \/>\n<meta property=\"og:type\" content=\"article\" \/>\n<meta property=\"og:title\" content=\"JaBaDaBaDo, l\u00e6r-\u00e5-g\u00e5-vogn, bunny\" \/>\n<meta property=\"og:description\" content=\"Denne fantastiske gavelasteren fra JaBaDaBaDo hjelper barnet ditt med \u00e5 utvikle motorikk og balanse, samtidig som det elsker \u00e5 kj\u00f8re rundt med Bunny i lastepartiet.&nbsp; Justerbar brems p\u00e5 begge bakhjulene sikrer stabil kj\u00f8ring for sm\u00e5rollinger. Smarte gummikanter rundt hjulene gj\u00f8r at den g\u00e5r lydl\u00f8st samtidig som den beskytter gulvene. Vognen har ogs\u00e5 smart oppbevaring med [&hellip;]\" \/>\n<meta property=\"og:url\" content=\"https:\/\/babylove.se\/no\/produkt\/jabadabado-lara-ga-vogn-bunny\/\" \/>\n<meta property=\"og:site_name\" content=\"Babylove Norska\" \/>\n<meta property=\"article:modified_time\" content=\"2026-04-08T12:54:12+00:00\" \/>\n<meta property=\"og:image\" content=\"https:\/\/babylove.se\/no\/wp-content\/uploads\/sites\/3\/2025\/07\/65532c96976cd.jpeg\" \/>\n\t<meta property=\"og:image:width\" content=\"963\" \/>\n\t<meta property=\"og:image:height\" content=\"868\" \/>\n\t<meta property=\"og:image:type\" content=\"image\/jpeg\" \/>\n<meta name=\"twitter:card\" content=\"summary_large_image\" \/>\n<meta name=\"twitter:label1\" content=\"Price\" \/>\n\t<meta name=\"twitter:data1\" content=\"699,00&nbsp;&#107;&#114;\" \/>\n\t<meta name=\"twitter:label2\" content=\"Availability\" \/>\n\t<meta name=\"twitter:data2\" content=\"In stock\" \/>\n<script type=\"application\/ld+json\" class=\"yoast-schema-graph\">{\"@context\":\"https:\/\/schema.org\",\"@graph\":[{\"@type\":\"WebPage\",\"@id\":\"https:\/\/babylove.se\/no\/produkt\/jabadabado-lara-ga-vogn-bunny\/\",\"url\":\"https:\/\/babylove.se\/no\/produkt\/jabadabado-lara-ga-vogn-bunny\/\",\"name\":\"JaBaDaBaDo, l\u00e6r-\u00e5-g\u00e5-vogn, bunny - Babylove Norska\",\"isPartOf\":{\"@id\":\"https:\/\/babylove.se\/no\/#website\"},\"primaryImageOfPage\":{\"@id\":\"https:\/\/babylove.se\/no\/produkt\/jabadabado-lara-ga-vogn-bunny\/#primaryimage\"},\"image\":{\"@id\":\"https:\/\/babylove.se\/no\/produkt\/jabadabado-lara-ga-vogn-bunny\/#primaryimage\"},\"thumbnailUrl\":\"https:\/\/babylove.se\/no\/wp-content\/uploads\/sites\/3\/2025\/07\/65532c96976cd.jpeg\",\"datePublished\":\"2025-07-19T11:38:38+00:00\",\"dateModified\":\"2026-04-08T12:54:12+00:00\",\"breadcrumb\":{\"@id\":\"https:\/\/babylove.se\/no\/produkt\/jabadabado-lara-ga-vogn-bunny\/#breadcrumb\"},\"inLanguage\":\"nb-NO\",\"potentialAction\":[{\"@type\":\"ReadAction\",\"target\":[\"https:\/\/babylove.se\/no\/produkt\/jabadabado-lara-ga-vogn-bunny\/\"]}]},{\"@type\":\"ImageObject\",\"inLanguage\":\"nb-NO\",\"@id\":\"https:\/\/babylove.se\/no\/produkt\/jabadabado-lara-ga-vogn-bunny\/#primaryimage\",\"url\":\"https:\/\/babylove.se\/no\/wp-content\/uploads\/sites\/3\/2025\/07\/65532c96976cd.jpeg\",\"contentUrl\":\"https:\/\/babylove.se\/no\/wp-content\/uploads\/sites\/3\/2025\/07\/65532c96976cd.jpeg\",\"width\":963,\"height\":868},{\"@type\":\"BreadcrumbList\",\"@id\":\"https:\/\/babylove.se\/no\/produkt\/jabadabado-lara-ga-vogn-bunny\/#breadcrumb\",\"itemListElement\":[{\"@type\":\"ListItem\",\"position\":1,\"name\":\"Hem\",\"item\":\"https:\/\/babylove.se\/no\/\"},{\"@type\":\"ListItem\",\"position\":2,\"name\":\"Butik\",\"item\":\"https:\/\/babylove.se\/no\/butik\/\"},{\"@type\":\"ListItem\",\"position\":3,\"name\":\"JaBaDaBaDo, l\u00e6r-\u00e5-g\u00e5-vogn, bunny\"}]},{\"@type\":\"WebSite\",\"@id\":\"https:\/\/babylove.se\/no\/#website\",\"url\":\"https:\/\/babylove.se\/no\/\",\"name\":\"Babylove Norska\",\"description\":\"\",\"potentialAction\":[{\"@type\":\"SearchAction\",\"target\":{\"@type\":\"EntryPoint\",\"urlTemplate\":\"https:\/\/babylove.se\/no\/?s={search_term_string}\"},\"query-input\":{\"@type\":\"PropertyValueSpecification\",\"valueRequired\":true,\"valueName\":\"search_term_string\"}}],\"inLanguage\":\"nb-NO\"}]}<\/script>\n<meta property=\"product:brand\" content=\"JaBaDaBaDo\" \/>\n<meta property=\"product:price:amount\" content=\"699.00\" \/>\n<meta property=\"product:price:currency\" content=\"SEK\" \/>\n<meta property=\"og:availability\" content=\"instock\" \/>\n<meta property=\"product:availability\" content=\"instock\" \/>\n<meta property=\"product:retailer_item_id\" content=\"S1006\" \/>\n<meta property=\"product:condition\" content=\"new\" \/>\n<!-- \/ Yoast SEO Premium plugin. -->","yoast_head_json":{"title":"JaBaDaBaDo, l\u00e6r-\u00e5-g\u00e5-vogn, bunny - Babylove Norska","robots":{"index":"noindex","follow":"follow","max-snippet":"max-snippet:-1","max-image-preview":"max-image-preview:large","max-video-preview":"max-video-preview:-1"},"og_locale":"nb_NO","og_type":"article","og_title":"JaBaDaBaDo, l\u00e6r-\u00e5-g\u00e5-vogn, bunny","og_description":"Denne fantastiske gavelasteren fra JaBaDaBaDo hjelper barnet ditt med \u00e5 utvikle motorikk og balanse, samtidig som det elsker \u00e5 kj\u00f8re rundt med Bunny i lastepartiet.&nbsp; Justerbar brems p\u00e5 begge bakhjulene sikrer stabil kj\u00f8ring for sm\u00e5rollinger. Smarte gummikanter rundt hjulene gj\u00f8r at den g\u00e5r lydl\u00f8st samtidig som den beskytter gulvene. Vognen har ogs\u00e5 smart oppbevaring med [&hellip;]","og_url":"https:\/\/babylove.se\/no\/produkt\/jabadabado-lara-ga-vogn-bunny\/","og_site_name":"Babylove Norska","article_modified_time":"2026-04-08T12:54:12+00:00","og_image":[{"width":963,"height":868,"url":"https:\/\/babylove.se\/no\/wp-content\/uploads\/sites\/3\/2025\/07\/65532c96976cd.jpeg","type":"image\/jpeg"}],"twitter_card":"summary_large_image","twitter_misc":{"Price":"699,00&nbsp;&#107;&#114;","Availability":"In stock"},"schema":{"@context":"https:\/\/schema.org","@graph":[{"@type":"WebPage","@id":"https:\/\/babylove.se\/no\/produkt\/jabadabado-lara-ga-vogn-bunny\/","url":"https:\/\/babylove.se\/no\/produkt\/jabadabado-lara-ga-vogn-bunny\/","name":"JaBaDaBaDo, l\u00e6r-\u00e5-g\u00e5-vogn, bunny - Babylove Norska","isPartOf":{"@id":"https:\/\/babylove.se\/no\/#website"},"primaryImageOfPage":{"@id":"https:\/\/babylove.se\/no\/produkt\/jabadabado-lara-ga-vogn-bunny\/#primaryimage"},"image":{"@id":"https:\/\/babylove.se\/no\/produkt\/jabadabado-lara-ga-vogn-bunny\/#primaryimage"},"thumbnailUrl":"https:\/\/babylove.se\/no\/wp-content\/uploads\/sites\/3\/2025\/07\/65532c96976cd.jpeg","datePublished":"2025-07-19T11:38:38+00:00","dateModified":"2026-04-08T12:54:12+00:00","breadcrumb":{"@id":"https:\/\/babylove.se\/no\/produkt\/jabadabado-lara-ga-vogn-bunny\/#breadcrumb"},"inLanguage":"nb-NO","potentialAction":[{"@type":"ReadAction","target":["https:\/\/babylove.se\/no\/produkt\/jabadabado-lara-ga-vogn-bunny\/"]}]},{"@type":"ImageObject","inLanguage":"nb-NO","@id":"https:\/\/babylove.se\/no\/produkt\/jabadabado-lara-ga-vogn-bunny\/#primaryimage","url":"https:\/\/babylove.se\/no\/wp-content\/uploads\/sites\/3\/2025\/07\/65532c96976cd.jpeg","contentUrl":"https:\/\/babylove.se\/no\/wp-content\/uploads\/sites\/3\/2025\/07\/65532c96976cd.jpeg","width":963,"height":868},{"@type":"BreadcrumbList","@id":"https:\/\/babylove.se\/no\/produkt\/jabadabado-lara-ga-vogn-bunny\/#breadcrumb","itemListElement":[{"@type":"ListItem","position":1,"name":"Hem","item":"https:\/\/babylove.se\/no\/"},{"@type":"ListItem","position":2,"name":"Butik","item":"https:\/\/babylove.se\/no\/butik\/"},{"@type":"ListItem","position":3,"name":"JaBaDaBaDo, l\u00e6r-\u00e5-g\u00e5-vogn, bunny"}]},{"@type":"WebSite","@id":"https:\/\/babylove.se\/no\/#website","url":"https:\/\/babylove.se\/no\/","name":"Babylove Norska","description":"","potentialAction":[{"@type":"SearchAction","target":{"@type":"EntryPoint","urlTemplate":"https:\/\/babylove.se\/no\/?s={search_term_string}"},"query-input":{"@type":"PropertyValueSpecification","valueRequired":true,"valueName":"search_term_string"}}],"inLanguage":"nb-NO"}]},"product_brand":"JaBaDaBaDo","product_price_amount":"699.00","product_price_currency":"SEK","og_availability":"instock","product_availability":"instock","product_retailer_item_id":"S1006","product_condition":"new"},"_links":{"self":[{"href":"https:\/\/babylove.se\/no\/wp-json\/wp\/v2\/product\/55807","targetHints":{"allow":["GET"]}}],"collection":[{"href":"https:\/\/babylove.se\/no\/wp-json\/wp\/v2\/product"}],"about":[{"href":"https:\/\/babylove.se\/no\/wp-json\/wp\/v2\/types\/product"}],"replies":[{"embeddable":true,"href":"https:\/\/babylove.se\/no\/wp-json\/wp\/v2\/comments?post=55807"}],"wp:featuredmedia":[{"embeddable":true,"href":"https:\/\/babylove.se\/no\/wp-json\/wp\/v2\/media\/55809"}],"wp:attachment":[{"href":"https:\/\/babylove.se\/no\/wp-json\/wp\/v2\/media?parent=55807"}],"wp:term":[{"taxonomy":"product_brand","embeddable":true,"href":"https:\/\/babylove.se\/no\/wp-json\/wp\/v2\/product_brand?post=55807"},{"taxonomy":"product_cat","embeddable":true,"href":"https:\/\/babylove.se\/no\/wp-json\/wp\/v2\/product_cat?post=55807"},{"taxonomy":"product_tag","embeddable":true,"href":"https:\/\/babylove.se\/no\/wp-json\/wp\/v2\/product_tag?post=55807"}],"curies":[{"name":"wp","href":"https:\/\/api.w.org\/{rel}","templated":true}]}}