{"id":55882,"date":"2025-07-19T12:39:28","date_gmt":"2025-07-19T11:39:28","guid":{"rendered":"https:\/\/babylove.se\/produkt\/vit-stor-hussang-bianca-duo-140x200-cm\/"},"modified":"2026-04-08T13:54:56","modified_gmt":"2026-04-08T12:54:56","slug":"hvit-stor-husheng-bianca-duo-140x200-cm","status":"publish","type":"product","link":"https:\/\/babylove.se\/no\/produkt\/hvit-stor-husheng-bianca-duo-140x200-cm\/","title":{"rendered":"Hvit stor husseng Bianca duo 140&#215;200 cm"},"content":{"rendered":"<p>Denne fantastiske husseng er helt h\u00e5ndlaget med stor lidenskap<em>, <\/em>av h\u00f8ykvalitets limtre.<br \/>\nLimtre har fordelen, sammenlignet med massivt tre, at de ikke sprekker og at det ikke finnes noen kvister som p\u00e5virker utseendet. <\/p>\n<p>En stabil og vakker seng av h\u00f8y kvalitet! <\/p>\n<ul>\n<li>Benh\u00f8yde &#8211; 1 cm<\/li>\n<li>Sengm\u00e5l: 140&#215;200 cm<\/li>\n<li>Totalm\u00e5l: 149&#215;209 cm<\/li>\n<li>Totalh\u00f8yde: 164,5 cm<\/li>\n<li>H\u00f8yde til der taket begynner: 90 cm<\/li>\n<li>H\u00f8yde p\u00e5 rekkverkene er 30 cm<\/li>\n<li>Ribbbunn f\u00f8lger med<\/li>\n<li>Maksvekt: 120 kg.<\/li>\n<\/ul>\n<p>Madrass f\u00f8lger ikke med, men ta gjerne en titt i v\u00e5rt store madrassutvalg. Vi anbefaler en skummadrass med tykkelse p\u00e5 ca 10-12 cm. <\/p>\n<p><em>OBS! Dette er en seng produsert og tilpasset for barn. <em>Sengen leveres umontert og b\u00f8r settes sammen i rommet den skal brukes i.<\/em><\/em><\/p>\n","protected":false},"excerpt":{"rendered":"<p>Denne fantastiske husseng er helt h\u00e5ndlaget med stor lidenskap, av h\u00f8ykvalitets limtre. Limtre har fordelen, sammenlignet med massivt tre, at de ikke sprekker og at det ikke finnes noen kvister som p\u00e5virker utseendet. En stabil og vakker seng av h\u00f8y kvalitet! Benh\u00f8yde &#8211; 1 cm Sengm\u00e5l: 140&#215;200 cm Totalm\u00e5l: 149&#215;209 cm Totalh\u00f8yde: 164,5 cm H\u00f8yde [&hellip;]<\/p>\n","protected":false},"featured_media":55884,"comment_status":"open","ping_status":"closed","template":"","meta":{"_acf_changed":false},"product_brand":[600],"product_cat":[602,399,217,269,940,280,40],"product_tag":[1689],"class_list":{"0":"post-55882","1":"product","2":"type-product","3":"status-publish","4":"has-post-thumbnail","6":"product_brand-luletto","7":"product_cat-babylove-lul","8":"product_cat-store-familiesenger-og-barnesenger","9":"product_cat-sengesanger","10":"product_cat-juniorsenger","11":"product_cat-luletto-rask-levering","12":"product_cat-senger-med-rask-levering","13":"product_cat-soverom-barn","14":"product_tag-bestillingsvaror","16":"first","17":"instock","18":"taxable","19":"shipping-taxable","20":"purchasable","21":"product-type-simple"},"acf":[],"yoast_head":"<!-- This site is optimized with the Yoast SEO Premium plugin v25.8 (Yoast SEO v27.2) - https:\/\/yoast.com\/product\/yoast-seo-premium-wordpress\/ -->\n<title>Huss\u00e4ng Bianca | Huss\u00e4ng till barnrummet | Babylove.se<\/title>\n<meta name=\"description\" content=\"Fantastisk Huss\u00e4ng i Tr\u00e4 i olika varianter ! - H\u00f6g Kvalitet - FRI Frakt \u00f6ver 999 kr - Snabba Leveranser - Betala med Klarna Faktura - V\u00e4lkommen!\" \/>\n<meta name=\"robots\" content=\"noindex, follow, max-snippet:-1, max-image-preview:large, max-video-preview:-1\" \/>\n<meta property=\"og:locale\" content=\"nb_NO\" \/>\n<meta property=\"og:type\" content=\"article\" \/>\n<meta property=\"og:title\" content=\"Hvit stor husseng Bianca duo 140x200 cm\" \/>\n<meta property=\"og:description\" content=\"Fantastisk Huss\u00e4ng i Tr\u00e4 i olika varianter ! - H\u00f6g Kvalitet - FRI Frakt \u00f6ver 999 kr - Snabba Leveranser - Betala med Klarna Faktura - V\u00e4lkommen!\" \/>\n<meta property=\"og:url\" content=\"https:\/\/babylove.se\/no\/produkt\/hvit-stor-husheng-bianca-duo-140x200-cm\/\" \/>\n<meta property=\"og:site_name\" content=\"Babylove Norska\" \/>\n<meta property=\"article:modified_time\" content=\"2026-04-08T12:54:56+00:00\" \/>\n<meta property=\"og:image\" content=\"https:\/\/babylove.se\/no\/wp-content\/uploads\/sites\/3\/2025\/07\/65684bd9ee48f.jpeg\" \/>\n\t<meta property=\"og:image:width\" content=\"736\" \/>\n\t<meta property=\"og:image:height\" content=\"736\" \/>\n\t<meta property=\"og:image:type\" content=\"image\/jpeg\" \/>\n<meta name=\"twitter:card\" content=\"summary_large_image\" \/>\n<meta name=\"twitter:label1\" content=\"Price\" \/>\n\t<meta name=\"twitter:data1\" content=\"9 299,00&nbsp;&#107;&#114;\" \/>\n\t<meta name=\"twitter:label2\" content=\"Availability\" \/>\n\t<meta name=\"twitter:data2\" content=\"In stock\" \/>\n<script type=\"application\/ld+json\" class=\"yoast-schema-graph\">{\"@context\":\"https:\/\/schema.org\",\"@graph\":[{\"@type\":\"WebPage\",\"@id\":\"https:\/\/babylove.se\/no\/produkt\/hvit-stor-husheng-bianca-duo-140x200-cm\/\",\"url\":\"https:\/\/babylove.se\/no\/produkt\/hvit-stor-husheng-bianca-duo-140x200-cm\/\",\"name\":\"Huss\u00e4ng Bianca | Huss\u00e4ng till barnrummet | Babylove.se\",\"isPartOf\":{\"@id\":\"https:\/\/babylove.se\/no\/#website\"},\"primaryImageOfPage\":{\"@id\":\"https:\/\/babylove.se\/no\/produkt\/hvit-stor-husheng-bianca-duo-140x200-cm\/#primaryimage\"},\"image\":{\"@id\":\"https:\/\/babylove.se\/no\/produkt\/hvit-stor-husheng-bianca-duo-140x200-cm\/#primaryimage\"},\"thumbnailUrl\":\"https:\/\/babylove.se\/no\/wp-content\/uploads\/sites\/3\/2025\/07\/65684bd9ee48f.jpeg\",\"datePublished\":\"2025-07-19T11:39:28+00:00\",\"dateModified\":\"2026-04-08T12:54:56+00:00\",\"description\":\"Fantastisk Huss\u00e4ng i Tr\u00e4 i olika varianter ! - H\u00f6g Kvalitet - FRI Frakt \u00f6ver 999 kr - Snabba Leveranser - Betala med Klarna Faktura - V\u00e4lkommen!\",\"breadcrumb\":{\"@id\":\"https:\/\/babylove.se\/no\/produkt\/hvit-stor-husheng-bianca-duo-140x200-cm\/#breadcrumb\"},\"inLanguage\":\"nb-NO\",\"potentialAction\":[{\"@type\":\"ReadAction\",\"target\":[\"https:\/\/babylove.se\/no\/produkt\/hvit-stor-husheng-bianca-duo-140x200-cm\/\"]}]},{\"@type\":\"ImageObject\",\"inLanguage\":\"nb-NO\",\"@id\":\"https:\/\/babylove.se\/no\/produkt\/hvit-stor-husheng-bianca-duo-140x200-cm\/#primaryimage\",\"url\":\"https:\/\/babylove.se\/no\/wp-content\/uploads\/sites\/3\/2025\/07\/65684bd9ee48f.jpeg\",\"contentUrl\":\"https:\/\/babylove.se\/no\/wp-content\/uploads\/sites\/3\/2025\/07\/65684bd9ee48f.jpeg\",\"width\":736,\"height\":736},{\"@type\":\"BreadcrumbList\",\"@id\":\"https:\/\/babylove.se\/no\/produkt\/hvit-stor-husheng-bianca-duo-140x200-cm\/#breadcrumb\",\"itemListElement\":[{\"@type\":\"ListItem\",\"position\":1,\"name\":\"Hem\",\"item\":\"https:\/\/babylove.se\/no\/\"},{\"@type\":\"ListItem\",\"position\":2,\"name\":\"Butik\",\"item\":\"https:\/\/babylove.se\/no\/butik\/\"},{\"@type\":\"ListItem\",\"position\":3,\"name\":\"Hvit stor husseng Bianca duo 140&#215;200 cm\"}]},{\"@type\":\"WebSite\",\"@id\":\"https:\/\/babylove.se\/no\/#website\",\"url\":\"https:\/\/babylove.se\/no\/\",\"name\":\"Babylove Norska\",\"description\":\"\",\"potentialAction\":[{\"@type\":\"SearchAction\",\"target\":{\"@type\":\"EntryPoint\",\"urlTemplate\":\"https:\/\/babylove.se\/no\/?s={search_term_string}\"},\"query-input\":{\"@type\":\"PropertyValueSpecification\",\"valueRequired\":true,\"valueName\":\"search_term_string\"}}],\"inLanguage\":\"nb-NO\"}]}<\/script>\n<meta property=\"product:brand\" content=\"Luletto\" \/>\n<meta property=\"product:price:amount\" content=\"9299.00\" \/>\n<meta property=\"product:price:currency\" content=\"SEK\" \/>\n<meta property=\"og:availability\" content=\"instock\" \/>\n<meta property=\"product:availability\" content=\"instock\" \/>\n<meta property=\"product:retailer_item_id\" content=\"62C9-62325\" \/>\n<meta property=\"product:condition\" content=\"new\" \/>\n<!-- \/ Yoast SEO Premium plugin. -->","yoast_head_json":{"title":"Huss\u00e4ng Bianca | Huss\u00e4ng till barnrummet | Babylove.se","description":"Fantastisk Huss\u00e4ng i Tr\u00e4 i olika varianter ! - H\u00f6g Kvalitet - FRI Frakt \u00f6ver 999 kr - Snabba Leveranser - Betala med Klarna Faktura - V\u00e4lkommen!","robots":{"index":"noindex","follow":"follow","max-snippet":"max-snippet:-1","max-image-preview":"max-image-preview:large","max-video-preview":"max-video-preview:-1"},"og_locale":"nb_NO","og_type":"article","og_title":"Hvit stor husseng Bianca duo 140x200 cm","og_description":"Fantastisk Huss\u00e4ng i Tr\u00e4 i olika varianter ! - H\u00f6g Kvalitet - FRI Frakt \u00f6ver 999 kr - Snabba Leveranser - Betala med Klarna Faktura - V\u00e4lkommen!","og_url":"https:\/\/babylove.se\/no\/produkt\/hvit-stor-husheng-bianca-duo-140x200-cm\/","og_site_name":"Babylove Norska","article_modified_time":"2026-04-08T12:54:56+00:00","og_image":[{"width":736,"height":736,"url":"https:\/\/babylove.se\/no\/wp-content\/uploads\/sites\/3\/2025\/07\/65684bd9ee48f.jpeg","type":"image\/jpeg"}],"twitter_card":"summary_large_image","twitter_misc":{"Price":"9 299,00&nbsp;&#107;&#114;","Availability":"In stock"},"schema":{"@context":"https:\/\/schema.org","@graph":[{"@type":"WebPage","@id":"https:\/\/babylove.se\/no\/produkt\/hvit-stor-husheng-bianca-duo-140x200-cm\/","url":"https:\/\/babylove.se\/no\/produkt\/hvit-stor-husheng-bianca-duo-140x200-cm\/","name":"Huss\u00e4ng Bianca | Huss\u00e4ng till barnrummet | Babylove.se","isPartOf":{"@id":"https:\/\/babylove.se\/no\/#website"},"primaryImageOfPage":{"@id":"https:\/\/babylove.se\/no\/produkt\/hvit-stor-husheng-bianca-duo-140x200-cm\/#primaryimage"},"image":{"@id":"https:\/\/babylove.se\/no\/produkt\/hvit-stor-husheng-bianca-duo-140x200-cm\/#primaryimage"},"thumbnailUrl":"https:\/\/babylove.se\/no\/wp-content\/uploads\/sites\/3\/2025\/07\/65684bd9ee48f.jpeg","datePublished":"2025-07-19T11:39:28+00:00","dateModified":"2026-04-08T12:54:56+00:00","description":"Fantastisk Huss\u00e4ng i Tr\u00e4 i olika varianter ! - H\u00f6g Kvalitet - FRI Frakt \u00f6ver 999 kr - Snabba Leveranser - Betala med Klarna Faktura - V\u00e4lkommen!","breadcrumb":{"@id":"https:\/\/babylove.se\/no\/produkt\/hvit-stor-husheng-bianca-duo-140x200-cm\/#breadcrumb"},"inLanguage":"nb-NO","potentialAction":[{"@type":"ReadAction","target":["https:\/\/babylove.se\/no\/produkt\/hvit-stor-husheng-bianca-duo-140x200-cm\/"]}]},{"@type":"ImageObject","inLanguage":"nb-NO","@id":"https:\/\/babylove.se\/no\/produkt\/hvit-stor-husheng-bianca-duo-140x200-cm\/#primaryimage","url":"https:\/\/babylove.se\/no\/wp-content\/uploads\/sites\/3\/2025\/07\/65684bd9ee48f.jpeg","contentUrl":"https:\/\/babylove.se\/no\/wp-content\/uploads\/sites\/3\/2025\/07\/65684bd9ee48f.jpeg","width":736,"height":736},{"@type":"BreadcrumbList","@id":"https:\/\/babylove.se\/no\/produkt\/hvit-stor-husheng-bianca-duo-140x200-cm\/#breadcrumb","itemListElement":[{"@type":"ListItem","position":1,"name":"Hem","item":"https:\/\/babylove.se\/no\/"},{"@type":"ListItem","position":2,"name":"Butik","item":"https:\/\/babylove.se\/no\/butik\/"},{"@type":"ListItem","position":3,"name":"Hvit stor husseng Bianca duo 140&#215;200 cm"}]},{"@type":"WebSite","@id":"https:\/\/babylove.se\/no\/#website","url":"https:\/\/babylove.se\/no\/","name":"Babylove Norska","description":"","potentialAction":[{"@type":"SearchAction","target":{"@type":"EntryPoint","urlTemplate":"https:\/\/babylove.se\/no\/?s={search_term_string}"},"query-input":{"@type":"PropertyValueSpecification","valueRequired":true,"valueName":"search_term_string"}}],"inLanguage":"nb-NO"}]},"product_brand":"Luletto","product_price_amount":"9299.00","product_price_currency":"SEK","og_availability":"instock","product_availability":"instock","product_retailer_item_id":"62C9-62325","product_condition":"new"},"_links":{"self":[{"href":"https:\/\/babylove.se\/no\/wp-json\/wp\/v2\/product\/55882","targetHints":{"allow":["GET"]}}],"collection":[{"href":"https:\/\/babylove.se\/no\/wp-json\/wp\/v2\/product"}],"about":[{"href":"https:\/\/babylove.se\/no\/wp-json\/wp\/v2\/types\/product"}],"replies":[{"embeddable":true,"href":"https:\/\/babylove.se\/no\/wp-json\/wp\/v2\/comments?post=55882"}],"wp:featuredmedia":[{"embeddable":true,"href":"https:\/\/babylove.se\/no\/wp-json\/wp\/v2\/media\/55884"}],"wp:attachment":[{"href":"https:\/\/babylove.se\/no\/wp-json\/wp\/v2\/media?parent=55882"}],"wp:term":[{"taxonomy":"product_brand","embeddable":true,"href":"https:\/\/babylove.se\/no\/wp-json\/wp\/v2\/product_brand?post=55882"},{"taxonomy":"product_cat","embeddable":true,"href":"https:\/\/babylove.se\/no\/wp-json\/wp\/v2\/product_cat?post=55882"},{"taxonomy":"product_tag","embeddable":true,"href":"https:\/\/babylove.se\/no\/wp-json\/wp\/v2\/product_tag?post=55882"}],"curies":[{"name":"wp","href":"https:\/\/api.w.org\/{rel}","templated":true}]}}