{"id":55968,"date":"2025-07-19T12:40:21","date_gmt":"2025-07-19T11:40:21","guid":{"rendered":"https:\/\/babylove.se\/produkt\/bini-sittpuff-utomhus-lily\/"},"modified":"2026-04-08T13:55:29","modified_gmt":"2026-04-08T12:55:29","slug":"bini-sittepute-utendors-lily","status":"publish","type":"product","link":"https:\/\/babylove.se\/no\/produkt\/bini-sittepute-utendors-lily\/","title":{"rendered":"Bini, sittepoef utend\u00f8rs, Lily"},"content":{"rendered":"<p>Den optimale sittepuffen for utend\u00f8rsbruk!&nbsp;<\/p>\n<p>N\u00e5 kan barnet ditt slappe av p\u00e5 balkongen, terrassen eller i hagen i den deilige sittepuffen som t\u00e5ler sol, vind, regn og til og med sn\u00f8.<\/p>\n<p>Bini er en meget deilig sittepuff som er designet med stor omhu, slik at barnet ditt kan sitte p\u00e5 den, ligge p\u00e5 den eller til og med leke p\u00e5 den. Innerposen inneholder en fylling av polypropen som er et perfekt materiale for en sittepuff, da den enkelt former seg etter kroppen og kroppens posisjon.<\/p>\n<p><strong>M\u00e5l<\/strong>: 75 \u00d7 20 cm<\/p>\n<p><strong>Materiale<\/strong>: 100 % vanntett polyester. Trekket kan vaskes i 30 grader.<\/p>\n<p>Designer: <a href=\"https:\/\/babylove.se\/varumarken\/bini\">Bini<\/a><\/p>\n","protected":false},"excerpt":{"rendered":"<p>Den optimale sittepuffen for utend\u00f8rsbruk!&nbsp; N\u00e5 kan barnet ditt slappe av p\u00e5 balkongen, terrassen eller i hagen i den deilige sittepuffen som t\u00e5ler sol, vind, regn og til og med sn\u00f8. Bini er en meget deilig sittepuff som er designet med stor omhu, slik at barnet ditt kan sitte p\u00e5 den, ligge p\u00e5 den eller [&hellip;]<\/p>\n","protected":false},"featured_media":55970,"comment_status":"closed","ping_status":"open","template":"","meta":{"_acf_changed":false},"product_brand":[734],"product_cat":[735,44,80],"product_tag":[1689],"class_list":{"0":"post-55968","1":"product","2":"type-product","3":"status-publish","4":"has-post-thumbnail","6":"product_brand-bini","7":"product_cat-bini","8":"product_cat-sitteputfer-saccosekker","9":"product_cat-stoler","10":"product_tag-bestillingsvaror","12":"first","13":"instock","14":"taxable","15":"shipping-taxable","16":"purchasable","17":"product-type-simple"},"acf":[],"yoast_head":"<!-- This site is optimized with the Yoast SEO Premium plugin v25.8 (Yoast SEO v27.2) - https:\/\/yoast.com\/product\/yoast-seo-premium-wordpress\/ -->\n<title>Bini, sittepoef utend\u00f8rs, Lily - Babylove Norska<\/title>\n<meta name=\"robots\" content=\"noindex, follow, max-snippet:-1, max-image-preview:large, max-video-preview:-1\" \/>\n<meta property=\"og:locale\" content=\"nb_NO\" \/>\n<meta property=\"og:type\" content=\"article\" \/>\n<meta property=\"og:title\" content=\"Bini, sittepoef utend\u00f8rs, Lily\" \/>\n<meta property=\"og:description\" content=\"Den optimale sittepuffen for utend\u00f8rsbruk!&nbsp; N\u00e5 kan barnet ditt slappe av p\u00e5 balkongen, terrassen eller i hagen i den deilige sittepuffen som t\u00e5ler sol, vind, regn og til og med sn\u00f8. Bini er en meget deilig sittepuff som er designet med stor omhu, slik at barnet ditt kan sitte p\u00e5 den, ligge p\u00e5 den eller [&hellip;]\" \/>\n<meta property=\"og:url\" content=\"https:\/\/babylove.se\/no\/produkt\/bini-sittepute-utendors-lily\/\" \/>\n<meta property=\"og:site_name\" content=\"Babylove Norska\" \/>\n<meta property=\"article:modified_time\" content=\"2026-04-08T12:55:29+00:00\" \/>\n<meta property=\"og:image\" content=\"https:\/\/babylove.se\/no\/wp-content\/uploads\/sites\/3\/2025\/07\/6572f070d2c8c.jpeg\" \/>\n\t<meta property=\"og:image:width\" content=\"1600\" \/>\n\t<meta property=\"og:image:height\" content=\"1556\" \/>\n\t<meta property=\"og:image:type\" content=\"image\/jpeg\" \/>\n<meta name=\"twitter:card\" content=\"summary_large_image\" \/>\n<meta name=\"twitter:label1\" content=\"Price\" \/>\n\t<meta name=\"twitter:data1\" content=\"1 999,00&nbsp;&#107;&#114;\" \/>\n\t<meta name=\"twitter:label2\" content=\"Availability\" \/>\n\t<meta name=\"twitter:data2\" content=\"In stock\" \/>\n<script type=\"application\/ld+json\" class=\"yoast-schema-graph\">{\"@context\":\"https:\/\/schema.org\",\"@graph\":[{\"@type\":\"WebPage\",\"@id\":\"https:\/\/babylove.se\/no\/produkt\/bini-sittepute-utendors-lily\/\",\"url\":\"https:\/\/babylove.se\/no\/produkt\/bini-sittepute-utendors-lily\/\",\"name\":\"Bini, sittepoef utend\u00f8rs, Lily - Babylove Norska\",\"isPartOf\":{\"@id\":\"https:\/\/babylove.se\/no\/#website\"},\"primaryImageOfPage\":{\"@id\":\"https:\/\/babylove.se\/no\/produkt\/bini-sittepute-utendors-lily\/#primaryimage\"},\"image\":{\"@id\":\"https:\/\/babylove.se\/no\/produkt\/bini-sittepute-utendors-lily\/#primaryimage\"},\"thumbnailUrl\":\"https:\/\/babylove.se\/no\/wp-content\/uploads\/sites\/3\/2025\/07\/6572f070d2c8c.jpeg\",\"datePublished\":\"2025-07-19T11:40:21+00:00\",\"dateModified\":\"2026-04-08T12:55:29+00:00\",\"breadcrumb\":{\"@id\":\"https:\/\/babylove.se\/no\/produkt\/bini-sittepute-utendors-lily\/#breadcrumb\"},\"inLanguage\":\"nb-NO\",\"potentialAction\":[{\"@type\":\"ReadAction\",\"target\":[\"https:\/\/babylove.se\/no\/produkt\/bini-sittepute-utendors-lily\/\"]}]},{\"@type\":\"ImageObject\",\"inLanguage\":\"nb-NO\",\"@id\":\"https:\/\/babylove.se\/no\/produkt\/bini-sittepute-utendors-lily\/#primaryimage\",\"url\":\"https:\/\/babylove.se\/no\/wp-content\/uploads\/sites\/3\/2025\/07\/6572f070d2c8c.jpeg\",\"contentUrl\":\"https:\/\/babylove.se\/no\/wp-content\/uploads\/sites\/3\/2025\/07\/6572f070d2c8c.jpeg\",\"width\":1600,\"height\":1556},{\"@type\":\"BreadcrumbList\",\"@id\":\"https:\/\/babylove.se\/no\/produkt\/bini-sittepute-utendors-lily\/#breadcrumb\",\"itemListElement\":[{\"@type\":\"ListItem\",\"position\":1,\"name\":\"Hem\",\"item\":\"https:\/\/babylove.se\/no\/\"},{\"@type\":\"ListItem\",\"position\":2,\"name\":\"Butik\",\"item\":\"https:\/\/babylove.se\/no\/butik\/\"},{\"@type\":\"ListItem\",\"position\":3,\"name\":\"Bini, sittepoef utend\u00f8rs, Lily\"}]},{\"@type\":\"WebSite\",\"@id\":\"https:\/\/babylove.se\/no\/#website\",\"url\":\"https:\/\/babylove.se\/no\/\",\"name\":\"Babylove Norska\",\"description\":\"\",\"potentialAction\":[{\"@type\":\"SearchAction\",\"target\":{\"@type\":\"EntryPoint\",\"urlTemplate\":\"https:\/\/babylove.se\/no\/?s={search_term_string}\"},\"query-input\":{\"@type\":\"PropertyValueSpecification\",\"valueRequired\":true,\"valueName\":\"search_term_string\"}}],\"inLanguage\":\"nb-NO\"}]}<\/script>\n<meta property=\"product:brand\" content=\"Bini\" \/>\n<meta property=\"product:price:amount\" content=\"1999.00\" \/>\n<meta property=\"product:price:currency\" content=\"SEK\" \/>\n<meta property=\"og:availability\" content=\"instock\" \/>\n<meta property=\"product:availability\" content=\"instock\" \/>\n<meta property=\"product:retailer_item_id\" content=\"02412\" \/>\n<meta property=\"product:condition\" content=\"new\" \/>\n<!-- \/ Yoast SEO Premium plugin. -->","yoast_head_json":{"title":"Bini, sittepoef utend\u00f8rs, Lily - Babylove Norska","robots":{"index":"noindex","follow":"follow","max-snippet":"max-snippet:-1","max-image-preview":"max-image-preview:large","max-video-preview":"max-video-preview:-1"},"og_locale":"nb_NO","og_type":"article","og_title":"Bini, sittepoef utend\u00f8rs, Lily","og_description":"Den optimale sittepuffen for utend\u00f8rsbruk!&nbsp; N\u00e5 kan barnet ditt slappe av p\u00e5 balkongen, terrassen eller i hagen i den deilige sittepuffen som t\u00e5ler sol, vind, regn og til og med sn\u00f8. Bini er en meget deilig sittepuff som er designet med stor omhu, slik at barnet ditt kan sitte p\u00e5 den, ligge p\u00e5 den eller [&hellip;]","og_url":"https:\/\/babylove.se\/no\/produkt\/bini-sittepute-utendors-lily\/","og_site_name":"Babylove Norska","article_modified_time":"2026-04-08T12:55:29+00:00","og_image":[{"width":1600,"height":1556,"url":"https:\/\/babylove.se\/no\/wp-content\/uploads\/sites\/3\/2025\/07\/6572f070d2c8c.jpeg","type":"image\/jpeg"}],"twitter_card":"summary_large_image","twitter_misc":{"Price":"1 999,00&nbsp;&#107;&#114;","Availability":"In stock"},"schema":{"@context":"https:\/\/schema.org","@graph":[{"@type":"WebPage","@id":"https:\/\/babylove.se\/no\/produkt\/bini-sittepute-utendors-lily\/","url":"https:\/\/babylove.se\/no\/produkt\/bini-sittepute-utendors-lily\/","name":"Bini, sittepoef utend\u00f8rs, Lily - Babylove Norska","isPartOf":{"@id":"https:\/\/babylove.se\/no\/#website"},"primaryImageOfPage":{"@id":"https:\/\/babylove.se\/no\/produkt\/bini-sittepute-utendors-lily\/#primaryimage"},"image":{"@id":"https:\/\/babylove.se\/no\/produkt\/bini-sittepute-utendors-lily\/#primaryimage"},"thumbnailUrl":"https:\/\/babylove.se\/no\/wp-content\/uploads\/sites\/3\/2025\/07\/6572f070d2c8c.jpeg","datePublished":"2025-07-19T11:40:21+00:00","dateModified":"2026-04-08T12:55:29+00:00","breadcrumb":{"@id":"https:\/\/babylove.se\/no\/produkt\/bini-sittepute-utendors-lily\/#breadcrumb"},"inLanguage":"nb-NO","potentialAction":[{"@type":"ReadAction","target":["https:\/\/babylove.se\/no\/produkt\/bini-sittepute-utendors-lily\/"]}]},{"@type":"ImageObject","inLanguage":"nb-NO","@id":"https:\/\/babylove.se\/no\/produkt\/bini-sittepute-utendors-lily\/#primaryimage","url":"https:\/\/babylove.se\/no\/wp-content\/uploads\/sites\/3\/2025\/07\/6572f070d2c8c.jpeg","contentUrl":"https:\/\/babylove.se\/no\/wp-content\/uploads\/sites\/3\/2025\/07\/6572f070d2c8c.jpeg","width":1600,"height":1556},{"@type":"BreadcrumbList","@id":"https:\/\/babylove.se\/no\/produkt\/bini-sittepute-utendors-lily\/#breadcrumb","itemListElement":[{"@type":"ListItem","position":1,"name":"Hem","item":"https:\/\/babylove.se\/no\/"},{"@type":"ListItem","position":2,"name":"Butik","item":"https:\/\/babylove.se\/no\/butik\/"},{"@type":"ListItem","position":3,"name":"Bini, sittepoef utend\u00f8rs, Lily"}]},{"@type":"WebSite","@id":"https:\/\/babylove.se\/no\/#website","url":"https:\/\/babylove.se\/no\/","name":"Babylove Norska","description":"","potentialAction":[{"@type":"SearchAction","target":{"@type":"EntryPoint","urlTemplate":"https:\/\/babylove.se\/no\/?s={search_term_string}"},"query-input":{"@type":"PropertyValueSpecification","valueRequired":true,"valueName":"search_term_string"}}],"inLanguage":"nb-NO"}]},"product_brand":"Bini","product_price_amount":"1999.00","product_price_currency":"SEK","og_availability":"instock","product_availability":"instock","product_retailer_item_id":"02412","product_condition":"new"},"_links":{"self":[{"href":"https:\/\/babylove.se\/no\/wp-json\/wp\/v2\/product\/55968","targetHints":{"allow":["GET"]}}],"collection":[{"href":"https:\/\/babylove.se\/no\/wp-json\/wp\/v2\/product"}],"about":[{"href":"https:\/\/babylove.se\/no\/wp-json\/wp\/v2\/types\/product"}],"replies":[{"embeddable":true,"href":"https:\/\/babylove.se\/no\/wp-json\/wp\/v2\/comments?post=55968"}],"wp:featuredmedia":[{"embeddable":true,"href":"https:\/\/babylove.se\/no\/wp-json\/wp\/v2\/media\/55970"}],"wp:attachment":[{"href":"https:\/\/babylove.se\/no\/wp-json\/wp\/v2\/media?parent=55968"}],"wp:term":[{"taxonomy":"product_brand","embeddable":true,"href":"https:\/\/babylove.se\/no\/wp-json\/wp\/v2\/product_brand?post=55968"},{"taxonomy":"product_cat","embeddable":true,"href":"https:\/\/babylove.se\/no\/wp-json\/wp\/v2\/product_cat?post=55968"},{"taxonomy":"product_tag","embeddable":true,"href":"https:\/\/babylove.se\/no\/wp-json\/wp\/v2\/product_tag?post=55968"}],"curies":[{"name":"wp","href":"https:\/\/api.w.org\/{rel}","templated":true}]}}