{"id":56001,"date":"2025-07-19T12:40:49","date_gmt":"2025-07-19T11:40:49","guid":{"rendered":"https:\/\/babylove.se\/produkt\/flexa-barnsang-enkelsang-90x200-cm-dots-deep-green\/"},"modified":"2026-04-08T13:55:38","modified_gmt":"2026-04-08T12:55:38","slug":"flexa-barneseng-enkeltseng-90x200-cm-dots-deep-green","status":"publish","type":"product","link":"https:\/\/babylove.se\/no\/produkt\/flexa-barneseng-enkeltseng-90x200-cm-dots-deep-green\/","title":{"rendered":"Flexa, barneseng enkelseng 90&#215;200 cm Dots, deep green"},"content":{"rendered":"<p>Sjekk ut denne fantastiske enkeltsengen designet av Charlotte H\u00f8ncke med moderne retro-look!<\/p>\n<p>Det gr\u00f8nnmalte treet med de vakre bena skaper en luksuri\u00f8s f\u00f8lelse og et tidl\u00f8st design som passer i alle typer barnerom, eller andre rom for den saks skyld. Alle kanter er avrundet, slik at barn ikke skal skade seg, og den er bevisst lav nok til at barnet selv skal kunne komme seg inn og ut av sengen.&nbsp;<\/p>\n<p>Legg til en haug med puter s\u00e5 forvandler sengen seg enkelt til en dagseng!<\/p>\n<p><strong>Tilvalg<\/strong>:&nbsp;<\/p>\n<ul>\n<li>St\u00f8ttebrett: velg mellom uten eller med.<\/li>\n<\/ul>\n<p><strong>M\u00e5l<\/strong>:<\/p>\n<ul>\n<li>Sengm\u00e5l: 90 x 200 cm.<\/li>\n<li>M\u00e5l seng: Bredde: 96 cm. Lengde: 204 cm. H\u00f8yde: 72 cm.<\/li>\n<li>M\u00e5l st\u00f8ttebrett: H\u00f8yde 24,5 cm. Lengde 100 cm.<\/li>\n<\/ul>\n<p><strong>Info<\/strong>:<\/p>\n<ul>\n<li>Anbefalt alder: 3 \u00e5r og oppover.<\/li>\n<li>Ribbbunn inng\u00e5r.<\/li>\n<li>Madras inng\u00e5r ikke. Vi anbefaler en skummadrass med tykkelse p\u00e5 ca 10-12 cm.<\/li>\n<\/ul>\n<p><strong>Materiale<\/strong>: MDF<\/p>\n<p>Designer: <a href=\"https:\/\/babylove.se\/varumarken\/flexa\">Flexa<\/a><\/p>\n<p><em><em><em><em><em>Obs! Sengen leveres umontert og b\u00f8r settes sammen i rommet den skal brukes i.<\/em><\/em><\/em><\/em><\/em><\/p>\n","protected":false},"excerpt":{"rendered":"<p>Sjekk ut denne fantastiske enkeltsengen designet av Charlotte H\u00f8ncke med moderne retro-look! Det gr\u00f8nnmalte treet med de vakre bena skaper en luksuri\u00f8s f\u00f8lelse og et tidl\u00f8st design som passer i alle typer barnerom, eller andre rom for den saks skyld. Alle kanter er avrundet, slik at barn ikke skal skade seg, og den er bevisst [&hellip;]<\/p>\n","protected":false},"featured_media":56003,"comment_status":"closed","ping_status":"open","template":"","meta":{"_acf_changed":false},"product_brand":[1611],"product_cat":[1612,269,40],"product_tag":[1689],"class_list":{"0":"post-56001","1":"product","2":"type-product","3":"status-publish","4":"has-post-thumbnail","6":"product_brand-flexa","7":"product_cat-flexa","8":"product_cat-juniorsenger","9":"product_cat-soverom-barn","10":"product_tag-bestillingsvaror","11":"pa_stodbrada-med","12":"pa_stodbrada-utan","14":"first","15":"outofstock","16":"taxable","17":"shipping-taxable","18":"purchasable","19":"product-type-variable"},"acf":[],"yoast_head":"<!-- This site is optimized with the Yoast SEO Premium plugin v25.8 (Yoast SEO v27.2) - https:\/\/yoast.com\/product\/yoast-seo-premium-wordpress\/ -->\n<title>Flexa, barneseng enkelseng 90x200 cm Dots, deep green - Babylove Norska<\/title>\n<meta name=\"robots\" content=\"noindex, follow, max-snippet:-1, max-image-preview:large, max-video-preview:-1\" \/>\n<meta property=\"og:locale\" content=\"nb_NO\" \/>\n<meta property=\"og:type\" content=\"article\" \/>\n<meta property=\"og:title\" content=\"Flexa, barneseng enkelseng 90x200 cm Dots, deep green\" \/>\n<meta property=\"og:description\" content=\"Sjekk ut denne fantastiske enkeltsengen designet av Charlotte H\u00f8ncke med moderne retro-look! Det gr\u00f8nnmalte treet med de vakre bena skaper en luksuri\u00f8s f\u00f8lelse og et tidl\u00f8st design som passer i alle typer barnerom, eller andre rom for den saks skyld. Alle kanter er avrundet, slik at barn ikke skal skade seg, og den er bevisst [&hellip;]\" \/>\n<meta property=\"og:url\" content=\"https:\/\/babylove.se\/no\/produkt\/flexa-barneseng-enkeltseng-90x200-cm-dots-deep-green\/\" \/>\n<meta property=\"og:site_name\" content=\"Babylove Norska\" \/>\n<meta property=\"article:modified_time\" content=\"2026-04-08T12:55:38+00:00\" \/>\n<meta property=\"og:image\" content=\"https:\/\/babylove.se\/no\/wp-content\/uploads\/sites\/3\/2025\/07\/6578285691e52.jpeg\" \/>\n\t<meta property=\"og:image:width\" content=\"1800\" \/>\n\t<meta property=\"og:image:height\" content=\"1350\" \/>\n\t<meta property=\"og:image:type\" content=\"image\/jpeg\" \/>\n<meta name=\"twitter:card\" content=\"summary_large_image\" \/>\n<meta name=\"twitter:label1\" content=\"Availability\" \/>\n\t<meta name=\"twitter:data1\" content=\"Out of stock\" \/>\n<script type=\"application\/ld+json\" class=\"yoast-schema-graph\">{\"@context\":\"https:\/\/schema.org\",\"@graph\":[{\"@type\":\"WebPage\",\"@id\":\"https:\/\/babylove.se\/no\/produkt\/flexa-barneseng-enkeltseng-90x200-cm-dots-deep-green\/\",\"url\":\"https:\/\/babylove.se\/no\/produkt\/flexa-barneseng-enkeltseng-90x200-cm-dots-deep-green\/\",\"name\":\"Flexa, barneseng enkelseng 90x200 cm Dots, deep green - Babylove Norska\",\"isPartOf\":{\"@id\":\"https:\/\/babylove.se\/no\/#website\"},\"primaryImageOfPage\":{\"@id\":\"https:\/\/babylove.se\/no\/produkt\/flexa-barneseng-enkeltseng-90x200-cm-dots-deep-green\/#primaryimage\"},\"image\":{\"@id\":\"https:\/\/babylove.se\/no\/produkt\/flexa-barneseng-enkeltseng-90x200-cm-dots-deep-green\/#primaryimage\"},\"thumbnailUrl\":\"https:\/\/babylove.se\/no\/wp-content\/uploads\/sites\/3\/2025\/07\/6578285691e52.jpeg\",\"datePublished\":\"2025-07-19T11:40:49+00:00\",\"dateModified\":\"2026-04-08T12:55:38+00:00\",\"breadcrumb\":{\"@id\":\"https:\/\/babylove.se\/no\/produkt\/flexa-barneseng-enkeltseng-90x200-cm-dots-deep-green\/#breadcrumb\"},\"inLanguage\":\"nb-NO\",\"potentialAction\":[{\"@type\":\"ReadAction\",\"target\":[\"https:\/\/babylove.se\/no\/produkt\/flexa-barneseng-enkeltseng-90x200-cm-dots-deep-green\/\"]}]},{\"@type\":\"ImageObject\",\"inLanguage\":\"nb-NO\",\"@id\":\"https:\/\/babylove.se\/no\/produkt\/flexa-barneseng-enkeltseng-90x200-cm-dots-deep-green\/#primaryimage\",\"url\":\"https:\/\/babylove.se\/no\/wp-content\/uploads\/sites\/3\/2025\/07\/6578285691e52.jpeg\",\"contentUrl\":\"https:\/\/babylove.se\/no\/wp-content\/uploads\/sites\/3\/2025\/07\/6578285691e52.jpeg\",\"width\":1800,\"height\":1350},{\"@type\":\"BreadcrumbList\",\"@id\":\"https:\/\/babylove.se\/no\/produkt\/flexa-barneseng-enkeltseng-90x200-cm-dots-deep-green\/#breadcrumb\",\"itemListElement\":[{\"@type\":\"ListItem\",\"position\":1,\"name\":\"Hem\",\"item\":\"https:\/\/babylove.se\/no\/\"},{\"@type\":\"ListItem\",\"position\":2,\"name\":\"Butik\",\"item\":\"https:\/\/babylove.se\/no\/butik\/\"},{\"@type\":\"ListItem\",\"position\":3,\"name\":\"Flexa, barneseng enkelseng 90&#215;200 cm Dots, deep green\"}]},{\"@type\":\"WebSite\",\"@id\":\"https:\/\/babylove.se\/no\/#website\",\"url\":\"https:\/\/babylove.se\/no\/\",\"name\":\"Babylove Norska\",\"description\":\"\",\"potentialAction\":[{\"@type\":\"SearchAction\",\"target\":{\"@type\":\"EntryPoint\",\"urlTemplate\":\"https:\/\/babylove.se\/no\/?s={search_term_string}\"},\"query-input\":{\"@type\":\"PropertyValueSpecification\",\"valueRequired\":true,\"valueName\":\"search_term_string\"}}],\"inLanguage\":\"nb-NO\"}]}<\/script>\n<meta property=\"product:brand\" content=\"Flexa\" \/>\n<meta property=\"og:availability\" content=\"out of stock\" \/>\n<meta property=\"product:availability\" content=\"out of stock\" \/>\n<meta property=\"product:retailer_item_id\" content=\"80-19101-130\" \/>\n<meta property=\"product:condition\" content=\"new\" \/>\n<!-- \/ Yoast SEO Premium plugin. -->","yoast_head_json":{"title":"Flexa, barneseng enkelseng 90x200 cm Dots, deep green - Babylove Norska","robots":{"index":"noindex","follow":"follow","max-snippet":"max-snippet:-1","max-image-preview":"max-image-preview:large","max-video-preview":"max-video-preview:-1"},"og_locale":"nb_NO","og_type":"article","og_title":"Flexa, barneseng enkelseng 90x200 cm Dots, deep green","og_description":"Sjekk ut denne fantastiske enkeltsengen designet av Charlotte H\u00f8ncke med moderne retro-look! Det gr\u00f8nnmalte treet med de vakre bena skaper en luksuri\u00f8s f\u00f8lelse og et tidl\u00f8st design som passer i alle typer barnerom, eller andre rom for den saks skyld. Alle kanter er avrundet, slik at barn ikke skal skade seg, og den er bevisst [&hellip;]","og_url":"https:\/\/babylove.se\/no\/produkt\/flexa-barneseng-enkeltseng-90x200-cm-dots-deep-green\/","og_site_name":"Babylove Norska","article_modified_time":"2026-04-08T12:55:38+00:00","og_image":[{"width":1800,"height":1350,"url":"https:\/\/babylove.se\/no\/wp-content\/uploads\/sites\/3\/2025\/07\/6578285691e52.jpeg","type":"image\/jpeg"}],"twitter_card":"summary_large_image","twitter_misc":{"Availability":"Out of stock"},"schema":{"@context":"https:\/\/schema.org","@graph":[{"@type":"WebPage","@id":"https:\/\/babylove.se\/no\/produkt\/flexa-barneseng-enkeltseng-90x200-cm-dots-deep-green\/","url":"https:\/\/babylove.se\/no\/produkt\/flexa-barneseng-enkeltseng-90x200-cm-dots-deep-green\/","name":"Flexa, barneseng enkelseng 90x200 cm Dots, deep green - Babylove Norska","isPartOf":{"@id":"https:\/\/babylove.se\/no\/#website"},"primaryImageOfPage":{"@id":"https:\/\/babylove.se\/no\/produkt\/flexa-barneseng-enkeltseng-90x200-cm-dots-deep-green\/#primaryimage"},"image":{"@id":"https:\/\/babylove.se\/no\/produkt\/flexa-barneseng-enkeltseng-90x200-cm-dots-deep-green\/#primaryimage"},"thumbnailUrl":"https:\/\/babylove.se\/no\/wp-content\/uploads\/sites\/3\/2025\/07\/6578285691e52.jpeg","datePublished":"2025-07-19T11:40:49+00:00","dateModified":"2026-04-08T12:55:38+00:00","breadcrumb":{"@id":"https:\/\/babylove.se\/no\/produkt\/flexa-barneseng-enkeltseng-90x200-cm-dots-deep-green\/#breadcrumb"},"inLanguage":"nb-NO","potentialAction":[{"@type":"ReadAction","target":["https:\/\/babylove.se\/no\/produkt\/flexa-barneseng-enkeltseng-90x200-cm-dots-deep-green\/"]}]},{"@type":"ImageObject","inLanguage":"nb-NO","@id":"https:\/\/babylove.se\/no\/produkt\/flexa-barneseng-enkeltseng-90x200-cm-dots-deep-green\/#primaryimage","url":"https:\/\/babylove.se\/no\/wp-content\/uploads\/sites\/3\/2025\/07\/6578285691e52.jpeg","contentUrl":"https:\/\/babylove.se\/no\/wp-content\/uploads\/sites\/3\/2025\/07\/6578285691e52.jpeg","width":1800,"height":1350},{"@type":"BreadcrumbList","@id":"https:\/\/babylove.se\/no\/produkt\/flexa-barneseng-enkeltseng-90x200-cm-dots-deep-green\/#breadcrumb","itemListElement":[{"@type":"ListItem","position":1,"name":"Hem","item":"https:\/\/babylove.se\/no\/"},{"@type":"ListItem","position":2,"name":"Butik","item":"https:\/\/babylove.se\/no\/butik\/"},{"@type":"ListItem","position":3,"name":"Flexa, barneseng enkelseng 90&#215;200 cm Dots, deep green"}]},{"@type":"WebSite","@id":"https:\/\/babylove.se\/no\/#website","url":"https:\/\/babylove.se\/no\/","name":"Babylove Norska","description":"","potentialAction":[{"@type":"SearchAction","target":{"@type":"EntryPoint","urlTemplate":"https:\/\/babylove.se\/no\/?s={search_term_string}"},"query-input":{"@type":"PropertyValueSpecification","valueRequired":true,"valueName":"search_term_string"}}],"inLanguage":"nb-NO"}]},"product_brand":"Flexa","og_availability":"out of stock","product_availability":"out of stock","product_retailer_item_id":"80-19101-130","product_condition":"new"},"_links":{"self":[{"href":"https:\/\/babylove.se\/no\/wp-json\/wp\/v2\/product\/56001","targetHints":{"allow":["GET"]}}],"collection":[{"href":"https:\/\/babylove.se\/no\/wp-json\/wp\/v2\/product"}],"about":[{"href":"https:\/\/babylove.se\/no\/wp-json\/wp\/v2\/types\/product"}],"replies":[{"embeddable":true,"href":"https:\/\/babylove.se\/no\/wp-json\/wp\/v2\/comments?post=56001"}],"wp:featuredmedia":[{"embeddable":true,"href":"https:\/\/babylove.se\/no\/wp-json\/wp\/v2\/media\/56003"}],"wp:attachment":[{"href":"https:\/\/babylove.se\/no\/wp-json\/wp\/v2\/media?parent=56001"}],"wp:term":[{"taxonomy":"product_brand","embeddable":true,"href":"https:\/\/babylove.se\/no\/wp-json\/wp\/v2\/product_brand?post=56001"},{"taxonomy":"product_cat","embeddable":true,"href":"https:\/\/babylove.se\/no\/wp-json\/wp\/v2\/product_cat?post=56001"},{"taxonomy":"product_tag","embeddable":true,"href":"https:\/\/babylove.se\/no\/wp-json\/wp\/v2\/product_tag?post=56001"}],"curies":[{"name":"wp","href":"https:\/\/api.w.org\/{rel}","templated":true}]}}