{"id":5615,"date":"2025-07-18T20:30:26","date_gmt":"2025-07-18T19:30:26","guid":{"rendered":"https:\/\/babylove.se\/produkt\/elodie-details-forvaringskorg-storemystuff-gold-shimmer\/"},"modified":"2026-04-08T08:19:48","modified_gmt":"2026-04-08T07:19:48","slug":"elodie-details-oppbevaringskurv-storemystuff-gold-shimmer","status":"publish","type":"product","link":"https:\/\/babylove.se\/no\/produkt\/elodie-details-oppbevaringskurv-storemystuff-gold-shimmer\/","title":{"rendered":"Elodie Details, Oppbevaringskurv, StoreMyStuff, Gold Shimmer"},"content":{"rendered":"<p><strong>Elodie Details, Oppbevaringskurv, StoreMyStuff, Gold Shimmer<\/strong><strong>&#8211; sendes innen 24 timer ! <\/strong><\/p>\n<p>Denne vakre oppbevaringskurven fra Elodie Details er ikke bare bra for \u00e5 holde orden i barnerommet, men ogs\u00e5 for \u00e5 skape en fin f\u00f8lelse n\u00e5r det gjelder din innredning. Oppbevaringskurven er designet for at barnet enkelt skal kunne komme til lekene sine, og like enkelt kunne rydde dem unna igjen. Oppbevaringskurven har to gode h\u00e5ndtak og materialet den er laget i er en garanti for at oppbevaringskurven ikke faller sammen n\u00e5r den er t\u00f8mt. <\/p>\n<p><strong>M\u00e5l<\/strong>: H\u00f8yde 35 cm og diameter 45 cm. <\/p>\n<p><strong>Materiale<\/strong>: 100% \u00f8ko-tex sertifisert bomullslerret. <\/p>\n<p>Oppbevaringskurven vaskes for h\u00e5nd eller leveres inn p\u00e5 renseri.<\/p>\n<p>Designer:<a href=\"https:\/\/babylove.se\/varumarken\/elodie-details\"><u> Elodie Details <\/u><\/a><\/p>\n","protected":false},"excerpt":{"rendered":"<p>Elodie Details, Oppbevaringskurv, StoreMyStuff, Gold Shimmer&#8211; sendes innen 24 timer ! Denne vakre oppbevaringskurven fra Elodie Details er ikke bare bra for \u00e5 holde orden i barnerommet, men ogs\u00e5 for \u00e5 skape en fin f\u00f8lelse n\u00e5r det gjelder din innredning. Oppbevaringskurven er designet for at barnet enkelt skal kunne komme til lekene sine, og like [&hellip;]<\/p>\n","protected":false},"featured_media":5617,"comment_status":"closed","ping_status":"open","template":"","meta":{"_acf_changed":false},"product_brand":[174],"product_cat":[175,26,43,48],"product_tag":[],"class_list":{"0":"post-5615","1":"product","2":"type-product","3":"status-publish","4":"has-post-thumbnail","6":"product_brand-elodie-details","7":"product_cat-elodie-details","8":"product_cat-kjop-produkter-som-ikke-bare-er-for-gutter","9":"product_cat-oppbevaringskurver","10":"product_cat-startside","12":"first","13":"outofstock","14":"taxable","15":"shipping-taxable","16":"purchasable","17":"product-type-simple"},"acf":[],"yoast_head":"<!-- This site is optimized with the Yoast SEO Premium plugin v25.8 (Yoast SEO v27.2) - https:\/\/yoast.com\/product\/yoast-seo-premium-wordpress\/ -->\n<title>Elodie Details, Oppbevaringskurv, StoreMyStuff, Gold Shimmer - Babylove Norska<\/title>\n<meta name=\"description\" content=\"Denna vackra f\u00f6rvaringskorg fr\u00e5n Elodie Details \u00e4r inte bara bra f\u00f6r att h\u00e5lla ordning i barnrummet, utan \u00e4ven en fin dekoration - skickas inom 24h !\" \/>\n<meta name=\"robots\" content=\"noindex, follow, max-snippet:-1, max-image-preview:large, max-video-preview:-1\" \/>\n<meta property=\"og:locale\" content=\"nb_NO\" \/>\n<meta property=\"og:type\" content=\"article\" \/>\n<meta property=\"og:title\" content=\"Elodie Details, Oppbevaringskurv, StoreMyStuff, Gold Shimmer\" \/>\n<meta property=\"og:description\" content=\"Denna vackra f\u00f6rvaringskorg fr\u00e5n Elodie Details \u00e4r inte bara bra f\u00f6r att h\u00e5lla ordning i barnrummet, utan \u00e4ven en fin dekoration - skickas inom 24h !\" \/>\n<meta property=\"og:url\" content=\"https:\/\/babylove.se\/no\/produkt\/elodie-details-oppbevaringskurv-storemystuff-gold-shimmer\/\" \/>\n<meta property=\"og:site_name\" content=\"Babylove Norska\" \/>\n<meta property=\"article:modified_time\" content=\"2026-04-08T07:19:48+00:00\" \/>\n<meta property=\"og:image\" content=\"https:\/\/babylove.se\/no\/wp-content\/uploads\/sites\/3\/2025\/07\/5a6864de9ddd4.jpeg\" \/>\n\t<meta property=\"og:image:width\" content=\"750\" \/>\n\t<meta property=\"og:image:height\" content=\"750\" \/>\n\t<meta property=\"og:image:type\" content=\"image\/jpeg\" \/>\n<meta name=\"twitter:card\" content=\"summary_large_image\" \/>\n<meta name=\"twitter:label1\" content=\"Price\" \/>\n\t<meta name=\"twitter:data1\" content=\"499,00&nbsp;&#107;&#114;\" \/>\n\t<meta name=\"twitter:label2\" content=\"Availability\" \/>\n\t<meta name=\"twitter:data2\" content=\"Out of stock\" \/>\n<script type=\"application\/ld+json\" class=\"yoast-schema-graph\">{\"@context\":\"https:\/\/schema.org\",\"@graph\":[{\"@type\":\"WebPage\",\"@id\":\"https:\/\/babylove.se\/no\/produkt\/elodie-details-oppbevaringskurv-storemystuff-gold-shimmer\/\",\"url\":\"https:\/\/babylove.se\/no\/produkt\/elodie-details-oppbevaringskurv-storemystuff-gold-shimmer\/\",\"name\":\"Elodie Details, Oppbevaringskurv, StoreMyStuff, Gold Shimmer - Babylove Norska\",\"isPartOf\":{\"@id\":\"https:\/\/babylove.se\/no\/#website\"},\"primaryImageOfPage\":{\"@id\":\"https:\/\/babylove.se\/no\/produkt\/elodie-details-oppbevaringskurv-storemystuff-gold-shimmer\/#primaryimage\"},\"image\":{\"@id\":\"https:\/\/babylove.se\/no\/produkt\/elodie-details-oppbevaringskurv-storemystuff-gold-shimmer\/#primaryimage\"},\"thumbnailUrl\":\"https:\/\/babylove.se\/no\/wp-content\/uploads\/sites\/3\/2025\/07\/5a6864de9ddd4.jpeg\",\"datePublished\":\"2025-07-18T19:30:26+00:00\",\"dateModified\":\"2026-04-08T07:19:48+00:00\",\"description\":\"Denna vackra f\u00f6rvaringskorg fr\u00e5n Elodie Details \u00e4r inte bara bra f\u00f6r att h\u00e5lla ordning i barnrummet, utan \u00e4ven en fin dekoration - skickas inom 24h !\",\"breadcrumb\":{\"@id\":\"https:\/\/babylove.se\/no\/produkt\/elodie-details-oppbevaringskurv-storemystuff-gold-shimmer\/#breadcrumb\"},\"inLanguage\":\"nb-NO\",\"potentialAction\":[{\"@type\":\"ReadAction\",\"target\":[\"https:\/\/babylove.se\/no\/produkt\/elodie-details-oppbevaringskurv-storemystuff-gold-shimmer\/\"]}]},{\"@type\":\"ImageObject\",\"inLanguage\":\"nb-NO\",\"@id\":\"https:\/\/babylove.se\/no\/produkt\/elodie-details-oppbevaringskurv-storemystuff-gold-shimmer\/#primaryimage\",\"url\":\"https:\/\/babylove.se\/no\/wp-content\/uploads\/sites\/3\/2025\/07\/5a6864de9ddd4.jpeg\",\"contentUrl\":\"https:\/\/babylove.se\/no\/wp-content\/uploads\/sites\/3\/2025\/07\/5a6864de9ddd4.jpeg\",\"width\":750,\"height\":750},{\"@type\":\"BreadcrumbList\",\"@id\":\"https:\/\/babylove.se\/no\/produkt\/elodie-details-oppbevaringskurv-storemystuff-gold-shimmer\/#breadcrumb\",\"itemListElement\":[{\"@type\":\"ListItem\",\"position\":1,\"name\":\"Hem\",\"item\":\"https:\/\/babylove.se\/no\/\"},{\"@type\":\"ListItem\",\"position\":2,\"name\":\"Butik\",\"item\":\"https:\/\/babylove.se\/no\/butik\/\"},{\"@type\":\"ListItem\",\"position\":3,\"name\":\"Elodie Details, Oppbevaringskurv, StoreMyStuff, Gold Shimmer\"}]},{\"@type\":\"WebSite\",\"@id\":\"https:\/\/babylove.se\/no\/#website\",\"url\":\"https:\/\/babylove.se\/no\/\",\"name\":\"Babylove Norska\",\"description\":\"\",\"potentialAction\":[{\"@type\":\"SearchAction\",\"target\":{\"@type\":\"EntryPoint\",\"urlTemplate\":\"https:\/\/babylove.se\/no\/?s={search_term_string}\"},\"query-input\":{\"@type\":\"PropertyValueSpecification\",\"valueRequired\":true,\"valueName\":\"search_term_string\"}}],\"inLanguage\":\"nb-NO\"}]}<\/script>\n<meta property=\"product:brand\" content=\"Elodie Details\" \/>\n<meta property=\"product:price:amount\" content=\"499.00\" \/>\n<meta property=\"product:price:currency\" content=\"SEK\" \/>\n<meta property=\"og:availability\" content=\"out of stock\" \/>\n<meta property=\"product:availability\" content=\"out of stock\" \/>\n<meta property=\"product:retailer_item_id\" content=\"1723\" \/>\n<meta property=\"product:condition\" content=\"new\" \/>\n<!-- \/ Yoast SEO Premium plugin. -->","yoast_head_json":{"title":"Elodie Details, Oppbevaringskurv, StoreMyStuff, Gold Shimmer - Babylove Norska","description":"Denna vackra f\u00f6rvaringskorg fr\u00e5n Elodie Details \u00e4r inte bara bra f\u00f6r att h\u00e5lla ordning i barnrummet, utan \u00e4ven en fin dekoration - skickas inom 24h !","robots":{"index":"noindex","follow":"follow","max-snippet":"max-snippet:-1","max-image-preview":"max-image-preview:large","max-video-preview":"max-video-preview:-1"},"og_locale":"nb_NO","og_type":"article","og_title":"Elodie Details, Oppbevaringskurv, StoreMyStuff, Gold Shimmer","og_description":"Denna vackra f\u00f6rvaringskorg fr\u00e5n Elodie Details \u00e4r inte bara bra f\u00f6r att h\u00e5lla ordning i barnrummet, utan \u00e4ven en fin dekoration - skickas inom 24h !","og_url":"https:\/\/babylove.se\/no\/produkt\/elodie-details-oppbevaringskurv-storemystuff-gold-shimmer\/","og_site_name":"Babylove Norska","article_modified_time":"2026-04-08T07:19:48+00:00","og_image":[{"width":750,"height":750,"url":"https:\/\/babylove.se\/no\/wp-content\/uploads\/sites\/3\/2025\/07\/5a6864de9ddd4.jpeg","type":"image\/jpeg"}],"twitter_card":"summary_large_image","twitter_misc":{"Price":"499,00&nbsp;&#107;&#114;","Availability":"Out of stock"},"schema":{"@context":"https:\/\/schema.org","@graph":[{"@type":"WebPage","@id":"https:\/\/babylove.se\/no\/produkt\/elodie-details-oppbevaringskurv-storemystuff-gold-shimmer\/","url":"https:\/\/babylove.se\/no\/produkt\/elodie-details-oppbevaringskurv-storemystuff-gold-shimmer\/","name":"Elodie Details, Oppbevaringskurv, StoreMyStuff, Gold Shimmer - Babylove Norska","isPartOf":{"@id":"https:\/\/babylove.se\/no\/#website"},"primaryImageOfPage":{"@id":"https:\/\/babylove.se\/no\/produkt\/elodie-details-oppbevaringskurv-storemystuff-gold-shimmer\/#primaryimage"},"image":{"@id":"https:\/\/babylove.se\/no\/produkt\/elodie-details-oppbevaringskurv-storemystuff-gold-shimmer\/#primaryimage"},"thumbnailUrl":"https:\/\/babylove.se\/no\/wp-content\/uploads\/sites\/3\/2025\/07\/5a6864de9ddd4.jpeg","datePublished":"2025-07-18T19:30:26+00:00","dateModified":"2026-04-08T07:19:48+00:00","description":"Denna vackra f\u00f6rvaringskorg fr\u00e5n Elodie Details \u00e4r inte bara bra f\u00f6r att h\u00e5lla ordning i barnrummet, utan \u00e4ven en fin dekoration - skickas inom 24h !","breadcrumb":{"@id":"https:\/\/babylove.se\/no\/produkt\/elodie-details-oppbevaringskurv-storemystuff-gold-shimmer\/#breadcrumb"},"inLanguage":"nb-NO","potentialAction":[{"@type":"ReadAction","target":["https:\/\/babylove.se\/no\/produkt\/elodie-details-oppbevaringskurv-storemystuff-gold-shimmer\/"]}]},{"@type":"ImageObject","inLanguage":"nb-NO","@id":"https:\/\/babylove.se\/no\/produkt\/elodie-details-oppbevaringskurv-storemystuff-gold-shimmer\/#primaryimage","url":"https:\/\/babylove.se\/no\/wp-content\/uploads\/sites\/3\/2025\/07\/5a6864de9ddd4.jpeg","contentUrl":"https:\/\/babylove.se\/no\/wp-content\/uploads\/sites\/3\/2025\/07\/5a6864de9ddd4.jpeg","width":750,"height":750},{"@type":"BreadcrumbList","@id":"https:\/\/babylove.se\/no\/produkt\/elodie-details-oppbevaringskurv-storemystuff-gold-shimmer\/#breadcrumb","itemListElement":[{"@type":"ListItem","position":1,"name":"Hem","item":"https:\/\/babylove.se\/no\/"},{"@type":"ListItem","position":2,"name":"Butik","item":"https:\/\/babylove.se\/no\/butik\/"},{"@type":"ListItem","position":3,"name":"Elodie Details, Oppbevaringskurv, StoreMyStuff, Gold Shimmer"}]},{"@type":"WebSite","@id":"https:\/\/babylove.se\/no\/#website","url":"https:\/\/babylove.se\/no\/","name":"Babylove Norska","description":"","potentialAction":[{"@type":"SearchAction","target":{"@type":"EntryPoint","urlTemplate":"https:\/\/babylove.se\/no\/?s={search_term_string}"},"query-input":{"@type":"PropertyValueSpecification","valueRequired":true,"valueName":"search_term_string"}}],"inLanguage":"nb-NO"}]},"product_brand":"Elodie Details","product_price_amount":"499.00","product_price_currency":"SEK","og_availability":"out of stock","product_availability":"out of stock","product_retailer_item_id":"1723","product_condition":"new"},"_links":{"self":[{"href":"https:\/\/babylove.se\/no\/wp-json\/wp\/v2\/product\/5615","targetHints":{"allow":["GET"]}}],"collection":[{"href":"https:\/\/babylove.se\/no\/wp-json\/wp\/v2\/product"}],"about":[{"href":"https:\/\/babylove.se\/no\/wp-json\/wp\/v2\/types\/product"}],"replies":[{"embeddable":true,"href":"https:\/\/babylove.se\/no\/wp-json\/wp\/v2\/comments?post=5615"}],"wp:featuredmedia":[{"embeddable":true,"href":"https:\/\/babylove.se\/no\/wp-json\/wp\/v2\/media\/5617"}],"wp:attachment":[{"href":"https:\/\/babylove.se\/no\/wp-json\/wp\/v2\/media?parent=5615"}],"wp:term":[{"taxonomy":"product_brand","embeddable":true,"href":"https:\/\/babylove.se\/no\/wp-json\/wp\/v2\/product_brand?post=5615"},{"taxonomy":"product_cat","embeddable":true,"href":"https:\/\/babylove.se\/no\/wp-json\/wp\/v2\/product_cat?post=5615"},{"taxonomy":"product_tag","embeddable":true,"href":"https:\/\/babylove.se\/no\/wp-json\/wp\/v2\/product_tag?post=5615"}],"curies":[{"name":"wp","href":"https:\/\/api.w.org\/{rel}","templated":true}]}}