{"id":56192,"date":"2025-07-19T12:43:59","date_gmt":"2025-07-19T11:43:59","guid":{"rendered":"https:\/\/babylove.se\/produkt\/rocket-kids-sock\/"},"modified":"2026-04-08T13:56:24","modified_gmt":"2026-04-08T12:56:24","slug":"rakett-barn-sokk","status":"publish","type":"product","link":"https:\/\/babylove.se\/no\/produkt\/rakett-barn-sokk\/","title":{"rendered":"Rocket Kids Sock &#8211; sokker for barn"},"content":{"rendered":"<p>En morsom barnestr\u00f8mpe med raketter som passer godt sammen med v\u00e5r str\u00f8mpe Rocket Sock. Finnes i st\u00f8rrelse 12-24m\u00e5neder og 2-4 \u00e5r. Morsom og behagelig med fargerikt motiv. Bli en del av Cool Socks familien og skill deg ut i mengden med et par str\u00f8mper fra oss! <\/p>\n<p>V\u00e5re str\u00f8mper med raketter er for deg som har sykt h\u00f8ytflyvende planer eller bare har en s\u00e6rlig stor interesse for rommet og alt det inneb\u00e6rer. Med disse str\u00f8mpene f\u00e5r du garantert vanskelig for \u00e5 holde begge f\u00f8ttene p\u00e5 bakken &#8211; men p\u00e5 den andre siden. Hvem har sagt at man trenger \u00e5 ha det? Bli b\u00e5de rask og stilig i v\u00e5re Raketter-og-planeter-str\u00f8mper! <\/p>\n<h4>Rocket Sock &#8211; materiale:<\/h4>\n<p>75% Bomull 20% Polyamid 5% Elastan <\/p>\n<h4>Vasker\u00e5d:<\/h4>\n<p><img loading=\"lazy\" decoding=\"async\" class=\"alignnone wp-image-4549 fr-fic fr-dii\" src=\"https:\/\/www.coolsocks.se\/wp-content\/uploads\/2017\/03\/Ta-hand-om-dina-strumpor-300x63.jpg\" alt=\"\" width=\"438\" height=\"92\" \/> <\/p>\n<p>Eller sp\u00f8r bestemor, bestem\u00f8dre pleier \u00e5 vite hvordan man vasker! \ud83d\ude09 <\/p>\n<p>&nbsp;<\/p>\n","protected":false},"excerpt":{"rendered":"<p>En morsom barnestr\u00f8mpe med raketter som passer godt sammen med v\u00e5r str\u00f8mpe Rocket Sock. Finnes i st\u00f8rrelse 12-24m\u00e5neder og 2-4 \u00e5r. Morsom og behagelig med fargerikt motiv. Bli en del av Cool Socks familien og skill deg ut i mengden med et par str\u00f8mper fra oss! V\u00e5re str\u00f8mper med raketter er for deg som har [&hellip;]<\/p>\n","protected":false},"featured_media":56194,"comment_status":"open","ping_status":"closed","template":"","meta":{"_acf_changed":false},"product_brand":[],"product_cat":[1777,288],"product_tag":[],"class_list":{"0":"post-56192","1":"product","2":"type-product","3":"status-publish","4":"has-post-thumbnail","6":"product_cat-ovrige-tekstiler","7":"product_cat-stromper","8":"pa_storlek-2-24-manader","9":"pa_storlek-2-4-ar","11":"first","12":"instock","13":"taxable","14":"shipping-taxable","15":"purchasable","16":"product-type-variable"},"acf":[],"yoast_head":"<!-- This site is optimized with the Yoast SEO Premium plugin v25.8 (Yoast SEO v27.2) - https:\/\/yoast.com\/product\/yoast-seo-premium-wordpress\/ -->\n<title>Rocket Kids Sock - sokker for barn - Babylove Norska<\/title>\n<meta name=\"robots\" content=\"noindex, follow, max-snippet:-1, max-image-preview:large, max-video-preview:-1\" \/>\n<meta property=\"og:locale\" content=\"nb_NO\" \/>\n<meta property=\"og:type\" content=\"article\" \/>\n<meta property=\"og:title\" content=\"Rocket Kids Sock - sokker for barn\" \/>\n<meta property=\"og:description\" content=\"En morsom barnestr\u00f8mpe med raketter som passer godt sammen med v\u00e5r str\u00f8mpe Rocket Sock. Finnes i st\u00f8rrelse 12-24m\u00e5neder og 2-4 \u00e5r. Morsom og behagelig med fargerikt motiv. Bli en del av Cool Socks familien og skill deg ut i mengden med et par str\u00f8mper fra oss! V\u00e5re str\u00f8mper med raketter er for deg som har [&hellip;]\" \/>\n<meta property=\"og:url\" content=\"https:\/\/babylove.se\/no\/produkt\/rakett-barn-sokk\/\" \/>\n<meta property=\"og:site_name\" content=\"Babylove Norska\" \/>\n<meta property=\"article:modified_time\" content=\"2026-04-08T12:56:24+00:00\" \/>\n<meta property=\"og:image\" content=\"https:\/\/babylove.se\/no\/wp-content\/uploads\/sites\/3\/2025\/07\/67b48c586e422.jpeg\" \/>\n\t<meta property=\"og:image:width\" content=\"1080\" \/>\n\t<meta property=\"og:image:height\" content=\"1080\" \/>\n\t<meta property=\"og:image:type\" content=\"image\/jpeg\" \/>\n<meta name=\"twitter:card\" content=\"summary_large_image\" \/>\n<meta name=\"twitter:label1\" content=\"Availability\" \/>\n\t<meta name=\"twitter:data1\" content=\"In stock\" \/>\n<script type=\"application\/ld+json\" class=\"yoast-schema-graph\">{\"@context\":\"https:\/\/schema.org\",\"@graph\":[{\"@type\":\"WebPage\",\"@id\":\"https:\/\/babylove.se\/no\/produkt\/rakett-barn-sokk\/\",\"url\":\"https:\/\/babylove.se\/no\/produkt\/rakett-barn-sokk\/\",\"name\":\"Rocket Kids Sock - sokker for barn - Babylove Norska\",\"isPartOf\":{\"@id\":\"https:\/\/babylove.se\/no\/#website\"},\"primaryImageOfPage\":{\"@id\":\"https:\/\/babylove.se\/no\/produkt\/rakett-barn-sokk\/#primaryimage\"},\"image\":{\"@id\":\"https:\/\/babylove.se\/no\/produkt\/rakett-barn-sokk\/#primaryimage\"},\"thumbnailUrl\":\"https:\/\/babylove.se\/no\/wp-content\/uploads\/sites\/3\/2025\/07\/67b48c586e422.jpeg\",\"datePublished\":\"2025-07-19T11:43:59+00:00\",\"dateModified\":\"2026-04-08T12:56:24+00:00\",\"breadcrumb\":{\"@id\":\"https:\/\/babylove.se\/no\/produkt\/rakett-barn-sokk\/#breadcrumb\"},\"inLanguage\":\"nb-NO\",\"potentialAction\":[{\"@type\":\"ReadAction\",\"target\":[\"https:\/\/babylove.se\/no\/produkt\/rakett-barn-sokk\/\"]}]},{\"@type\":\"ImageObject\",\"inLanguage\":\"nb-NO\",\"@id\":\"https:\/\/babylove.se\/no\/produkt\/rakett-barn-sokk\/#primaryimage\",\"url\":\"https:\/\/babylove.se\/no\/wp-content\/uploads\/sites\/3\/2025\/07\/67b48c586e422.jpeg\",\"contentUrl\":\"https:\/\/babylove.se\/no\/wp-content\/uploads\/sites\/3\/2025\/07\/67b48c586e422.jpeg\",\"width\":1080,\"height\":1080},{\"@type\":\"BreadcrumbList\",\"@id\":\"https:\/\/babylove.se\/no\/produkt\/rakett-barn-sokk\/#breadcrumb\",\"itemListElement\":[{\"@type\":\"ListItem\",\"position\":1,\"name\":\"Hem\",\"item\":\"https:\/\/babylove.se\/no\/\"},{\"@type\":\"ListItem\",\"position\":2,\"name\":\"Butik\",\"item\":\"https:\/\/babylove.se\/no\/butik\/\"},{\"@type\":\"ListItem\",\"position\":3,\"name\":\"Rocket Kids Sock &#8211; sokker for barn\"}]},{\"@type\":\"WebSite\",\"@id\":\"https:\/\/babylove.se\/no\/#website\",\"url\":\"https:\/\/babylove.se\/no\/\",\"name\":\"Babylove Norska\",\"description\":\"\",\"potentialAction\":[{\"@type\":\"SearchAction\",\"target\":{\"@type\":\"EntryPoint\",\"urlTemplate\":\"https:\/\/babylove.se\/no\/?s={search_term_string}\"},\"query-input\":{\"@type\":\"PropertyValueSpecification\",\"valueRequired\":true,\"valueName\":\"search_term_string\"}}],\"inLanguage\":\"nb-NO\"}]}<\/script>\n<meta property=\"og:availability\" content=\"instock\" \/>\n<meta property=\"product:availability\" content=\"instock\" \/>\n<meta property=\"product:retailer_item_id\" content=\"Rocket_Kids_Sock\" \/>\n<meta property=\"product:condition\" content=\"new\" \/>\n<!-- \/ Yoast SEO Premium plugin. -->","yoast_head_json":{"title":"Rocket Kids Sock - sokker for barn - Babylove Norska","robots":{"index":"noindex","follow":"follow","max-snippet":"max-snippet:-1","max-image-preview":"max-image-preview:large","max-video-preview":"max-video-preview:-1"},"og_locale":"nb_NO","og_type":"article","og_title":"Rocket Kids Sock - sokker for barn","og_description":"En morsom barnestr\u00f8mpe med raketter som passer godt sammen med v\u00e5r str\u00f8mpe Rocket Sock. Finnes i st\u00f8rrelse 12-24m\u00e5neder og 2-4 \u00e5r. Morsom og behagelig med fargerikt motiv. Bli en del av Cool Socks familien og skill deg ut i mengden med et par str\u00f8mper fra oss! V\u00e5re str\u00f8mper med raketter er for deg som har [&hellip;]","og_url":"https:\/\/babylove.se\/no\/produkt\/rakett-barn-sokk\/","og_site_name":"Babylove Norska","article_modified_time":"2026-04-08T12:56:24+00:00","og_image":[{"width":1080,"height":1080,"url":"https:\/\/babylove.se\/no\/wp-content\/uploads\/sites\/3\/2025\/07\/67b48c586e422.jpeg","type":"image\/jpeg"}],"twitter_card":"summary_large_image","twitter_misc":{"Availability":"In stock"},"schema":{"@context":"https:\/\/schema.org","@graph":[{"@type":"WebPage","@id":"https:\/\/babylove.se\/no\/produkt\/rakett-barn-sokk\/","url":"https:\/\/babylove.se\/no\/produkt\/rakett-barn-sokk\/","name":"Rocket Kids Sock - sokker for barn - Babylove Norska","isPartOf":{"@id":"https:\/\/babylove.se\/no\/#website"},"primaryImageOfPage":{"@id":"https:\/\/babylove.se\/no\/produkt\/rakett-barn-sokk\/#primaryimage"},"image":{"@id":"https:\/\/babylove.se\/no\/produkt\/rakett-barn-sokk\/#primaryimage"},"thumbnailUrl":"https:\/\/babylove.se\/no\/wp-content\/uploads\/sites\/3\/2025\/07\/67b48c586e422.jpeg","datePublished":"2025-07-19T11:43:59+00:00","dateModified":"2026-04-08T12:56:24+00:00","breadcrumb":{"@id":"https:\/\/babylove.se\/no\/produkt\/rakett-barn-sokk\/#breadcrumb"},"inLanguage":"nb-NO","potentialAction":[{"@type":"ReadAction","target":["https:\/\/babylove.se\/no\/produkt\/rakett-barn-sokk\/"]}]},{"@type":"ImageObject","inLanguage":"nb-NO","@id":"https:\/\/babylove.se\/no\/produkt\/rakett-barn-sokk\/#primaryimage","url":"https:\/\/babylove.se\/no\/wp-content\/uploads\/sites\/3\/2025\/07\/67b48c586e422.jpeg","contentUrl":"https:\/\/babylove.se\/no\/wp-content\/uploads\/sites\/3\/2025\/07\/67b48c586e422.jpeg","width":1080,"height":1080},{"@type":"BreadcrumbList","@id":"https:\/\/babylove.se\/no\/produkt\/rakett-barn-sokk\/#breadcrumb","itemListElement":[{"@type":"ListItem","position":1,"name":"Hem","item":"https:\/\/babylove.se\/no\/"},{"@type":"ListItem","position":2,"name":"Butik","item":"https:\/\/babylove.se\/no\/butik\/"},{"@type":"ListItem","position":3,"name":"Rocket Kids Sock &#8211; sokker for barn"}]},{"@type":"WebSite","@id":"https:\/\/babylove.se\/no\/#website","url":"https:\/\/babylove.se\/no\/","name":"Babylove Norska","description":"","potentialAction":[{"@type":"SearchAction","target":{"@type":"EntryPoint","urlTemplate":"https:\/\/babylove.se\/no\/?s={search_term_string}"},"query-input":{"@type":"PropertyValueSpecification","valueRequired":true,"valueName":"search_term_string"}}],"inLanguage":"nb-NO"}]},"og_availability":"instock","product_availability":"instock","product_retailer_item_id":"Rocket_Kids_Sock","product_condition":"new"},"_links":{"self":[{"href":"https:\/\/babylove.se\/no\/wp-json\/wp\/v2\/product\/56192","targetHints":{"allow":["GET"]}}],"collection":[{"href":"https:\/\/babylove.se\/no\/wp-json\/wp\/v2\/product"}],"about":[{"href":"https:\/\/babylove.se\/no\/wp-json\/wp\/v2\/types\/product"}],"replies":[{"embeddable":true,"href":"https:\/\/babylove.se\/no\/wp-json\/wp\/v2\/comments?post=56192"}],"wp:featuredmedia":[{"embeddable":true,"href":"https:\/\/babylove.se\/no\/wp-json\/wp\/v2\/media\/56194"}],"wp:attachment":[{"href":"https:\/\/babylove.se\/no\/wp-json\/wp\/v2\/media?parent=56192"}],"wp:term":[{"taxonomy":"product_brand","embeddable":true,"href":"https:\/\/babylove.se\/no\/wp-json\/wp\/v2\/product_brand?post=56192"},{"taxonomy":"product_cat","embeddable":true,"href":"https:\/\/babylove.se\/no\/wp-json\/wp\/v2\/product_cat?post=56192"},{"taxonomy":"product_tag","embeddable":true,"href":"https:\/\/babylove.se\/no\/wp-json\/wp\/v2\/product_tag?post=56192"}],"curies":[{"name":"wp","href":"https:\/\/api.w.org\/{rel}","templated":true}]}}