{"id":56210,"date":"2025-07-19T12:44:16","date_gmt":"2025-07-19T11:44:16","guid":{"rendered":"https:\/\/babylove.se\/produkt\/flamingo-kids-sock\/"},"modified":"2026-04-08T13:56:36","modified_gmt":"2026-04-08T12:56:36","slug":"flamingo-barn-sokk","status":"publish","type":"product","link":"https:\/\/babylove.se\/no\/produkt\/flamingo-barn-sokk\/","title":{"rendered":"Flamingo Kids Sock &#8211; sokker for barn"},"content":{"rendered":"<p>Flamingo Kids Sock <\/p>\n<p>Barne sokker i svart med rosa flamingo. Flamingo Sock er v\u00e5r absolutte favoritt og disse barnesokkene er minst like flotte som voksenversjonen. Passer ekstra godt til den som vil matche med mamma eller papa! <\/p>\n<h4>Flamingo Kids Sock &#8211; materiale:<\/h4>\n<p>75% Bomull 20% Polyamid 5% Elastan <\/p>\n<h4>Vasker\u00e5d:<\/h4>\n<p><img loading=\"lazy\" decoding=\"async\" class=\"alignnone wp-image-4549 fr-fic fr-dii\" src=\"https:\/\/www.coolsocks.se\/wp-content\/uploads\/2017\/03\/Ta-hand-om-dina-strumpor-300x63.jpg\" alt=\"\" width=\"438\" height=\"92\" \/> <\/p>\n<p>Be mamma om hjelp hvis det f\u00f8les for mye! <\/p>\n<p>Vi sender din bestilling direkte hjem til deg alternativt til ditt n\u00e6rmeste utleveringssted. Vil du gi bort bestillingen til en langtvekkboende venn kan du i stedet velge \u00e5 f\u00e5 pakken sendt direkte til din venn.<\/p>\n","protected":false},"excerpt":{"rendered":"<p>Flamingo Kids Sock Barne sokker i svart med rosa flamingo. Flamingo Sock er v\u00e5r absolutte favoritt og disse barnesokkene er minst like flotte som voksenversjonen. Passer ekstra godt til den som vil matche med mamma eller papa! Flamingo Kids Sock &#8211; materiale: 75% Bomull 20% Polyamid 5% Elastan Vasker\u00e5d: Be mamma om hjelp hvis det [&hellip;]<\/p>\n","protected":false},"featured_media":56212,"comment_status":"open","ping_status":"closed","template":"","meta":{"_acf_changed":false},"product_brand":[],"product_cat":[1777,288],"product_tag":[],"class_list":{"0":"post-56210","1":"product","2":"type-product","3":"status-publish","4":"has-post-thumbnail","6":"product_cat-ovrige-tekstiler","7":"product_cat-stromper","8":"pa_storlek-2-24manader","9":"pa_storlek-2-4ar","11":"first","12":"instock","13":"taxable","14":"shipping-taxable","15":"purchasable","16":"product-type-variable"},"acf":[],"yoast_head":"<!-- This site is optimized with the Yoast SEO Premium plugin v25.8 (Yoast SEO v27.2) - https:\/\/yoast.com\/product\/yoast-seo-premium-wordpress\/ -->\n<title>Flamingo Kids Sock - sokker for barn - Babylove Norska<\/title>\n<meta name=\"robots\" content=\"noindex, follow, max-snippet:-1, max-image-preview:large, max-video-preview:-1\" \/>\n<meta property=\"og:locale\" content=\"nb_NO\" \/>\n<meta property=\"og:type\" content=\"article\" \/>\n<meta property=\"og:title\" content=\"Flamingo Kids Sock - sokker for barn\" \/>\n<meta property=\"og:description\" content=\"Flamingo Kids Sock Barne sokker i svart med rosa flamingo. Flamingo Sock er v\u00e5r absolutte favoritt og disse barnesokkene er minst like flotte som voksenversjonen. Passer ekstra godt til den som vil matche med mamma eller papa! Flamingo Kids Sock &#8211; materiale: 75% Bomull 20% Polyamid 5% Elastan Vasker\u00e5d: Be mamma om hjelp hvis det [&hellip;]\" \/>\n<meta property=\"og:url\" content=\"https:\/\/babylove.se\/no\/produkt\/flamingo-barn-sokk\/\" \/>\n<meta property=\"og:site_name\" content=\"Babylove Norska\" \/>\n<meta property=\"article:modified_time\" content=\"2026-04-08T12:56:36+00:00\" \/>\n<meta property=\"og:image\" content=\"https:\/\/babylove.se\/no\/wp-content\/uploads\/sites\/3\/2025\/07\/657acede68a0b.png\" \/>\n\t<meta property=\"og:image:width\" content=\"300\" \/>\n\t<meta property=\"og:image:height\" content=\"300\" \/>\n\t<meta property=\"og:image:type\" content=\"image\/png\" \/>\n<meta name=\"twitter:card\" content=\"summary_large_image\" \/>\n<meta name=\"twitter:label1\" content=\"Availability\" \/>\n\t<meta name=\"twitter:data1\" content=\"In stock\" \/>\n<script type=\"application\/ld+json\" class=\"yoast-schema-graph\">{\"@context\":\"https:\/\/schema.org\",\"@graph\":[{\"@type\":\"WebPage\",\"@id\":\"https:\/\/babylove.se\/no\/produkt\/flamingo-barn-sokk\/\",\"url\":\"https:\/\/babylove.se\/no\/produkt\/flamingo-barn-sokk\/\",\"name\":\"Flamingo Kids Sock - sokker for barn - Babylove Norska\",\"isPartOf\":{\"@id\":\"https:\/\/babylove.se\/no\/#website\"},\"primaryImageOfPage\":{\"@id\":\"https:\/\/babylove.se\/no\/produkt\/flamingo-barn-sokk\/#primaryimage\"},\"image\":{\"@id\":\"https:\/\/babylove.se\/no\/produkt\/flamingo-barn-sokk\/#primaryimage\"},\"thumbnailUrl\":\"https:\/\/babylove.se\/no\/wp-content\/uploads\/sites\/3\/2025\/07\/657acede68a0b.png\",\"datePublished\":\"2025-07-19T11:44:16+00:00\",\"dateModified\":\"2026-04-08T12:56:36+00:00\",\"breadcrumb\":{\"@id\":\"https:\/\/babylove.se\/no\/produkt\/flamingo-barn-sokk\/#breadcrumb\"},\"inLanguage\":\"nb-NO\",\"potentialAction\":[{\"@type\":\"ReadAction\",\"target\":[\"https:\/\/babylove.se\/no\/produkt\/flamingo-barn-sokk\/\"]}]},{\"@type\":\"ImageObject\",\"inLanguage\":\"nb-NO\",\"@id\":\"https:\/\/babylove.se\/no\/produkt\/flamingo-barn-sokk\/#primaryimage\",\"url\":\"https:\/\/babylove.se\/no\/wp-content\/uploads\/sites\/3\/2025\/07\/657acede68a0b.png\",\"contentUrl\":\"https:\/\/babylove.se\/no\/wp-content\/uploads\/sites\/3\/2025\/07\/657acede68a0b.png\",\"width\":300,\"height\":300},{\"@type\":\"BreadcrumbList\",\"@id\":\"https:\/\/babylove.se\/no\/produkt\/flamingo-barn-sokk\/#breadcrumb\",\"itemListElement\":[{\"@type\":\"ListItem\",\"position\":1,\"name\":\"Hem\",\"item\":\"https:\/\/babylove.se\/no\/\"},{\"@type\":\"ListItem\",\"position\":2,\"name\":\"Butik\",\"item\":\"https:\/\/babylove.se\/no\/butik\/\"},{\"@type\":\"ListItem\",\"position\":3,\"name\":\"Flamingo Kids Sock &#8211; sokker for barn\"}]},{\"@type\":\"WebSite\",\"@id\":\"https:\/\/babylove.se\/no\/#website\",\"url\":\"https:\/\/babylove.se\/no\/\",\"name\":\"Babylove Norska\",\"description\":\"\",\"potentialAction\":[{\"@type\":\"SearchAction\",\"target\":{\"@type\":\"EntryPoint\",\"urlTemplate\":\"https:\/\/babylove.se\/no\/?s={search_term_string}\"},\"query-input\":{\"@type\":\"PropertyValueSpecification\",\"valueRequired\":true,\"valueName\":\"search_term_string\"}}],\"inLanguage\":\"nb-NO\"}]}<\/script>\n<meta property=\"og:availability\" content=\"instock\" \/>\n<meta property=\"product:availability\" content=\"instock\" \/>\n<meta property=\"product:retailer_item_id\" content=\"Flamingo_Kids_Sock\" \/>\n<meta property=\"product:condition\" content=\"new\" \/>\n<!-- \/ Yoast SEO Premium plugin. -->","yoast_head_json":{"title":"Flamingo Kids Sock - sokker for barn - Babylove Norska","robots":{"index":"noindex","follow":"follow","max-snippet":"max-snippet:-1","max-image-preview":"max-image-preview:large","max-video-preview":"max-video-preview:-1"},"og_locale":"nb_NO","og_type":"article","og_title":"Flamingo Kids Sock - sokker for barn","og_description":"Flamingo Kids Sock Barne sokker i svart med rosa flamingo. Flamingo Sock er v\u00e5r absolutte favoritt og disse barnesokkene er minst like flotte som voksenversjonen. Passer ekstra godt til den som vil matche med mamma eller papa! Flamingo Kids Sock &#8211; materiale: 75% Bomull 20% Polyamid 5% Elastan Vasker\u00e5d: Be mamma om hjelp hvis det [&hellip;]","og_url":"https:\/\/babylove.se\/no\/produkt\/flamingo-barn-sokk\/","og_site_name":"Babylove Norska","article_modified_time":"2026-04-08T12:56:36+00:00","og_image":[{"width":300,"height":300,"url":"https:\/\/babylove.se\/no\/wp-content\/uploads\/sites\/3\/2025\/07\/657acede68a0b.png","type":"image\/png"}],"twitter_card":"summary_large_image","twitter_misc":{"Availability":"In stock"},"schema":{"@context":"https:\/\/schema.org","@graph":[{"@type":"WebPage","@id":"https:\/\/babylove.se\/no\/produkt\/flamingo-barn-sokk\/","url":"https:\/\/babylove.se\/no\/produkt\/flamingo-barn-sokk\/","name":"Flamingo Kids Sock - sokker for barn - Babylove Norska","isPartOf":{"@id":"https:\/\/babylove.se\/no\/#website"},"primaryImageOfPage":{"@id":"https:\/\/babylove.se\/no\/produkt\/flamingo-barn-sokk\/#primaryimage"},"image":{"@id":"https:\/\/babylove.se\/no\/produkt\/flamingo-barn-sokk\/#primaryimage"},"thumbnailUrl":"https:\/\/babylove.se\/no\/wp-content\/uploads\/sites\/3\/2025\/07\/657acede68a0b.png","datePublished":"2025-07-19T11:44:16+00:00","dateModified":"2026-04-08T12:56:36+00:00","breadcrumb":{"@id":"https:\/\/babylove.se\/no\/produkt\/flamingo-barn-sokk\/#breadcrumb"},"inLanguage":"nb-NO","potentialAction":[{"@type":"ReadAction","target":["https:\/\/babylove.se\/no\/produkt\/flamingo-barn-sokk\/"]}]},{"@type":"ImageObject","inLanguage":"nb-NO","@id":"https:\/\/babylove.se\/no\/produkt\/flamingo-barn-sokk\/#primaryimage","url":"https:\/\/babylove.se\/no\/wp-content\/uploads\/sites\/3\/2025\/07\/657acede68a0b.png","contentUrl":"https:\/\/babylove.se\/no\/wp-content\/uploads\/sites\/3\/2025\/07\/657acede68a0b.png","width":300,"height":300},{"@type":"BreadcrumbList","@id":"https:\/\/babylove.se\/no\/produkt\/flamingo-barn-sokk\/#breadcrumb","itemListElement":[{"@type":"ListItem","position":1,"name":"Hem","item":"https:\/\/babylove.se\/no\/"},{"@type":"ListItem","position":2,"name":"Butik","item":"https:\/\/babylove.se\/no\/butik\/"},{"@type":"ListItem","position":3,"name":"Flamingo Kids Sock &#8211; sokker for barn"}]},{"@type":"WebSite","@id":"https:\/\/babylove.se\/no\/#website","url":"https:\/\/babylove.se\/no\/","name":"Babylove Norska","description":"","potentialAction":[{"@type":"SearchAction","target":{"@type":"EntryPoint","urlTemplate":"https:\/\/babylove.se\/no\/?s={search_term_string}"},"query-input":{"@type":"PropertyValueSpecification","valueRequired":true,"valueName":"search_term_string"}}],"inLanguage":"nb-NO"}]},"og_availability":"instock","product_availability":"instock","product_retailer_item_id":"Flamingo_Kids_Sock","product_condition":"new"},"_links":{"self":[{"href":"https:\/\/babylove.se\/no\/wp-json\/wp\/v2\/product\/56210","targetHints":{"allow":["GET"]}}],"collection":[{"href":"https:\/\/babylove.se\/no\/wp-json\/wp\/v2\/product"}],"about":[{"href":"https:\/\/babylove.se\/no\/wp-json\/wp\/v2\/types\/product"}],"replies":[{"embeddable":true,"href":"https:\/\/babylove.se\/no\/wp-json\/wp\/v2\/comments?post=56210"}],"wp:featuredmedia":[{"embeddable":true,"href":"https:\/\/babylove.se\/no\/wp-json\/wp\/v2\/media\/56212"}],"wp:attachment":[{"href":"https:\/\/babylove.se\/no\/wp-json\/wp\/v2\/media?parent=56210"}],"wp:term":[{"taxonomy":"product_brand","embeddable":true,"href":"https:\/\/babylove.se\/no\/wp-json\/wp\/v2\/product_brand?post=56210"},{"taxonomy":"product_cat","embeddable":true,"href":"https:\/\/babylove.se\/no\/wp-json\/wp\/v2\/product_cat?post=56210"},{"taxonomy":"product_tag","embeddable":true,"href":"https:\/\/babylove.se\/no\/wp-json\/wp\/v2\/product_tag?post=56210"}],"curies":[{"name":"wp","href":"https:\/\/api.w.org\/{rel}","templated":true}]}}