{"id":5636,"date":"2025-07-18T20:30:47","date_gmt":"2025-07-18T19:30:47","guid":{"rendered":"https:\/\/babylove.se\/produkt\/elodie-details-skotbaddsoverdrag-dots-of-fauna\/"},"modified":"2026-04-08T08:20:03","modified_gmt":"2026-04-08T07:20:03","slug":"elodie-details-skotbaddsoverdrag-dots-of-fauna","status":"publish","type":"product","link":"https:\/\/babylove.se\/no\/produkt\/elodie-details-skotbaddsoverdrag-dots-of-fauna\/","title":{"rendered":"Elodie Details, stelleputeoverdrag 2-pakk, Dots Of Fauna"},"content":{"rendered":"<p>Hvorfor ikke pynte opp stelleputemadrassen din slik at den blir noe utover det vanlige? Med dette fine stelleputeovertrekket fra popul\u00e6re Elodie Details, vil det ikke bare se vakkert ut, men ogs\u00e5 v\u00e6re meget mykt og deilig for det lille barnet \u00e5 ligge p\u00e5. Overtrekket er laget av \u00f8kologisk bomull som ogs\u00e5 gj\u00f8r at det er meget enkelt \u00e5 vaske. Elastiske b\u00e5nd finnes rundt hele kanten, slik at du enkelt kan feste det rundt alle typer stelleputer.<\/p>\n<p>Kan maskinvaskes opp til 40 grader og ogs\u00e5 t\u00f8rketromles, dog med forsiktighet og p\u00e5 lav varme.<\/p>\n<p><strong>M\u00e5l<\/strong>: Lengde 74 cm og bredde 48 cm<\/p>\n<p>Designer: Elodie Details<\/p>\n","protected":false},"excerpt":{"rendered":"<p>Hvorfor ikke pynte opp stelleputemadrassen din slik at den blir noe utover det vanlige? Med dette fine stelleputeovertrekket fra popul\u00e6re Elodie Details, vil det ikke bare se vakkert ut, men ogs\u00e5 v\u00e6re meget mykt og deilig for det lille barnet \u00e5 ligge p\u00e5. Overtrekket er laget av \u00f8kologisk bomull som ogs\u00e5 gj\u00f8r at det er [&hellip;]<\/p>\n","protected":false},"featured_media":5638,"comment_status":"closed","ping_status":"open","template":"","meta":{"_acf_changed":false},"product_brand":[174],"product_cat":[175,48,57],"product_tag":[],"class_list":{"0":"post-5636","1":"product","2":"type-product","3":"status-publish","4":"has-post-thumbnail","6":"product_brand-elodie-details","7":"product_cat-elodie-details","8":"product_cat-startside","9":"product_cat-skobadder","11":"first","12":"outofstock","13":"taxable","14":"shipping-taxable","15":"purchasable","16":"product-type-simple"},"acf":[],"yoast_head":"<!-- This site is optimized with the Yoast SEO Premium plugin v25.8 (Yoast SEO v27.2) - https:\/\/yoast.com\/product\/yoast-seo-premium-wordpress\/ -->\n<title>Elodie Details, stelleputeoverdrag 2-pakk, Dots Of Fauna - Babylove Norska<\/title>\n<meta name=\"robots\" content=\"noindex, follow, max-snippet:-1, max-image-preview:large, max-video-preview:-1\" \/>\n<meta property=\"og:locale\" content=\"nb_NO\" \/>\n<meta property=\"og:type\" content=\"article\" \/>\n<meta property=\"og:title\" content=\"Elodie Details, stelleputeoverdrag 2-pakk, Dots Of Fauna\" \/>\n<meta property=\"og:description\" content=\"Hvorfor ikke pynte opp stelleputemadrassen din slik at den blir noe utover det vanlige? Med dette fine stelleputeovertrekket fra popul\u00e6re Elodie Details, vil det ikke bare se vakkert ut, men ogs\u00e5 v\u00e6re meget mykt og deilig for det lille barnet \u00e5 ligge p\u00e5. Overtrekket er laget av \u00f8kologisk bomull som ogs\u00e5 gj\u00f8r at det er [&hellip;]\" \/>\n<meta property=\"og:url\" content=\"https:\/\/babylove.se\/no\/produkt\/elodie-details-skotbaddsoverdrag-dots-of-fauna\/\" \/>\n<meta property=\"og:site_name\" content=\"Babylove Norska\" \/>\n<meta property=\"article:modified_time\" content=\"2026-04-08T07:20:03+00:00\" \/>\n<meta property=\"og:image\" content=\"https:\/\/babylove.se\/no\/wp-content\/uploads\/sites\/3\/2025\/07\/5a6868daf3a0c.jpeg\" \/>\n\t<meta property=\"og:image:width\" content=\"750\" \/>\n\t<meta property=\"og:image:height\" content=\"750\" \/>\n\t<meta property=\"og:image:type\" content=\"image\/jpeg\" \/>\n<meta name=\"twitter:card\" content=\"summary_large_image\" \/>\n<meta name=\"twitter:label1\" content=\"Price\" \/>\n\t<meta name=\"twitter:data1\" content=\"299,00&nbsp;&#107;&#114;\" \/>\n\t<meta name=\"twitter:label2\" content=\"Availability\" \/>\n\t<meta name=\"twitter:data2\" content=\"Out of stock\" \/>\n<script type=\"application\/ld+json\" class=\"yoast-schema-graph\">{\"@context\":\"https:\/\/schema.org\",\"@graph\":[{\"@type\":\"WebPage\",\"@id\":\"https:\/\/babylove.se\/no\/produkt\/elodie-details-skotbaddsoverdrag-dots-of-fauna\/\",\"url\":\"https:\/\/babylove.se\/no\/produkt\/elodie-details-skotbaddsoverdrag-dots-of-fauna\/\",\"name\":\"Elodie Details, stelleputeoverdrag 2-pakk, Dots Of Fauna - Babylove Norska\",\"isPartOf\":{\"@id\":\"https:\/\/babylove.se\/no\/#website\"},\"primaryImageOfPage\":{\"@id\":\"https:\/\/babylove.se\/no\/produkt\/elodie-details-skotbaddsoverdrag-dots-of-fauna\/#primaryimage\"},\"image\":{\"@id\":\"https:\/\/babylove.se\/no\/produkt\/elodie-details-skotbaddsoverdrag-dots-of-fauna\/#primaryimage\"},\"thumbnailUrl\":\"https:\/\/babylove.se\/no\/wp-content\/uploads\/sites\/3\/2025\/07\/5a6868daf3a0c.jpeg\",\"datePublished\":\"2025-07-18T19:30:47+00:00\",\"dateModified\":\"2026-04-08T07:20:03+00:00\",\"breadcrumb\":{\"@id\":\"https:\/\/babylove.se\/no\/produkt\/elodie-details-skotbaddsoverdrag-dots-of-fauna\/#breadcrumb\"},\"inLanguage\":\"nb-NO\",\"potentialAction\":[{\"@type\":\"ReadAction\",\"target\":[\"https:\/\/babylove.se\/no\/produkt\/elodie-details-skotbaddsoverdrag-dots-of-fauna\/\"]}]},{\"@type\":\"ImageObject\",\"inLanguage\":\"nb-NO\",\"@id\":\"https:\/\/babylove.se\/no\/produkt\/elodie-details-skotbaddsoverdrag-dots-of-fauna\/#primaryimage\",\"url\":\"https:\/\/babylove.se\/no\/wp-content\/uploads\/sites\/3\/2025\/07\/5a6868daf3a0c.jpeg\",\"contentUrl\":\"https:\/\/babylove.se\/no\/wp-content\/uploads\/sites\/3\/2025\/07\/5a6868daf3a0c.jpeg\",\"width\":750,\"height\":750},{\"@type\":\"BreadcrumbList\",\"@id\":\"https:\/\/babylove.se\/no\/produkt\/elodie-details-skotbaddsoverdrag-dots-of-fauna\/#breadcrumb\",\"itemListElement\":[{\"@type\":\"ListItem\",\"position\":1,\"name\":\"Hem\",\"item\":\"https:\/\/babylove.se\/no\/\"},{\"@type\":\"ListItem\",\"position\":2,\"name\":\"Butik\",\"item\":\"https:\/\/babylove.se\/no\/butik\/\"},{\"@type\":\"ListItem\",\"position\":3,\"name\":\"Elodie Details, stelleputeoverdrag 2-pakk, Dots Of Fauna\"}]},{\"@type\":\"WebSite\",\"@id\":\"https:\/\/babylove.se\/no\/#website\",\"url\":\"https:\/\/babylove.se\/no\/\",\"name\":\"Babylove Norska\",\"description\":\"\",\"potentialAction\":[{\"@type\":\"SearchAction\",\"target\":{\"@type\":\"EntryPoint\",\"urlTemplate\":\"https:\/\/babylove.se\/no\/?s={search_term_string}\"},\"query-input\":{\"@type\":\"PropertyValueSpecification\",\"valueRequired\":true,\"valueName\":\"search_term_string\"}}],\"inLanguage\":\"nb-NO\"}]}<\/script>\n<meta property=\"product:brand\" content=\"Elodie Details\" \/>\n<meta property=\"product:price:amount\" content=\"299.00\" \/>\n<meta property=\"product:price:currency\" content=\"SEK\" \/>\n<meta property=\"og:availability\" content=\"out of stock\" \/>\n<meta property=\"product:availability\" content=\"out of stock\" \/>\n<meta property=\"product:retailer_item_id\" content=\"1728\" \/>\n<meta property=\"product:condition\" content=\"new\" \/>\n<!-- \/ Yoast SEO Premium plugin. -->","yoast_head_json":{"title":"Elodie Details, stelleputeoverdrag 2-pakk, Dots Of Fauna - Babylove Norska","robots":{"index":"noindex","follow":"follow","max-snippet":"max-snippet:-1","max-image-preview":"max-image-preview:large","max-video-preview":"max-video-preview:-1"},"og_locale":"nb_NO","og_type":"article","og_title":"Elodie Details, stelleputeoverdrag 2-pakk, Dots Of Fauna","og_description":"Hvorfor ikke pynte opp stelleputemadrassen din slik at den blir noe utover det vanlige? Med dette fine stelleputeovertrekket fra popul\u00e6re Elodie Details, vil det ikke bare se vakkert ut, men ogs\u00e5 v\u00e6re meget mykt og deilig for det lille barnet \u00e5 ligge p\u00e5. Overtrekket er laget av \u00f8kologisk bomull som ogs\u00e5 gj\u00f8r at det er [&hellip;]","og_url":"https:\/\/babylove.se\/no\/produkt\/elodie-details-skotbaddsoverdrag-dots-of-fauna\/","og_site_name":"Babylove Norska","article_modified_time":"2026-04-08T07:20:03+00:00","og_image":[{"width":750,"height":750,"url":"https:\/\/babylove.se\/no\/wp-content\/uploads\/sites\/3\/2025\/07\/5a6868daf3a0c.jpeg","type":"image\/jpeg"}],"twitter_card":"summary_large_image","twitter_misc":{"Price":"299,00&nbsp;&#107;&#114;","Availability":"Out of stock"},"schema":{"@context":"https:\/\/schema.org","@graph":[{"@type":"WebPage","@id":"https:\/\/babylove.se\/no\/produkt\/elodie-details-skotbaddsoverdrag-dots-of-fauna\/","url":"https:\/\/babylove.se\/no\/produkt\/elodie-details-skotbaddsoverdrag-dots-of-fauna\/","name":"Elodie Details, stelleputeoverdrag 2-pakk, Dots Of Fauna - Babylove Norska","isPartOf":{"@id":"https:\/\/babylove.se\/no\/#website"},"primaryImageOfPage":{"@id":"https:\/\/babylove.se\/no\/produkt\/elodie-details-skotbaddsoverdrag-dots-of-fauna\/#primaryimage"},"image":{"@id":"https:\/\/babylove.se\/no\/produkt\/elodie-details-skotbaddsoverdrag-dots-of-fauna\/#primaryimage"},"thumbnailUrl":"https:\/\/babylove.se\/no\/wp-content\/uploads\/sites\/3\/2025\/07\/5a6868daf3a0c.jpeg","datePublished":"2025-07-18T19:30:47+00:00","dateModified":"2026-04-08T07:20:03+00:00","breadcrumb":{"@id":"https:\/\/babylove.se\/no\/produkt\/elodie-details-skotbaddsoverdrag-dots-of-fauna\/#breadcrumb"},"inLanguage":"nb-NO","potentialAction":[{"@type":"ReadAction","target":["https:\/\/babylove.se\/no\/produkt\/elodie-details-skotbaddsoverdrag-dots-of-fauna\/"]}]},{"@type":"ImageObject","inLanguage":"nb-NO","@id":"https:\/\/babylove.se\/no\/produkt\/elodie-details-skotbaddsoverdrag-dots-of-fauna\/#primaryimage","url":"https:\/\/babylove.se\/no\/wp-content\/uploads\/sites\/3\/2025\/07\/5a6868daf3a0c.jpeg","contentUrl":"https:\/\/babylove.se\/no\/wp-content\/uploads\/sites\/3\/2025\/07\/5a6868daf3a0c.jpeg","width":750,"height":750},{"@type":"BreadcrumbList","@id":"https:\/\/babylove.se\/no\/produkt\/elodie-details-skotbaddsoverdrag-dots-of-fauna\/#breadcrumb","itemListElement":[{"@type":"ListItem","position":1,"name":"Hem","item":"https:\/\/babylove.se\/no\/"},{"@type":"ListItem","position":2,"name":"Butik","item":"https:\/\/babylove.se\/no\/butik\/"},{"@type":"ListItem","position":3,"name":"Elodie Details, stelleputeoverdrag 2-pakk, Dots Of Fauna"}]},{"@type":"WebSite","@id":"https:\/\/babylove.se\/no\/#website","url":"https:\/\/babylove.se\/no\/","name":"Babylove Norska","description":"","potentialAction":[{"@type":"SearchAction","target":{"@type":"EntryPoint","urlTemplate":"https:\/\/babylove.se\/no\/?s={search_term_string}"},"query-input":{"@type":"PropertyValueSpecification","valueRequired":true,"valueName":"search_term_string"}}],"inLanguage":"nb-NO"}]},"product_brand":"Elodie Details","product_price_amount":"299.00","product_price_currency":"SEK","og_availability":"out of stock","product_availability":"out of stock","product_retailer_item_id":"1728","product_condition":"new"},"_links":{"self":[{"href":"https:\/\/babylove.se\/no\/wp-json\/wp\/v2\/product\/5636","targetHints":{"allow":["GET"]}}],"collection":[{"href":"https:\/\/babylove.se\/no\/wp-json\/wp\/v2\/product"}],"about":[{"href":"https:\/\/babylove.se\/no\/wp-json\/wp\/v2\/types\/product"}],"replies":[{"embeddable":true,"href":"https:\/\/babylove.se\/no\/wp-json\/wp\/v2\/comments?post=5636"}],"wp:featuredmedia":[{"embeddable":true,"href":"https:\/\/babylove.se\/no\/wp-json\/wp\/v2\/media\/5638"}],"wp:attachment":[{"href":"https:\/\/babylove.se\/no\/wp-json\/wp\/v2\/media?parent=5636"}],"wp:term":[{"taxonomy":"product_brand","embeddable":true,"href":"https:\/\/babylove.se\/no\/wp-json\/wp\/v2\/product_brand?post=5636"},{"taxonomy":"product_cat","embeddable":true,"href":"https:\/\/babylove.se\/no\/wp-json\/wp\/v2\/product_cat?post=5636"},{"taxonomy":"product_tag","embeddable":true,"href":"https:\/\/babylove.se\/no\/wp-json\/wp\/v2\/product_tag?post=5636"}],"curies":[{"name":"wp","href":"https:\/\/api.w.org\/{rel}","templated":true}]}}