{"id":56608,"date":"2025-07-19T12:50:33","date_gmt":"2025-07-19T11:50:33","guid":{"rendered":"https:\/\/babylove.se\/produkt\/flexa-juniorsang-dagbadd-120x200-cm-popsicle-cherry-oak\/"},"modified":"2026-04-08T13:58:23","modified_gmt":"2026-04-08T12:58:23","slug":"flexa-juniorseng-dagbed-120x200-cm-popsicle-cherry-oak","status":"publish","type":"product","link":"https:\/\/babylove.se\/no\/produkt\/flexa-juniorseng-dagbed-120x200-cm-popsicle-cherry-oak\/","title":{"rendered":"Flexa, juniorseng dagb\u00e4dd 120&#215;200 cm Popsicle, cherry oak"},"content":{"rendered":"<p>Sjekk ut denne fantastiske juniorseng designet av Herman Studio med moderne retrolook! <\/p>\n<p>Det malte treet med de vakre benene skaper en luksuri\u00f8s f\u00f8lelse og et tidl\u00f8st design som passer i alle typer barnerom, eller andre rom ogs\u00e5 for den del. <\/p>\n<p>Alle kanter er avrundet, slik at barn ikke skal skade seg, og den er bevisst lav nok til at barnet selv skal kunne komme seg inn og ut av sengen. <\/p>\n<p>Kan brukes som seng om natten og som sofa om dagen. Sengen kan kj\u00f8pes med 2 oppbevaringskasser p\u00e5 hjul som er perfekte for \u00e5 oppbevare leker eller senget\u00f8y. <\/p>\n<p><strong>Tilvalg<\/strong>: <\/p>\n<ul>\n<li>Oppbevaringskasse: velg uten eller med.<\/li>\n<\/ul>\n<p><strong>M\u00e5l<\/strong>: <\/p>\n<ul>\n<li>Sengem\u00e5l: 120 x 200 cm.<\/li>\n<li>M\u00e5l seng: Bredde: 131,8 cm. Lengde: 204,2 cm. H\u00f8yde: 67,2 cm.<\/li>\n<li>M\u00e5l oppbevaringskasse: Bredde 61,3 cm. H\u00f8yde 20,6 cm. Lengde 173,3 cm.<\/li>\n<\/ul>\n<p><strong>Info<\/strong>: <\/p>\n<ul>\n<li>Anbefalt alder: 3 \u00e5r og oppover.<\/li>\n<li>Ribbebunn f\u00f8lger med.<\/li>\n<li>Madrass f\u00f8lger ikke med. Vi anbefaler en skummadrass med tykkelse p\u00e5 ca 10-12 cm.<\/li>\n<\/ul>\n<p><strong>Materiale<\/strong>: <\/p>\n<ul>\n<li>Seng: Massiv eik, furu, massiv b\u00f8k og bj\u00f8rkplywood<\/li>\n<li>Oppbevaringskasse: MDF<\/li>\n<\/ul>\n<p>Designer: <a href=\"https:\/\/babylove.se\/varumarken\/flexa\">Flexa<\/a> <\/p>\n<p><em><em><em><em><em>Obs! Sengen leveres umontert og b\u00f8r settes sammen i rommet den skal brukes i.<\/em><\/em><\/em><\/em><\/em><\/p>\n","protected":false},"excerpt":{"rendered":"<p>Sjekk ut denne fantastiske juniorseng designet av Herman Studio med moderne retrolook! Det malte treet med de vakre benene skaper en luksuri\u00f8s f\u00f8lelse og et tidl\u00f8st design som passer i alle typer barnerom, eller andre rom ogs\u00e5 for den del. Alle kanter er avrundet, slik at barn ikke skal skade seg, og den er bevisst [&hellip;]<\/p>\n","protected":false},"featured_media":56610,"comment_status":"closed","ping_status":"closed","template":"","meta":{"_acf_changed":false},"product_brand":[1611],"product_cat":[1612,269,40],"product_tag":[1689],"class_list":{"0":"post-56608","1":"product","2":"type-product","3":"status-publish","4":"has-post-thumbnail","6":"product_brand-flexa","7":"product_cat-flexa","8":"product_cat-juniorsenger","9":"product_cat-soverom-barn","10":"product_tag-bestillingsvaror","11":"pa_forvaringslador-med","12":"pa_forvaringslador-utan","14":"first","15":"outofstock","16":"taxable","17":"shipping-taxable","18":"purchasable","19":"product-type-variable"},"acf":[],"yoast_head":"<!-- This site is optimized with the Yoast SEO Premium plugin v25.8 (Yoast SEO v27.2) - https:\/\/yoast.com\/product\/yoast-seo-premium-wordpress\/ -->\n<title>Flexa, juniorseng dagb\u00e4dd 120x200 cm Popsicle, cherry oak - Babylove Norska<\/title>\n<meta name=\"robots\" content=\"noindex, follow, max-snippet:-1, max-image-preview:large, max-video-preview:-1\" \/>\n<meta property=\"og:locale\" content=\"nb_NO\" \/>\n<meta property=\"og:type\" content=\"article\" \/>\n<meta property=\"og:title\" content=\"Flexa, juniorseng dagb\u00e4dd 120x200 cm Popsicle, cherry oak\" \/>\n<meta property=\"og:description\" content=\"Sjekk ut denne fantastiske juniorseng designet av Herman Studio med moderne retrolook! Det malte treet med de vakre benene skaper en luksuri\u00f8s f\u00f8lelse og et tidl\u00f8st design som passer i alle typer barnerom, eller andre rom ogs\u00e5 for den del. Alle kanter er avrundet, slik at barn ikke skal skade seg, og den er bevisst [&hellip;]\" \/>\n<meta property=\"og:url\" content=\"https:\/\/babylove.se\/no\/produkt\/flexa-juniorseng-dagbed-120x200-cm-popsicle-cherry-oak\/\" \/>\n<meta property=\"og:site_name\" content=\"Babylove Norska\" \/>\n<meta property=\"article:modified_time\" content=\"2026-04-08T12:58:23+00:00\" \/>\n<meta property=\"og:image\" content=\"https:\/\/babylove.se\/no\/wp-content\/uploads\/sites\/3\/2025\/07\/65968ad8419bd.jpeg\" \/>\n\t<meta property=\"og:image:width\" content=\"1440\" \/>\n\t<meta property=\"og:image:height\" content=\"1440\" \/>\n\t<meta property=\"og:image:type\" content=\"image\/jpeg\" \/>\n<meta name=\"twitter:card\" content=\"summary_large_image\" \/>\n<meta name=\"twitter:label1\" content=\"Availability\" \/>\n\t<meta name=\"twitter:data1\" content=\"Out of stock\" \/>\n<script type=\"application\/ld+json\" class=\"yoast-schema-graph\">{\"@context\":\"https:\/\/schema.org\",\"@graph\":[{\"@type\":\"WebPage\",\"@id\":\"https:\/\/babylove.se\/no\/produkt\/flexa-juniorseng-dagbed-120x200-cm-popsicle-cherry-oak\/\",\"url\":\"https:\/\/babylove.se\/no\/produkt\/flexa-juniorseng-dagbed-120x200-cm-popsicle-cherry-oak\/\",\"name\":\"Flexa, juniorseng dagb\u00e4dd 120x200 cm Popsicle, cherry oak - Babylove Norska\",\"isPartOf\":{\"@id\":\"https:\/\/babylove.se\/no\/#website\"},\"primaryImageOfPage\":{\"@id\":\"https:\/\/babylove.se\/no\/produkt\/flexa-juniorseng-dagbed-120x200-cm-popsicle-cherry-oak\/#primaryimage\"},\"image\":{\"@id\":\"https:\/\/babylove.se\/no\/produkt\/flexa-juniorseng-dagbed-120x200-cm-popsicle-cherry-oak\/#primaryimage\"},\"thumbnailUrl\":\"https:\/\/babylove.se\/no\/wp-content\/uploads\/sites\/3\/2025\/07\/65968ad8419bd.jpeg\",\"datePublished\":\"2025-07-19T11:50:33+00:00\",\"dateModified\":\"2026-04-08T12:58:23+00:00\",\"breadcrumb\":{\"@id\":\"https:\/\/babylove.se\/no\/produkt\/flexa-juniorseng-dagbed-120x200-cm-popsicle-cherry-oak\/#breadcrumb\"},\"inLanguage\":\"nb-NO\",\"potentialAction\":[{\"@type\":\"ReadAction\",\"target\":[\"https:\/\/babylove.se\/no\/produkt\/flexa-juniorseng-dagbed-120x200-cm-popsicle-cherry-oak\/\"]}]},{\"@type\":\"ImageObject\",\"inLanguage\":\"nb-NO\",\"@id\":\"https:\/\/babylove.se\/no\/produkt\/flexa-juniorseng-dagbed-120x200-cm-popsicle-cherry-oak\/#primaryimage\",\"url\":\"https:\/\/babylove.se\/no\/wp-content\/uploads\/sites\/3\/2025\/07\/65968ad8419bd.jpeg\",\"contentUrl\":\"https:\/\/babylove.se\/no\/wp-content\/uploads\/sites\/3\/2025\/07\/65968ad8419bd.jpeg\",\"width\":1440,\"height\":1440},{\"@type\":\"BreadcrumbList\",\"@id\":\"https:\/\/babylove.se\/no\/produkt\/flexa-juniorseng-dagbed-120x200-cm-popsicle-cherry-oak\/#breadcrumb\",\"itemListElement\":[{\"@type\":\"ListItem\",\"position\":1,\"name\":\"Hem\",\"item\":\"https:\/\/babylove.se\/no\/\"},{\"@type\":\"ListItem\",\"position\":2,\"name\":\"Butik\",\"item\":\"https:\/\/babylove.se\/no\/butik\/\"},{\"@type\":\"ListItem\",\"position\":3,\"name\":\"Flexa, juniorseng dagb\u00e4dd 120&#215;200 cm Popsicle, cherry oak\"}]},{\"@type\":\"WebSite\",\"@id\":\"https:\/\/babylove.se\/no\/#website\",\"url\":\"https:\/\/babylove.se\/no\/\",\"name\":\"Babylove Norska\",\"description\":\"\",\"potentialAction\":[{\"@type\":\"SearchAction\",\"target\":{\"@type\":\"EntryPoint\",\"urlTemplate\":\"https:\/\/babylove.se\/no\/?s={search_term_string}\"},\"query-input\":{\"@type\":\"PropertyValueSpecification\",\"valueRequired\":true,\"valueName\":\"search_term_string\"}}],\"inLanguage\":\"nb-NO\"}]}<\/script>\n<meta property=\"product:brand\" content=\"Flexa\" \/>\n<meta property=\"og:availability\" content=\"out of stock\" \/>\n<meta property=\"product:availability\" content=\"out of stock\" \/>\n<meta property=\"product:retailer_item_id\" content=\"80-24209-33\" \/>\n<meta property=\"product:condition\" content=\"new\" \/>\n<!-- \/ Yoast SEO Premium plugin. -->","yoast_head_json":{"title":"Flexa, juniorseng dagb\u00e4dd 120x200 cm Popsicle, cherry oak - Babylove Norska","robots":{"index":"noindex","follow":"follow","max-snippet":"max-snippet:-1","max-image-preview":"max-image-preview:large","max-video-preview":"max-video-preview:-1"},"og_locale":"nb_NO","og_type":"article","og_title":"Flexa, juniorseng dagb\u00e4dd 120x200 cm Popsicle, cherry oak","og_description":"Sjekk ut denne fantastiske juniorseng designet av Herman Studio med moderne retrolook! Det malte treet med de vakre benene skaper en luksuri\u00f8s f\u00f8lelse og et tidl\u00f8st design som passer i alle typer barnerom, eller andre rom ogs\u00e5 for den del. Alle kanter er avrundet, slik at barn ikke skal skade seg, og den er bevisst [&hellip;]","og_url":"https:\/\/babylove.se\/no\/produkt\/flexa-juniorseng-dagbed-120x200-cm-popsicle-cherry-oak\/","og_site_name":"Babylove Norska","article_modified_time":"2026-04-08T12:58:23+00:00","og_image":[{"width":1440,"height":1440,"url":"https:\/\/babylove.se\/no\/wp-content\/uploads\/sites\/3\/2025\/07\/65968ad8419bd.jpeg","type":"image\/jpeg"}],"twitter_card":"summary_large_image","twitter_misc":{"Availability":"Out of stock"},"schema":{"@context":"https:\/\/schema.org","@graph":[{"@type":"WebPage","@id":"https:\/\/babylove.se\/no\/produkt\/flexa-juniorseng-dagbed-120x200-cm-popsicle-cherry-oak\/","url":"https:\/\/babylove.se\/no\/produkt\/flexa-juniorseng-dagbed-120x200-cm-popsicle-cherry-oak\/","name":"Flexa, juniorseng dagb\u00e4dd 120x200 cm Popsicle, cherry oak - Babylove Norska","isPartOf":{"@id":"https:\/\/babylove.se\/no\/#website"},"primaryImageOfPage":{"@id":"https:\/\/babylove.se\/no\/produkt\/flexa-juniorseng-dagbed-120x200-cm-popsicle-cherry-oak\/#primaryimage"},"image":{"@id":"https:\/\/babylove.se\/no\/produkt\/flexa-juniorseng-dagbed-120x200-cm-popsicle-cherry-oak\/#primaryimage"},"thumbnailUrl":"https:\/\/babylove.se\/no\/wp-content\/uploads\/sites\/3\/2025\/07\/65968ad8419bd.jpeg","datePublished":"2025-07-19T11:50:33+00:00","dateModified":"2026-04-08T12:58:23+00:00","breadcrumb":{"@id":"https:\/\/babylove.se\/no\/produkt\/flexa-juniorseng-dagbed-120x200-cm-popsicle-cherry-oak\/#breadcrumb"},"inLanguage":"nb-NO","potentialAction":[{"@type":"ReadAction","target":["https:\/\/babylove.se\/no\/produkt\/flexa-juniorseng-dagbed-120x200-cm-popsicle-cherry-oak\/"]}]},{"@type":"ImageObject","inLanguage":"nb-NO","@id":"https:\/\/babylove.se\/no\/produkt\/flexa-juniorseng-dagbed-120x200-cm-popsicle-cherry-oak\/#primaryimage","url":"https:\/\/babylove.se\/no\/wp-content\/uploads\/sites\/3\/2025\/07\/65968ad8419bd.jpeg","contentUrl":"https:\/\/babylove.se\/no\/wp-content\/uploads\/sites\/3\/2025\/07\/65968ad8419bd.jpeg","width":1440,"height":1440},{"@type":"BreadcrumbList","@id":"https:\/\/babylove.se\/no\/produkt\/flexa-juniorseng-dagbed-120x200-cm-popsicle-cherry-oak\/#breadcrumb","itemListElement":[{"@type":"ListItem","position":1,"name":"Hem","item":"https:\/\/babylove.se\/no\/"},{"@type":"ListItem","position":2,"name":"Butik","item":"https:\/\/babylove.se\/no\/butik\/"},{"@type":"ListItem","position":3,"name":"Flexa, juniorseng dagb\u00e4dd 120&#215;200 cm Popsicle, cherry oak"}]},{"@type":"WebSite","@id":"https:\/\/babylove.se\/no\/#website","url":"https:\/\/babylove.se\/no\/","name":"Babylove Norska","description":"","potentialAction":[{"@type":"SearchAction","target":{"@type":"EntryPoint","urlTemplate":"https:\/\/babylove.se\/no\/?s={search_term_string}"},"query-input":{"@type":"PropertyValueSpecification","valueRequired":true,"valueName":"search_term_string"}}],"inLanguage":"nb-NO"}]},"product_brand":"Flexa","og_availability":"out of stock","product_availability":"out of stock","product_retailer_item_id":"80-24209-33","product_condition":"new"},"_links":{"self":[{"href":"https:\/\/babylove.se\/no\/wp-json\/wp\/v2\/product\/56608","targetHints":{"allow":["GET"]}}],"collection":[{"href":"https:\/\/babylove.se\/no\/wp-json\/wp\/v2\/product"}],"about":[{"href":"https:\/\/babylove.se\/no\/wp-json\/wp\/v2\/types\/product"}],"replies":[{"embeddable":true,"href":"https:\/\/babylove.se\/no\/wp-json\/wp\/v2\/comments?post=56608"}],"wp:featuredmedia":[{"embeddable":true,"href":"https:\/\/babylove.se\/no\/wp-json\/wp\/v2\/media\/56610"}],"wp:attachment":[{"href":"https:\/\/babylove.se\/no\/wp-json\/wp\/v2\/media?parent=56608"}],"wp:term":[{"taxonomy":"product_brand","embeddable":true,"href":"https:\/\/babylove.se\/no\/wp-json\/wp\/v2\/product_brand?post=56608"},{"taxonomy":"product_cat","embeddable":true,"href":"https:\/\/babylove.se\/no\/wp-json\/wp\/v2\/product_cat?post=56608"},{"taxonomy":"product_tag","embeddable":true,"href":"https:\/\/babylove.se\/no\/wp-json\/wp\/v2\/product_tag?post=56608"}],"curies":[{"name":"wp","href":"https:\/\/api.w.org\/{rel}","templated":true}]}}