{"id":56677,"date":"2025-07-19T12:52:01","date_gmt":"2025-07-19T11:52:01","guid":{"rendered":"https:\/\/babylove.se\/produkt\/flexa-hussang-90x200-cm-classic-house-vit\/"},"modified":"2026-04-08T13:58:40","modified_gmt":"2026-04-08T12:58:40","slug":"flexa-husseng-90x200-cm-classic-house-hvit","status":"publish","type":"product","link":"https:\/\/babylove.se\/no\/produkt\/flexa-husseng-90x200-cm-classic-house-hvit\/","title":{"rendered":"Flexa, husseng 90&#215;200 cm Classic House, hvit"},"content":{"rendered":"<p>Ta en titt p\u00e5 denne fantastiske barnesengen i form av et hus! <\/p>\n<p>En optimal kombinasjon av hytte p\u00e5 dagen og soveplass p\u00e5 kvelden f\u00e5r dere i form av denne vakre hussengen i skandinavisk stil. Passer alle sm\u00e5rollinger som elsker \u00e5 leke gjemsel eller dr\u00f8mmer om en trehytte. <\/p>\n<p><strong>Tilvalg<\/strong>: <\/p>\n<ul>\n<li>Gardiner velg uten eller med. Finnes i to farger: Misty Rose og Frosty Blue.<\/li>\n<\/ul>\n<p><strong>M\u00e5l<\/strong>: <\/p>\n<ul>\n<li>Sengem\u00e5l: 90 x 200 cm.<\/li>\n<li>M\u00e5l seng: Bredde: 129,5 cm. H\u00f8yde: 154 cm. Lengde 210 cm.<\/li>\n<\/ul>\n<p><strong>Info<\/strong>: <\/p>\n<ul>\n<li>Anbefalt alder: 3 \u00e5r og oppover.<\/li>\n<li>Ribbbunn inng\u00e5r.<\/li>\n<li>Madrass inng\u00e5r ikke. Vi anbefaler en skummadrass med tykkelse p\u00e5 ca 10-12 cm.<\/li>\n<\/ul>\n<p><strong>Materiale<\/strong>: <\/p>\n<ul>\n<li>Seng: Furu, bj\u00f8rkeplywood og MDF.<\/li>\n<li>Gardiner: Bomull.<\/li>\n<\/ul>\n<p>Designer: <a href=\"https:\/\/babylove.se\/varumarken\/flexa\">Flexa<\/a> <\/p>\n<p><em><em><em><em><em>Obs! Sengen leveres umontert og b\u00f8r settes sammen i rommet den skal brukes i.<\/em><\/em><\/em><\/em><\/em><\/p>\n","protected":false},"excerpt":{"rendered":"<p>Ta en titt p\u00e5 denne fantastiske barnesengen i form av et hus! En optimal kombinasjon av hytte p\u00e5 dagen og soveplass p\u00e5 kvelden f\u00e5r dere i form av denne vakre hussengen i skandinavisk stil. Passer alle sm\u00e5rollinger som elsker \u00e5 leke gjemsel eller dr\u00f8mmer om en trehytte. Tilvalg: Gardiner velg uten eller med. Finnes i [&hellip;]<\/p>\n","protected":false},"featured_media":56679,"comment_status":"closed","ping_status":"closed","template":"","meta":{"_acf_changed":false},"product_brand":[1611],"product_cat":[1612,217,40],"product_tag":[1689],"class_list":{"0":"post-56677","1":"product","2":"type-product","3":"status-publish","4":"has-post-thumbnail","6":"product_brand-flexa","7":"product_cat-flexa","8":"product_cat-sengesanger","9":"product_cat-soverom-barn","10":"product_tag-bestillingsvaror","11":"pa_gardiner-med-frosty-blue","12":"pa_gardiner-med-misty-rose","13":"pa_gardiner-utan","15":"first","16":"outofstock","17":"taxable","18":"shipping-taxable","19":"purchasable","20":"product-type-variable"},"acf":[],"yoast_head":"<!-- This site is optimized with the Yoast SEO Premium plugin v25.8 (Yoast SEO v27.2) - https:\/\/yoast.com\/product\/yoast-seo-premium-wordpress\/ -->\n<title>Flexa, husseng 90x200 cm Classic House, hvit - Babylove Norska<\/title>\n<meta name=\"robots\" content=\"noindex, follow, max-snippet:-1, max-image-preview:large, max-video-preview:-1\" \/>\n<meta property=\"og:locale\" content=\"nb_NO\" \/>\n<meta property=\"og:type\" content=\"article\" \/>\n<meta property=\"og:title\" content=\"Flexa, husseng 90x200 cm Classic House, hvit\" \/>\n<meta property=\"og:description\" content=\"Ta en titt p\u00e5 denne fantastiske barnesengen i form av et hus! En optimal kombinasjon av hytte p\u00e5 dagen og soveplass p\u00e5 kvelden f\u00e5r dere i form av denne vakre hussengen i skandinavisk stil. Passer alle sm\u00e5rollinger som elsker \u00e5 leke gjemsel eller dr\u00f8mmer om en trehytte. Tilvalg: Gardiner velg uten eller med. Finnes i [&hellip;]\" \/>\n<meta property=\"og:url\" content=\"https:\/\/babylove.se\/no\/produkt\/flexa-husseng-90x200-cm-classic-house-hvit\/\" \/>\n<meta property=\"og:site_name\" content=\"Babylove Norska\" \/>\n<meta property=\"article:modified_time\" content=\"2026-04-08T12:58:40+00:00\" \/>\n<meta property=\"og:image\" content=\"https:\/\/babylove.se\/no\/wp-content\/uploads\/sites\/3\/2025\/07\/6597dc1e099b8.jpeg\" \/>\n\t<meta property=\"og:image:width\" content=\"1620\" \/>\n\t<meta property=\"og:image:height\" content=\"1215\" \/>\n\t<meta property=\"og:image:type\" content=\"image\/jpeg\" \/>\n<meta name=\"twitter:card\" content=\"summary_large_image\" \/>\n<meta name=\"twitter:label1\" content=\"Availability\" \/>\n\t<meta name=\"twitter:data1\" content=\"Out of stock\" \/>\n<script type=\"application\/ld+json\" class=\"yoast-schema-graph\">{\"@context\":\"https:\/\/schema.org\",\"@graph\":[{\"@type\":\"WebPage\",\"@id\":\"https:\/\/babylove.se\/no\/produkt\/flexa-husseng-90x200-cm-classic-house-hvit\/\",\"url\":\"https:\/\/babylove.se\/no\/produkt\/flexa-husseng-90x200-cm-classic-house-hvit\/\",\"name\":\"Flexa, husseng 90x200 cm Classic House, hvit - Babylove Norska\",\"isPartOf\":{\"@id\":\"https:\/\/babylove.se\/no\/#website\"},\"primaryImageOfPage\":{\"@id\":\"https:\/\/babylove.se\/no\/produkt\/flexa-husseng-90x200-cm-classic-house-hvit\/#primaryimage\"},\"image\":{\"@id\":\"https:\/\/babylove.se\/no\/produkt\/flexa-husseng-90x200-cm-classic-house-hvit\/#primaryimage\"},\"thumbnailUrl\":\"https:\/\/babylove.se\/no\/wp-content\/uploads\/sites\/3\/2025\/07\/6597dc1e099b8.jpeg\",\"datePublished\":\"2025-07-19T11:52:01+00:00\",\"dateModified\":\"2026-04-08T12:58:40+00:00\",\"breadcrumb\":{\"@id\":\"https:\/\/babylove.se\/no\/produkt\/flexa-husseng-90x200-cm-classic-house-hvit\/#breadcrumb\"},\"inLanguage\":\"nb-NO\",\"potentialAction\":[{\"@type\":\"ReadAction\",\"target\":[\"https:\/\/babylove.se\/no\/produkt\/flexa-husseng-90x200-cm-classic-house-hvit\/\"]}]},{\"@type\":\"ImageObject\",\"inLanguage\":\"nb-NO\",\"@id\":\"https:\/\/babylove.se\/no\/produkt\/flexa-husseng-90x200-cm-classic-house-hvit\/#primaryimage\",\"url\":\"https:\/\/babylove.se\/no\/wp-content\/uploads\/sites\/3\/2025\/07\/6597dc1e099b8.jpeg\",\"contentUrl\":\"https:\/\/babylove.se\/no\/wp-content\/uploads\/sites\/3\/2025\/07\/6597dc1e099b8.jpeg\",\"width\":1620,\"height\":1215},{\"@type\":\"BreadcrumbList\",\"@id\":\"https:\/\/babylove.se\/no\/produkt\/flexa-husseng-90x200-cm-classic-house-hvit\/#breadcrumb\",\"itemListElement\":[{\"@type\":\"ListItem\",\"position\":1,\"name\":\"Hem\",\"item\":\"https:\/\/babylove.se\/no\/\"},{\"@type\":\"ListItem\",\"position\":2,\"name\":\"Butik\",\"item\":\"https:\/\/babylove.se\/no\/butik\/\"},{\"@type\":\"ListItem\",\"position\":3,\"name\":\"Flexa, husseng 90&#215;200 cm Classic House, hvit\"}]},{\"@type\":\"WebSite\",\"@id\":\"https:\/\/babylove.se\/no\/#website\",\"url\":\"https:\/\/babylove.se\/no\/\",\"name\":\"Babylove Norska\",\"description\":\"\",\"potentialAction\":[{\"@type\":\"SearchAction\",\"target\":{\"@type\":\"EntryPoint\",\"urlTemplate\":\"https:\/\/babylove.se\/no\/?s={search_term_string}\"},\"query-input\":{\"@type\":\"PropertyValueSpecification\",\"valueRequired\":true,\"valueName\":\"search_term_string\"}}],\"inLanguage\":\"nb-NO\"}]}<\/script>\n<meta property=\"product:brand\" content=\"Flexa\" \/>\n<meta property=\"og:availability\" content=\"out of stock\" \/>\n<meta property=\"product:availability\" content=\"out of stock\" \/>\n<meta property=\"product:retailer_item_id\" content=\"90-10767-90-01\" \/>\n<meta property=\"product:condition\" content=\"new\" \/>\n<!-- \/ Yoast SEO Premium plugin. -->","yoast_head_json":{"title":"Flexa, husseng 90x200 cm Classic House, hvit - Babylove Norska","robots":{"index":"noindex","follow":"follow","max-snippet":"max-snippet:-1","max-image-preview":"max-image-preview:large","max-video-preview":"max-video-preview:-1"},"og_locale":"nb_NO","og_type":"article","og_title":"Flexa, husseng 90x200 cm Classic House, hvit","og_description":"Ta en titt p\u00e5 denne fantastiske barnesengen i form av et hus! En optimal kombinasjon av hytte p\u00e5 dagen og soveplass p\u00e5 kvelden f\u00e5r dere i form av denne vakre hussengen i skandinavisk stil. Passer alle sm\u00e5rollinger som elsker \u00e5 leke gjemsel eller dr\u00f8mmer om en trehytte. Tilvalg: Gardiner velg uten eller med. Finnes i [&hellip;]","og_url":"https:\/\/babylove.se\/no\/produkt\/flexa-husseng-90x200-cm-classic-house-hvit\/","og_site_name":"Babylove Norska","article_modified_time":"2026-04-08T12:58:40+00:00","og_image":[{"width":1620,"height":1215,"url":"https:\/\/babylove.se\/no\/wp-content\/uploads\/sites\/3\/2025\/07\/6597dc1e099b8.jpeg","type":"image\/jpeg"}],"twitter_card":"summary_large_image","twitter_misc":{"Availability":"Out of stock"},"schema":{"@context":"https:\/\/schema.org","@graph":[{"@type":"WebPage","@id":"https:\/\/babylove.se\/no\/produkt\/flexa-husseng-90x200-cm-classic-house-hvit\/","url":"https:\/\/babylove.se\/no\/produkt\/flexa-husseng-90x200-cm-classic-house-hvit\/","name":"Flexa, husseng 90x200 cm Classic House, hvit - Babylove Norska","isPartOf":{"@id":"https:\/\/babylove.se\/no\/#website"},"primaryImageOfPage":{"@id":"https:\/\/babylove.se\/no\/produkt\/flexa-husseng-90x200-cm-classic-house-hvit\/#primaryimage"},"image":{"@id":"https:\/\/babylove.se\/no\/produkt\/flexa-husseng-90x200-cm-classic-house-hvit\/#primaryimage"},"thumbnailUrl":"https:\/\/babylove.se\/no\/wp-content\/uploads\/sites\/3\/2025\/07\/6597dc1e099b8.jpeg","datePublished":"2025-07-19T11:52:01+00:00","dateModified":"2026-04-08T12:58:40+00:00","breadcrumb":{"@id":"https:\/\/babylove.se\/no\/produkt\/flexa-husseng-90x200-cm-classic-house-hvit\/#breadcrumb"},"inLanguage":"nb-NO","potentialAction":[{"@type":"ReadAction","target":["https:\/\/babylove.se\/no\/produkt\/flexa-husseng-90x200-cm-classic-house-hvit\/"]}]},{"@type":"ImageObject","inLanguage":"nb-NO","@id":"https:\/\/babylove.se\/no\/produkt\/flexa-husseng-90x200-cm-classic-house-hvit\/#primaryimage","url":"https:\/\/babylove.se\/no\/wp-content\/uploads\/sites\/3\/2025\/07\/6597dc1e099b8.jpeg","contentUrl":"https:\/\/babylove.se\/no\/wp-content\/uploads\/sites\/3\/2025\/07\/6597dc1e099b8.jpeg","width":1620,"height":1215},{"@type":"BreadcrumbList","@id":"https:\/\/babylove.se\/no\/produkt\/flexa-husseng-90x200-cm-classic-house-hvit\/#breadcrumb","itemListElement":[{"@type":"ListItem","position":1,"name":"Hem","item":"https:\/\/babylove.se\/no\/"},{"@type":"ListItem","position":2,"name":"Butik","item":"https:\/\/babylove.se\/no\/butik\/"},{"@type":"ListItem","position":3,"name":"Flexa, husseng 90&#215;200 cm Classic House, hvit"}]},{"@type":"WebSite","@id":"https:\/\/babylove.se\/no\/#website","url":"https:\/\/babylove.se\/no\/","name":"Babylove Norska","description":"","potentialAction":[{"@type":"SearchAction","target":{"@type":"EntryPoint","urlTemplate":"https:\/\/babylove.se\/no\/?s={search_term_string}"},"query-input":{"@type":"PropertyValueSpecification","valueRequired":true,"valueName":"search_term_string"}}],"inLanguage":"nb-NO"}]},"product_brand":"Flexa","og_availability":"out of stock","product_availability":"out of stock","product_retailer_item_id":"90-10767-90-01","product_condition":"new"},"_links":{"self":[{"href":"https:\/\/babylove.se\/no\/wp-json\/wp\/v2\/product\/56677","targetHints":{"allow":["GET"]}}],"collection":[{"href":"https:\/\/babylove.se\/no\/wp-json\/wp\/v2\/product"}],"about":[{"href":"https:\/\/babylove.se\/no\/wp-json\/wp\/v2\/types\/product"}],"replies":[{"embeddable":true,"href":"https:\/\/babylove.se\/no\/wp-json\/wp\/v2\/comments?post=56677"}],"wp:featuredmedia":[{"embeddable":true,"href":"https:\/\/babylove.se\/no\/wp-json\/wp\/v2\/media\/56679"}],"wp:attachment":[{"href":"https:\/\/babylove.se\/no\/wp-json\/wp\/v2\/media?parent=56677"}],"wp:term":[{"taxonomy":"product_brand","embeddable":true,"href":"https:\/\/babylove.se\/no\/wp-json\/wp\/v2\/product_brand?post=56677"},{"taxonomy":"product_cat","embeddable":true,"href":"https:\/\/babylove.se\/no\/wp-json\/wp\/v2\/product_cat?post=56677"},{"taxonomy":"product_tag","embeddable":true,"href":"https:\/\/babylove.se\/no\/wp-json\/wp\/v2\/product_tag?post=56677"}],"curies":[{"name":"wp","href":"https:\/\/api.w.org\/{rel}","templated":true}]}}