{"id":56807,"date":"2025-07-19T12:53:46","date_gmt":"2025-07-19T11:53:46","guid":{"rendered":"https:\/\/babylove.se\/produkt\/duck-woodworks-byggbar-kokspall-med-rutschkana-granatur\/"},"modified":"2026-04-08T13:59:18","modified_gmt":"2026-04-08T12:59:18","slug":"duck-woodworks-byggbar-kokspall-med-rutschkana-granatur","status":"publish","type":"product","link":"https:\/\/babylove.se\/no\/produkt\/duck-woodworks-byggbar-kokspall-med-rutschkana-granatur\/","title":{"rendered":"Duck Woodworks, Byggbar k\u00f6kspall med rutschkana, gr\u00e5\/natur"},"content":{"rendered":"<p>Smart och snygg 3 i 1-produkt fr\u00e5n popul\u00e4ra Duck Woodworks!&nbsp;<\/p>\n<p><span style=\"background-color: initial; text-align: initial;\">Den tjusiga hj\u00e4lpa till pallen underl\u00e4ttar n\u00e4r barnet ska borsta t\u00e4nderna, tv\u00e4tta h\u00e4nderna, assistera f\u00f6r\u00e4ldrarna vid matlagning eller annan aktivitet dit minstingen inte riktigt n\u00e5r upp.&nbsp;<\/span>Kan \u00e4ven vikas ihop till ett skrivbord med pall n\u00e4r det \u00e4r dags att ta en paus f\u00f6r f\u00e4rgl\u00e4ggning. Rutschkanan som enkelt f\u00e4sts p\u00e5 skrivbordet kommer att erbjuda m\u00e5nga timmar av lek.<\/p>\n<p><span style=\"background-color: initial; text-align: initial;\">Gjord enligt Montessoripedagogik vilket motiverar barnet att p\u00e5 egen hand utforska och l\u00e4ra sig nya saker.&nbsp;<\/span><\/p>\n<p><span style=\"background-color: initial; text-align: initial;\">Monteras enkelt.<\/span><\/p>\n<p><strong>M\u00e5tt<\/strong>:&nbsp;<\/p>\n<ul>\n<li>Hj\u00e4lpa till pall: 88 x 40 x 42 cm<\/li>\n<li>Rutschkana: 104 x 36,5 cm<\/li>\n<\/ul>\n<p><strong>Material<\/strong>: Plywood och MDF<\/p>\n<p>Designer: <a href=\"https:\/\/babylove.se\/varumarken\/duck-woodworks\">Duck Woodworks<\/a><\/p>\n","protected":false},"excerpt":{"rendered":"<p>Smart och snygg 3 i 1-produkt fr\u00e5n popul\u00e4ra Duck Woodworks!&nbsp; Den tjusiga hj\u00e4lpa till pallen underl\u00e4ttar n\u00e4r barnet ska borsta t\u00e4nderna, tv\u00e4tta h\u00e4nderna, assistera f\u00f6r\u00e4ldrarna vid matlagning eller annan aktivitet dit minstingen inte riktigt n\u00e5r upp.&nbsp;Kan \u00e4ven vikas ihop till ett skrivbord med pall n\u00e4r det \u00e4r dags att ta en paus f\u00f6r f\u00e4rgl\u00e4ggning. Rutschkanan [&hellip;]<\/p>\n","protected":false},"featured_media":56809,"comment_status":"closed","ping_status":"open","template":"","meta":{"_acf_changed":false},"product_brand":[998],"product_cat":[999,911],"product_tag":[1689],"class_list":{"0":"post-56807","1":"product","2":"type-product","3":"status-publish","4":"has-post-thumbnail","6":"product_brand-duck-woodworks","7":"product_cat-duck-woodworks","8":"product_cat-hjelpe-til-pall","9":"product_tag-bestillingsvaror","11":"first","12":"instock","13":"taxable","14":"shipping-taxable","15":"purchasable","16":"product-type-simple"},"acf":[],"yoast_head":"<!-- This site is optimized with the Yoast SEO Premium plugin v25.8 (Yoast SEO v27.2) - https:\/\/yoast.com\/product\/yoast-seo-premium-wordpress\/ -->\n<title>Duck Woodworks, Byggbar k\u00f6kspall med rutschkana, gr\u00e5\/natur - Babylove Norska<\/title>\n<meta name=\"robots\" content=\"noindex, follow, max-snippet:-1, max-image-preview:large, max-video-preview:-1\" \/>\n<meta property=\"og:locale\" content=\"nb_NO\" \/>\n<meta property=\"og:type\" content=\"article\" \/>\n<meta property=\"og:title\" content=\"Duck Woodworks, Byggbar k\u00f6kspall med rutschkana, gr\u00e5\/natur\" \/>\n<meta property=\"og:description\" content=\"Smart och snygg 3 i 1-produkt fr\u00e5n popul\u00e4ra Duck Woodworks!&nbsp; Den tjusiga hj\u00e4lpa till pallen underl\u00e4ttar n\u00e4r barnet ska borsta t\u00e4nderna, tv\u00e4tta h\u00e4nderna, assistera f\u00f6r\u00e4ldrarna vid matlagning eller annan aktivitet dit minstingen inte riktigt n\u00e5r upp.&nbsp;Kan \u00e4ven vikas ihop till ett skrivbord med pall n\u00e4r det \u00e4r dags att ta en paus f\u00f6r f\u00e4rgl\u00e4ggning. Rutschkanan [&hellip;]\" \/>\n<meta property=\"og:url\" content=\"https:\/\/babylove.se\/no\/produkt\/duck-woodworks-byggbar-kokspall-med-rutschkana-granatur\/\" \/>\n<meta property=\"og:site_name\" content=\"Babylove Norska\" \/>\n<meta property=\"article:modified_time\" content=\"2026-04-08T12:59:18+00:00\" \/>\n<meta property=\"og:image\" content=\"https:\/\/babylove.se\/no\/wp-content\/uploads\/sites\/3\/2025\/07\/659e77b4e1426.jpeg\" \/>\n\t<meta property=\"og:image:width\" content=\"945\" \/>\n\t<meta property=\"og:image:height\" content=\"630\" \/>\n\t<meta property=\"og:image:type\" content=\"image\/jpeg\" \/>\n<meta name=\"twitter:card\" content=\"summary_large_image\" \/>\n<meta name=\"twitter:label1\" content=\"Price\" \/>\n\t<meta name=\"twitter:data1\" content=\"2 999,00&nbsp;&#107;&#114;\" \/>\n\t<meta name=\"twitter:label2\" content=\"Availability\" \/>\n\t<meta name=\"twitter:data2\" content=\"In stock\" \/>\n<script type=\"application\/ld+json\" class=\"yoast-schema-graph\">{\"@context\":\"https:\/\/schema.org\",\"@graph\":[{\"@type\":\"WebPage\",\"@id\":\"https:\/\/babylove.se\/no\/produkt\/duck-woodworks-byggbar-kokspall-med-rutschkana-granatur\/\",\"url\":\"https:\/\/babylove.se\/no\/produkt\/duck-woodworks-byggbar-kokspall-med-rutschkana-granatur\/\",\"name\":\"Duck Woodworks, Byggbar k\u00f6kspall med rutschkana, gr\u00e5\/natur - Babylove Norska\",\"isPartOf\":{\"@id\":\"https:\/\/babylove.se\/no\/#website\"},\"primaryImageOfPage\":{\"@id\":\"https:\/\/babylove.se\/no\/produkt\/duck-woodworks-byggbar-kokspall-med-rutschkana-granatur\/#primaryimage\"},\"image\":{\"@id\":\"https:\/\/babylove.se\/no\/produkt\/duck-woodworks-byggbar-kokspall-med-rutschkana-granatur\/#primaryimage\"},\"thumbnailUrl\":\"https:\/\/babylove.se\/no\/wp-content\/uploads\/sites\/3\/2025\/07\/659e77b4e1426.jpeg\",\"datePublished\":\"2025-07-19T11:53:46+00:00\",\"dateModified\":\"2026-04-08T12:59:18+00:00\",\"breadcrumb\":{\"@id\":\"https:\/\/babylove.se\/no\/produkt\/duck-woodworks-byggbar-kokspall-med-rutschkana-granatur\/#breadcrumb\"},\"inLanguage\":\"nb-NO\",\"potentialAction\":[{\"@type\":\"ReadAction\",\"target\":[\"https:\/\/babylove.se\/no\/produkt\/duck-woodworks-byggbar-kokspall-med-rutschkana-granatur\/\"]}]},{\"@type\":\"ImageObject\",\"inLanguage\":\"nb-NO\",\"@id\":\"https:\/\/babylove.se\/no\/produkt\/duck-woodworks-byggbar-kokspall-med-rutschkana-granatur\/#primaryimage\",\"url\":\"https:\/\/babylove.se\/no\/wp-content\/uploads\/sites\/3\/2025\/07\/659e77b4e1426.jpeg\",\"contentUrl\":\"https:\/\/babylove.se\/no\/wp-content\/uploads\/sites\/3\/2025\/07\/659e77b4e1426.jpeg\",\"width\":945,\"height\":630},{\"@type\":\"BreadcrumbList\",\"@id\":\"https:\/\/babylove.se\/no\/produkt\/duck-woodworks-byggbar-kokspall-med-rutschkana-granatur\/#breadcrumb\",\"itemListElement\":[{\"@type\":\"ListItem\",\"position\":1,\"name\":\"Hem\",\"item\":\"https:\/\/babylove.se\/no\/\"},{\"@type\":\"ListItem\",\"position\":2,\"name\":\"Butik\",\"item\":\"https:\/\/babylove.se\/no\/butik\/\"},{\"@type\":\"ListItem\",\"position\":3,\"name\":\"Duck Woodworks, Byggbar k\u00f6kspall med rutschkana, gr\u00e5\/natur\"}]},{\"@type\":\"WebSite\",\"@id\":\"https:\/\/babylove.se\/no\/#website\",\"url\":\"https:\/\/babylove.se\/no\/\",\"name\":\"Babylove Norska\",\"description\":\"\",\"potentialAction\":[{\"@type\":\"SearchAction\",\"target\":{\"@type\":\"EntryPoint\",\"urlTemplate\":\"https:\/\/babylove.se\/no\/?s={search_term_string}\"},\"query-input\":{\"@type\":\"PropertyValueSpecification\",\"valueRequired\":true,\"valueName\":\"search_term_string\"}}],\"inLanguage\":\"nb-NO\"}]}<\/script>\n<meta property=\"product:brand\" content=\"Duck Woodworks\" \/>\n<meta property=\"product:price:amount\" content=\"2999.00\" \/>\n<meta property=\"product:price:currency\" content=\"SEK\" \/>\n<meta property=\"og:availability\" content=\"instock\" \/>\n<meta property=\"product:availability\" content=\"instock\" \/>\n<meta property=\"product:retailer_item_id\" content=\"SKMSL7P\" \/>\n<meta property=\"product:condition\" content=\"new\" \/>\n<!-- \/ Yoast SEO Premium plugin. -->","yoast_head_json":{"title":"Duck Woodworks, Byggbar k\u00f6kspall med rutschkana, gr\u00e5\/natur - Babylove Norska","robots":{"index":"noindex","follow":"follow","max-snippet":"max-snippet:-1","max-image-preview":"max-image-preview:large","max-video-preview":"max-video-preview:-1"},"og_locale":"nb_NO","og_type":"article","og_title":"Duck Woodworks, Byggbar k\u00f6kspall med rutschkana, gr\u00e5\/natur","og_description":"Smart och snygg 3 i 1-produkt fr\u00e5n popul\u00e4ra Duck Woodworks!&nbsp; Den tjusiga hj\u00e4lpa till pallen underl\u00e4ttar n\u00e4r barnet ska borsta t\u00e4nderna, tv\u00e4tta h\u00e4nderna, assistera f\u00f6r\u00e4ldrarna vid matlagning eller annan aktivitet dit minstingen inte riktigt n\u00e5r upp.&nbsp;Kan \u00e4ven vikas ihop till ett skrivbord med pall n\u00e4r det \u00e4r dags att ta en paus f\u00f6r f\u00e4rgl\u00e4ggning. Rutschkanan [&hellip;]","og_url":"https:\/\/babylove.se\/no\/produkt\/duck-woodworks-byggbar-kokspall-med-rutschkana-granatur\/","og_site_name":"Babylove Norska","article_modified_time":"2026-04-08T12:59:18+00:00","og_image":[{"width":945,"height":630,"url":"https:\/\/babylove.se\/no\/wp-content\/uploads\/sites\/3\/2025\/07\/659e77b4e1426.jpeg","type":"image\/jpeg"}],"twitter_card":"summary_large_image","twitter_misc":{"Price":"2 999,00&nbsp;&#107;&#114;","Availability":"In stock"},"schema":{"@context":"https:\/\/schema.org","@graph":[{"@type":"WebPage","@id":"https:\/\/babylove.se\/no\/produkt\/duck-woodworks-byggbar-kokspall-med-rutschkana-granatur\/","url":"https:\/\/babylove.se\/no\/produkt\/duck-woodworks-byggbar-kokspall-med-rutschkana-granatur\/","name":"Duck Woodworks, Byggbar k\u00f6kspall med rutschkana, gr\u00e5\/natur - Babylove Norska","isPartOf":{"@id":"https:\/\/babylove.se\/no\/#website"},"primaryImageOfPage":{"@id":"https:\/\/babylove.se\/no\/produkt\/duck-woodworks-byggbar-kokspall-med-rutschkana-granatur\/#primaryimage"},"image":{"@id":"https:\/\/babylove.se\/no\/produkt\/duck-woodworks-byggbar-kokspall-med-rutschkana-granatur\/#primaryimage"},"thumbnailUrl":"https:\/\/babylove.se\/no\/wp-content\/uploads\/sites\/3\/2025\/07\/659e77b4e1426.jpeg","datePublished":"2025-07-19T11:53:46+00:00","dateModified":"2026-04-08T12:59:18+00:00","breadcrumb":{"@id":"https:\/\/babylove.se\/no\/produkt\/duck-woodworks-byggbar-kokspall-med-rutschkana-granatur\/#breadcrumb"},"inLanguage":"nb-NO","potentialAction":[{"@type":"ReadAction","target":["https:\/\/babylove.se\/no\/produkt\/duck-woodworks-byggbar-kokspall-med-rutschkana-granatur\/"]}]},{"@type":"ImageObject","inLanguage":"nb-NO","@id":"https:\/\/babylove.se\/no\/produkt\/duck-woodworks-byggbar-kokspall-med-rutschkana-granatur\/#primaryimage","url":"https:\/\/babylove.se\/no\/wp-content\/uploads\/sites\/3\/2025\/07\/659e77b4e1426.jpeg","contentUrl":"https:\/\/babylove.se\/no\/wp-content\/uploads\/sites\/3\/2025\/07\/659e77b4e1426.jpeg","width":945,"height":630},{"@type":"BreadcrumbList","@id":"https:\/\/babylove.se\/no\/produkt\/duck-woodworks-byggbar-kokspall-med-rutschkana-granatur\/#breadcrumb","itemListElement":[{"@type":"ListItem","position":1,"name":"Hem","item":"https:\/\/babylove.se\/no\/"},{"@type":"ListItem","position":2,"name":"Butik","item":"https:\/\/babylove.se\/no\/butik\/"},{"@type":"ListItem","position":3,"name":"Duck Woodworks, Byggbar k\u00f6kspall med rutschkana, gr\u00e5\/natur"}]},{"@type":"WebSite","@id":"https:\/\/babylove.se\/no\/#website","url":"https:\/\/babylove.se\/no\/","name":"Babylove Norska","description":"","potentialAction":[{"@type":"SearchAction","target":{"@type":"EntryPoint","urlTemplate":"https:\/\/babylove.se\/no\/?s={search_term_string}"},"query-input":{"@type":"PropertyValueSpecification","valueRequired":true,"valueName":"search_term_string"}}],"inLanguage":"nb-NO"}]},"product_brand":"Duck Woodworks","product_price_amount":"2999.00","product_price_currency":"SEK","og_availability":"instock","product_availability":"instock","product_retailer_item_id":"SKMSL7P","product_condition":"new"},"_links":{"self":[{"href":"https:\/\/babylove.se\/no\/wp-json\/wp\/v2\/product\/56807","targetHints":{"allow":["GET"]}}],"collection":[{"href":"https:\/\/babylove.se\/no\/wp-json\/wp\/v2\/product"}],"about":[{"href":"https:\/\/babylove.se\/no\/wp-json\/wp\/v2\/types\/product"}],"replies":[{"embeddable":true,"href":"https:\/\/babylove.se\/no\/wp-json\/wp\/v2\/comments?post=56807"}],"wp:featuredmedia":[{"embeddable":true,"href":"https:\/\/babylove.se\/no\/wp-json\/wp\/v2\/media\/56809"}],"wp:attachment":[{"href":"https:\/\/babylove.se\/no\/wp-json\/wp\/v2\/media?parent=56807"}],"wp:term":[{"taxonomy":"product_brand","embeddable":true,"href":"https:\/\/babylove.se\/no\/wp-json\/wp\/v2\/product_brand?post=56807"},{"taxonomy":"product_cat","embeddable":true,"href":"https:\/\/babylove.se\/no\/wp-json\/wp\/v2\/product_cat?post=56807"},{"taxonomy":"product_tag","embeddable":true,"href":"https:\/\/babylove.se\/no\/wp-json\/wp\/v2\/product_tag?post=56807"}],"curies":[{"name":"wp","href":"https:\/\/api.w.org\/{rel}","templated":true}]}}