{"id":56841,"date":"2025-07-19T12:53:46","date_gmt":"2025-07-19T11:53:46","guid":{"rendered":"https:\/\/babylove.se\/produkt\/duck-woodworks-klattertriangel-med-rutschkana-svartnatur\/"},"modified":"2026-04-08T13:59:26","modified_gmt":"2026-04-08T12:59:26","slug":"duck-woodworks-klattertriangel-med-rutschkana-svartnatur","status":"publish","type":"product","link":"https:\/\/babylove.se\/no\/produkt\/duck-woodworks-klattertriangel-med-rutschkana-svartnatur\/","title":{"rendered":"Duck Woodworks, Kl\u00e4ttertriangel med rutschkana, svart\/natur"},"content":{"rendered":"<p>En fantastisk kl\u00e4ttertriangel Pikler med rutschkana fr\u00e5n Duck Woodworks!<\/p>\n<p>Om du bara t\u00e4nker k\u00f6pa en aktivitetsleksak \u00e4r det denna du ska k\u00f6pa! Kl\u00e4ttringstriangeln fr\u00e4mjar utveckling av motorik, koordination, balans och styrka genom aktiv lek.&nbsp;<\/p>\n<p>Materialen och f\u00e4rg som anv\u00e4nds \u00e4r sj\u00e4lvklart barnv\u00e4nliga och h\u00e5llbara. Skall enbart anv\u00e4ndas inomhus.&nbsp;<\/p>\n<p>Gjord enligt Montessoripedagogik vilket motiverar barnet att p\u00e5 egen hand utforska och l\u00e4ra sig nya saker.&nbsp;<\/p>\n<p><strong>M\u00e5tt<\/strong>:&nbsp;<\/p>\n<ul>\n<li>Triangel: 88 x 80 x 68 cm<\/li>\n<li>Rutschkana: 81 x 68 cm<\/li>\n<\/ul>\n<p><strong>Material<\/strong>: Plywood<\/p>\n<p>Designer: <a href=\"https:\/\/babylove.se\/varumarken\/duck-woodworks\">Duck Woodworks<\/a><\/p>\n","protected":false},"excerpt":{"rendered":"<p>En fantastisk kl\u00e4ttertriangel Pikler med rutschkana fr\u00e5n Duck Woodworks! Om du bara t\u00e4nker k\u00f6pa en aktivitetsleksak \u00e4r det denna du ska k\u00f6pa! Kl\u00e4ttringstriangeln fr\u00e4mjar utveckling av motorik, koordination, balans och styrka genom aktiv lek.&nbsp; Materialen och f\u00e4rg som anv\u00e4nds \u00e4r sj\u00e4lvklart barnv\u00e4nliga och h\u00e5llbara. Skall enbart anv\u00e4ndas inomhus.&nbsp; Gjord enligt Montessoripedagogik vilket motiverar barnet att [&hellip;]<\/p>\n","protected":false},"featured_media":56843,"comment_status":"closed","ping_status":"open","template":"","meta":{"_acf_changed":false},"product_brand":[998],"product_cat":[999,204],"product_tag":[1689],"class_list":{"0":"post-56841","1":"product","2":"type-product","3":"status-publish","4":"has-post-thumbnail","6":"product_brand-duck-woodworks","7":"product_cat-duck-woodworks","8":"product_cat-motoriske-barnmobler","9":"product_tag-bestillingsvaror","11":"first","12":"instock","13":"taxable","14":"shipping-taxable","15":"purchasable","16":"product-type-simple"},"acf":[],"yoast_head":"<!-- This site is optimized with the Yoast SEO Premium plugin v25.8 (Yoast SEO v27.2) - https:\/\/yoast.com\/product\/yoast-seo-premium-wordpress\/ -->\n<title>Duck Woodworks, Kl\u00e4ttertriangel med rutschkana, svart\/natur - Babylove Norska<\/title>\n<meta name=\"robots\" content=\"noindex, follow, max-snippet:-1, max-image-preview:large, max-video-preview:-1\" \/>\n<meta property=\"og:locale\" content=\"nb_NO\" \/>\n<meta property=\"og:type\" content=\"article\" \/>\n<meta property=\"og:title\" content=\"Duck Woodworks, Kl\u00e4ttertriangel med rutschkana, svart\/natur\" \/>\n<meta property=\"og:description\" content=\"En fantastisk kl\u00e4ttertriangel Pikler med rutschkana fr\u00e5n Duck Woodworks! Om du bara t\u00e4nker k\u00f6pa en aktivitetsleksak \u00e4r det denna du ska k\u00f6pa! Kl\u00e4ttringstriangeln fr\u00e4mjar utveckling av motorik, koordination, balans och styrka genom aktiv lek.&nbsp; Materialen och f\u00e4rg som anv\u00e4nds \u00e4r sj\u00e4lvklart barnv\u00e4nliga och h\u00e5llbara. Skall enbart anv\u00e4ndas inomhus.&nbsp; Gjord enligt Montessoripedagogik vilket motiverar barnet att [&hellip;]\" \/>\n<meta property=\"og:url\" content=\"https:\/\/babylove.se\/no\/produkt\/duck-woodworks-klattertriangel-med-rutschkana-svartnatur\/\" \/>\n<meta property=\"og:site_name\" content=\"Babylove Norska\" \/>\n<meta property=\"article:modified_time\" content=\"2026-04-08T12:59:26+00:00\" \/>\n<meta property=\"og:image\" content=\"https:\/\/babylove.se\/no\/wp-content\/uploads\/sites\/3\/2025\/07\/659e91cabf37a.jpeg\" \/>\n\t<meta property=\"og:image:width\" content=\"756\" \/>\n\t<meta property=\"og:image:height\" content=\"504\" \/>\n\t<meta property=\"og:image:type\" content=\"image\/jpeg\" \/>\n<meta name=\"twitter:card\" content=\"summary_large_image\" \/>\n<meta name=\"twitter:label1\" content=\"Price\" \/>\n\t<meta name=\"twitter:data1\" content=\"2 999,00&nbsp;&#107;&#114;\" \/>\n\t<meta name=\"twitter:label2\" content=\"Availability\" \/>\n\t<meta name=\"twitter:data2\" content=\"In stock\" \/>\n<script type=\"application\/ld+json\" class=\"yoast-schema-graph\">{\"@context\":\"https:\/\/schema.org\",\"@graph\":[{\"@type\":\"WebPage\",\"@id\":\"https:\/\/babylove.se\/no\/produkt\/duck-woodworks-klattertriangel-med-rutschkana-svartnatur\/\",\"url\":\"https:\/\/babylove.se\/no\/produkt\/duck-woodworks-klattertriangel-med-rutschkana-svartnatur\/\",\"name\":\"Duck Woodworks, Kl\u00e4ttertriangel med rutschkana, svart\/natur - Babylove Norska\",\"isPartOf\":{\"@id\":\"https:\/\/babylove.se\/no\/#website\"},\"primaryImageOfPage\":{\"@id\":\"https:\/\/babylove.se\/no\/produkt\/duck-woodworks-klattertriangel-med-rutschkana-svartnatur\/#primaryimage\"},\"image\":{\"@id\":\"https:\/\/babylove.se\/no\/produkt\/duck-woodworks-klattertriangel-med-rutschkana-svartnatur\/#primaryimage\"},\"thumbnailUrl\":\"https:\/\/babylove.se\/no\/wp-content\/uploads\/sites\/3\/2025\/07\/659e91cabf37a.jpeg\",\"datePublished\":\"2025-07-19T11:53:46+00:00\",\"dateModified\":\"2026-04-08T12:59:26+00:00\",\"breadcrumb\":{\"@id\":\"https:\/\/babylove.se\/no\/produkt\/duck-woodworks-klattertriangel-med-rutschkana-svartnatur\/#breadcrumb\"},\"inLanguage\":\"nb-NO\",\"potentialAction\":[{\"@type\":\"ReadAction\",\"target\":[\"https:\/\/babylove.se\/no\/produkt\/duck-woodworks-klattertriangel-med-rutschkana-svartnatur\/\"]}]},{\"@type\":\"ImageObject\",\"inLanguage\":\"nb-NO\",\"@id\":\"https:\/\/babylove.se\/no\/produkt\/duck-woodworks-klattertriangel-med-rutschkana-svartnatur\/#primaryimage\",\"url\":\"https:\/\/babylove.se\/no\/wp-content\/uploads\/sites\/3\/2025\/07\/659e91cabf37a.jpeg\",\"contentUrl\":\"https:\/\/babylove.se\/no\/wp-content\/uploads\/sites\/3\/2025\/07\/659e91cabf37a.jpeg\",\"width\":756,\"height\":504},{\"@type\":\"BreadcrumbList\",\"@id\":\"https:\/\/babylove.se\/no\/produkt\/duck-woodworks-klattertriangel-med-rutschkana-svartnatur\/#breadcrumb\",\"itemListElement\":[{\"@type\":\"ListItem\",\"position\":1,\"name\":\"Hem\",\"item\":\"https:\/\/babylove.se\/no\/\"},{\"@type\":\"ListItem\",\"position\":2,\"name\":\"Butik\",\"item\":\"https:\/\/babylove.se\/no\/butik\/\"},{\"@type\":\"ListItem\",\"position\":3,\"name\":\"Duck Woodworks, Kl\u00e4ttertriangel med rutschkana, svart\/natur\"}]},{\"@type\":\"WebSite\",\"@id\":\"https:\/\/babylove.se\/no\/#website\",\"url\":\"https:\/\/babylove.se\/no\/\",\"name\":\"Babylove Norska\",\"description\":\"\",\"potentialAction\":[{\"@type\":\"SearchAction\",\"target\":{\"@type\":\"EntryPoint\",\"urlTemplate\":\"https:\/\/babylove.se\/no\/?s={search_term_string}\"},\"query-input\":{\"@type\":\"PropertyValueSpecification\",\"valueRequired\":true,\"valueName\":\"search_term_string\"}}],\"inLanguage\":\"nb-NO\"}]}<\/script>\n<meta property=\"product:brand\" content=\"Duck Woodworks\" \/>\n<meta property=\"product:price:amount\" content=\"2999.00\" \/>\n<meta property=\"product:price:currency\" content=\"SEK\" \/>\n<meta property=\"og:availability\" content=\"instock\" \/>\n<meta property=\"product:availability\" content=\"instock\" \/>\n<meta property=\"product:retailer_item_id\" content=\"TG0003M\" \/>\n<meta property=\"product:condition\" content=\"new\" \/>\n<!-- \/ Yoast SEO Premium plugin. -->","yoast_head_json":{"title":"Duck Woodworks, Kl\u00e4ttertriangel med rutschkana, svart\/natur - Babylove Norska","robots":{"index":"noindex","follow":"follow","max-snippet":"max-snippet:-1","max-image-preview":"max-image-preview:large","max-video-preview":"max-video-preview:-1"},"og_locale":"nb_NO","og_type":"article","og_title":"Duck Woodworks, Kl\u00e4ttertriangel med rutschkana, svart\/natur","og_description":"En fantastisk kl\u00e4ttertriangel Pikler med rutschkana fr\u00e5n Duck Woodworks! Om du bara t\u00e4nker k\u00f6pa en aktivitetsleksak \u00e4r det denna du ska k\u00f6pa! Kl\u00e4ttringstriangeln fr\u00e4mjar utveckling av motorik, koordination, balans och styrka genom aktiv lek.&nbsp; Materialen och f\u00e4rg som anv\u00e4nds \u00e4r sj\u00e4lvklart barnv\u00e4nliga och h\u00e5llbara. Skall enbart anv\u00e4ndas inomhus.&nbsp; Gjord enligt Montessoripedagogik vilket motiverar barnet att [&hellip;]","og_url":"https:\/\/babylove.se\/no\/produkt\/duck-woodworks-klattertriangel-med-rutschkana-svartnatur\/","og_site_name":"Babylove Norska","article_modified_time":"2026-04-08T12:59:26+00:00","og_image":[{"width":756,"height":504,"url":"https:\/\/babylove.se\/no\/wp-content\/uploads\/sites\/3\/2025\/07\/659e91cabf37a.jpeg","type":"image\/jpeg"}],"twitter_card":"summary_large_image","twitter_misc":{"Price":"2 999,00&nbsp;&#107;&#114;","Availability":"In stock"},"schema":{"@context":"https:\/\/schema.org","@graph":[{"@type":"WebPage","@id":"https:\/\/babylove.se\/no\/produkt\/duck-woodworks-klattertriangel-med-rutschkana-svartnatur\/","url":"https:\/\/babylove.se\/no\/produkt\/duck-woodworks-klattertriangel-med-rutschkana-svartnatur\/","name":"Duck Woodworks, Kl\u00e4ttertriangel med rutschkana, svart\/natur - Babylove Norska","isPartOf":{"@id":"https:\/\/babylove.se\/no\/#website"},"primaryImageOfPage":{"@id":"https:\/\/babylove.se\/no\/produkt\/duck-woodworks-klattertriangel-med-rutschkana-svartnatur\/#primaryimage"},"image":{"@id":"https:\/\/babylove.se\/no\/produkt\/duck-woodworks-klattertriangel-med-rutschkana-svartnatur\/#primaryimage"},"thumbnailUrl":"https:\/\/babylove.se\/no\/wp-content\/uploads\/sites\/3\/2025\/07\/659e91cabf37a.jpeg","datePublished":"2025-07-19T11:53:46+00:00","dateModified":"2026-04-08T12:59:26+00:00","breadcrumb":{"@id":"https:\/\/babylove.se\/no\/produkt\/duck-woodworks-klattertriangel-med-rutschkana-svartnatur\/#breadcrumb"},"inLanguage":"nb-NO","potentialAction":[{"@type":"ReadAction","target":["https:\/\/babylove.se\/no\/produkt\/duck-woodworks-klattertriangel-med-rutschkana-svartnatur\/"]}]},{"@type":"ImageObject","inLanguage":"nb-NO","@id":"https:\/\/babylove.se\/no\/produkt\/duck-woodworks-klattertriangel-med-rutschkana-svartnatur\/#primaryimage","url":"https:\/\/babylove.se\/no\/wp-content\/uploads\/sites\/3\/2025\/07\/659e91cabf37a.jpeg","contentUrl":"https:\/\/babylove.se\/no\/wp-content\/uploads\/sites\/3\/2025\/07\/659e91cabf37a.jpeg","width":756,"height":504},{"@type":"BreadcrumbList","@id":"https:\/\/babylove.se\/no\/produkt\/duck-woodworks-klattertriangel-med-rutschkana-svartnatur\/#breadcrumb","itemListElement":[{"@type":"ListItem","position":1,"name":"Hem","item":"https:\/\/babylove.se\/no\/"},{"@type":"ListItem","position":2,"name":"Butik","item":"https:\/\/babylove.se\/no\/butik\/"},{"@type":"ListItem","position":3,"name":"Duck Woodworks, Kl\u00e4ttertriangel med rutschkana, svart\/natur"}]},{"@type":"WebSite","@id":"https:\/\/babylove.se\/no\/#website","url":"https:\/\/babylove.se\/no\/","name":"Babylove Norska","description":"","potentialAction":[{"@type":"SearchAction","target":{"@type":"EntryPoint","urlTemplate":"https:\/\/babylove.se\/no\/?s={search_term_string}"},"query-input":{"@type":"PropertyValueSpecification","valueRequired":true,"valueName":"search_term_string"}}],"inLanguage":"nb-NO"}]},"product_brand":"Duck Woodworks","product_price_amount":"2999.00","product_price_currency":"SEK","og_availability":"instock","product_availability":"instock","product_retailer_item_id":"TG0003M","product_condition":"new"},"_links":{"self":[{"href":"https:\/\/babylove.se\/no\/wp-json\/wp\/v2\/product\/56841","targetHints":{"allow":["GET"]}}],"collection":[{"href":"https:\/\/babylove.se\/no\/wp-json\/wp\/v2\/product"}],"about":[{"href":"https:\/\/babylove.se\/no\/wp-json\/wp\/v2\/types\/product"}],"replies":[{"embeddable":true,"href":"https:\/\/babylove.se\/no\/wp-json\/wp\/v2\/comments?post=56841"}],"wp:featuredmedia":[{"embeddable":true,"href":"https:\/\/babylove.se\/no\/wp-json\/wp\/v2\/media\/56843"}],"wp:attachment":[{"href":"https:\/\/babylove.se\/no\/wp-json\/wp\/v2\/media?parent=56841"}],"wp:term":[{"taxonomy":"product_brand","embeddable":true,"href":"https:\/\/babylove.se\/no\/wp-json\/wp\/v2\/product_brand?post=56841"},{"taxonomy":"product_cat","embeddable":true,"href":"https:\/\/babylove.se\/no\/wp-json\/wp\/v2\/product_cat?post=56841"},{"taxonomy":"product_tag","embeddable":true,"href":"https:\/\/babylove.se\/no\/wp-json\/wp\/v2\/product_tag?post=56841"}],"curies":[{"name":"wp","href":"https:\/\/api.w.org\/{rel}","templated":true}]}}