{"id":56892,"date":"2025-07-19T12:54:26","date_gmt":"2025-07-19T11:54:26","guid":{"rendered":"https:\/\/babylove.se\/produkt\/duck-woodworks-garderob-kladstang-med-hyllor-vitnatur\/"},"modified":"2026-04-08T13:59:40","modified_gmt":"2026-04-08T12:59:40","slug":"duck-woodworks-garderob-klessstang-med-hyller-naturhvit","status":"publish","type":"product","link":"https:\/\/babylove.se\/no\/produkt\/duck-woodworks-garderob-klessstang-med-hyller-naturhvit\/","title":{"rendered":"Duck Woodworks, garderob kl\u00e4dst\u00e5ng med hyllor, vit\/natur"},"content":{"rendered":"<p>Utrolig vakker garderobe i skandinavisk stil fra Duck Woodworks!<\/p>\n<p>Garderoben best\u00e5r av en klestang, flere hylleplaner og en bunnhylle. Barnet vil f\u00e5 en f\u00f8lelse av \u00e5 g\u00e5 inn i sitt kleshus og selv velge ut dagens antrekk eller hvorfor ikke bruke garderoben som oppbevaring av barnets favorittleker?&nbsp;<\/p>\n<p><strong>M\u00e5l<\/strong>: Bredde 77 cm. H\u00f8yde 114 cm. Dybde ca 30 cm.&nbsp;<\/p>\n<p><strong>Materiale<\/strong>: Kryssfin\u00e9r og MDF<\/p>\n<p>Designer: <a href=\"https:\/\/babylove.se\/varumarken\/duck-woodworks\">Duck Woodworks<\/a><\/p>\n<p><em>Obs! Kl\u00e6rne p\u00e5 bildet er ikke inkludert!<\/em><\/p>\n","protected":false},"excerpt":{"rendered":"<p>Utrolig vakker garderobe i skandinavisk stil fra Duck Woodworks! Garderoben best\u00e5r av en klestang, flere hylleplaner og en bunnhylle. Barnet vil f\u00e5 en f\u00f8lelse av \u00e5 g\u00e5 inn i sitt kleshus og selv velge ut dagens antrekk eller hvorfor ikke bruke garderoben som oppbevaring av barnets favorittleker?&nbsp; M\u00e5l: Bredde 77 cm. H\u00f8yde 114 cm. Dybde [&hellip;]<\/p>\n","protected":false},"featured_media":56894,"comment_status":"closed","ping_status":"open","template":"","meta":{"_acf_changed":false},"product_brand":[998],"product_cat":[999,595],"product_tag":[1689],"class_list":{"0":"post-56892","1":"product","2":"type-product","3":"status-publish","4":"has-post-thumbnail","6":"product_brand-duck-woodworks","7":"product_cat-duck-woodworks","8":"product_cat-garderobe","9":"product_tag-bestillingsvaror","11":"first","12":"instock","13":"taxable","14":"shipping-taxable","15":"purchasable","16":"product-type-simple"},"acf":[],"yoast_head":"<!-- This site is optimized with the Yoast SEO Premium plugin v25.8 (Yoast SEO v27.2) - https:\/\/yoast.com\/product\/yoast-seo-premium-wordpress\/ -->\n<title>Duck Woodworks, garderob kl\u00e4dst\u00e5ng med hyllor, vit\/natur - Babylove Norska<\/title>\n<meta name=\"robots\" content=\"noindex, follow, max-snippet:-1, max-image-preview:large, max-video-preview:-1\" \/>\n<meta property=\"og:locale\" content=\"nb_NO\" \/>\n<meta property=\"og:type\" content=\"article\" \/>\n<meta property=\"og:title\" content=\"Duck Woodworks, garderob kl\u00e4dst\u00e5ng med hyllor, vit\/natur\" \/>\n<meta property=\"og:description\" content=\"Utrolig vakker garderobe i skandinavisk stil fra Duck Woodworks! Garderoben best\u00e5r av en klestang, flere hylleplaner og en bunnhylle. Barnet vil f\u00e5 en f\u00f8lelse av \u00e5 g\u00e5 inn i sitt kleshus og selv velge ut dagens antrekk eller hvorfor ikke bruke garderoben som oppbevaring av barnets favorittleker?&nbsp; M\u00e5l: Bredde 77 cm. H\u00f8yde 114 cm. Dybde [&hellip;]\" \/>\n<meta property=\"og:url\" content=\"https:\/\/babylove.se\/no\/produkt\/duck-woodworks-garderob-klessstang-med-hyller-naturhvit\/\" \/>\n<meta property=\"og:site_name\" content=\"Babylove Norska\" \/>\n<meta property=\"article:modified_time\" content=\"2026-04-08T12:59:40+00:00\" \/>\n<meta property=\"og:image\" content=\"https:\/\/babylove.se\/no\/wp-content\/uploads\/sites\/3\/2025\/07\/659fe040a2451.jpeg\" \/>\n\t<meta property=\"og:image:width\" content=\"897\" \/>\n\t<meta property=\"og:image:height\" content=\"598\" \/>\n\t<meta property=\"og:image:type\" content=\"image\/jpeg\" \/>\n<meta name=\"twitter:card\" content=\"summary_large_image\" \/>\n<meta name=\"twitter:label1\" content=\"Price\" \/>\n\t<meta name=\"twitter:data1\" content=\"2 299,00&nbsp;&#107;&#114;\" \/>\n\t<meta name=\"twitter:label2\" content=\"Availability\" \/>\n\t<meta name=\"twitter:data2\" content=\"In stock\" \/>\n<script type=\"application\/ld+json\" class=\"yoast-schema-graph\">{\"@context\":\"https:\/\/schema.org\",\"@graph\":[{\"@type\":\"WebPage\",\"@id\":\"https:\/\/babylove.se\/no\/produkt\/duck-woodworks-garderob-klessstang-med-hyller-naturhvit\/\",\"url\":\"https:\/\/babylove.se\/no\/produkt\/duck-woodworks-garderob-klessstang-med-hyller-naturhvit\/\",\"name\":\"Duck Woodworks, garderob kl\u00e4dst\u00e5ng med hyllor, vit\/natur - Babylove Norska\",\"isPartOf\":{\"@id\":\"https:\/\/babylove.se\/no\/#website\"},\"primaryImageOfPage\":{\"@id\":\"https:\/\/babylove.se\/no\/produkt\/duck-woodworks-garderob-klessstang-med-hyller-naturhvit\/#primaryimage\"},\"image\":{\"@id\":\"https:\/\/babylove.se\/no\/produkt\/duck-woodworks-garderob-klessstang-med-hyller-naturhvit\/#primaryimage\"},\"thumbnailUrl\":\"https:\/\/babylove.se\/no\/wp-content\/uploads\/sites\/3\/2025\/07\/659fe040a2451.jpeg\",\"datePublished\":\"2025-07-19T11:54:26+00:00\",\"dateModified\":\"2026-04-08T12:59:40+00:00\",\"breadcrumb\":{\"@id\":\"https:\/\/babylove.se\/no\/produkt\/duck-woodworks-garderob-klessstang-med-hyller-naturhvit\/#breadcrumb\"},\"inLanguage\":\"nb-NO\",\"potentialAction\":[{\"@type\":\"ReadAction\",\"target\":[\"https:\/\/babylove.se\/no\/produkt\/duck-woodworks-garderob-klessstang-med-hyller-naturhvit\/\"]}]},{\"@type\":\"ImageObject\",\"inLanguage\":\"nb-NO\",\"@id\":\"https:\/\/babylove.se\/no\/produkt\/duck-woodworks-garderob-klessstang-med-hyller-naturhvit\/#primaryimage\",\"url\":\"https:\/\/babylove.se\/no\/wp-content\/uploads\/sites\/3\/2025\/07\/659fe040a2451.jpeg\",\"contentUrl\":\"https:\/\/babylove.se\/no\/wp-content\/uploads\/sites\/3\/2025\/07\/659fe040a2451.jpeg\",\"width\":897,\"height\":598},{\"@type\":\"BreadcrumbList\",\"@id\":\"https:\/\/babylove.se\/no\/produkt\/duck-woodworks-garderob-klessstang-med-hyller-naturhvit\/#breadcrumb\",\"itemListElement\":[{\"@type\":\"ListItem\",\"position\":1,\"name\":\"Hem\",\"item\":\"https:\/\/babylove.se\/no\/\"},{\"@type\":\"ListItem\",\"position\":2,\"name\":\"Butik\",\"item\":\"https:\/\/babylove.se\/no\/butik\/\"},{\"@type\":\"ListItem\",\"position\":3,\"name\":\"Duck Woodworks, garderob kl\u00e4dst\u00e5ng med hyllor, vit\/natur\"}]},{\"@type\":\"WebSite\",\"@id\":\"https:\/\/babylove.se\/no\/#website\",\"url\":\"https:\/\/babylove.se\/no\/\",\"name\":\"Babylove Norska\",\"description\":\"\",\"potentialAction\":[{\"@type\":\"SearchAction\",\"target\":{\"@type\":\"EntryPoint\",\"urlTemplate\":\"https:\/\/babylove.se\/no\/?s={search_term_string}\"},\"query-input\":{\"@type\":\"PropertyValueSpecification\",\"valueRequired\":true,\"valueName\":\"search_term_string\"}}],\"inLanguage\":\"nb-NO\"}]}<\/script>\n<meta property=\"product:brand\" content=\"Duck Woodworks\" \/>\n<meta property=\"product:price:amount\" content=\"2299.00\" \/>\n<meta property=\"product:price:currency\" content=\"SEK\" \/>\n<meta property=\"og:availability\" content=\"instock\" \/>\n<meta property=\"product:availability\" content=\"instock\" \/>\n<meta property=\"product:retailer_item_id\" content=\"GRBA02B\" \/>\n<meta property=\"product:condition\" content=\"new\" \/>\n<!-- \/ Yoast SEO Premium plugin. -->","yoast_head_json":{"title":"Duck Woodworks, garderob kl\u00e4dst\u00e5ng med hyllor, vit\/natur - Babylove Norska","robots":{"index":"noindex","follow":"follow","max-snippet":"max-snippet:-1","max-image-preview":"max-image-preview:large","max-video-preview":"max-video-preview:-1"},"og_locale":"nb_NO","og_type":"article","og_title":"Duck Woodworks, garderob kl\u00e4dst\u00e5ng med hyllor, vit\/natur","og_description":"Utrolig vakker garderobe i skandinavisk stil fra Duck Woodworks! Garderoben best\u00e5r av en klestang, flere hylleplaner og en bunnhylle. Barnet vil f\u00e5 en f\u00f8lelse av \u00e5 g\u00e5 inn i sitt kleshus og selv velge ut dagens antrekk eller hvorfor ikke bruke garderoben som oppbevaring av barnets favorittleker?&nbsp; M\u00e5l: Bredde 77 cm. H\u00f8yde 114 cm. Dybde [&hellip;]","og_url":"https:\/\/babylove.se\/no\/produkt\/duck-woodworks-garderob-klessstang-med-hyller-naturhvit\/","og_site_name":"Babylove Norska","article_modified_time":"2026-04-08T12:59:40+00:00","og_image":[{"width":897,"height":598,"url":"https:\/\/babylove.se\/no\/wp-content\/uploads\/sites\/3\/2025\/07\/659fe040a2451.jpeg","type":"image\/jpeg"}],"twitter_card":"summary_large_image","twitter_misc":{"Price":"2 299,00&nbsp;&#107;&#114;","Availability":"In stock"},"schema":{"@context":"https:\/\/schema.org","@graph":[{"@type":"WebPage","@id":"https:\/\/babylove.se\/no\/produkt\/duck-woodworks-garderob-klessstang-med-hyller-naturhvit\/","url":"https:\/\/babylove.se\/no\/produkt\/duck-woodworks-garderob-klessstang-med-hyller-naturhvit\/","name":"Duck Woodworks, garderob kl\u00e4dst\u00e5ng med hyllor, vit\/natur - Babylove Norska","isPartOf":{"@id":"https:\/\/babylove.se\/no\/#website"},"primaryImageOfPage":{"@id":"https:\/\/babylove.se\/no\/produkt\/duck-woodworks-garderob-klessstang-med-hyller-naturhvit\/#primaryimage"},"image":{"@id":"https:\/\/babylove.se\/no\/produkt\/duck-woodworks-garderob-klessstang-med-hyller-naturhvit\/#primaryimage"},"thumbnailUrl":"https:\/\/babylove.se\/no\/wp-content\/uploads\/sites\/3\/2025\/07\/659fe040a2451.jpeg","datePublished":"2025-07-19T11:54:26+00:00","dateModified":"2026-04-08T12:59:40+00:00","breadcrumb":{"@id":"https:\/\/babylove.se\/no\/produkt\/duck-woodworks-garderob-klessstang-med-hyller-naturhvit\/#breadcrumb"},"inLanguage":"nb-NO","potentialAction":[{"@type":"ReadAction","target":["https:\/\/babylove.se\/no\/produkt\/duck-woodworks-garderob-klessstang-med-hyller-naturhvit\/"]}]},{"@type":"ImageObject","inLanguage":"nb-NO","@id":"https:\/\/babylove.se\/no\/produkt\/duck-woodworks-garderob-klessstang-med-hyller-naturhvit\/#primaryimage","url":"https:\/\/babylove.se\/no\/wp-content\/uploads\/sites\/3\/2025\/07\/659fe040a2451.jpeg","contentUrl":"https:\/\/babylove.se\/no\/wp-content\/uploads\/sites\/3\/2025\/07\/659fe040a2451.jpeg","width":897,"height":598},{"@type":"BreadcrumbList","@id":"https:\/\/babylove.se\/no\/produkt\/duck-woodworks-garderob-klessstang-med-hyller-naturhvit\/#breadcrumb","itemListElement":[{"@type":"ListItem","position":1,"name":"Hem","item":"https:\/\/babylove.se\/no\/"},{"@type":"ListItem","position":2,"name":"Butik","item":"https:\/\/babylove.se\/no\/butik\/"},{"@type":"ListItem","position":3,"name":"Duck Woodworks, garderob kl\u00e4dst\u00e5ng med hyllor, vit\/natur"}]},{"@type":"WebSite","@id":"https:\/\/babylove.se\/no\/#website","url":"https:\/\/babylove.se\/no\/","name":"Babylove Norska","description":"","potentialAction":[{"@type":"SearchAction","target":{"@type":"EntryPoint","urlTemplate":"https:\/\/babylove.se\/no\/?s={search_term_string}"},"query-input":{"@type":"PropertyValueSpecification","valueRequired":true,"valueName":"search_term_string"}}],"inLanguage":"nb-NO"}]},"product_brand":"Duck Woodworks","product_price_amount":"2299.00","product_price_currency":"SEK","og_availability":"instock","product_availability":"instock","product_retailer_item_id":"GRBA02B","product_condition":"new"},"_links":{"self":[{"href":"https:\/\/babylove.se\/no\/wp-json\/wp\/v2\/product\/56892","targetHints":{"allow":["GET"]}}],"collection":[{"href":"https:\/\/babylove.se\/no\/wp-json\/wp\/v2\/product"}],"about":[{"href":"https:\/\/babylove.se\/no\/wp-json\/wp\/v2\/types\/product"}],"replies":[{"embeddable":true,"href":"https:\/\/babylove.se\/no\/wp-json\/wp\/v2\/comments?post=56892"}],"wp:featuredmedia":[{"embeddable":true,"href":"https:\/\/babylove.se\/no\/wp-json\/wp\/v2\/media\/56894"}],"wp:attachment":[{"href":"https:\/\/babylove.se\/no\/wp-json\/wp\/v2\/media?parent=56892"}],"wp:term":[{"taxonomy":"product_brand","embeddable":true,"href":"https:\/\/babylove.se\/no\/wp-json\/wp\/v2\/product_brand?post=56892"},{"taxonomy":"product_cat","embeddable":true,"href":"https:\/\/babylove.se\/no\/wp-json\/wp\/v2\/product_cat?post=56892"},{"taxonomy":"product_tag","embeddable":true,"href":"https:\/\/babylove.se\/no\/wp-json\/wp\/v2\/product_tag?post=56892"}],"curies":[{"name":"wp","href":"https:\/\/api.w.org\/{rel}","templated":true}]}}