{"id":56945,"date":"2025-07-19T12:54:55","date_gmt":"2025-07-19T11:54:55","guid":{"rendered":"https:\/\/babylove.se\/produkt\/flexa-hog-vaningssang-classic-90x200-cm-vit\/"},"modified":"2026-04-08T13:59:57","modified_gmt":"2026-04-08T12:59:57","slug":"flexa-hoy-koyeseng-classic-90x200-cm-hvit","status":"publish","type":"product","link":"https:\/\/babylove.se\/no\/produkt\/flexa-hoy-koyeseng-classic-90x200-cm-hvit\/","title":{"rendered":"Flexa, h\u00f8y k\u00f8yeseng Classic 90&#215;200 cm, hvit"},"content":{"rendered":"<p>Fantastisk k\u00f8yeseng i skandinavisk stil! Perfekt for s\u00f8sken i et lite rom, eller for barnets venner n\u00e5r de skal sove over.<\/p>\n<p>P\u00e5 v\u00e5r fine k\u00f8yeseng Classic har man tenkt grundig gjennom for \u00e5 optimalisere gulvplassen i barnerommet. Vi lover at sengen kommer til \u00e5 bli barnets favoritt, og ikke bare for \u00e5 sove i da den med enkle midler kan bli et riktig bra kosekrok. Mange dekorerer med sengehimmel, vimpler eller lysslynger, bare kreativiteten setter stopp.<\/p>\n<p>S\u00f8skensengen kan kj\u00f8pes med 2 oppbevaringsskuffer. Perfekte \u00e5 oppbevare leker eller senget\u00f8y.<\/p>\n<p><strong>Tilvalg<\/strong>:<\/p>\n<ul>\n<li>Oppbevaringsskuffer: velg uten eller med.&nbsp;<\/li>\n<\/ul>\n<p><strong>M\u00e5l<\/strong>:<\/p>\n<ul>\n<li>Sengem\u00e5l: 90 x 200 cm<\/li>\n<li>M\u00e5l seng: Bredde: 110 cm. H\u00f8yde: 184 cm. Lengde: 210 cm.<\/li>\n<li>M\u00e5l oppbevaringsskuffer: Bredde 94 cm. H\u00f8yde 20 cm.<span>&nbsp;<\/span><span>Lengde 196 cm.<\/span><\/li>\n<\/ul>\n<p><strong>Info<\/strong>:<\/p>\n<ul>\n<li>Anbefalt alder: 6 \u00e5r og oppover.<\/li>\n<li>Stigen kan plasseres p\u00e5 \u00f8nsket side.<\/li>\n<li>Ribbbunn inkludert.<\/li>\n<li>Madrass ikke inkludert. Vi anbefaler en skummadrass med tykkelse p\u00e5 ca 10-12 cm.<\/li>\n<\/ul>\n<p><strong>Materiale<\/strong>: Furu og kryssfiner<\/p>\n<p>Designer: <a href=\"https:\/\/babylove.se\/varumarken\/flexa\">Flexa<\/a><\/p>\n<p><em><em><em><em><em>Obs! Sengen leveres umontert og b\u00f8r settes sammen i rommet den skal brukes i.<\/em><\/em><\/em><\/em><\/em><\/p>\n","protected":false},"excerpt":{"rendered":"<p>Fantastisk k\u00f8yeseng i skandinavisk stil! Perfekt for s\u00f8sken i et lite rom, eller for barnets venner n\u00e5r de skal sove over. P\u00e5 v\u00e5r fine k\u00f8yeseng Classic har man tenkt grundig gjennom for \u00e5 optimalisere gulvplassen i barnerommet. Vi lover at sengen kommer til \u00e5 bli barnets favoritt, og ikke bare for \u00e5 sove i da [&hellip;]<\/p>\n","protected":false},"featured_media":56947,"comment_status":"closed","ping_status":"open","template":"","meta":{"_acf_changed":false},"product_brand":[1611],"product_cat":[1612,385,40],"product_tag":[1689],"class_list":{"0":"post-56945","1":"product","2":"type-product","3":"status-publish","4":"has-post-thumbnail","6":"product_brand-flexa","7":"product_cat-flexa","8":"product_cat-koyesenger-loftsenger","9":"product_cat-soverom-barn","10":"product_tag-bestillingsvaror","11":"pa_forvaringslador-med","12":"pa_forvaringslador-utan","14":"first","15":"outofstock","16":"taxable","17":"shipping-taxable","18":"purchasable","19":"product-type-variable"},"acf":[],"yoast_head":"<!-- This site is optimized with the Yoast SEO Premium plugin v25.8 (Yoast SEO v27.2) - https:\/\/yoast.com\/product\/yoast-seo-premium-wordpress\/ -->\n<title>Flexa, h\u00f8y k\u00f8yeseng Classic 90x200 cm, hvit - Babylove Norska<\/title>\n<meta name=\"robots\" content=\"noindex, follow, max-snippet:-1, max-image-preview:large, max-video-preview:-1\" \/>\n<meta property=\"og:locale\" content=\"nb_NO\" \/>\n<meta property=\"og:type\" content=\"article\" \/>\n<meta property=\"og:title\" content=\"Flexa, h\u00f8y k\u00f8yeseng Classic 90x200 cm, hvit\" \/>\n<meta property=\"og:description\" content=\"Fantastisk k\u00f8yeseng i skandinavisk stil! Perfekt for s\u00f8sken i et lite rom, eller for barnets venner n\u00e5r de skal sove over. P\u00e5 v\u00e5r fine k\u00f8yeseng Classic har man tenkt grundig gjennom for \u00e5 optimalisere gulvplassen i barnerommet. Vi lover at sengen kommer til \u00e5 bli barnets favoritt, og ikke bare for \u00e5 sove i da [&hellip;]\" \/>\n<meta property=\"og:url\" content=\"https:\/\/babylove.se\/no\/produkt\/flexa-hoy-koyeseng-classic-90x200-cm-hvit\/\" \/>\n<meta property=\"og:site_name\" content=\"Babylove Norska\" \/>\n<meta property=\"article:modified_time\" content=\"2026-04-08T12:59:57+00:00\" \/>\n<meta property=\"og:image\" content=\"https:\/\/babylove.se\/no\/wp-content\/uploads\/sites\/3\/2025\/07\/65a1192944c79.jpeg\" \/>\n\t<meta property=\"og:image:width\" content=\"1800\" \/>\n\t<meta property=\"og:image:height\" content=\"1350\" \/>\n\t<meta property=\"og:image:type\" content=\"image\/jpeg\" \/>\n<meta name=\"twitter:card\" content=\"summary_large_image\" \/>\n<meta name=\"twitter:label1\" content=\"Availability\" \/>\n\t<meta name=\"twitter:data1\" content=\"Out of stock\" \/>\n<script type=\"application\/ld+json\" class=\"yoast-schema-graph\">{\"@context\":\"https:\/\/schema.org\",\"@graph\":[{\"@type\":\"WebPage\",\"@id\":\"https:\/\/babylove.se\/no\/produkt\/flexa-hoy-koyeseng-classic-90x200-cm-hvit\/\",\"url\":\"https:\/\/babylove.se\/no\/produkt\/flexa-hoy-koyeseng-classic-90x200-cm-hvit\/\",\"name\":\"Flexa, h\u00f8y k\u00f8yeseng Classic 90x200 cm, hvit - Babylove Norska\",\"isPartOf\":{\"@id\":\"https:\/\/babylove.se\/no\/#website\"},\"primaryImageOfPage\":{\"@id\":\"https:\/\/babylove.se\/no\/produkt\/flexa-hoy-koyeseng-classic-90x200-cm-hvit\/#primaryimage\"},\"image\":{\"@id\":\"https:\/\/babylove.se\/no\/produkt\/flexa-hoy-koyeseng-classic-90x200-cm-hvit\/#primaryimage\"},\"thumbnailUrl\":\"https:\/\/babylove.se\/no\/wp-content\/uploads\/sites\/3\/2025\/07\/65a1192944c79.jpeg\",\"datePublished\":\"2025-07-19T11:54:55+00:00\",\"dateModified\":\"2026-04-08T12:59:57+00:00\",\"breadcrumb\":{\"@id\":\"https:\/\/babylove.se\/no\/produkt\/flexa-hoy-koyeseng-classic-90x200-cm-hvit\/#breadcrumb\"},\"inLanguage\":\"nb-NO\",\"potentialAction\":[{\"@type\":\"ReadAction\",\"target\":[\"https:\/\/babylove.se\/no\/produkt\/flexa-hoy-koyeseng-classic-90x200-cm-hvit\/\"]}]},{\"@type\":\"ImageObject\",\"inLanguage\":\"nb-NO\",\"@id\":\"https:\/\/babylove.se\/no\/produkt\/flexa-hoy-koyeseng-classic-90x200-cm-hvit\/#primaryimage\",\"url\":\"https:\/\/babylove.se\/no\/wp-content\/uploads\/sites\/3\/2025\/07\/65a1192944c79.jpeg\",\"contentUrl\":\"https:\/\/babylove.se\/no\/wp-content\/uploads\/sites\/3\/2025\/07\/65a1192944c79.jpeg\",\"width\":1800,\"height\":1350},{\"@type\":\"BreadcrumbList\",\"@id\":\"https:\/\/babylove.se\/no\/produkt\/flexa-hoy-koyeseng-classic-90x200-cm-hvit\/#breadcrumb\",\"itemListElement\":[{\"@type\":\"ListItem\",\"position\":1,\"name\":\"Hem\",\"item\":\"https:\/\/babylove.se\/no\/\"},{\"@type\":\"ListItem\",\"position\":2,\"name\":\"Butik\",\"item\":\"https:\/\/babylove.se\/no\/butik\/\"},{\"@type\":\"ListItem\",\"position\":3,\"name\":\"Flexa, h\u00f8y k\u00f8yeseng Classic 90&#215;200 cm, hvit\"}]},{\"@type\":\"WebSite\",\"@id\":\"https:\/\/babylove.se\/no\/#website\",\"url\":\"https:\/\/babylove.se\/no\/\",\"name\":\"Babylove Norska\",\"description\":\"\",\"potentialAction\":[{\"@type\":\"SearchAction\",\"target\":{\"@type\":\"EntryPoint\",\"urlTemplate\":\"https:\/\/babylove.se\/no\/?s={search_term_string}\"},\"query-input\":{\"@type\":\"PropertyValueSpecification\",\"valueRequired\":true,\"valueName\":\"search_term_string\"}}],\"inLanguage\":\"nb-NO\"}]}<\/script>\n<meta property=\"product:brand\" content=\"Flexa\" \/>\n<meta property=\"og:availability\" content=\"out of stock\" \/>\n<meta property=\"product:availability\" content=\"out of stock\" \/>\n<meta property=\"product:retailer_item_id\" content=\"90-10038-2-01\" \/>\n<meta property=\"product:condition\" content=\"new\" \/>\n<!-- \/ Yoast SEO Premium plugin. -->","yoast_head_json":{"title":"Flexa, h\u00f8y k\u00f8yeseng Classic 90x200 cm, hvit - Babylove Norska","robots":{"index":"noindex","follow":"follow","max-snippet":"max-snippet:-1","max-image-preview":"max-image-preview:large","max-video-preview":"max-video-preview:-1"},"og_locale":"nb_NO","og_type":"article","og_title":"Flexa, h\u00f8y k\u00f8yeseng Classic 90x200 cm, hvit","og_description":"Fantastisk k\u00f8yeseng i skandinavisk stil! Perfekt for s\u00f8sken i et lite rom, eller for barnets venner n\u00e5r de skal sove over. P\u00e5 v\u00e5r fine k\u00f8yeseng Classic har man tenkt grundig gjennom for \u00e5 optimalisere gulvplassen i barnerommet. Vi lover at sengen kommer til \u00e5 bli barnets favoritt, og ikke bare for \u00e5 sove i da [&hellip;]","og_url":"https:\/\/babylove.se\/no\/produkt\/flexa-hoy-koyeseng-classic-90x200-cm-hvit\/","og_site_name":"Babylove Norska","article_modified_time":"2026-04-08T12:59:57+00:00","og_image":[{"width":1800,"height":1350,"url":"https:\/\/babylove.se\/no\/wp-content\/uploads\/sites\/3\/2025\/07\/65a1192944c79.jpeg","type":"image\/jpeg"}],"twitter_card":"summary_large_image","twitter_misc":{"Availability":"Out of stock"},"schema":{"@context":"https:\/\/schema.org","@graph":[{"@type":"WebPage","@id":"https:\/\/babylove.se\/no\/produkt\/flexa-hoy-koyeseng-classic-90x200-cm-hvit\/","url":"https:\/\/babylove.se\/no\/produkt\/flexa-hoy-koyeseng-classic-90x200-cm-hvit\/","name":"Flexa, h\u00f8y k\u00f8yeseng Classic 90x200 cm, hvit - Babylove Norska","isPartOf":{"@id":"https:\/\/babylove.se\/no\/#website"},"primaryImageOfPage":{"@id":"https:\/\/babylove.se\/no\/produkt\/flexa-hoy-koyeseng-classic-90x200-cm-hvit\/#primaryimage"},"image":{"@id":"https:\/\/babylove.se\/no\/produkt\/flexa-hoy-koyeseng-classic-90x200-cm-hvit\/#primaryimage"},"thumbnailUrl":"https:\/\/babylove.se\/no\/wp-content\/uploads\/sites\/3\/2025\/07\/65a1192944c79.jpeg","datePublished":"2025-07-19T11:54:55+00:00","dateModified":"2026-04-08T12:59:57+00:00","breadcrumb":{"@id":"https:\/\/babylove.se\/no\/produkt\/flexa-hoy-koyeseng-classic-90x200-cm-hvit\/#breadcrumb"},"inLanguage":"nb-NO","potentialAction":[{"@type":"ReadAction","target":["https:\/\/babylove.se\/no\/produkt\/flexa-hoy-koyeseng-classic-90x200-cm-hvit\/"]}]},{"@type":"ImageObject","inLanguage":"nb-NO","@id":"https:\/\/babylove.se\/no\/produkt\/flexa-hoy-koyeseng-classic-90x200-cm-hvit\/#primaryimage","url":"https:\/\/babylove.se\/no\/wp-content\/uploads\/sites\/3\/2025\/07\/65a1192944c79.jpeg","contentUrl":"https:\/\/babylove.se\/no\/wp-content\/uploads\/sites\/3\/2025\/07\/65a1192944c79.jpeg","width":1800,"height":1350},{"@type":"BreadcrumbList","@id":"https:\/\/babylove.se\/no\/produkt\/flexa-hoy-koyeseng-classic-90x200-cm-hvit\/#breadcrumb","itemListElement":[{"@type":"ListItem","position":1,"name":"Hem","item":"https:\/\/babylove.se\/no\/"},{"@type":"ListItem","position":2,"name":"Butik","item":"https:\/\/babylove.se\/no\/butik\/"},{"@type":"ListItem","position":3,"name":"Flexa, h\u00f8y k\u00f8yeseng Classic 90&#215;200 cm, hvit"}]},{"@type":"WebSite","@id":"https:\/\/babylove.se\/no\/#website","url":"https:\/\/babylove.se\/no\/","name":"Babylove Norska","description":"","potentialAction":[{"@type":"SearchAction","target":{"@type":"EntryPoint","urlTemplate":"https:\/\/babylove.se\/no\/?s={search_term_string}"},"query-input":{"@type":"PropertyValueSpecification","valueRequired":true,"valueName":"search_term_string"}}],"inLanguage":"nb-NO"}]},"product_brand":"Flexa","og_availability":"out of stock","product_availability":"out of stock","product_retailer_item_id":"90-10038-2-01","product_condition":"new"},"_links":{"self":[{"href":"https:\/\/babylove.se\/no\/wp-json\/wp\/v2\/product\/56945","targetHints":{"allow":["GET"]}}],"collection":[{"href":"https:\/\/babylove.se\/no\/wp-json\/wp\/v2\/product"}],"about":[{"href":"https:\/\/babylove.se\/no\/wp-json\/wp\/v2\/types\/product"}],"replies":[{"embeddable":true,"href":"https:\/\/babylove.se\/no\/wp-json\/wp\/v2\/comments?post=56945"}],"wp:featuredmedia":[{"embeddable":true,"href":"https:\/\/babylove.se\/no\/wp-json\/wp\/v2\/media\/56947"}],"wp:attachment":[{"href":"https:\/\/babylove.se\/no\/wp-json\/wp\/v2\/media?parent=56945"}],"wp:term":[{"taxonomy":"product_brand","embeddable":true,"href":"https:\/\/babylove.se\/no\/wp-json\/wp\/v2\/product_brand?post=56945"},{"taxonomy":"product_cat","embeddable":true,"href":"https:\/\/babylove.se\/no\/wp-json\/wp\/v2\/product_cat?post=56945"},{"taxonomy":"product_tag","embeddable":true,"href":"https:\/\/babylove.se\/no\/wp-json\/wp\/v2\/product_tag?post=56945"}],"curies":[{"name":"wp","href":"https:\/\/api.w.org\/{rel}","templated":true}]}}