{"id":56975,"date":"2025-07-19T12:55:29","date_gmt":"2025-07-19T11:55:29","guid":{"rendered":"https:\/\/babylove.se\/produkt\/duck-woodworks-klattertriangel-ribbstol-vitnatur\/"},"modified":"2026-04-08T14:00:06","modified_gmt":"2026-04-08T13:00:06","slug":"and-trearbeid-klatretriangel-ribbstol-hvit-natur","status":"publish","type":"product","link":"https:\/\/babylove.se\/no\/produkt\/and-trearbeid-klatretriangel-ribbstol-hvit-natur\/","title":{"rendered":"Duck Woodworks, Klatretriangel ribbstol, hvit\/natur"},"content":{"rendered":"<p>En fantastisk multifunksjonell klatrestativ fra Duck Woodworks!<\/p>\n<p>Kan brukes som b\u00e5de klatretriangel eller veggmontert ribbevegg. Den medf\u00f8lgende pull up-stangen muliggj\u00f8r enda st\u00f8rre utvalg av \u00f8velser enn de tradisjonelle ribbeveggene.<\/p>\n<p>Hvis du bare tenker \u00e5 kj\u00f8pe en aktivitetsleke er det denne du skal kj\u00f8pe! Klatretriangelet fremmer utvikling av motorikk, koordinasjon, balanse og styrke gjennom aktiv lek. <span style=\"background-color: initial; color: var(--text-color); text-align: initial;\">Laget etter Montessoripedagogikk som motiverer barnet til p\u00e5 egen h\u00e5nd \u00e5 utforske og l\u00e6re seg nye ting.&nbsp;<\/span><\/p>\n<p>Materialene og fargen som brukes er selvf\u00f8lgelig barnevennlige og holdbare. Skal kun brukes innend\u00f8rs.&nbsp;<\/p>\n<p><strong>M\u00e5l<\/strong>: 150 x 78,5 cm<\/p>\n<p><strong>Material<\/strong>: Kryssfiner<\/p>\n<p>Designer: <a href=\"https:\/\/babylove.se\/varumarken\/duck-woodworks\">Duck Woodworks<\/a><\/p>\n","protected":false},"excerpt":{"rendered":"<p>En fantastisk multifunksjonell klatrestativ fra Duck Woodworks! Kan brukes som b\u00e5de klatretriangel eller veggmontert ribbevegg. Den medf\u00f8lgende pull up-stangen muliggj\u00f8r enda st\u00f8rre utvalg av \u00f8velser enn de tradisjonelle ribbeveggene. Hvis du bare tenker \u00e5 kj\u00f8pe en aktivitetsleke er det denne du skal kj\u00f8pe! Klatretriangelet fremmer utvikling av motorikk, koordinasjon, balanse og styrke gjennom aktiv lek. [&hellip;]<\/p>\n","protected":false},"featured_media":56977,"comment_status":"closed","ping_status":"open","template":"","meta":{"_acf_changed":false},"product_brand":[998],"product_cat":[999,204],"product_tag":[1689],"class_list":{"0":"post-56975","1":"product","2":"type-product","3":"status-publish","4":"has-post-thumbnail","6":"product_brand-duck-woodworks","7":"product_cat-duck-woodworks","8":"product_cat-motoriske-barnmobler","9":"product_tag-bestillingsvaror","11":"first","12":"instock","13":"taxable","14":"shipping-taxable","15":"purchasable","16":"product-type-simple"},"acf":[],"yoast_head":"<!-- This site is optimized with the Yoast SEO Premium plugin v25.8 (Yoast SEO v27.2) - https:\/\/yoast.com\/product\/yoast-seo-premium-wordpress\/ -->\n<title>Duck Woodworks, Klatretriangel ribbstol, hvit\/natur - Babylove Norska<\/title>\n<meta name=\"robots\" content=\"noindex, follow, max-snippet:-1, max-image-preview:large, max-video-preview:-1\" \/>\n<meta property=\"og:locale\" content=\"nb_NO\" \/>\n<meta property=\"og:type\" content=\"article\" \/>\n<meta property=\"og:title\" content=\"Duck Woodworks, Klatretriangel ribbstol, hvit\/natur\" \/>\n<meta property=\"og:description\" content=\"En fantastisk multifunksjonell klatrestativ fra Duck Woodworks! Kan brukes som b\u00e5de klatretriangel eller veggmontert ribbevegg. Den medf\u00f8lgende pull up-stangen muliggj\u00f8r enda st\u00f8rre utvalg av \u00f8velser enn de tradisjonelle ribbeveggene. Hvis du bare tenker \u00e5 kj\u00f8pe en aktivitetsleke er det denne du skal kj\u00f8pe! Klatretriangelet fremmer utvikling av motorikk, koordinasjon, balanse og styrke gjennom aktiv lek. [&hellip;]\" \/>\n<meta property=\"og:url\" content=\"https:\/\/babylove.se\/no\/produkt\/and-trearbeid-klatretriangel-ribbstol-hvit-natur\/\" \/>\n<meta property=\"og:site_name\" content=\"Babylove Norska\" \/>\n<meta property=\"article:modified_time\" content=\"2026-04-08T13:00:06+00:00\" \/>\n<meta property=\"og:image\" content=\"https:\/\/babylove.se\/no\/wp-content\/uploads\/sites\/3\/2025\/07\/65a527e432ad6.jpeg\" \/>\n\t<meta property=\"og:image:width\" content=\"639\" \/>\n\t<meta property=\"og:image:height\" content=\"960\" \/>\n\t<meta property=\"og:image:type\" content=\"image\/jpeg\" \/>\n<meta name=\"twitter:card\" content=\"summary_large_image\" \/>\n<meta name=\"twitter:label1\" content=\"Price\" \/>\n\t<meta name=\"twitter:data1\" content=\"3 199,00&nbsp;&#107;&#114;\" \/>\n\t<meta name=\"twitter:label2\" content=\"Availability\" \/>\n\t<meta name=\"twitter:data2\" content=\"In stock\" \/>\n<script type=\"application\/ld+json\" class=\"yoast-schema-graph\">{\"@context\":\"https:\/\/schema.org\",\"@graph\":[{\"@type\":\"WebPage\",\"@id\":\"https:\/\/babylove.se\/no\/produkt\/and-trearbeid-klatretriangel-ribbstol-hvit-natur\/\",\"url\":\"https:\/\/babylove.se\/no\/produkt\/and-trearbeid-klatretriangel-ribbstol-hvit-natur\/\",\"name\":\"Duck Woodworks, Klatretriangel ribbstol, hvit\/natur - Babylove Norska\",\"isPartOf\":{\"@id\":\"https:\/\/babylove.se\/no\/#website\"},\"primaryImageOfPage\":{\"@id\":\"https:\/\/babylove.se\/no\/produkt\/and-trearbeid-klatretriangel-ribbstol-hvit-natur\/#primaryimage\"},\"image\":{\"@id\":\"https:\/\/babylove.se\/no\/produkt\/and-trearbeid-klatretriangel-ribbstol-hvit-natur\/#primaryimage\"},\"thumbnailUrl\":\"https:\/\/babylove.se\/no\/wp-content\/uploads\/sites\/3\/2025\/07\/65a527e432ad6.jpeg\",\"datePublished\":\"2025-07-19T11:55:29+00:00\",\"dateModified\":\"2026-04-08T13:00:06+00:00\",\"breadcrumb\":{\"@id\":\"https:\/\/babylove.se\/no\/produkt\/and-trearbeid-klatretriangel-ribbstol-hvit-natur\/#breadcrumb\"},\"inLanguage\":\"nb-NO\",\"potentialAction\":[{\"@type\":\"ReadAction\",\"target\":[\"https:\/\/babylove.se\/no\/produkt\/and-trearbeid-klatretriangel-ribbstol-hvit-natur\/\"]}]},{\"@type\":\"ImageObject\",\"inLanguage\":\"nb-NO\",\"@id\":\"https:\/\/babylove.se\/no\/produkt\/and-trearbeid-klatretriangel-ribbstol-hvit-natur\/#primaryimage\",\"url\":\"https:\/\/babylove.se\/no\/wp-content\/uploads\/sites\/3\/2025\/07\/65a527e432ad6.jpeg\",\"contentUrl\":\"https:\/\/babylove.se\/no\/wp-content\/uploads\/sites\/3\/2025\/07\/65a527e432ad6.jpeg\",\"width\":639,\"height\":960},{\"@type\":\"BreadcrumbList\",\"@id\":\"https:\/\/babylove.se\/no\/produkt\/and-trearbeid-klatretriangel-ribbstol-hvit-natur\/#breadcrumb\",\"itemListElement\":[{\"@type\":\"ListItem\",\"position\":1,\"name\":\"Hem\",\"item\":\"https:\/\/babylove.se\/no\/\"},{\"@type\":\"ListItem\",\"position\":2,\"name\":\"Butik\",\"item\":\"https:\/\/babylove.se\/no\/butik\/\"},{\"@type\":\"ListItem\",\"position\":3,\"name\":\"Duck Woodworks, Klatretriangel ribbstol, hvit\/natur\"}]},{\"@type\":\"WebSite\",\"@id\":\"https:\/\/babylove.se\/no\/#website\",\"url\":\"https:\/\/babylove.se\/no\/\",\"name\":\"Babylove Norska\",\"description\":\"\",\"potentialAction\":[{\"@type\":\"SearchAction\",\"target\":{\"@type\":\"EntryPoint\",\"urlTemplate\":\"https:\/\/babylove.se\/no\/?s={search_term_string}\"},\"query-input\":{\"@type\":\"PropertyValueSpecification\",\"valueRequired\":true,\"valueName\":\"search_term_string\"}}],\"inLanguage\":\"nb-NO\"}]}<\/script>\n<meta property=\"product:brand\" content=\"Duck Woodworks\" \/>\n<meta property=\"product:price:amount\" content=\"3199.00\" \/>\n<meta property=\"product:price:currency\" content=\"SEK\" \/>\n<meta property=\"og:availability\" content=\"instock\" \/>\n<meta property=\"product:availability\" content=\"instock\" \/>\n<meta property=\"product:retailer_item_id\" content=\"TS0001B\" \/>\n<meta property=\"product:condition\" content=\"new\" \/>\n<!-- \/ Yoast SEO Premium plugin. -->","yoast_head_json":{"title":"Duck Woodworks, Klatretriangel ribbstol, hvit\/natur - Babylove Norska","robots":{"index":"noindex","follow":"follow","max-snippet":"max-snippet:-1","max-image-preview":"max-image-preview:large","max-video-preview":"max-video-preview:-1"},"og_locale":"nb_NO","og_type":"article","og_title":"Duck Woodworks, Klatretriangel ribbstol, hvit\/natur","og_description":"En fantastisk multifunksjonell klatrestativ fra Duck Woodworks! Kan brukes som b\u00e5de klatretriangel eller veggmontert ribbevegg. Den medf\u00f8lgende pull up-stangen muliggj\u00f8r enda st\u00f8rre utvalg av \u00f8velser enn de tradisjonelle ribbeveggene. Hvis du bare tenker \u00e5 kj\u00f8pe en aktivitetsleke er det denne du skal kj\u00f8pe! Klatretriangelet fremmer utvikling av motorikk, koordinasjon, balanse og styrke gjennom aktiv lek. [&hellip;]","og_url":"https:\/\/babylove.se\/no\/produkt\/and-trearbeid-klatretriangel-ribbstol-hvit-natur\/","og_site_name":"Babylove Norska","article_modified_time":"2026-04-08T13:00:06+00:00","og_image":[{"width":639,"height":960,"url":"https:\/\/babylove.se\/no\/wp-content\/uploads\/sites\/3\/2025\/07\/65a527e432ad6.jpeg","type":"image\/jpeg"}],"twitter_card":"summary_large_image","twitter_misc":{"Price":"3 199,00&nbsp;&#107;&#114;","Availability":"In stock"},"schema":{"@context":"https:\/\/schema.org","@graph":[{"@type":"WebPage","@id":"https:\/\/babylove.se\/no\/produkt\/and-trearbeid-klatretriangel-ribbstol-hvit-natur\/","url":"https:\/\/babylove.se\/no\/produkt\/and-trearbeid-klatretriangel-ribbstol-hvit-natur\/","name":"Duck Woodworks, Klatretriangel ribbstol, hvit\/natur - Babylove Norska","isPartOf":{"@id":"https:\/\/babylove.se\/no\/#website"},"primaryImageOfPage":{"@id":"https:\/\/babylove.se\/no\/produkt\/and-trearbeid-klatretriangel-ribbstol-hvit-natur\/#primaryimage"},"image":{"@id":"https:\/\/babylove.se\/no\/produkt\/and-trearbeid-klatretriangel-ribbstol-hvit-natur\/#primaryimage"},"thumbnailUrl":"https:\/\/babylove.se\/no\/wp-content\/uploads\/sites\/3\/2025\/07\/65a527e432ad6.jpeg","datePublished":"2025-07-19T11:55:29+00:00","dateModified":"2026-04-08T13:00:06+00:00","breadcrumb":{"@id":"https:\/\/babylove.se\/no\/produkt\/and-trearbeid-klatretriangel-ribbstol-hvit-natur\/#breadcrumb"},"inLanguage":"nb-NO","potentialAction":[{"@type":"ReadAction","target":["https:\/\/babylove.se\/no\/produkt\/and-trearbeid-klatretriangel-ribbstol-hvit-natur\/"]}]},{"@type":"ImageObject","inLanguage":"nb-NO","@id":"https:\/\/babylove.se\/no\/produkt\/and-trearbeid-klatretriangel-ribbstol-hvit-natur\/#primaryimage","url":"https:\/\/babylove.se\/no\/wp-content\/uploads\/sites\/3\/2025\/07\/65a527e432ad6.jpeg","contentUrl":"https:\/\/babylove.se\/no\/wp-content\/uploads\/sites\/3\/2025\/07\/65a527e432ad6.jpeg","width":639,"height":960},{"@type":"BreadcrumbList","@id":"https:\/\/babylove.se\/no\/produkt\/and-trearbeid-klatretriangel-ribbstol-hvit-natur\/#breadcrumb","itemListElement":[{"@type":"ListItem","position":1,"name":"Hem","item":"https:\/\/babylove.se\/no\/"},{"@type":"ListItem","position":2,"name":"Butik","item":"https:\/\/babylove.se\/no\/butik\/"},{"@type":"ListItem","position":3,"name":"Duck Woodworks, Klatretriangel ribbstol, hvit\/natur"}]},{"@type":"WebSite","@id":"https:\/\/babylove.se\/no\/#website","url":"https:\/\/babylove.se\/no\/","name":"Babylove Norska","description":"","potentialAction":[{"@type":"SearchAction","target":{"@type":"EntryPoint","urlTemplate":"https:\/\/babylove.se\/no\/?s={search_term_string}"},"query-input":{"@type":"PropertyValueSpecification","valueRequired":true,"valueName":"search_term_string"}}],"inLanguage":"nb-NO"}]},"product_brand":"Duck Woodworks","product_price_amount":"3199.00","product_price_currency":"SEK","og_availability":"instock","product_availability":"instock","product_retailer_item_id":"TS0001B","product_condition":"new"},"_links":{"self":[{"href":"https:\/\/babylove.se\/no\/wp-json\/wp\/v2\/product\/56975","targetHints":{"allow":["GET"]}}],"collection":[{"href":"https:\/\/babylove.se\/no\/wp-json\/wp\/v2\/product"}],"about":[{"href":"https:\/\/babylove.se\/no\/wp-json\/wp\/v2\/types\/product"}],"replies":[{"embeddable":true,"href":"https:\/\/babylove.se\/no\/wp-json\/wp\/v2\/comments?post=56975"}],"wp:featuredmedia":[{"embeddable":true,"href":"https:\/\/babylove.se\/no\/wp-json\/wp\/v2\/media\/56977"}],"wp:attachment":[{"href":"https:\/\/babylove.se\/no\/wp-json\/wp\/v2\/media?parent=56975"}],"wp:term":[{"taxonomy":"product_brand","embeddable":true,"href":"https:\/\/babylove.se\/no\/wp-json\/wp\/v2\/product_brand?post=56975"},{"taxonomy":"product_cat","embeddable":true,"href":"https:\/\/babylove.se\/no\/wp-json\/wp\/v2\/product_cat?post=56975"},{"taxonomy":"product_tag","embeddable":true,"href":"https:\/\/babylove.se\/no\/wp-json\/wp\/v2\/product_tag?post=56975"}],"curies":[{"name":"wp","href":"https:\/\/api.w.org\/{rel}","templated":true}]}}