{"id":5698,"date":"2025-07-18T20:31:19","date_gmt":"2025-07-18T19:31:19","guid":{"rendered":"https:\/\/babylove.se\/produkt\/ng-baby-spjalskydd-av-linne-med-volang-puderrosa\/"},"modified":"2026-04-08T08:20:44","modified_gmt":"2026-04-08T07:20:44","slug":"ng-baby-spjlfangere-av-lin-med-volang-pudderrosa","status":"publish","type":"product","link":"https:\/\/babylove.se\/no\/produkt\/ng-baby-spjlfangere-av-lin-med-volang-pudderrosa\/","title":{"rendered":"Ng Baby, Sengehest av lin med VOLANG, Pudderrosa"},"content":{"rendered":"<p>Et sv\u00e6rt vakkert og h\u00f8ykvalitets sengehest i en vakker pudderrosa farge kommer sammen med sine vidunderlige volanger til \u00e5 skape en herlig atmosf\u00e6re i barnets seng og p\u00e5 barnerommet. <\/p>\n<p>Sengehestet er laget i Sverige av NG Baby og i 100 % av et fantastisk fint lin. Det f\u00f8lger ogs\u00e5 med vakre knyteb\u00e5nd som er laget av bomull. Fyllingen best\u00e5r av deilig fibervatt som gj\u00f8r at sengehestet holder formen lenge. Kombiner gjerne med senget\u00f8y fra samme kolleksjon for \u00e5 f\u00e5 et vakkert helhetsinntrykk. <\/p>\n<p><strong>M\u00e5l<\/strong>: <\/p>\n<p>-Vogn\/vugge 258&#215;20 cm <\/p>\n<p>-Spjelseng 360&#215;25 cm <\/p>\n<p>Designer: <a href=\"https:\/\/babylove.se\/varumarken\/ng-baby\"><u>Ng Baby<\/u><\/a><\/p>\n","protected":false},"excerpt":{"rendered":"<p>Et sv\u00e6rt vakkert og h\u00f8ykvalitets sengehest i en vakker pudderrosa farge kommer sammen med sine vidunderlige volanger til \u00e5 skape en herlig atmosf\u00e6re i barnets seng og p\u00e5 barnerommet. Sengehestet er laget i Sverige av NG Baby og i 100 % av et fantastisk fint lin. Det f\u00f8lger ogs\u00e5 med vakre knyteb\u00e5nd som er laget [&hellip;]<\/p>\n","protected":false},"featured_media":5700,"comment_status":"open","ping_status":"closed","template":"","meta":{"_acf_changed":false},"product_brand":[107],"product_cat":[110,109,108,48],"product_tag":[1709],"class_list":{"0":"post-5698","1":"product","2":"type-product","3":"status-publish","4":"has-post-thumbnail","6":"product_brand-ng-baby","7":"product_cat-cyber-monday","8":"product_cat-ng-baby","9":"product_cat-barnesengbeskyttelse","10":"product_cat-startside","11":"product_tag-utforsalg","12":"pa_matt-spjalsang","13":"pa_matt-vagn-vagga","15":"first","16":"instock","17":"taxable","18":"shipping-taxable","19":"purchasable","20":"product-type-variable"},"acf":[],"yoast_head":"<!-- This site is optimized with the Yoast SEO Premium plugin v25.8 (Yoast SEO v27.2) - https:\/\/yoast.com\/product\/yoast-seo-premium-wordpress\/ -->\n<title>Ng Baby, Sengehest av lin med VOLANG, Pudderrosa - Babylove Norska<\/title>\n<meta name=\"robots\" content=\"noindex, follow, max-snippet:-1, max-image-preview:large, max-video-preview:-1\" \/>\n<meta property=\"og:locale\" content=\"nb_NO\" \/>\n<meta property=\"og:type\" content=\"article\" \/>\n<meta property=\"og:title\" content=\"Ng Baby, Sengehest av lin med VOLANG, Pudderrosa\" \/>\n<meta property=\"og:description\" content=\"Et sv\u00e6rt vakkert og h\u00f8ykvalitets sengehest i en vakker pudderrosa farge kommer sammen med sine vidunderlige volanger til \u00e5 skape en herlig atmosf\u00e6re i barnets seng og p\u00e5 barnerommet. Sengehestet er laget i Sverige av NG Baby og i 100 % av et fantastisk fint lin. Det f\u00f8lger ogs\u00e5 med vakre knyteb\u00e5nd som er laget [&hellip;]\" \/>\n<meta property=\"og:url\" content=\"https:\/\/babylove.se\/no\/produkt\/ng-baby-spjlfangere-av-lin-med-volang-pudderrosa\/\" \/>\n<meta property=\"og:site_name\" content=\"Babylove Norska\" \/>\n<meta property=\"article:modified_time\" content=\"2026-04-08T07:20:44+00:00\" \/>\n<meta property=\"og:image\" content=\"https:\/\/babylove.se\/no\/wp-content\/uploads\/sites\/3\/2025\/07\/5a7070a790184.jpeg\" \/>\n\t<meta property=\"og:image:width\" content=\"750\" \/>\n\t<meta property=\"og:image:height\" content=\"750\" \/>\n\t<meta property=\"og:image:type\" content=\"image\/jpeg\" \/>\n<meta name=\"twitter:card\" content=\"summary_large_image\" \/>\n<meta name=\"twitter:label1\" content=\"Availability\" \/>\n\t<meta name=\"twitter:data1\" content=\"In stock\" \/>\n<script type=\"application\/ld+json\" class=\"yoast-schema-graph\">{\"@context\":\"https:\/\/schema.org\",\"@graph\":[{\"@type\":\"WebPage\",\"@id\":\"https:\/\/babylove.se\/no\/produkt\/ng-baby-spjlfangere-av-lin-med-volang-pudderrosa\/\",\"url\":\"https:\/\/babylove.se\/no\/produkt\/ng-baby-spjlfangere-av-lin-med-volang-pudderrosa\/\",\"name\":\"Ng Baby, Sengehest av lin med VOLANG, Pudderrosa - Babylove Norska\",\"isPartOf\":{\"@id\":\"https:\/\/babylove.se\/no\/#website\"},\"primaryImageOfPage\":{\"@id\":\"https:\/\/babylove.se\/no\/produkt\/ng-baby-spjlfangere-av-lin-med-volang-pudderrosa\/#primaryimage\"},\"image\":{\"@id\":\"https:\/\/babylove.se\/no\/produkt\/ng-baby-spjlfangere-av-lin-med-volang-pudderrosa\/#primaryimage\"},\"thumbnailUrl\":\"https:\/\/babylove.se\/no\/wp-content\/uploads\/sites\/3\/2025\/07\/5a7070a790184.jpeg\",\"datePublished\":\"2025-07-18T19:31:19+00:00\",\"dateModified\":\"2026-04-08T07:20:44+00:00\",\"breadcrumb\":{\"@id\":\"https:\/\/babylove.se\/no\/produkt\/ng-baby-spjlfangere-av-lin-med-volang-pudderrosa\/#breadcrumb\"},\"inLanguage\":\"nb-NO\",\"potentialAction\":[{\"@type\":\"ReadAction\",\"target\":[\"https:\/\/babylove.se\/no\/produkt\/ng-baby-spjlfangere-av-lin-med-volang-pudderrosa\/\"]}]},{\"@type\":\"ImageObject\",\"inLanguage\":\"nb-NO\",\"@id\":\"https:\/\/babylove.se\/no\/produkt\/ng-baby-spjlfangere-av-lin-med-volang-pudderrosa\/#primaryimage\",\"url\":\"https:\/\/babylove.se\/no\/wp-content\/uploads\/sites\/3\/2025\/07\/5a7070a790184.jpeg\",\"contentUrl\":\"https:\/\/babylove.se\/no\/wp-content\/uploads\/sites\/3\/2025\/07\/5a7070a790184.jpeg\",\"width\":750,\"height\":750},{\"@type\":\"BreadcrumbList\",\"@id\":\"https:\/\/babylove.se\/no\/produkt\/ng-baby-spjlfangere-av-lin-med-volang-pudderrosa\/#breadcrumb\",\"itemListElement\":[{\"@type\":\"ListItem\",\"position\":1,\"name\":\"Hem\",\"item\":\"https:\/\/babylove.se\/no\/\"},{\"@type\":\"ListItem\",\"position\":2,\"name\":\"Butik\",\"item\":\"https:\/\/babylove.se\/no\/butik\/\"},{\"@type\":\"ListItem\",\"position\":3,\"name\":\"Ng Baby, Sengehest av lin med VOLANG, Pudderrosa\"}]},{\"@type\":\"WebSite\",\"@id\":\"https:\/\/babylove.se\/no\/#website\",\"url\":\"https:\/\/babylove.se\/no\/\",\"name\":\"Babylove Norska\",\"description\":\"\",\"potentialAction\":[{\"@type\":\"SearchAction\",\"target\":{\"@type\":\"EntryPoint\",\"urlTemplate\":\"https:\/\/babylove.se\/no\/?s={search_term_string}\"},\"query-input\":{\"@type\":\"PropertyValueSpecification\",\"valueRequired\":true,\"valueName\":\"search_term_string\"}}],\"inLanguage\":\"nb-NO\"}]}<\/script>\n<meta property=\"product:brand\" content=\"Ng Baby\" \/>\n<meta property=\"og:availability\" content=\"instock\" \/>\n<meta property=\"product:availability\" content=\"instock\" \/>\n<meta property=\"product:retailer_item_id\" content=\"70340-066-Puderrosa\" \/>\n<meta property=\"product:condition\" content=\"new\" \/>\n<!-- \/ Yoast SEO Premium plugin. -->","yoast_head_json":{"title":"Ng Baby, Sengehest av lin med VOLANG, Pudderrosa - Babylove Norska","robots":{"index":"noindex","follow":"follow","max-snippet":"max-snippet:-1","max-image-preview":"max-image-preview:large","max-video-preview":"max-video-preview:-1"},"og_locale":"nb_NO","og_type":"article","og_title":"Ng Baby, Sengehest av lin med VOLANG, Pudderrosa","og_description":"Et sv\u00e6rt vakkert og h\u00f8ykvalitets sengehest i en vakker pudderrosa farge kommer sammen med sine vidunderlige volanger til \u00e5 skape en herlig atmosf\u00e6re i barnets seng og p\u00e5 barnerommet. Sengehestet er laget i Sverige av NG Baby og i 100 % av et fantastisk fint lin. Det f\u00f8lger ogs\u00e5 med vakre knyteb\u00e5nd som er laget [&hellip;]","og_url":"https:\/\/babylove.se\/no\/produkt\/ng-baby-spjlfangere-av-lin-med-volang-pudderrosa\/","og_site_name":"Babylove Norska","article_modified_time":"2026-04-08T07:20:44+00:00","og_image":[{"width":750,"height":750,"url":"https:\/\/babylove.se\/no\/wp-content\/uploads\/sites\/3\/2025\/07\/5a7070a790184.jpeg","type":"image\/jpeg"}],"twitter_card":"summary_large_image","twitter_misc":{"Availability":"In stock"},"schema":{"@context":"https:\/\/schema.org","@graph":[{"@type":"WebPage","@id":"https:\/\/babylove.se\/no\/produkt\/ng-baby-spjlfangere-av-lin-med-volang-pudderrosa\/","url":"https:\/\/babylove.se\/no\/produkt\/ng-baby-spjlfangere-av-lin-med-volang-pudderrosa\/","name":"Ng Baby, Sengehest av lin med VOLANG, Pudderrosa - Babylove Norska","isPartOf":{"@id":"https:\/\/babylove.se\/no\/#website"},"primaryImageOfPage":{"@id":"https:\/\/babylove.se\/no\/produkt\/ng-baby-spjlfangere-av-lin-med-volang-pudderrosa\/#primaryimage"},"image":{"@id":"https:\/\/babylove.se\/no\/produkt\/ng-baby-spjlfangere-av-lin-med-volang-pudderrosa\/#primaryimage"},"thumbnailUrl":"https:\/\/babylove.se\/no\/wp-content\/uploads\/sites\/3\/2025\/07\/5a7070a790184.jpeg","datePublished":"2025-07-18T19:31:19+00:00","dateModified":"2026-04-08T07:20:44+00:00","breadcrumb":{"@id":"https:\/\/babylove.se\/no\/produkt\/ng-baby-spjlfangere-av-lin-med-volang-pudderrosa\/#breadcrumb"},"inLanguage":"nb-NO","potentialAction":[{"@type":"ReadAction","target":["https:\/\/babylove.se\/no\/produkt\/ng-baby-spjlfangere-av-lin-med-volang-pudderrosa\/"]}]},{"@type":"ImageObject","inLanguage":"nb-NO","@id":"https:\/\/babylove.se\/no\/produkt\/ng-baby-spjlfangere-av-lin-med-volang-pudderrosa\/#primaryimage","url":"https:\/\/babylove.se\/no\/wp-content\/uploads\/sites\/3\/2025\/07\/5a7070a790184.jpeg","contentUrl":"https:\/\/babylove.se\/no\/wp-content\/uploads\/sites\/3\/2025\/07\/5a7070a790184.jpeg","width":750,"height":750},{"@type":"BreadcrumbList","@id":"https:\/\/babylove.se\/no\/produkt\/ng-baby-spjlfangere-av-lin-med-volang-pudderrosa\/#breadcrumb","itemListElement":[{"@type":"ListItem","position":1,"name":"Hem","item":"https:\/\/babylove.se\/no\/"},{"@type":"ListItem","position":2,"name":"Butik","item":"https:\/\/babylove.se\/no\/butik\/"},{"@type":"ListItem","position":3,"name":"Ng Baby, Sengehest av lin med VOLANG, Pudderrosa"}]},{"@type":"WebSite","@id":"https:\/\/babylove.se\/no\/#website","url":"https:\/\/babylove.se\/no\/","name":"Babylove Norska","description":"","potentialAction":[{"@type":"SearchAction","target":{"@type":"EntryPoint","urlTemplate":"https:\/\/babylove.se\/no\/?s={search_term_string}"},"query-input":{"@type":"PropertyValueSpecification","valueRequired":true,"valueName":"search_term_string"}}],"inLanguage":"nb-NO"}]},"product_brand":"Ng Baby","og_availability":"instock","product_availability":"instock","product_retailer_item_id":"70340-066-Puderrosa","product_condition":"new"},"_links":{"self":[{"href":"https:\/\/babylove.se\/no\/wp-json\/wp\/v2\/product\/5698","targetHints":{"allow":["GET"]}}],"collection":[{"href":"https:\/\/babylove.se\/no\/wp-json\/wp\/v2\/product"}],"about":[{"href":"https:\/\/babylove.se\/no\/wp-json\/wp\/v2\/types\/product"}],"replies":[{"embeddable":true,"href":"https:\/\/babylove.se\/no\/wp-json\/wp\/v2\/comments?post=5698"}],"wp:featuredmedia":[{"embeddable":true,"href":"https:\/\/babylove.se\/no\/wp-json\/wp\/v2\/media\/5700"}],"wp:attachment":[{"href":"https:\/\/babylove.se\/no\/wp-json\/wp\/v2\/media?parent=5698"}],"wp:term":[{"taxonomy":"product_brand","embeddable":true,"href":"https:\/\/babylove.se\/no\/wp-json\/wp\/v2\/product_brand?post=5698"},{"taxonomy":"product_cat","embeddable":true,"href":"https:\/\/babylove.se\/no\/wp-json\/wp\/v2\/product_cat?post=5698"},{"taxonomy":"product_tag","embeddable":true,"href":"https:\/\/babylove.se\/no\/wp-json\/wp\/v2\/product_tag?post=5698"}],"curies":[{"name":"wp","href":"https:\/\/api.w.org\/{rel}","templated":true}]}}