{"id":5704,"date":"2025-07-18T20:31:19","date_gmt":"2025-07-18T19:31:19","guid":{"rendered":"https:\/\/babylove.se\/produkt\/ng-baby-spjalskydd-av-linne-med-volang-grafit\/"},"modified":"2026-04-08T08:20:48","modified_gmt":"2026-04-08T07:20:48","slug":"ng-baby-sengehest-av-lin-med-volang-grafitt","status":"publish","type":"product","link":"https:\/\/babylove.se\/no\/produkt\/ng-baby-sengehest-av-lin-med-volang-grafitt\/","title":{"rendered":"Ng Baby, Sengehest av lin med VOLANG, Grafitt"},"content":{"rendered":"<p>Et meget vakkert og h\u00f8ykvalitets sengekappe i en vakker grafittfarge vil sammen med sine herlige volanger skape en deilig atmosf\u00e6re i barnets seng og p\u00e5 barnerommet.<\/p>\n<p>Sengeomkranser er produsert i Sverige av NG Baby og i 100 % av et fantastisk fint lin. Det f\u00f8lger ogs\u00e5 med vakre knyteband som er laget av bomull. Fyllet best\u00e5r av deilig fibervatt som gj\u00f8r at sengekappa holder formen lenge. Match gjerne med senget\u00f8y fra samme kolleksjon for \u00e5 f\u00e5 et vakkert helhetsbilde.<\/p>\n<p><strong>M\u00e5l<\/strong>:  <\/p>\n<p>-Vogn\/vugge 258&#215;20 cm<\/p>\n<p>-Barneseng 360&#215;25 cm<\/p>\n<p>Designer: <a href=\"https:\/\/babylove.se\/varumarken\/ng-baby\"><u>Ng Baby<\/u><\/a><\/p>\n","protected":false},"excerpt":{"rendered":"<p>Et meget vakkert og h\u00f8ykvalitets sengekappe i en vakker grafittfarge vil sammen med sine herlige volanger skape en deilig atmosf\u00e6re i barnets seng og p\u00e5 barnerommet. Sengeomkranser er produsert i Sverige av NG Baby og i 100 % av et fantastisk fint lin. Det f\u00f8lger ogs\u00e5 med vakre knyteband som er laget av bomull. Fyllet [&hellip;]<\/p>\n","protected":false},"featured_media":5706,"comment_status":"closed","ping_status":"open","template":"","meta":{"_acf_changed":false},"product_brand":[107],"product_cat":[109,108,48],"product_tag":[1689],"class_list":{"0":"post-5704","1":"product","2":"type-product","3":"status-publish","4":"has-post-thumbnail","6":"product_brand-ng-baby","7":"product_cat-ng-baby","8":"product_cat-barnesengbeskyttelse","9":"product_cat-startside","10":"product_tag-bestillingsvaror","11":"pa_matt-spjalsang","12":"pa_matt-vagn-vagga","14":"first","15":"outofstock","16":"taxable","17":"shipping-taxable","18":"purchasable","19":"product-type-variable"},"acf":[],"yoast_head":"<!-- This site is optimized with the Yoast SEO Premium plugin v25.8 (Yoast SEO v27.2) - https:\/\/yoast.com\/product\/yoast-seo-premium-wordpress\/ -->\n<title>Ng Baby, Sengehest av lin med VOLANG, Grafitt - Babylove Norska<\/title>\n<meta name=\"robots\" content=\"noindex, follow, max-snippet:-1, max-image-preview:large, max-video-preview:-1\" \/>\n<meta property=\"og:locale\" content=\"nb_NO\" \/>\n<meta property=\"og:type\" content=\"article\" \/>\n<meta property=\"og:title\" content=\"Ng Baby, Sengehest av lin med VOLANG, Grafitt\" \/>\n<meta property=\"og:description\" content=\"Et meget vakkert og h\u00f8ykvalitets sengekappe i en vakker grafittfarge vil sammen med sine herlige volanger skape en deilig atmosf\u00e6re i barnets seng og p\u00e5 barnerommet. Sengeomkranser er produsert i Sverige av NG Baby og i 100 % av et fantastisk fint lin. Det f\u00f8lger ogs\u00e5 med vakre knyteband som er laget av bomull. Fyllet [&hellip;]\" \/>\n<meta property=\"og:url\" content=\"https:\/\/babylove.se\/no\/produkt\/ng-baby-sengehest-av-lin-med-volang-grafitt\/\" \/>\n<meta property=\"og:site_name\" content=\"Babylove Norska\" \/>\n<meta property=\"article:modified_time\" content=\"2026-04-08T07:20:48+00:00\" \/>\n<meta property=\"og:image\" content=\"https:\/\/babylove.se\/no\/wp-content\/uploads\/sites\/3\/2025\/07\/5a7070e7db07d.jpeg\" \/>\n\t<meta property=\"og:image:width\" content=\"750\" \/>\n\t<meta property=\"og:image:height\" content=\"750\" \/>\n\t<meta property=\"og:image:type\" content=\"image\/jpeg\" \/>\n<meta name=\"twitter:card\" content=\"summary_large_image\" \/>\n<meta name=\"twitter:label1\" content=\"Availability\" \/>\n\t<meta name=\"twitter:data1\" content=\"Out of stock\" \/>\n<script type=\"application\/ld+json\" class=\"yoast-schema-graph\">{\"@context\":\"https:\/\/schema.org\",\"@graph\":[{\"@type\":\"WebPage\",\"@id\":\"https:\/\/babylove.se\/no\/produkt\/ng-baby-sengehest-av-lin-med-volang-grafitt\/\",\"url\":\"https:\/\/babylove.se\/no\/produkt\/ng-baby-sengehest-av-lin-med-volang-grafitt\/\",\"name\":\"Ng Baby, Sengehest av lin med VOLANG, Grafitt - Babylove Norska\",\"isPartOf\":{\"@id\":\"https:\/\/babylove.se\/no\/#website\"},\"primaryImageOfPage\":{\"@id\":\"https:\/\/babylove.se\/no\/produkt\/ng-baby-sengehest-av-lin-med-volang-grafitt\/#primaryimage\"},\"image\":{\"@id\":\"https:\/\/babylove.se\/no\/produkt\/ng-baby-sengehest-av-lin-med-volang-grafitt\/#primaryimage\"},\"thumbnailUrl\":\"https:\/\/babylove.se\/no\/wp-content\/uploads\/sites\/3\/2025\/07\/5a7070e7db07d.jpeg\",\"datePublished\":\"2025-07-18T19:31:19+00:00\",\"dateModified\":\"2026-04-08T07:20:48+00:00\",\"breadcrumb\":{\"@id\":\"https:\/\/babylove.se\/no\/produkt\/ng-baby-sengehest-av-lin-med-volang-grafitt\/#breadcrumb\"},\"inLanguage\":\"nb-NO\",\"potentialAction\":[{\"@type\":\"ReadAction\",\"target\":[\"https:\/\/babylove.se\/no\/produkt\/ng-baby-sengehest-av-lin-med-volang-grafitt\/\"]}]},{\"@type\":\"ImageObject\",\"inLanguage\":\"nb-NO\",\"@id\":\"https:\/\/babylove.se\/no\/produkt\/ng-baby-sengehest-av-lin-med-volang-grafitt\/#primaryimage\",\"url\":\"https:\/\/babylove.se\/no\/wp-content\/uploads\/sites\/3\/2025\/07\/5a7070e7db07d.jpeg\",\"contentUrl\":\"https:\/\/babylove.se\/no\/wp-content\/uploads\/sites\/3\/2025\/07\/5a7070e7db07d.jpeg\",\"width\":750,\"height\":750},{\"@type\":\"BreadcrumbList\",\"@id\":\"https:\/\/babylove.se\/no\/produkt\/ng-baby-sengehest-av-lin-med-volang-grafitt\/#breadcrumb\",\"itemListElement\":[{\"@type\":\"ListItem\",\"position\":1,\"name\":\"Hem\",\"item\":\"https:\/\/babylove.se\/no\/\"},{\"@type\":\"ListItem\",\"position\":2,\"name\":\"Butik\",\"item\":\"https:\/\/babylove.se\/no\/butik\/\"},{\"@type\":\"ListItem\",\"position\":3,\"name\":\"Ng Baby, Sengehest av lin med VOLANG, Grafitt\"}]},{\"@type\":\"WebSite\",\"@id\":\"https:\/\/babylove.se\/no\/#website\",\"url\":\"https:\/\/babylove.se\/no\/\",\"name\":\"Babylove Norska\",\"description\":\"\",\"potentialAction\":[{\"@type\":\"SearchAction\",\"target\":{\"@type\":\"EntryPoint\",\"urlTemplate\":\"https:\/\/babylove.se\/no\/?s={search_term_string}\"},\"query-input\":{\"@type\":\"PropertyValueSpecification\",\"valueRequired\":true,\"valueName\":\"search_term_string\"}}],\"inLanguage\":\"nb-NO\"}]}<\/script>\n<meta property=\"product:brand\" content=\"Ng Baby\" \/>\n<meta property=\"og:availability\" content=\"out of stock\" \/>\n<meta property=\"product:availability\" content=\"out of stock\" \/>\n<meta property=\"product:retailer_item_id\" content=\"70340-035\" \/>\n<meta property=\"product:condition\" content=\"new\" \/>\n<!-- \/ Yoast SEO Premium plugin. -->","yoast_head_json":{"title":"Ng Baby, Sengehest av lin med VOLANG, Grafitt - Babylove Norska","robots":{"index":"noindex","follow":"follow","max-snippet":"max-snippet:-1","max-image-preview":"max-image-preview:large","max-video-preview":"max-video-preview:-1"},"og_locale":"nb_NO","og_type":"article","og_title":"Ng Baby, Sengehest av lin med VOLANG, Grafitt","og_description":"Et meget vakkert og h\u00f8ykvalitets sengekappe i en vakker grafittfarge vil sammen med sine herlige volanger skape en deilig atmosf\u00e6re i barnets seng og p\u00e5 barnerommet. Sengeomkranser er produsert i Sverige av NG Baby og i 100 % av et fantastisk fint lin. Det f\u00f8lger ogs\u00e5 med vakre knyteband som er laget av bomull. Fyllet [&hellip;]","og_url":"https:\/\/babylove.se\/no\/produkt\/ng-baby-sengehest-av-lin-med-volang-grafitt\/","og_site_name":"Babylove Norska","article_modified_time":"2026-04-08T07:20:48+00:00","og_image":[{"width":750,"height":750,"url":"https:\/\/babylove.se\/no\/wp-content\/uploads\/sites\/3\/2025\/07\/5a7070e7db07d.jpeg","type":"image\/jpeg"}],"twitter_card":"summary_large_image","twitter_misc":{"Availability":"Out of stock"},"schema":{"@context":"https:\/\/schema.org","@graph":[{"@type":"WebPage","@id":"https:\/\/babylove.se\/no\/produkt\/ng-baby-sengehest-av-lin-med-volang-grafitt\/","url":"https:\/\/babylove.se\/no\/produkt\/ng-baby-sengehest-av-lin-med-volang-grafitt\/","name":"Ng Baby, Sengehest av lin med VOLANG, Grafitt - Babylove Norska","isPartOf":{"@id":"https:\/\/babylove.se\/no\/#website"},"primaryImageOfPage":{"@id":"https:\/\/babylove.se\/no\/produkt\/ng-baby-sengehest-av-lin-med-volang-grafitt\/#primaryimage"},"image":{"@id":"https:\/\/babylove.se\/no\/produkt\/ng-baby-sengehest-av-lin-med-volang-grafitt\/#primaryimage"},"thumbnailUrl":"https:\/\/babylove.se\/no\/wp-content\/uploads\/sites\/3\/2025\/07\/5a7070e7db07d.jpeg","datePublished":"2025-07-18T19:31:19+00:00","dateModified":"2026-04-08T07:20:48+00:00","breadcrumb":{"@id":"https:\/\/babylove.se\/no\/produkt\/ng-baby-sengehest-av-lin-med-volang-grafitt\/#breadcrumb"},"inLanguage":"nb-NO","potentialAction":[{"@type":"ReadAction","target":["https:\/\/babylove.se\/no\/produkt\/ng-baby-sengehest-av-lin-med-volang-grafitt\/"]}]},{"@type":"ImageObject","inLanguage":"nb-NO","@id":"https:\/\/babylove.se\/no\/produkt\/ng-baby-sengehest-av-lin-med-volang-grafitt\/#primaryimage","url":"https:\/\/babylove.se\/no\/wp-content\/uploads\/sites\/3\/2025\/07\/5a7070e7db07d.jpeg","contentUrl":"https:\/\/babylove.se\/no\/wp-content\/uploads\/sites\/3\/2025\/07\/5a7070e7db07d.jpeg","width":750,"height":750},{"@type":"BreadcrumbList","@id":"https:\/\/babylove.se\/no\/produkt\/ng-baby-sengehest-av-lin-med-volang-grafitt\/#breadcrumb","itemListElement":[{"@type":"ListItem","position":1,"name":"Hem","item":"https:\/\/babylove.se\/no\/"},{"@type":"ListItem","position":2,"name":"Butik","item":"https:\/\/babylove.se\/no\/butik\/"},{"@type":"ListItem","position":3,"name":"Ng Baby, Sengehest av lin med VOLANG, Grafitt"}]},{"@type":"WebSite","@id":"https:\/\/babylove.se\/no\/#website","url":"https:\/\/babylove.se\/no\/","name":"Babylove Norska","description":"","potentialAction":[{"@type":"SearchAction","target":{"@type":"EntryPoint","urlTemplate":"https:\/\/babylove.se\/no\/?s={search_term_string}"},"query-input":{"@type":"PropertyValueSpecification","valueRequired":true,"valueName":"search_term_string"}}],"inLanguage":"nb-NO"}]},"product_brand":"Ng Baby","og_availability":"out of stock","product_availability":"out of stock","product_retailer_item_id":"70340-035","product_condition":"new"},"_links":{"self":[{"href":"https:\/\/babylove.se\/no\/wp-json\/wp\/v2\/product\/5704","targetHints":{"allow":["GET"]}}],"collection":[{"href":"https:\/\/babylove.se\/no\/wp-json\/wp\/v2\/product"}],"about":[{"href":"https:\/\/babylove.se\/no\/wp-json\/wp\/v2\/types\/product"}],"replies":[{"embeddable":true,"href":"https:\/\/babylove.se\/no\/wp-json\/wp\/v2\/comments?post=5704"}],"wp:featuredmedia":[{"embeddable":true,"href":"https:\/\/babylove.se\/no\/wp-json\/wp\/v2\/media\/5706"}],"wp:attachment":[{"href":"https:\/\/babylove.se\/no\/wp-json\/wp\/v2\/media?parent=5704"}],"wp:term":[{"taxonomy":"product_brand","embeddable":true,"href":"https:\/\/babylove.se\/no\/wp-json\/wp\/v2\/product_brand?post=5704"},{"taxonomy":"product_cat","embeddable":true,"href":"https:\/\/babylove.se\/no\/wp-json\/wp\/v2\/product_cat?post=5704"},{"taxonomy":"product_tag","embeddable":true,"href":"https:\/\/babylove.se\/no\/wp-json\/wp\/v2\/product_tag?post=5704"}],"curies":[{"name":"wp","href":"https:\/\/api.w.org\/{rel}","templated":true}]}}