{"id":5734,"date":"2025-07-18T20:31:32","date_gmt":"2025-07-18T19:31:32","guid":{"rendered":"https:\/\/babylove.se\/produkt\/elodie-details-skotvaska-black-edition\/"},"modified":"2026-04-08T08:21:02","modified_gmt":"2026-04-08T07:21:02","slug":"elodie-details-skovask-black-edition","status":"publish","type":"product","link":"https:\/\/babylove.se\/no\/produkt\/elodie-details-skovask-black-edition\/","title":{"rendered":"Elodie Details, Stellebag Black Edition"},"content":{"rendered":"<p><strong>Stelleveske &#8211; Black Edition, Elodie Details <\/strong><\/p>\n<p>Stellevesker er tradisjonelt laget kun etter sin funksjonalitet, og ikke sjelden p\u00e5 bekostning av sitt utseende. Selvf\u00f8lgelig er dette ingen feil, men n\u00e5 finnes det en stelleveske som kombinerer det beste fra begge verdener. Elodie Details fantastiske stelleveske kan du ta med b\u00e5de til lekeplassen og p\u00e5 restaurantbes\u00f8ket. Den er b\u00e5de praktisk og har en pen design og du kommer til \u00e5 ha masse glede av den. Den er utformet med flere spesialfack som er tilpasset for bleier og v\u00e5tservietter, samt for n\u00f8klene dine og mobiltelefonen. Du kan til og med f\u00e5 plass til en mindre laptop. Denne stellevesken har virkelig alt! Laget av med detaljer av h\u00f8ykvalitets l\u00e6r og du fester den enkelt p\u00e5 barnevognen med stroppen.<\/p>\n<p><strong>M\u00e5l<\/strong>: H\u00f8yde 28, Bredde 41cm<\/p>\n<p>Designer: <a href=\"https:\/\/babylove.se\/varumarken\/elodie-details\"><u>Elodie Details<\/u><\/a><\/p>\n","protected":false},"excerpt":{"rendered":"<p>Stelleveske &#8211; Black Edition, Elodie Details Stellevesker er tradisjonelt laget kun etter sin funksjonalitet, og ikke sjelden p\u00e5 bekostning av sitt utseende. Selvf\u00f8lgelig er dette ingen feil, men n\u00e5 finnes det en stelleveske som kombinerer det beste fra begge verdener. Elodie Details fantastiske stelleveske kan du ta med b\u00e5de til lekeplassen og p\u00e5 restaurantbes\u00f8ket. Den [&hellip;]<\/p>\n","protected":false},"featured_media":5736,"comment_status":"closed","ping_status":"open","template":"","meta":{"_acf_changed":false},"product_brand":[174],"product_cat":[175,48,315],"product_tag":[],"class_list":{"0":"post-5734","1":"product","2":"type-product","3":"status-publish","4":"has-post-thumbnail","6":"product_brand-elodie-details","7":"product_cat-elodie-details","8":"product_cat-startside","9":"product_cat-skotoyveske","11":"first","12":"outofstock","13":"taxable","14":"shipping-taxable","15":"purchasable","16":"product-type-simple"},"acf":[],"yoast_head":"<!-- This site is optimized with the Yoast SEO Premium plugin v25.8 (Yoast SEO v27.2) - https:\/\/yoast.com\/product\/yoast-seo-premium-wordpress\/ -->\n<title>Elodie Details, Stellebag Black Edition - Babylove Norska<\/title>\n<meta name=\"robots\" content=\"noindex, follow, max-snippet:-1, max-image-preview:large, max-video-preview:-1\" \/>\n<meta property=\"og:locale\" content=\"nb_NO\" \/>\n<meta property=\"og:type\" content=\"article\" \/>\n<meta property=\"og:title\" content=\"Elodie Details, Stellebag Black Edition\" \/>\n<meta property=\"og:description\" content=\"Stelleveske &#8211; Black Edition, Elodie Details Stellevesker er tradisjonelt laget kun etter sin funksjonalitet, og ikke sjelden p\u00e5 bekostning av sitt utseende. Selvf\u00f8lgelig er dette ingen feil, men n\u00e5 finnes det en stelleveske som kombinerer det beste fra begge verdener. Elodie Details fantastiske stelleveske kan du ta med b\u00e5de til lekeplassen og p\u00e5 restaurantbes\u00f8ket. Den [&hellip;]\" \/>\n<meta property=\"og:url\" content=\"https:\/\/babylove.se\/no\/produkt\/elodie-details-skovask-black-edition\/\" \/>\n<meta property=\"og:site_name\" content=\"Babylove Norska\" \/>\n<meta property=\"article:modified_time\" content=\"2026-04-08T07:21:02+00:00\" \/>\n<meta property=\"og:image\" content=\"https:\/\/babylove.se\/no\/wp-content\/uploads\/sites\/3\/2025\/07\/5a743cd66165c.jpeg\" \/>\n\t<meta property=\"og:image:width\" content=\"646\" \/>\n\t<meta property=\"og:image:height\" content=\"750\" \/>\n\t<meta property=\"og:image:type\" content=\"image\/jpeg\" \/>\n<meta name=\"twitter:card\" content=\"summary_large_image\" \/>\n<meta name=\"twitter:label1\" content=\"Price\" \/>\n\t<meta name=\"twitter:data1\" content=\"859,00&nbsp;&#107;&#114;\" \/>\n\t<meta name=\"twitter:label2\" content=\"Availability\" \/>\n\t<meta name=\"twitter:data2\" content=\"Out of stock\" \/>\n<script type=\"application\/ld+json\" class=\"yoast-schema-graph\">{\"@context\":\"https:\/\/schema.org\",\"@graph\":[{\"@type\":\"WebPage\",\"@id\":\"https:\/\/babylove.se\/no\/produkt\/elodie-details-skovask-black-edition\/\",\"url\":\"https:\/\/babylove.se\/no\/produkt\/elodie-details-skovask-black-edition\/\",\"name\":\"Elodie Details, Stellebag Black Edition - Babylove Norska\",\"isPartOf\":{\"@id\":\"https:\/\/babylove.se\/no\/#website\"},\"primaryImageOfPage\":{\"@id\":\"https:\/\/babylove.se\/no\/produkt\/elodie-details-skovask-black-edition\/#primaryimage\"},\"image\":{\"@id\":\"https:\/\/babylove.se\/no\/produkt\/elodie-details-skovask-black-edition\/#primaryimage\"},\"thumbnailUrl\":\"https:\/\/babylove.se\/no\/wp-content\/uploads\/sites\/3\/2025\/07\/5a743cd66165c.jpeg\",\"datePublished\":\"2025-07-18T19:31:32+00:00\",\"dateModified\":\"2026-04-08T07:21:02+00:00\",\"breadcrumb\":{\"@id\":\"https:\/\/babylove.se\/no\/produkt\/elodie-details-skovask-black-edition\/#breadcrumb\"},\"inLanguage\":\"nb-NO\",\"potentialAction\":[{\"@type\":\"ReadAction\",\"target\":[\"https:\/\/babylove.se\/no\/produkt\/elodie-details-skovask-black-edition\/\"]}]},{\"@type\":\"ImageObject\",\"inLanguage\":\"nb-NO\",\"@id\":\"https:\/\/babylove.se\/no\/produkt\/elodie-details-skovask-black-edition\/#primaryimage\",\"url\":\"https:\/\/babylove.se\/no\/wp-content\/uploads\/sites\/3\/2025\/07\/5a743cd66165c.jpeg\",\"contentUrl\":\"https:\/\/babylove.se\/no\/wp-content\/uploads\/sites\/3\/2025\/07\/5a743cd66165c.jpeg\",\"width\":646,\"height\":750},{\"@type\":\"BreadcrumbList\",\"@id\":\"https:\/\/babylove.se\/no\/produkt\/elodie-details-skovask-black-edition\/#breadcrumb\",\"itemListElement\":[{\"@type\":\"ListItem\",\"position\":1,\"name\":\"Hem\",\"item\":\"https:\/\/babylove.se\/no\/\"},{\"@type\":\"ListItem\",\"position\":2,\"name\":\"Butik\",\"item\":\"https:\/\/babylove.se\/no\/butik\/\"},{\"@type\":\"ListItem\",\"position\":3,\"name\":\"Elodie Details, Stellebag Black Edition\"}]},{\"@type\":\"WebSite\",\"@id\":\"https:\/\/babylove.se\/no\/#website\",\"url\":\"https:\/\/babylove.se\/no\/\",\"name\":\"Babylove Norska\",\"description\":\"\",\"potentialAction\":[{\"@type\":\"SearchAction\",\"target\":{\"@type\":\"EntryPoint\",\"urlTemplate\":\"https:\/\/babylove.se\/no\/?s={search_term_string}\"},\"query-input\":{\"@type\":\"PropertyValueSpecification\",\"valueRequired\":true,\"valueName\":\"search_term_string\"}}],\"inLanguage\":\"nb-NO\"}]}<\/script>\n<meta property=\"product:brand\" content=\"Elodie Details\" \/>\n<meta property=\"product:price:amount\" content=\"859.00\" \/>\n<meta property=\"product:price:currency\" content=\"SEK\" \/>\n<meta property=\"og:availability\" content=\"out of stock\" \/>\n<meta property=\"product:availability\" content=\"out of stock\" \/>\n<meta property=\"product:retailer_item_id\" content=\"1750\" \/>\n<meta property=\"product:condition\" content=\"new\" \/>\n<!-- \/ Yoast SEO Premium plugin. -->","yoast_head_json":{"title":"Elodie Details, Stellebag Black Edition - Babylove Norska","robots":{"index":"noindex","follow":"follow","max-snippet":"max-snippet:-1","max-image-preview":"max-image-preview:large","max-video-preview":"max-video-preview:-1"},"og_locale":"nb_NO","og_type":"article","og_title":"Elodie Details, Stellebag Black Edition","og_description":"Stelleveske &#8211; Black Edition, Elodie Details Stellevesker er tradisjonelt laget kun etter sin funksjonalitet, og ikke sjelden p\u00e5 bekostning av sitt utseende. Selvf\u00f8lgelig er dette ingen feil, men n\u00e5 finnes det en stelleveske som kombinerer det beste fra begge verdener. Elodie Details fantastiske stelleveske kan du ta med b\u00e5de til lekeplassen og p\u00e5 restaurantbes\u00f8ket. Den [&hellip;]","og_url":"https:\/\/babylove.se\/no\/produkt\/elodie-details-skovask-black-edition\/","og_site_name":"Babylove Norska","article_modified_time":"2026-04-08T07:21:02+00:00","og_image":[{"width":646,"height":750,"url":"https:\/\/babylove.se\/no\/wp-content\/uploads\/sites\/3\/2025\/07\/5a743cd66165c.jpeg","type":"image\/jpeg"}],"twitter_card":"summary_large_image","twitter_misc":{"Price":"859,00&nbsp;&#107;&#114;","Availability":"Out of stock"},"schema":{"@context":"https:\/\/schema.org","@graph":[{"@type":"WebPage","@id":"https:\/\/babylove.se\/no\/produkt\/elodie-details-skovask-black-edition\/","url":"https:\/\/babylove.se\/no\/produkt\/elodie-details-skovask-black-edition\/","name":"Elodie Details, Stellebag Black Edition - Babylove Norska","isPartOf":{"@id":"https:\/\/babylove.se\/no\/#website"},"primaryImageOfPage":{"@id":"https:\/\/babylove.se\/no\/produkt\/elodie-details-skovask-black-edition\/#primaryimage"},"image":{"@id":"https:\/\/babylove.se\/no\/produkt\/elodie-details-skovask-black-edition\/#primaryimage"},"thumbnailUrl":"https:\/\/babylove.se\/no\/wp-content\/uploads\/sites\/3\/2025\/07\/5a743cd66165c.jpeg","datePublished":"2025-07-18T19:31:32+00:00","dateModified":"2026-04-08T07:21:02+00:00","breadcrumb":{"@id":"https:\/\/babylove.se\/no\/produkt\/elodie-details-skovask-black-edition\/#breadcrumb"},"inLanguage":"nb-NO","potentialAction":[{"@type":"ReadAction","target":["https:\/\/babylove.se\/no\/produkt\/elodie-details-skovask-black-edition\/"]}]},{"@type":"ImageObject","inLanguage":"nb-NO","@id":"https:\/\/babylove.se\/no\/produkt\/elodie-details-skovask-black-edition\/#primaryimage","url":"https:\/\/babylove.se\/no\/wp-content\/uploads\/sites\/3\/2025\/07\/5a743cd66165c.jpeg","contentUrl":"https:\/\/babylove.se\/no\/wp-content\/uploads\/sites\/3\/2025\/07\/5a743cd66165c.jpeg","width":646,"height":750},{"@type":"BreadcrumbList","@id":"https:\/\/babylove.se\/no\/produkt\/elodie-details-skovask-black-edition\/#breadcrumb","itemListElement":[{"@type":"ListItem","position":1,"name":"Hem","item":"https:\/\/babylove.se\/no\/"},{"@type":"ListItem","position":2,"name":"Butik","item":"https:\/\/babylove.se\/no\/butik\/"},{"@type":"ListItem","position":3,"name":"Elodie Details, Stellebag Black Edition"}]},{"@type":"WebSite","@id":"https:\/\/babylove.se\/no\/#website","url":"https:\/\/babylove.se\/no\/","name":"Babylove Norska","description":"","potentialAction":[{"@type":"SearchAction","target":{"@type":"EntryPoint","urlTemplate":"https:\/\/babylove.se\/no\/?s={search_term_string}"},"query-input":{"@type":"PropertyValueSpecification","valueRequired":true,"valueName":"search_term_string"}}],"inLanguage":"nb-NO"}]},"product_brand":"Elodie Details","product_price_amount":"859.00","product_price_currency":"SEK","og_availability":"out of stock","product_availability":"out of stock","product_retailer_item_id":"1750","product_condition":"new"},"_links":{"self":[{"href":"https:\/\/babylove.se\/no\/wp-json\/wp\/v2\/product\/5734","targetHints":{"allow":["GET"]}}],"collection":[{"href":"https:\/\/babylove.se\/no\/wp-json\/wp\/v2\/product"}],"about":[{"href":"https:\/\/babylove.se\/no\/wp-json\/wp\/v2\/types\/product"}],"replies":[{"embeddable":true,"href":"https:\/\/babylove.se\/no\/wp-json\/wp\/v2\/comments?post=5734"}],"wp:featuredmedia":[{"embeddable":true,"href":"https:\/\/babylove.se\/no\/wp-json\/wp\/v2\/media\/5736"}],"wp:attachment":[{"href":"https:\/\/babylove.se\/no\/wp-json\/wp\/v2\/media?parent=5734"}],"wp:term":[{"taxonomy":"product_brand","embeddable":true,"href":"https:\/\/babylove.se\/no\/wp-json\/wp\/v2\/product_brand?post=5734"},{"taxonomy":"product_cat","embeddable":true,"href":"https:\/\/babylove.se\/no\/wp-json\/wp\/v2\/product_cat?post=5734"},{"taxonomy":"product_tag","embeddable":true,"href":"https:\/\/babylove.se\/no\/wp-json\/wp\/v2\/product_tag?post=5734"}],"curies":[{"name":"wp","href":"https:\/\/api.w.org\/{rel}","templated":true}]}}