{"id":5740,"date":"2025-07-18T20:31:32","date_gmt":"2025-07-18T19:31:32","guid":{"rendered":"https:\/\/babylove.se\/produkt\/sebra-scooter-gra\/"},"modified":"2026-04-08T08:21:05","modified_gmt":"2026-04-08T07:21:05","slug":"sebra-scooter-gra","status":"publish","type":"product","link":"https:\/\/babylove.se\/no\/produkt\/sebra-scooter-gra\/","title":{"rendered":"Sebra, trehjuling scooter gr\u00e5"},"content":{"rendered":"<p><strong>Sebra, Trehjuling scooter Gr\u00e5  <\/strong><\/p>\n<p>En meget vakker og stilren scooter fra danske Sebra. Et meget popul\u00e6rt produkt som passer til alle, og barnet kommer til \u00e5 elske \u00e5 sparke rundt p\u00e5 den i hjemmet. <\/p>\n<p>Et bra leket\u00f8y da den b\u00e5de er morsom og pedagogisk, barnet f\u00e5r trene p\u00e5 sin motorikk. Designen er stilren og i typisk skandinavisk stil. Fargvalgene enkle og den passer enkelt inn i alle slags hjem. <\/p>\n<p>Denne scooteren er bygget spesielt for \u00e5 brukes innend\u00f8rs, og hjulene har en gummiliste som gj\u00f8r at den er stille og du trenger ikke v\u00e6re bekymret over gulvene dine.<\/p>\n<p>Materiale: B\u00f8ketre<\/p>\n<p><strong>M\u00e5l<\/strong>: L59 x B31 x H41,5 cm<\/p>\n<p>Designer: <a href=\"https:\/\/babylove.se\/varumarken\/sebra\"><u>Sebra<\/u><\/a><\/p>\n","protected":false},"excerpt":{"rendered":"<p>Sebra, Trehjuling scooter Gr\u00e5 En meget vakker og stilren scooter fra danske Sebra. Et meget popul\u00e6rt produkt som passer til alle, og barnet kommer til \u00e5 elske \u00e5 sparke rundt p\u00e5 den i hjemmet. Et bra leket\u00f8y da den b\u00e5de er morsom og pedagogisk, barnet f\u00e5r trene p\u00e5 sin motorikk. Designen er stilren og i [&hellip;]<\/p>\n","protected":false},"featured_media":5742,"comment_status":"closed","ping_status":"open","template":"","meta":{"_acf_changed":false},"product_brand":[160],"product_cat":[316,70,161,48,112,1775],"product_tag":[1689],"class_list":{"0":"post-5740","1":"product","2":"type-product","3":"status-publish","4":"has-post-thumbnail","6":"product_brand-sebra","7":"product_cat-balanssykler","8":"product_cat-gaver","9":"product_cat-sebra","10":"product_cat-startside","11":"product_cat-treleker","12":"product_cat-uteleker","13":"product_tag-bestillingsvaror","15":"first","16":"outofstock","17":"taxable","18":"shipping-taxable","19":"purchasable","20":"product-type-simple"},"acf":[],"yoast_head":"<!-- This site is optimized with the Yoast SEO Premium plugin v25.8 (Yoast SEO v27.2) - https:\/\/yoast.com\/product\/yoast-seo-premium-wordpress\/ -->\n<title>K\u00f6p Sebra scooter, Gr\u00e5 | Fri frakt | Babylove.se<\/title>\n<meta name=\"description\" content=\"En mycket vacker och stilren scooter fr\u00e5n danska Sebra. En mycket popul\u00e4r produkt som passar till alla, och barnet kommer att \u00e4lska att sparka runt p\u00e5 den.\" \/>\n<meta name=\"robots\" content=\"noindex, follow, max-snippet:-1, max-image-preview:large, max-video-preview:-1\" \/>\n<meta property=\"og:locale\" content=\"nb_NO\" \/>\n<meta property=\"og:type\" content=\"article\" \/>\n<meta property=\"og:title\" content=\"Sebra, trehjuling scooter gr\u00e5\" \/>\n<meta property=\"og:description\" content=\"En mycket vacker och stilren scooter fr\u00e5n danska Sebra. En mycket popul\u00e4r produkt som passar till alla, och barnet kommer att \u00e4lska att sparka runt p\u00e5 den.\" \/>\n<meta property=\"og:url\" content=\"https:\/\/babylove.se\/no\/produkt\/sebra-scooter-gra\/\" \/>\n<meta property=\"og:site_name\" content=\"Babylove Norska\" \/>\n<meta property=\"article:modified_time\" content=\"2026-04-08T07:21:05+00:00\" \/>\n<meta property=\"og:image\" content=\"https:\/\/babylove.se\/no\/wp-content\/uploads\/sites\/3\/2025\/07\/5a7988441b1be.jpeg\" \/>\n\t<meta property=\"og:image:width\" content=\"750\" \/>\n\t<meta property=\"og:image:height\" content=\"750\" \/>\n\t<meta property=\"og:image:type\" content=\"image\/jpeg\" \/>\n<meta name=\"twitter:card\" content=\"summary_large_image\" \/>\n<meta name=\"twitter:label1\" content=\"Price\" \/>\n\t<meta name=\"twitter:data1\" content=\"1 299,00&nbsp;&#107;&#114;\" \/>\n\t<meta name=\"twitter:label2\" content=\"Availability\" \/>\n\t<meta name=\"twitter:data2\" content=\"Out of stock\" \/>\n<script type=\"application\/ld+json\" class=\"yoast-schema-graph\">{\"@context\":\"https:\/\/schema.org\",\"@graph\":[{\"@type\":\"WebPage\",\"@id\":\"https:\/\/babylove.se\/no\/produkt\/sebra-scooter-gra\/\",\"url\":\"https:\/\/babylove.se\/no\/produkt\/sebra-scooter-gra\/\",\"name\":\"K\u00f6p Sebra scooter, Gr\u00e5 | Fri frakt | Babylove.se\",\"isPartOf\":{\"@id\":\"https:\/\/babylove.se\/no\/#website\"},\"primaryImageOfPage\":{\"@id\":\"https:\/\/babylove.se\/no\/produkt\/sebra-scooter-gra\/#primaryimage\"},\"image\":{\"@id\":\"https:\/\/babylove.se\/no\/produkt\/sebra-scooter-gra\/#primaryimage\"},\"thumbnailUrl\":\"https:\/\/babylove.se\/no\/wp-content\/uploads\/sites\/3\/2025\/07\/5a7988441b1be.jpeg\",\"datePublished\":\"2025-07-18T19:31:32+00:00\",\"dateModified\":\"2026-04-08T07:21:05+00:00\",\"description\":\"En mycket vacker och stilren scooter fr\u00e5n danska Sebra. En mycket popul\u00e4r produkt som passar till alla, och barnet kommer att \u00e4lska att sparka runt p\u00e5 den.\",\"breadcrumb\":{\"@id\":\"https:\/\/babylove.se\/no\/produkt\/sebra-scooter-gra\/#breadcrumb\"},\"inLanguage\":\"nb-NO\",\"potentialAction\":[{\"@type\":\"ReadAction\",\"target\":[\"https:\/\/babylove.se\/no\/produkt\/sebra-scooter-gra\/\"]}]},{\"@type\":\"ImageObject\",\"inLanguage\":\"nb-NO\",\"@id\":\"https:\/\/babylove.se\/no\/produkt\/sebra-scooter-gra\/#primaryimage\",\"url\":\"https:\/\/babylove.se\/no\/wp-content\/uploads\/sites\/3\/2025\/07\/5a7988441b1be.jpeg\",\"contentUrl\":\"https:\/\/babylove.se\/no\/wp-content\/uploads\/sites\/3\/2025\/07\/5a7988441b1be.jpeg\",\"width\":750,\"height\":750},{\"@type\":\"BreadcrumbList\",\"@id\":\"https:\/\/babylove.se\/no\/produkt\/sebra-scooter-gra\/#breadcrumb\",\"itemListElement\":[{\"@type\":\"ListItem\",\"position\":1,\"name\":\"Hem\",\"item\":\"https:\/\/babylove.se\/no\/\"},{\"@type\":\"ListItem\",\"position\":2,\"name\":\"Butik\",\"item\":\"https:\/\/babylove.se\/no\/butik\/\"},{\"@type\":\"ListItem\",\"position\":3,\"name\":\"Sebra, trehjuling scooter gr\u00e5\"}]},{\"@type\":\"WebSite\",\"@id\":\"https:\/\/babylove.se\/no\/#website\",\"url\":\"https:\/\/babylove.se\/no\/\",\"name\":\"Babylove Norska\",\"description\":\"\",\"potentialAction\":[{\"@type\":\"SearchAction\",\"target\":{\"@type\":\"EntryPoint\",\"urlTemplate\":\"https:\/\/babylove.se\/no\/?s={search_term_string}\"},\"query-input\":{\"@type\":\"PropertyValueSpecification\",\"valueRequired\":true,\"valueName\":\"search_term_string\"}}],\"inLanguage\":\"nb-NO\"}]}<\/script>\n<meta property=\"product:brand\" content=\"Sebra\" \/>\n<meta property=\"product:price:amount\" content=\"1299.00\" \/>\n<meta property=\"product:price:currency\" content=\"SEK\" \/>\n<meta property=\"og:availability\" content=\"out of stock\" \/>\n<meta property=\"product:availability\" content=\"out of stock\" \/>\n<meta property=\"product:retailer_item_id\" content=\"1751\" \/>\n<meta property=\"product:condition\" content=\"new\" \/>\n<!-- \/ Yoast SEO Premium plugin. -->","yoast_head_json":{"title":"K\u00f6p Sebra scooter, Gr\u00e5 | Fri frakt | Babylove.se","description":"En mycket vacker och stilren scooter fr\u00e5n danska Sebra. En mycket popul\u00e4r produkt som passar till alla, och barnet kommer att \u00e4lska att sparka runt p\u00e5 den.","robots":{"index":"noindex","follow":"follow","max-snippet":"max-snippet:-1","max-image-preview":"max-image-preview:large","max-video-preview":"max-video-preview:-1"},"og_locale":"nb_NO","og_type":"article","og_title":"Sebra, trehjuling scooter gr\u00e5","og_description":"En mycket vacker och stilren scooter fr\u00e5n danska Sebra. En mycket popul\u00e4r produkt som passar till alla, och barnet kommer att \u00e4lska att sparka runt p\u00e5 den.","og_url":"https:\/\/babylove.se\/no\/produkt\/sebra-scooter-gra\/","og_site_name":"Babylove Norska","article_modified_time":"2026-04-08T07:21:05+00:00","og_image":[{"width":750,"height":750,"url":"https:\/\/babylove.se\/no\/wp-content\/uploads\/sites\/3\/2025\/07\/5a7988441b1be.jpeg","type":"image\/jpeg"}],"twitter_card":"summary_large_image","twitter_misc":{"Price":"1 299,00&nbsp;&#107;&#114;","Availability":"Out of stock"},"schema":{"@context":"https:\/\/schema.org","@graph":[{"@type":"WebPage","@id":"https:\/\/babylove.se\/no\/produkt\/sebra-scooter-gra\/","url":"https:\/\/babylove.se\/no\/produkt\/sebra-scooter-gra\/","name":"K\u00f6p Sebra scooter, Gr\u00e5 | Fri frakt | Babylove.se","isPartOf":{"@id":"https:\/\/babylove.se\/no\/#website"},"primaryImageOfPage":{"@id":"https:\/\/babylove.se\/no\/produkt\/sebra-scooter-gra\/#primaryimage"},"image":{"@id":"https:\/\/babylove.se\/no\/produkt\/sebra-scooter-gra\/#primaryimage"},"thumbnailUrl":"https:\/\/babylove.se\/no\/wp-content\/uploads\/sites\/3\/2025\/07\/5a7988441b1be.jpeg","datePublished":"2025-07-18T19:31:32+00:00","dateModified":"2026-04-08T07:21:05+00:00","description":"En mycket vacker och stilren scooter fr\u00e5n danska Sebra. En mycket popul\u00e4r produkt som passar till alla, och barnet kommer att \u00e4lska att sparka runt p\u00e5 den.","breadcrumb":{"@id":"https:\/\/babylove.se\/no\/produkt\/sebra-scooter-gra\/#breadcrumb"},"inLanguage":"nb-NO","potentialAction":[{"@type":"ReadAction","target":["https:\/\/babylove.se\/no\/produkt\/sebra-scooter-gra\/"]}]},{"@type":"ImageObject","inLanguage":"nb-NO","@id":"https:\/\/babylove.se\/no\/produkt\/sebra-scooter-gra\/#primaryimage","url":"https:\/\/babylove.se\/no\/wp-content\/uploads\/sites\/3\/2025\/07\/5a7988441b1be.jpeg","contentUrl":"https:\/\/babylove.se\/no\/wp-content\/uploads\/sites\/3\/2025\/07\/5a7988441b1be.jpeg","width":750,"height":750},{"@type":"BreadcrumbList","@id":"https:\/\/babylove.se\/no\/produkt\/sebra-scooter-gra\/#breadcrumb","itemListElement":[{"@type":"ListItem","position":1,"name":"Hem","item":"https:\/\/babylove.se\/no\/"},{"@type":"ListItem","position":2,"name":"Butik","item":"https:\/\/babylove.se\/no\/butik\/"},{"@type":"ListItem","position":3,"name":"Sebra, trehjuling scooter gr\u00e5"}]},{"@type":"WebSite","@id":"https:\/\/babylove.se\/no\/#website","url":"https:\/\/babylove.se\/no\/","name":"Babylove Norska","description":"","potentialAction":[{"@type":"SearchAction","target":{"@type":"EntryPoint","urlTemplate":"https:\/\/babylove.se\/no\/?s={search_term_string}"},"query-input":{"@type":"PropertyValueSpecification","valueRequired":true,"valueName":"search_term_string"}}],"inLanguage":"nb-NO"}]},"product_brand":"Sebra","product_price_amount":"1299.00","product_price_currency":"SEK","og_availability":"out of stock","product_availability":"out of stock","product_retailer_item_id":"1751","product_condition":"new"},"_links":{"self":[{"href":"https:\/\/babylove.se\/no\/wp-json\/wp\/v2\/product\/5740","targetHints":{"allow":["GET"]}}],"collection":[{"href":"https:\/\/babylove.se\/no\/wp-json\/wp\/v2\/product"}],"about":[{"href":"https:\/\/babylove.se\/no\/wp-json\/wp\/v2\/types\/product"}],"replies":[{"embeddable":true,"href":"https:\/\/babylove.se\/no\/wp-json\/wp\/v2\/comments?post=5740"}],"wp:featuredmedia":[{"embeddable":true,"href":"https:\/\/babylove.se\/no\/wp-json\/wp\/v2\/media\/5742"}],"wp:attachment":[{"href":"https:\/\/babylove.se\/no\/wp-json\/wp\/v2\/media?parent=5740"}],"wp:term":[{"taxonomy":"product_brand","embeddable":true,"href":"https:\/\/babylove.se\/no\/wp-json\/wp\/v2\/product_brand?post=5740"},{"taxonomy":"product_cat","embeddable":true,"href":"https:\/\/babylove.se\/no\/wp-json\/wp\/v2\/product_cat?post=5740"},{"taxonomy":"product_tag","embeddable":true,"href":"https:\/\/babylove.se\/no\/wp-json\/wp\/v2\/product_tag?post=5740"}],"curies":[{"name":"wp","href":"https:\/\/api.w.org\/{rel}","templated":true}]}}