{"id":57546,"date":"2025-07-19T15:00:30","date_gmt":"2025-07-19T14:00:30","guid":{"rendered":"https:\/\/babylove.se\/produkt\/flexa-lag-loftsang-med-trappa-90x200-cm-popsicle-cherry-oak\/"},"modified":"2026-04-08T14:02:32","modified_gmt":"2026-04-08T13:02:32","slug":"flexa-lav-loftsseng-med-trapp-90x200-cm-popsicle-cherry-oak","status":"publish","type":"product","link":"https:\/\/babylove.se\/no\/produkt\/flexa-lav-loftsseng-med-trapp-90x200-cm-popsicle-cherry-oak\/","title":{"rendered":"Flexa, lav loftsseng med trapp 90&#215;200 cm Popsicle, cherry oak"},"content":{"rendered":"<p>Fantastisk lav loftsseng med trapp i skandinavisk stil! <\/p>\n<p>En loftsseng frigj\u00f8r mye gulvplass, og passer perfekt hvis man har et litt mindre rom. <\/p>\n<p>Det malte treet skaper en luksuri\u00f8s f\u00f8lelse og et tidl\u00f8st design som passer i alle typer av barnerom, eller andre rom ogs\u00e5 for den saks skyld. <\/p>\n<p>Trappen har en unik innebygd oppbevaring. Perfekt til \u00e5 oppbevare leker eller senget\u00f8y. <\/p>\n<p><strong>M\u00e5l<\/strong>: <\/p>\n<ul>\n<li>Bunnm\u00e5l: 90 x 200 cm.<\/li>\n<li>M\u00e5l seng: H\u00f8yde: 120,7 cm. Lengde 255,7 cm. Bredde: 108 cm.<\/li>\n<\/ul>\n<p><strong>Info<\/strong>: <\/p>\n<ul>\n<li>Anbefalt alder: 8 \u00e5r og oppover.<\/li>\n<li>Trappen kan plasseres p\u00e5 \u00f8nsket side.<\/li>\n<li>Ribbbunn er inkludert.<\/li>\n<li>Madrass er ikke inkludert. Vi anbefaler en skummadrass med tykkelse p\u00e5 ca 10-12 cm.<\/li>\n<\/ul>\n<p><strong>Materiale<\/strong>: Massiv eik, furu med HDF, massiv b\u00f8k og bj\u00f8rkefiner. <\/p>\n<p>Designer: <a href=\"https:\/\/babylove.se\/varumarken\/flexa\">Flexa<\/a> <\/p>\n<p><em><em><em><em><em>Obs! Sengen leveres umontert og b\u00f8r settes sammen i rommet den skal brukes i.<\/em><\/em><\/em><\/em><\/em><\/p>\n","protected":false},"excerpt":{"rendered":"<p>Fantastisk lav loftsseng med trapp i skandinavisk stil! En loftsseng frigj\u00f8r mye gulvplass, og passer perfekt hvis man har et litt mindre rom. Det malte treet skaper en luksuri\u00f8s f\u00f8lelse og et tidl\u00f8st design som passer i alle typer av barnerom, eller andre rom ogs\u00e5 for den saks skyld. Trappen har en unik innebygd oppbevaring. [&hellip;]<\/p>\n","protected":false},"featured_media":57548,"comment_status":"closed","ping_status":"closed","template":"","meta":{"_acf_changed":false},"product_brand":[1611],"product_cat":[1612,385,40],"product_tag":[1689],"class_list":{"0":"post-57546","1":"product","2":"type-product","3":"status-publish","4":"has-post-thumbnail","6":"product_brand-flexa","7":"product_cat-flexa","8":"product_cat-koyesenger-loftsenger","9":"product_cat-soverom-barn","10":"product_tag-bestillingsvaror","12":"first","13":"outofstock","14":"taxable","15":"shipping-taxable","16":"purchasable","17":"product-type-simple"},"acf":[],"yoast_head":"<!-- This site is optimized with the Yoast SEO Premium plugin v25.8 (Yoast SEO v27.2) - https:\/\/yoast.com\/product\/yoast-seo-premium-wordpress\/ -->\n<title>Flexa, lav loftsseng med trapp 90x200 cm Popsicle, cherry oak - Babylove Norska<\/title>\n<meta name=\"robots\" content=\"noindex, follow, max-snippet:-1, max-image-preview:large, max-video-preview:-1\" \/>\n<meta property=\"og:locale\" content=\"nb_NO\" \/>\n<meta property=\"og:type\" content=\"article\" \/>\n<meta property=\"og:title\" content=\"Flexa, lav loftsseng med trapp 90x200 cm Popsicle, cherry oak\" \/>\n<meta property=\"og:description\" content=\"Fantastisk lav loftsseng med trapp i skandinavisk stil! En loftsseng frigj\u00f8r mye gulvplass, og passer perfekt hvis man har et litt mindre rom. Det malte treet skaper en luksuri\u00f8s f\u00f8lelse og et tidl\u00f8st design som passer i alle typer av barnerom, eller andre rom ogs\u00e5 for den saks skyld. Trappen har en unik innebygd oppbevaring. [&hellip;]\" \/>\n<meta property=\"og:url\" content=\"https:\/\/babylove.se\/no\/produkt\/flexa-lav-loftsseng-med-trapp-90x200-cm-popsicle-cherry-oak\/\" \/>\n<meta property=\"og:site_name\" content=\"Babylove Norska\" \/>\n<meta property=\"article:modified_time\" content=\"2026-04-08T13:02:32+00:00\" \/>\n<meta property=\"og:image\" content=\"https:\/\/babylove.se\/no\/wp-content\/uploads\/sites\/3\/2025\/07\/65b0c48150d67.jpeg\" \/>\n\t<meta property=\"og:image:width\" content=\"1440\" \/>\n\t<meta property=\"og:image:height\" content=\"1440\" \/>\n\t<meta property=\"og:image:type\" content=\"image\/jpeg\" \/>\n<meta name=\"twitter:card\" content=\"summary_large_image\" \/>\n<meta name=\"twitter:label1\" content=\"Price\" \/>\n\t<meta name=\"twitter:data1\" content=\"19 799,00&nbsp;&#107;&#114;\" \/>\n\t<meta name=\"twitter:label2\" content=\"Availability\" \/>\n\t<meta name=\"twitter:data2\" content=\"Out of stock\" \/>\n<script type=\"application\/ld+json\" class=\"yoast-schema-graph\">{\"@context\":\"https:\/\/schema.org\",\"@graph\":[{\"@type\":\"WebPage\",\"@id\":\"https:\/\/babylove.se\/no\/produkt\/flexa-lav-loftsseng-med-trapp-90x200-cm-popsicle-cherry-oak\/\",\"url\":\"https:\/\/babylove.se\/no\/produkt\/flexa-lav-loftsseng-med-trapp-90x200-cm-popsicle-cherry-oak\/\",\"name\":\"Flexa, lav loftsseng med trapp 90x200 cm Popsicle, cherry oak - Babylove Norska\",\"isPartOf\":{\"@id\":\"https:\/\/babylove.se\/no\/#website\"},\"primaryImageOfPage\":{\"@id\":\"https:\/\/babylove.se\/no\/produkt\/flexa-lav-loftsseng-med-trapp-90x200-cm-popsicle-cherry-oak\/#primaryimage\"},\"image\":{\"@id\":\"https:\/\/babylove.se\/no\/produkt\/flexa-lav-loftsseng-med-trapp-90x200-cm-popsicle-cherry-oak\/#primaryimage\"},\"thumbnailUrl\":\"https:\/\/babylove.se\/no\/wp-content\/uploads\/sites\/3\/2025\/07\/65b0c48150d67.jpeg\",\"datePublished\":\"2025-07-19T14:00:30+00:00\",\"dateModified\":\"2026-04-08T13:02:32+00:00\",\"breadcrumb\":{\"@id\":\"https:\/\/babylove.se\/no\/produkt\/flexa-lav-loftsseng-med-trapp-90x200-cm-popsicle-cherry-oak\/#breadcrumb\"},\"inLanguage\":\"nb-NO\",\"potentialAction\":[{\"@type\":\"ReadAction\",\"target\":[\"https:\/\/babylove.se\/no\/produkt\/flexa-lav-loftsseng-med-trapp-90x200-cm-popsicle-cherry-oak\/\"]}]},{\"@type\":\"ImageObject\",\"inLanguage\":\"nb-NO\",\"@id\":\"https:\/\/babylove.se\/no\/produkt\/flexa-lav-loftsseng-med-trapp-90x200-cm-popsicle-cherry-oak\/#primaryimage\",\"url\":\"https:\/\/babylove.se\/no\/wp-content\/uploads\/sites\/3\/2025\/07\/65b0c48150d67.jpeg\",\"contentUrl\":\"https:\/\/babylove.se\/no\/wp-content\/uploads\/sites\/3\/2025\/07\/65b0c48150d67.jpeg\",\"width\":1440,\"height\":1440},{\"@type\":\"BreadcrumbList\",\"@id\":\"https:\/\/babylove.se\/no\/produkt\/flexa-lav-loftsseng-med-trapp-90x200-cm-popsicle-cherry-oak\/#breadcrumb\",\"itemListElement\":[{\"@type\":\"ListItem\",\"position\":1,\"name\":\"Hem\",\"item\":\"https:\/\/babylove.se\/no\/\"},{\"@type\":\"ListItem\",\"position\":2,\"name\":\"Butik\",\"item\":\"https:\/\/babylove.se\/no\/butik\/\"},{\"@type\":\"ListItem\",\"position\":3,\"name\":\"Flexa, lav loftsseng med trapp 90&#215;200 cm Popsicle, cherry oak\"}]},{\"@type\":\"WebSite\",\"@id\":\"https:\/\/babylove.se\/no\/#website\",\"url\":\"https:\/\/babylove.se\/no\/\",\"name\":\"Babylove Norska\",\"description\":\"\",\"potentialAction\":[{\"@type\":\"SearchAction\",\"target\":{\"@type\":\"EntryPoint\",\"urlTemplate\":\"https:\/\/babylove.se\/no\/?s={search_term_string}\"},\"query-input\":{\"@type\":\"PropertyValueSpecification\",\"valueRequired\":true,\"valueName\":\"search_term_string\"}}],\"inLanguage\":\"nb-NO\"}]}<\/script>\n<meta property=\"product:brand\" content=\"Flexa\" \/>\n<meta property=\"product:price:amount\" content=\"19799.00\" \/>\n<meta property=\"product:price:currency\" content=\"SEK\" \/>\n<meta property=\"og:availability\" content=\"out of stock\" \/>\n<meta property=\"product:availability\" content=\"out of stock\" \/>\n<meta property=\"product:retailer_item_id\" content=\"90-10765-33\" \/>\n<meta property=\"product:condition\" content=\"new\" \/>\n<!-- \/ Yoast SEO Premium plugin. -->","yoast_head_json":{"title":"Flexa, lav loftsseng med trapp 90x200 cm Popsicle, cherry oak - Babylove Norska","robots":{"index":"noindex","follow":"follow","max-snippet":"max-snippet:-1","max-image-preview":"max-image-preview:large","max-video-preview":"max-video-preview:-1"},"og_locale":"nb_NO","og_type":"article","og_title":"Flexa, lav loftsseng med trapp 90x200 cm Popsicle, cherry oak","og_description":"Fantastisk lav loftsseng med trapp i skandinavisk stil! En loftsseng frigj\u00f8r mye gulvplass, og passer perfekt hvis man har et litt mindre rom. Det malte treet skaper en luksuri\u00f8s f\u00f8lelse og et tidl\u00f8st design som passer i alle typer av barnerom, eller andre rom ogs\u00e5 for den saks skyld. Trappen har en unik innebygd oppbevaring. [&hellip;]","og_url":"https:\/\/babylove.se\/no\/produkt\/flexa-lav-loftsseng-med-trapp-90x200-cm-popsicle-cherry-oak\/","og_site_name":"Babylove Norska","article_modified_time":"2026-04-08T13:02:32+00:00","og_image":[{"width":1440,"height":1440,"url":"https:\/\/babylove.se\/no\/wp-content\/uploads\/sites\/3\/2025\/07\/65b0c48150d67.jpeg","type":"image\/jpeg"}],"twitter_card":"summary_large_image","twitter_misc":{"Price":"19 799,00&nbsp;&#107;&#114;","Availability":"Out of stock"},"schema":{"@context":"https:\/\/schema.org","@graph":[{"@type":"WebPage","@id":"https:\/\/babylove.se\/no\/produkt\/flexa-lav-loftsseng-med-trapp-90x200-cm-popsicle-cherry-oak\/","url":"https:\/\/babylove.se\/no\/produkt\/flexa-lav-loftsseng-med-trapp-90x200-cm-popsicle-cherry-oak\/","name":"Flexa, lav loftsseng med trapp 90x200 cm Popsicle, cherry oak - Babylove Norska","isPartOf":{"@id":"https:\/\/babylove.se\/no\/#website"},"primaryImageOfPage":{"@id":"https:\/\/babylove.se\/no\/produkt\/flexa-lav-loftsseng-med-trapp-90x200-cm-popsicle-cherry-oak\/#primaryimage"},"image":{"@id":"https:\/\/babylove.se\/no\/produkt\/flexa-lav-loftsseng-med-trapp-90x200-cm-popsicle-cherry-oak\/#primaryimage"},"thumbnailUrl":"https:\/\/babylove.se\/no\/wp-content\/uploads\/sites\/3\/2025\/07\/65b0c48150d67.jpeg","datePublished":"2025-07-19T14:00:30+00:00","dateModified":"2026-04-08T13:02:32+00:00","breadcrumb":{"@id":"https:\/\/babylove.se\/no\/produkt\/flexa-lav-loftsseng-med-trapp-90x200-cm-popsicle-cherry-oak\/#breadcrumb"},"inLanguage":"nb-NO","potentialAction":[{"@type":"ReadAction","target":["https:\/\/babylove.se\/no\/produkt\/flexa-lav-loftsseng-med-trapp-90x200-cm-popsicle-cherry-oak\/"]}]},{"@type":"ImageObject","inLanguage":"nb-NO","@id":"https:\/\/babylove.se\/no\/produkt\/flexa-lav-loftsseng-med-trapp-90x200-cm-popsicle-cherry-oak\/#primaryimage","url":"https:\/\/babylove.se\/no\/wp-content\/uploads\/sites\/3\/2025\/07\/65b0c48150d67.jpeg","contentUrl":"https:\/\/babylove.se\/no\/wp-content\/uploads\/sites\/3\/2025\/07\/65b0c48150d67.jpeg","width":1440,"height":1440},{"@type":"BreadcrumbList","@id":"https:\/\/babylove.se\/no\/produkt\/flexa-lav-loftsseng-med-trapp-90x200-cm-popsicle-cherry-oak\/#breadcrumb","itemListElement":[{"@type":"ListItem","position":1,"name":"Hem","item":"https:\/\/babylove.se\/no\/"},{"@type":"ListItem","position":2,"name":"Butik","item":"https:\/\/babylove.se\/no\/butik\/"},{"@type":"ListItem","position":3,"name":"Flexa, lav loftsseng med trapp 90&#215;200 cm Popsicle, cherry oak"}]},{"@type":"WebSite","@id":"https:\/\/babylove.se\/no\/#website","url":"https:\/\/babylove.se\/no\/","name":"Babylove Norska","description":"","potentialAction":[{"@type":"SearchAction","target":{"@type":"EntryPoint","urlTemplate":"https:\/\/babylove.se\/no\/?s={search_term_string}"},"query-input":{"@type":"PropertyValueSpecification","valueRequired":true,"valueName":"search_term_string"}}],"inLanguage":"nb-NO"}]},"product_brand":"Flexa","product_price_amount":"19799.00","product_price_currency":"SEK","og_availability":"out of stock","product_availability":"out of stock","product_retailer_item_id":"90-10765-33","product_condition":"new"},"_links":{"self":[{"href":"https:\/\/babylove.se\/no\/wp-json\/wp\/v2\/product\/57546","targetHints":{"allow":["GET"]}}],"collection":[{"href":"https:\/\/babylove.se\/no\/wp-json\/wp\/v2\/product"}],"about":[{"href":"https:\/\/babylove.se\/no\/wp-json\/wp\/v2\/types\/product"}],"replies":[{"embeddable":true,"href":"https:\/\/babylove.se\/no\/wp-json\/wp\/v2\/comments?post=57546"}],"wp:featuredmedia":[{"embeddable":true,"href":"https:\/\/babylove.se\/no\/wp-json\/wp\/v2\/media\/57548"}],"wp:attachment":[{"href":"https:\/\/babylove.se\/no\/wp-json\/wp\/v2\/media?parent=57546"}],"wp:term":[{"taxonomy":"product_brand","embeddable":true,"href":"https:\/\/babylove.se\/no\/wp-json\/wp\/v2\/product_brand?post=57546"},{"taxonomy":"product_cat","embeddable":true,"href":"https:\/\/babylove.se\/no\/wp-json\/wp\/v2\/product_cat?post=57546"},{"taxonomy":"product_tag","embeddable":true,"href":"https:\/\/babylove.se\/no\/wp-json\/wp\/v2\/product_tag?post=57546"}],"curies":[{"name":"wp","href":"https:\/\/api.w.org\/{rel}","templated":true}]}}