{"id":5755,"date":"2025-07-18T20:31:32","date_gmt":"2025-07-18T19:31:32","guid":{"rendered":"https:\/\/babylove.se\/produkt\/ljusslinga-2b-cute-cottonlove\/"},"modified":"2026-04-08T08:21:10","modified_gmt":"2026-04-08T07:21:10","slug":"lysslynge-2b-cute-cottonlove","status":"publish","type":"product","link":"https:\/\/babylove.se\/no\/produkt\/lysslynge-2b-cute-cottonlove\/","title":{"rendered":"Lysslynge 2B Cute, Cottonlove"},"content":{"rendered":"<p>En meget vakker lysslynge p\u00e5 totalt 20 eller 35 baller. Den perfekte belysningen for ditt barneroms innredning. <\/p>\n<p>Lampene gir et behagelig og stemningsfullt lys og har flere bruksomr\u00e5der, alt fra nattlampe til dekorasjon ved fest. Du kan for eksempel legge lysslyngen rundt et speil, eller i en stor glassvase og du har enkelt skapt deg noe unikt. Bare fantasien setter grenser og du har masse muligheter med disse lysballer n\u00e5r det kommer til \u00e5 innrede barnerommet. Denne lysslyngen best\u00e5r av totalt 20 eller 35 baller som finnes i utallige fargekombinasjoner og nyanser samt LED-lamper.<\/p>\n<p><strong>Info:<\/strong><\/p>\n<ul type=\"disc\">\n<li>Sett med 20 baller: 416 cm total, og 150 cm fra kontakten frem til f\u00f8rste lampen.<\/li>\n<li>Sett med 35 baller: 476 cm total og 150 cm fra kontakten frem til f\u00f8rste lampen.<\/li>\n<li>14 cm mellom hver lampe.<\/li>\n<li>LED-lampene kan skiftes ut ved behov.<\/li>\n<li>CE-godkjent.<\/li>\n<\/ul>\n<p><strong>Hver ball<\/strong>: \u00d8 6-7 cm <\/p>\n<p>Designer: <a href=\"https:\/\/babylove.se\/varumarken\/cottonlove\"><u>Cottonlove<\/u><\/a><\/p>\n","protected":false},"excerpt":{"rendered":"<p>En meget vakker lysslynge p\u00e5 totalt 20 eller 35 baller. Den perfekte belysningen for ditt barneroms innredning. Lampene gir et behagelig og stemningsfullt lys og har flere bruksomr\u00e5der, alt fra nattlampe til dekorasjon ved fest. Du kan for eksempel legge lysslyngen rundt et speil, eller i en stor glassvase og du har enkelt skapt deg [&hellip;]<\/p>\n","protected":false},"featured_media":5757,"comment_status":"closed","ping_status":"open","template":"","meta":{"_acf_changed":false},"product_brand":[164],"product_cat":[165,166,26,31,48],"product_tag":[],"class_list":{"0":"post-5755","1":"product","2":"type-product","3":"status-publish","4":"has-post-thumbnail","6":"product_brand-cottonlove","7":"product_cat-cottonlove","8":"product_cat-lyskuler","9":"product_cat-kjop-produkter-som-ikke-bare-er-for-gutter","10":"product_cat-lamper","11":"product_cat-startside","12":"pa_storlek-20-ljusbollar","13":"pa_storlek-35-ljusbollar","15":"first","16":"outofstock","17":"taxable","18":"shipping-taxable","19":"purchasable","20":"product-type-variable"},"acf":[],"yoast_head":"<!-- This site is optimized with the Yoast SEO Premium plugin v25.8 (Yoast SEO v27.2) - https:\/\/yoast.com\/product\/yoast-seo-premium-wordpress\/ -->\n<title>Lysslynge 2B Cute, Cottonlove - Babylove Norska<\/title>\n<meta name=\"robots\" content=\"noindex, follow, max-snippet:-1, max-image-preview:large, max-video-preview:-1\" \/>\n<meta property=\"og:locale\" content=\"nb_NO\" \/>\n<meta property=\"og:type\" content=\"article\" \/>\n<meta property=\"og:title\" content=\"Lysslynge 2B Cute, Cottonlove\" \/>\n<meta property=\"og:description\" content=\"En meget vakker lysslynge p\u00e5 totalt 20 eller 35 baller. Den perfekte belysningen for ditt barneroms innredning. Lampene gir et behagelig og stemningsfullt lys og har flere bruksomr\u00e5der, alt fra nattlampe til dekorasjon ved fest. Du kan for eksempel legge lysslyngen rundt et speil, eller i en stor glassvase og du har enkelt skapt deg [&hellip;]\" \/>\n<meta property=\"og:url\" content=\"https:\/\/babylove.se\/no\/produkt\/lysslynge-2b-cute-cottonlove\/\" \/>\n<meta property=\"og:site_name\" content=\"Babylove Norska\" \/>\n<meta property=\"article:modified_time\" content=\"2026-04-08T07:21:10+00:00\" \/>\n<meta property=\"og:image\" content=\"https:\/\/babylove.se\/no\/wp-content\/uploads\/sites\/3\/2025\/07\/5dd5239207340.jpeg\" \/>\n\t<meta property=\"og:image:width\" content=\"750\" \/>\n\t<meta property=\"og:image:height\" content=\"500\" \/>\n\t<meta property=\"og:image:type\" content=\"image\/jpeg\" \/>\n<meta name=\"twitter:card\" content=\"summary_large_image\" \/>\n<meta name=\"twitter:label1\" content=\"Availability\" \/>\n\t<meta name=\"twitter:data1\" content=\"Out of stock\" \/>\n<script type=\"application\/ld+json\" class=\"yoast-schema-graph\">{\"@context\":\"https:\/\/schema.org\",\"@graph\":[{\"@type\":\"WebPage\",\"@id\":\"https:\/\/babylove.se\/no\/produkt\/lysslynge-2b-cute-cottonlove\/\",\"url\":\"https:\/\/babylove.se\/no\/produkt\/lysslynge-2b-cute-cottonlove\/\",\"name\":\"Lysslynge 2B Cute, Cottonlove - Babylove Norska\",\"isPartOf\":{\"@id\":\"https:\/\/babylove.se\/no\/#website\"},\"primaryImageOfPage\":{\"@id\":\"https:\/\/babylove.se\/no\/produkt\/lysslynge-2b-cute-cottonlove\/#primaryimage\"},\"image\":{\"@id\":\"https:\/\/babylove.se\/no\/produkt\/lysslynge-2b-cute-cottonlove\/#primaryimage\"},\"thumbnailUrl\":\"https:\/\/babylove.se\/no\/wp-content\/uploads\/sites\/3\/2025\/07\/5dd5239207340.jpeg\",\"datePublished\":\"2025-07-18T19:31:32+00:00\",\"dateModified\":\"2026-04-08T07:21:10+00:00\",\"breadcrumb\":{\"@id\":\"https:\/\/babylove.se\/no\/produkt\/lysslynge-2b-cute-cottonlove\/#breadcrumb\"},\"inLanguage\":\"nb-NO\",\"potentialAction\":[{\"@type\":\"ReadAction\",\"target\":[\"https:\/\/babylove.se\/no\/produkt\/lysslynge-2b-cute-cottonlove\/\"]}]},{\"@type\":\"ImageObject\",\"inLanguage\":\"nb-NO\",\"@id\":\"https:\/\/babylove.se\/no\/produkt\/lysslynge-2b-cute-cottonlove\/#primaryimage\",\"url\":\"https:\/\/babylove.se\/no\/wp-content\/uploads\/sites\/3\/2025\/07\/5dd5239207340.jpeg\",\"contentUrl\":\"https:\/\/babylove.se\/no\/wp-content\/uploads\/sites\/3\/2025\/07\/5dd5239207340.jpeg\",\"width\":750,\"height\":500},{\"@type\":\"BreadcrumbList\",\"@id\":\"https:\/\/babylove.se\/no\/produkt\/lysslynge-2b-cute-cottonlove\/#breadcrumb\",\"itemListElement\":[{\"@type\":\"ListItem\",\"position\":1,\"name\":\"Hem\",\"item\":\"https:\/\/babylove.se\/no\/\"},{\"@type\":\"ListItem\",\"position\":2,\"name\":\"Butik\",\"item\":\"https:\/\/babylove.se\/no\/butik\/\"},{\"@type\":\"ListItem\",\"position\":3,\"name\":\"Lysslynge 2B Cute, Cottonlove\"}]},{\"@type\":\"WebSite\",\"@id\":\"https:\/\/babylove.se\/no\/#website\",\"url\":\"https:\/\/babylove.se\/no\/\",\"name\":\"Babylove Norska\",\"description\":\"\",\"potentialAction\":[{\"@type\":\"SearchAction\",\"target\":{\"@type\":\"EntryPoint\",\"urlTemplate\":\"https:\/\/babylove.se\/no\/?s={search_term_string}\"},\"query-input\":{\"@type\":\"PropertyValueSpecification\",\"valueRequired\":true,\"valueName\":\"search_term_string\"}}],\"inLanguage\":\"nb-NO\"}]}<\/script>\n<meta property=\"product:brand\" content=\"Cottonlove\" \/>\n<meta property=\"og:availability\" content=\"out of stock\" \/>\n<meta property=\"product:availability\" content=\"out of stock\" \/>\n<meta property=\"product:retailer_item_id\" content=\"COT00020968\" \/>\n<meta property=\"product:condition\" content=\"new\" \/>\n<!-- \/ Yoast SEO Premium plugin. -->","yoast_head_json":{"title":"Lysslynge 2B Cute, Cottonlove - Babylove Norska","robots":{"index":"noindex","follow":"follow","max-snippet":"max-snippet:-1","max-image-preview":"max-image-preview:large","max-video-preview":"max-video-preview:-1"},"og_locale":"nb_NO","og_type":"article","og_title":"Lysslynge 2B Cute, Cottonlove","og_description":"En meget vakker lysslynge p\u00e5 totalt 20 eller 35 baller. Den perfekte belysningen for ditt barneroms innredning. Lampene gir et behagelig og stemningsfullt lys og har flere bruksomr\u00e5der, alt fra nattlampe til dekorasjon ved fest. Du kan for eksempel legge lysslyngen rundt et speil, eller i en stor glassvase og du har enkelt skapt deg [&hellip;]","og_url":"https:\/\/babylove.se\/no\/produkt\/lysslynge-2b-cute-cottonlove\/","og_site_name":"Babylove Norska","article_modified_time":"2026-04-08T07:21:10+00:00","og_image":[{"width":750,"height":500,"url":"https:\/\/babylove.se\/no\/wp-content\/uploads\/sites\/3\/2025\/07\/5dd5239207340.jpeg","type":"image\/jpeg"}],"twitter_card":"summary_large_image","twitter_misc":{"Availability":"Out of stock"},"schema":{"@context":"https:\/\/schema.org","@graph":[{"@type":"WebPage","@id":"https:\/\/babylove.se\/no\/produkt\/lysslynge-2b-cute-cottonlove\/","url":"https:\/\/babylove.se\/no\/produkt\/lysslynge-2b-cute-cottonlove\/","name":"Lysslynge 2B Cute, Cottonlove - Babylove Norska","isPartOf":{"@id":"https:\/\/babylove.se\/no\/#website"},"primaryImageOfPage":{"@id":"https:\/\/babylove.se\/no\/produkt\/lysslynge-2b-cute-cottonlove\/#primaryimage"},"image":{"@id":"https:\/\/babylove.se\/no\/produkt\/lysslynge-2b-cute-cottonlove\/#primaryimage"},"thumbnailUrl":"https:\/\/babylove.se\/no\/wp-content\/uploads\/sites\/3\/2025\/07\/5dd5239207340.jpeg","datePublished":"2025-07-18T19:31:32+00:00","dateModified":"2026-04-08T07:21:10+00:00","breadcrumb":{"@id":"https:\/\/babylove.se\/no\/produkt\/lysslynge-2b-cute-cottonlove\/#breadcrumb"},"inLanguage":"nb-NO","potentialAction":[{"@type":"ReadAction","target":["https:\/\/babylove.se\/no\/produkt\/lysslynge-2b-cute-cottonlove\/"]}]},{"@type":"ImageObject","inLanguage":"nb-NO","@id":"https:\/\/babylove.se\/no\/produkt\/lysslynge-2b-cute-cottonlove\/#primaryimage","url":"https:\/\/babylove.se\/no\/wp-content\/uploads\/sites\/3\/2025\/07\/5dd5239207340.jpeg","contentUrl":"https:\/\/babylove.se\/no\/wp-content\/uploads\/sites\/3\/2025\/07\/5dd5239207340.jpeg","width":750,"height":500},{"@type":"BreadcrumbList","@id":"https:\/\/babylove.se\/no\/produkt\/lysslynge-2b-cute-cottonlove\/#breadcrumb","itemListElement":[{"@type":"ListItem","position":1,"name":"Hem","item":"https:\/\/babylove.se\/no\/"},{"@type":"ListItem","position":2,"name":"Butik","item":"https:\/\/babylove.se\/no\/butik\/"},{"@type":"ListItem","position":3,"name":"Lysslynge 2B Cute, Cottonlove"}]},{"@type":"WebSite","@id":"https:\/\/babylove.se\/no\/#website","url":"https:\/\/babylove.se\/no\/","name":"Babylove Norska","description":"","potentialAction":[{"@type":"SearchAction","target":{"@type":"EntryPoint","urlTemplate":"https:\/\/babylove.se\/no\/?s={search_term_string}"},"query-input":{"@type":"PropertyValueSpecification","valueRequired":true,"valueName":"search_term_string"}}],"inLanguage":"nb-NO"}]},"product_brand":"Cottonlove","og_availability":"out of stock","product_availability":"out of stock","product_retailer_item_id":"COT00020968","product_condition":"new"},"_links":{"self":[{"href":"https:\/\/babylove.se\/no\/wp-json\/wp\/v2\/product\/5755","targetHints":{"allow":["GET"]}}],"collection":[{"href":"https:\/\/babylove.se\/no\/wp-json\/wp\/v2\/product"}],"about":[{"href":"https:\/\/babylove.se\/no\/wp-json\/wp\/v2\/types\/product"}],"replies":[{"embeddable":true,"href":"https:\/\/babylove.se\/no\/wp-json\/wp\/v2\/comments?post=5755"}],"wp:featuredmedia":[{"embeddable":true,"href":"https:\/\/babylove.se\/no\/wp-json\/wp\/v2\/media\/5757"}],"wp:attachment":[{"href":"https:\/\/babylove.se\/no\/wp-json\/wp\/v2\/media?parent=5755"}],"wp:term":[{"taxonomy":"product_brand","embeddable":true,"href":"https:\/\/babylove.se\/no\/wp-json\/wp\/v2\/product_brand?post=5755"},{"taxonomy":"product_cat","embeddable":true,"href":"https:\/\/babylove.se\/no\/wp-json\/wp\/v2\/product_cat?post=5755"},{"taxonomy":"product_tag","embeddable":true,"href":"https:\/\/babylove.se\/no\/wp-json\/wp\/v2\/product_tag?post=5755"}],"curies":[{"name":"wp","href":"https:\/\/api.w.org\/{rel}","templated":true}]}}