{"id":57605,"date":"2025-07-19T15:01:42","date_gmt":"2025-07-19T14:01:42","guid":{"rendered":"https:\/\/babylove.se\/produkt\/flexa-lag-loftsang-90x200-cm-nor-vitek\/"},"modified":"2026-04-08T14:02:47","modified_gmt":"2026-04-08T13:02:47","slug":"flexa-lag-loftsang-90x200-cm-nor-vitek","status":"publish","type":"product","link":"https:\/\/babylove.se\/no\/produkt\/flexa-lag-loftsang-90x200-cm-nor-vitek\/","title":{"rendered":"Flexa, lav loftsseng 90&#215;200 cm Nor, hvit\/eik"},"content":{"rendered":"<p>Fantastisk lav hvit loftseng i skandinavisk stil! \\n \\nEn loftseng frigj\u00f8r mye gulvplass, og passer perfekt hvis man har et litt mindre rom. \\n \\nDet malte treet skaper en luksuri\u00f8s f\u00f8lelse og et tidl\u00f8st design som passer i alle typer barnerom, eller andre rom ogs\u00e5 for den saks skyld. \\n \\nKan f\u00e5s med enten rett eller skr\u00e5 stige avhengig av hva som passer din innredning best. \\n \\n<strong>Tilvalg<\/strong>: \\n<\/p>\n<ul> \\n \\t<\/p>\n<li>Stige: velg mellom rett eller skr\u00e5.<\/li>\n<p> \\n<\/ul>\n<p> \\n<strong>M\u00e5l<\/strong>: \\n<\/p>\n<ul> \\n \\t<\/p>\n<li>Sengem\u00e5l: 90 x 200 cm.<\/li>\n<p> \\n \\t<\/p>\n<li>M\u00e5l seng: H\u00f8yde: 120 cm. Lengde 208 cm. Bredde: 108,3\/150,3 cm.<\/li>\n<p> \\n<\/ul>\n<p> \\n<strong>Info<\/strong>: \\n<\/p>\n<ul> \\n \\t<\/p>\n<li>Anbefalt alder: 6 \u00e5r og oppover.<\/li>\n<p> \\n \\t<\/p>\n<li>Stigen kan plasseres p\u00e5 valgfri side.<\/li>\n<p> \\n \\t<\/p>\n<li>Ribbebunn inng\u00e5r.<\/li>\n<p> \\n \\t<\/p>\n<li>Madrass inng\u00e5r ikke. Vi anbefaler en skummadrass med tykkelse p\u00e5 ca 10-12 cm.<\/li>\n<p> \\n<\/ul>\n<p> \\n<strong>Materiale<\/strong>: Eik, MDF og bj\u00f8rkeplywood. \\n \\nDesigner: <a href=\"https:\/\/babylove.se\/varumarken\/flexa\">Flexa<\/a> \\n \\n<em><em><em><em><em>Obs! Sengen leveres umontert og b\u00f8r settes sammen i rommet den skal brukes i.<\/em><\/em><\/em><\/em><\/em><\/p>\n","protected":false},"excerpt":{"rendered":"<p>Fantastisk lav hvit loftseng i skandinavisk stil! \\n \\nEn loftseng frigj\u00f8r mye gulvplass, og passer perfekt hvis man har et litt mindre rom. \\n \\nDet malte treet skaper en luksuri\u00f8s f\u00f8lelse og et tidl\u00f8st design som passer i alle typer barnerom, eller andre rom ogs\u00e5 for den saks skyld. \\n \\nKan f\u00e5s med enten rett [&hellip;]<\/p>\n","protected":false},"featured_media":57607,"comment_status":"closed","ping_status":"closed","template":"","meta":{"_acf_changed":false},"product_brand":[1611],"product_cat":[1612,385,40],"product_tag":[1689],"class_list":{"0":"post-57605","1":"product","2":"type-product","3":"status-publish","4":"has-post-thumbnail","6":"product_brand-flexa","7":"product_cat-flexa","8":"product_cat-koyesenger-loftsenger","9":"product_cat-soverom-barn","10":"product_tag-bestillingsvaror","11":"pa_stege-lutande","12":"pa_stege-rak","14":"first","15":"outofstock","16":"taxable","17":"shipping-taxable","18":"purchasable","19":"product-type-variable"},"acf":[],"yoast_head":"<!-- This site is optimized with the Yoast SEO Premium plugin v25.8 (Yoast SEO v27.2) - https:\/\/yoast.com\/product\/yoast-seo-premium-wordpress\/ -->\n<title>Flexa, lav loftsseng 90x200 cm Nor, hvit\/eik - Babylove Norska<\/title>\n<meta name=\"robots\" content=\"noindex, follow, max-snippet:-1, max-image-preview:large, max-video-preview:-1\" \/>\n<meta property=\"og:locale\" content=\"nb_NO\" \/>\n<meta property=\"og:type\" content=\"article\" \/>\n<meta property=\"og:title\" content=\"Flexa, lav loftsseng 90x200 cm Nor, hvit\/eik\" \/>\n<meta property=\"og:description\" content=\"Fantastisk lav hvit loftseng i skandinavisk stil! n nEn loftseng frigj\u00f8r mye gulvplass, og passer perfekt hvis man har et litt mindre rom. n nDet malte treet skaper en luksuri\u00f8s f\u00f8lelse og et tidl\u00f8st design som passer i alle typer barnerom, eller andre rom ogs\u00e5 for den saks skyld. n nKan f\u00e5s med enten rett [&hellip;]\" \/>\n<meta property=\"og:url\" content=\"https:\/\/babylove.se\/no\/produkt\/flexa-lag-loftsang-90x200-cm-nor-vitek\/\" \/>\n<meta property=\"og:site_name\" content=\"Babylove Norska\" \/>\n<meta property=\"article:modified_time\" content=\"2026-04-08T13:02:47+00:00\" \/>\n<meta property=\"og:image\" content=\"https:\/\/babylove.se\/no\/wp-content\/uploads\/sites\/3\/2025\/07\/65b0e5094af31.jpeg\" \/>\n\t<meta property=\"og:image:width\" content=\"1800\" \/>\n\t<meta property=\"og:image:height\" content=\"1350\" \/>\n\t<meta property=\"og:image:type\" content=\"image\/jpeg\" \/>\n<meta name=\"twitter:card\" content=\"summary_large_image\" \/>\n<meta name=\"twitter:label1\" content=\"Availability\" \/>\n\t<meta name=\"twitter:data1\" content=\"Out of stock\" \/>\n<script type=\"application\/ld+json\" class=\"yoast-schema-graph\">{\"@context\":\"https:\/\/schema.org\",\"@graph\":[{\"@type\":\"WebPage\",\"@id\":\"https:\/\/babylove.se\/no\/produkt\/flexa-lag-loftsang-90x200-cm-nor-vitek\/\",\"url\":\"https:\/\/babylove.se\/no\/produkt\/flexa-lag-loftsang-90x200-cm-nor-vitek\/\",\"name\":\"Flexa, lav loftsseng 90x200 cm Nor, hvit\/eik - Babylove Norska\",\"isPartOf\":{\"@id\":\"https:\/\/babylove.se\/no\/#website\"},\"primaryImageOfPage\":{\"@id\":\"https:\/\/babylove.se\/no\/produkt\/flexa-lag-loftsang-90x200-cm-nor-vitek\/#primaryimage\"},\"image\":{\"@id\":\"https:\/\/babylove.se\/no\/produkt\/flexa-lag-loftsang-90x200-cm-nor-vitek\/#primaryimage\"},\"thumbnailUrl\":\"https:\/\/babylove.se\/no\/wp-content\/uploads\/sites\/3\/2025\/07\/65b0e5094af31.jpeg\",\"datePublished\":\"2025-07-19T14:01:42+00:00\",\"dateModified\":\"2026-04-08T13:02:47+00:00\",\"breadcrumb\":{\"@id\":\"https:\/\/babylove.se\/no\/produkt\/flexa-lag-loftsang-90x200-cm-nor-vitek\/#breadcrumb\"},\"inLanguage\":\"nb-NO\",\"potentialAction\":[{\"@type\":\"ReadAction\",\"target\":[\"https:\/\/babylove.se\/no\/produkt\/flexa-lag-loftsang-90x200-cm-nor-vitek\/\"]}]},{\"@type\":\"ImageObject\",\"inLanguage\":\"nb-NO\",\"@id\":\"https:\/\/babylove.se\/no\/produkt\/flexa-lag-loftsang-90x200-cm-nor-vitek\/#primaryimage\",\"url\":\"https:\/\/babylove.se\/no\/wp-content\/uploads\/sites\/3\/2025\/07\/65b0e5094af31.jpeg\",\"contentUrl\":\"https:\/\/babylove.se\/no\/wp-content\/uploads\/sites\/3\/2025\/07\/65b0e5094af31.jpeg\",\"width\":1800,\"height\":1350},{\"@type\":\"BreadcrumbList\",\"@id\":\"https:\/\/babylove.se\/no\/produkt\/flexa-lag-loftsang-90x200-cm-nor-vitek\/#breadcrumb\",\"itemListElement\":[{\"@type\":\"ListItem\",\"position\":1,\"name\":\"Hem\",\"item\":\"https:\/\/babylove.se\/no\/\"},{\"@type\":\"ListItem\",\"position\":2,\"name\":\"Butik\",\"item\":\"https:\/\/babylove.se\/no\/butik\/\"},{\"@type\":\"ListItem\",\"position\":3,\"name\":\"Flexa, lav loftsseng 90&#215;200 cm Nor, hvit\/eik\"}]},{\"@type\":\"WebSite\",\"@id\":\"https:\/\/babylove.se\/no\/#website\",\"url\":\"https:\/\/babylove.se\/no\/\",\"name\":\"Babylove Norska\",\"description\":\"\",\"potentialAction\":[{\"@type\":\"SearchAction\",\"target\":{\"@type\":\"EntryPoint\",\"urlTemplate\":\"https:\/\/babylove.se\/no\/?s={search_term_string}\"},\"query-input\":{\"@type\":\"PropertyValueSpecification\",\"valueRequired\":true,\"valueName\":\"search_term_string\"}}],\"inLanguage\":\"nb-NO\"}]}<\/script>\n<meta property=\"product:brand\" content=\"Flexa\" \/>\n<meta property=\"og:availability\" content=\"out of stock\" \/>\n<meta property=\"product:availability\" content=\"out of stock\" \/>\n<meta property=\"product:retailer_item_id\" content=\"80-31302-95\" \/>\n<meta property=\"product:condition\" content=\"new\" \/>\n<!-- \/ Yoast SEO Premium plugin. -->","yoast_head_json":{"title":"Flexa, lav loftsseng 90x200 cm Nor, hvit\/eik - Babylove Norska","robots":{"index":"noindex","follow":"follow","max-snippet":"max-snippet:-1","max-image-preview":"max-image-preview:large","max-video-preview":"max-video-preview:-1"},"og_locale":"nb_NO","og_type":"article","og_title":"Flexa, lav loftsseng 90x200 cm Nor, hvit\/eik","og_description":"Fantastisk lav hvit loftseng i skandinavisk stil! n nEn loftseng frigj\u00f8r mye gulvplass, og passer perfekt hvis man har et litt mindre rom. n nDet malte treet skaper en luksuri\u00f8s f\u00f8lelse og et tidl\u00f8st design som passer i alle typer barnerom, eller andre rom ogs\u00e5 for den saks skyld. n nKan f\u00e5s med enten rett [&hellip;]","og_url":"https:\/\/babylove.se\/no\/produkt\/flexa-lag-loftsang-90x200-cm-nor-vitek\/","og_site_name":"Babylove Norska","article_modified_time":"2026-04-08T13:02:47+00:00","og_image":[{"width":1800,"height":1350,"url":"https:\/\/babylove.se\/no\/wp-content\/uploads\/sites\/3\/2025\/07\/65b0e5094af31.jpeg","type":"image\/jpeg"}],"twitter_card":"summary_large_image","twitter_misc":{"Availability":"Out of stock"},"schema":{"@context":"https:\/\/schema.org","@graph":[{"@type":"WebPage","@id":"https:\/\/babylove.se\/no\/produkt\/flexa-lag-loftsang-90x200-cm-nor-vitek\/","url":"https:\/\/babylove.se\/no\/produkt\/flexa-lag-loftsang-90x200-cm-nor-vitek\/","name":"Flexa, lav loftsseng 90x200 cm Nor, hvit\/eik - Babylove Norska","isPartOf":{"@id":"https:\/\/babylove.se\/no\/#website"},"primaryImageOfPage":{"@id":"https:\/\/babylove.se\/no\/produkt\/flexa-lag-loftsang-90x200-cm-nor-vitek\/#primaryimage"},"image":{"@id":"https:\/\/babylove.se\/no\/produkt\/flexa-lag-loftsang-90x200-cm-nor-vitek\/#primaryimage"},"thumbnailUrl":"https:\/\/babylove.se\/no\/wp-content\/uploads\/sites\/3\/2025\/07\/65b0e5094af31.jpeg","datePublished":"2025-07-19T14:01:42+00:00","dateModified":"2026-04-08T13:02:47+00:00","breadcrumb":{"@id":"https:\/\/babylove.se\/no\/produkt\/flexa-lag-loftsang-90x200-cm-nor-vitek\/#breadcrumb"},"inLanguage":"nb-NO","potentialAction":[{"@type":"ReadAction","target":["https:\/\/babylove.se\/no\/produkt\/flexa-lag-loftsang-90x200-cm-nor-vitek\/"]}]},{"@type":"ImageObject","inLanguage":"nb-NO","@id":"https:\/\/babylove.se\/no\/produkt\/flexa-lag-loftsang-90x200-cm-nor-vitek\/#primaryimage","url":"https:\/\/babylove.se\/no\/wp-content\/uploads\/sites\/3\/2025\/07\/65b0e5094af31.jpeg","contentUrl":"https:\/\/babylove.se\/no\/wp-content\/uploads\/sites\/3\/2025\/07\/65b0e5094af31.jpeg","width":1800,"height":1350},{"@type":"BreadcrumbList","@id":"https:\/\/babylove.se\/no\/produkt\/flexa-lag-loftsang-90x200-cm-nor-vitek\/#breadcrumb","itemListElement":[{"@type":"ListItem","position":1,"name":"Hem","item":"https:\/\/babylove.se\/no\/"},{"@type":"ListItem","position":2,"name":"Butik","item":"https:\/\/babylove.se\/no\/butik\/"},{"@type":"ListItem","position":3,"name":"Flexa, lav loftsseng 90&#215;200 cm Nor, hvit\/eik"}]},{"@type":"WebSite","@id":"https:\/\/babylove.se\/no\/#website","url":"https:\/\/babylove.se\/no\/","name":"Babylove Norska","description":"","potentialAction":[{"@type":"SearchAction","target":{"@type":"EntryPoint","urlTemplate":"https:\/\/babylove.se\/no\/?s={search_term_string}"},"query-input":{"@type":"PropertyValueSpecification","valueRequired":true,"valueName":"search_term_string"}}],"inLanguage":"nb-NO"}]},"product_brand":"Flexa","og_availability":"out of stock","product_availability":"out of stock","product_retailer_item_id":"80-31302-95","product_condition":"new"},"_links":{"self":[{"href":"https:\/\/babylove.se\/no\/wp-json\/wp\/v2\/product\/57605","targetHints":{"allow":["GET"]}}],"collection":[{"href":"https:\/\/babylove.se\/no\/wp-json\/wp\/v2\/product"}],"about":[{"href":"https:\/\/babylove.se\/no\/wp-json\/wp\/v2\/types\/product"}],"replies":[{"embeddable":true,"href":"https:\/\/babylove.se\/no\/wp-json\/wp\/v2\/comments?post=57605"}],"wp:featuredmedia":[{"embeddable":true,"href":"https:\/\/babylove.se\/no\/wp-json\/wp\/v2\/media\/57607"}],"wp:attachment":[{"href":"https:\/\/babylove.se\/no\/wp-json\/wp\/v2\/media?parent=57605"}],"wp:term":[{"taxonomy":"product_brand","embeddable":true,"href":"https:\/\/babylove.se\/no\/wp-json\/wp\/v2\/product_brand?post=57605"},{"taxonomy":"product_cat","embeddable":true,"href":"https:\/\/babylove.se\/no\/wp-json\/wp\/v2\/product_cat?post=57605"},{"taxonomy":"product_tag","embeddable":true,"href":"https:\/\/babylove.se\/no\/wp-json\/wp\/v2\/product_tag?post=57605"}],"curies":[{"name":"wp","href":"https:\/\/api.w.org\/{rel}","templated":true}]}}