{"id":57634,"date":"2025-07-19T15:01:42","date_gmt":"2025-07-19T14:01:42","guid":{"rendered":"https:\/\/babylove.se\/produkt\/flexa-loftsang-90x200-cm-nor-vitek\/"},"modified":"2026-04-08T14:02:54","modified_gmt":"2026-04-08T13:02:54","slug":"flexa-loftseng-90x200-cm-nor-vitek","status":"publish","type":"product","link":"https:\/\/babylove.se\/no\/produkt\/flexa-loftseng-90x200-cm-nor-vitek\/","title":{"rendered":"Flexa, loftseng 90&#215;200 cm Nor, hvit\/eik"},"content":{"rendered":"<p>Fantastisk hvit hemse i skandinavisk stil! <\/p>\n<p>En hemse frigj\u00f8r mye gulvplass, og passer perfekt hvis man har et litt mindre rom. <\/p>\n<p>Det malte treet skaper den en luksuri\u00f8s f\u00f8lelse og et tidl\u00f8st design som passer i alle typer barnerom, eller andre rom ogs\u00e5 for den del. <\/p>\n<p>Kan f\u00e5s med enten rett eller skr\u00e5 stige avhengig av hva som passer din innredning best. <\/p>\n<p><strong>Tilvalg<\/strong>: <\/p>\n<ul>\n<li>Stige: velg mellom rett eller skr\u00e5.<\/li>\n<\/ul>\n<p><strong>M\u00e5l<\/strong>: <\/p>\n<ul>\n<li>Sengm\u00e5l: 90 x 200 cm.<\/li>\n<li>M\u00e5l seng: H\u00f8yde: 143 cm. Lengde 208 cm. Bredde: 108,3\/158,3 cm.<\/li>\n<\/ul>\n<p><strong>Info<\/strong>: <\/p>\n<ul>\n<li>Anbefalt alder: 6 \u00e5r og oppover.<\/li>\n<li>Stigen kan plasseres p\u00e5 valgfri side.<\/li>\n<li>Ribbbunn f\u00f8lger med.<\/li>\n<li>Madrasss f\u00f8lger ikke med. Vi anbefaler en skummadrass med tykkelse p\u00e5 ca 10-12 cm.<\/li>\n<\/ul>\n<p><strong>Materiale<\/strong>: Eik, MDF og bj\u00f8rkeplywood. <\/p>\n<p>Designer: <a href=\"https:\/\/babylove.se\/varumarken\/flexa\">Flexa<\/a> <\/p>\n<p><em><em><em><em><em>Obs! Sengen leveres umontert og b\u00f8r settes sammen i rommet den skal brukes i.<\/em><\/em><\/em><\/em><\/em><\/p>\n","protected":false},"excerpt":{"rendered":"<p>Fantastisk hvit hemse i skandinavisk stil! En hemse frigj\u00f8r mye gulvplass, og passer perfekt hvis man har et litt mindre rom. Det malte treet skaper den en luksuri\u00f8s f\u00f8lelse og et tidl\u00f8st design som passer i alle typer barnerom, eller andre rom ogs\u00e5 for den del. Kan f\u00e5s med enten rett eller skr\u00e5 stige avhengig [&hellip;]<\/p>\n","protected":false},"featured_media":57636,"comment_status":"closed","ping_status":"closed","template":"","meta":{"_acf_changed":false},"product_brand":[1611],"product_cat":[1612,385,40],"product_tag":[1689],"class_list":{"0":"post-57634","1":"product","2":"type-product","3":"status-publish","4":"has-post-thumbnail","6":"product_brand-flexa","7":"product_cat-flexa","8":"product_cat-koyesenger-loftsenger","9":"product_cat-soverom-barn","10":"product_tag-bestillingsvaror","11":"pa_stege-rak","12":"pa_stege-lutande","14":"first","15":"outofstock","16":"taxable","17":"shipping-taxable","18":"purchasable","19":"product-type-variable"},"acf":[],"yoast_head":"<!-- This site is optimized with the Yoast SEO Premium plugin v25.8 (Yoast SEO v27.2) - https:\/\/yoast.com\/product\/yoast-seo-premium-wordpress\/ -->\n<title>Flexa, loftseng 90x200 cm Nor, hvit\/eik - Babylove Norska<\/title>\n<meta name=\"robots\" content=\"noindex, follow, max-snippet:-1, max-image-preview:large, max-video-preview:-1\" \/>\n<meta property=\"og:locale\" content=\"nb_NO\" \/>\n<meta property=\"og:type\" content=\"article\" \/>\n<meta property=\"og:title\" content=\"Flexa, loftseng 90x200 cm Nor, hvit\/eik\" \/>\n<meta property=\"og:description\" content=\"Fantastisk hvit hemse i skandinavisk stil! En hemse frigj\u00f8r mye gulvplass, og passer perfekt hvis man har et litt mindre rom. Det malte treet skaper den en luksuri\u00f8s f\u00f8lelse og et tidl\u00f8st design som passer i alle typer barnerom, eller andre rom ogs\u00e5 for den del. Kan f\u00e5s med enten rett eller skr\u00e5 stige avhengig [&hellip;]\" \/>\n<meta property=\"og:url\" content=\"https:\/\/babylove.se\/no\/produkt\/flexa-loftseng-90x200-cm-nor-vitek\/\" \/>\n<meta property=\"og:site_name\" content=\"Babylove Norska\" \/>\n<meta property=\"article:modified_time\" content=\"2026-04-08T13:02:54+00:00\" \/>\n<meta property=\"og:image\" content=\"https:\/\/babylove.se\/no\/wp-content\/uploads\/sites\/3\/2025\/07\/65b0eda0542c8.jpeg\" \/>\n\t<meta property=\"og:image:width\" content=\"1800\" \/>\n\t<meta property=\"og:image:height\" content=\"1350\" \/>\n\t<meta property=\"og:image:type\" content=\"image\/jpeg\" \/>\n<meta name=\"twitter:card\" content=\"summary_large_image\" \/>\n<meta name=\"twitter:label1\" content=\"Availability\" \/>\n\t<meta name=\"twitter:data1\" content=\"Out of stock\" \/>\n<script type=\"application\/ld+json\" class=\"yoast-schema-graph\">{\"@context\":\"https:\/\/schema.org\",\"@graph\":[{\"@type\":\"WebPage\",\"@id\":\"https:\/\/babylove.se\/no\/produkt\/flexa-loftseng-90x200-cm-nor-vitek\/\",\"url\":\"https:\/\/babylove.se\/no\/produkt\/flexa-loftseng-90x200-cm-nor-vitek\/\",\"name\":\"Flexa, loftseng 90x200 cm Nor, hvit\/eik - Babylove Norska\",\"isPartOf\":{\"@id\":\"https:\/\/babylove.se\/no\/#website\"},\"primaryImageOfPage\":{\"@id\":\"https:\/\/babylove.se\/no\/produkt\/flexa-loftseng-90x200-cm-nor-vitek\/#primaryimage\"},\"image\":{\"@id\":\"https:\/\/babylove.se\/no\/produkt\/flexa-loftseng-90x200-cm-nor-vitek\/#primaryimage\"},\"thumbnailUrl\":\"https:\/\/babylove.se\/no\/wp-content\/uploads\/sites\/3\/2025\/07\/65b0eda0542c8.jpeg\",\"datePublished\":\"2025-07-19T14:01:42+00:00\",\"dateModified\":\"2026-04-08T13:02:54+00:00\",\"breadcrumb\":{\"@id\":\"https:\/\/babylove.se\/no\/produkt\/flexa-loftseng-90x200-cm-nor-vitek\/#breadcrumb\"},\"inLanguage\":\"nb-NO\",\"potentialAction\":[{\"@type\":\"ReadAction\",\"target\":[\"https:\/\/babylove.se\/no\/produkt\/flexa-loftseng-90x200-cm-nor-vitek\/\"]}]},{\"@type\":\"ImageObject\",\"inLanguage\":\"nb-NO\",\"@id\":\"https:\/\/babylove.se\/no\/produkt\/flexa-loftseng-90x200-cm-nor-vitek\/#primaryimage\",\"url\":\"https:\/\/babylove.se\/no\/wp-content\/uploads\/sites\/3\/2025\/07\/65b0eda0542c8.jpeg\",\"contentUrl\":\"https:\/\/babylove.se\/no\/wp-content\/uploads\/sites\/3\/2025\/07\/65b0eda0542c8.jpeg\",\"width\":1800,\"height\":1350},{\"@type\":\"BreadcrumbList\",\"@id\":\"https:\/\/babylove.se\/no\/produkt\/flexa-loftseng-90x200-cm-nor-vitek\/#breadcrumb\",\"itemListElement\":[{\"@type\":\"ListItem\",\"position\":1,\"name\":\"Hem\",\"item\":\"https:\/\/babylove.se\/no\/\"},{\"@type\":\"ListItem\",\"position\":2,\"name\":\"Butik\",\"item\":\"https:\/\/babylove.se\/no\/butik\/\"},{\"@type\":\"ListItem\",\"position\":3,\"name\":\"Flexa, loftseng 90&#215;200 cm Nor, hvit\/eik\"}]},{\"@type\":\"WebSite\",\"@id\":\"https:\/\/babylove.se\/no\/#website\",\"url\":\"https:\/\/babylove.se\/no\/\",\"name\":\"Babylove Norska\",\"description\":\"\",\"potentialAction\":[{\"@type\":\"SearchAction\",\"target\":{\"@type\":\"EntryPoint\",\"urlTemplate\":\"https:\/\/babylove.se\/no\/?s={search_term_string}\"},\"query-input\":{\"@type\":\"PropertyValueSpecification\",\"valueRequired\":true,\"valueName\":\"search_term_string\"}}],\"inLanguage\":\"nb-NO\"}]}<\/script>\n<meta property=\"product:brand\" content=\"Flexa\" \/>\n<meta property=\"og:availability\" content=\"out of stock\" \/>\n<meta property=\"product:availability\" content=\"out of stock\" \/>\n<meta property=\"product:retailer_item_id\" content=\"80-31316-95\" \/>\n<meta property=\"product:condition\" content=\"new\" \/>\n<!-- \/ Yoast SEO Premium plugin. -->","yoast_head_json":{"title":"Flexa, loftseng 90x200 cm Nor, hvit\/eik - Babylove Norska","robots":{"index":"noindex","follow":"follow","max-snippet":"max-snippet:-1","max-image-preview":"max-image-preview:large","max-video-preview":"max-video-preview:-1"},"og_locale":"nb_NO","og_type":"article","og_title":"Flexa, loftseng 90x200 cm Nor, hvit\/eik","og_description":"Fantastisk hvit hemse i skandinavisk stil! En hemse frigj\u00f8r mye gulvplass, og passer perfekt hvis man har et litt mindre rom. Det malte treet skaper den en luksuri\u00f8s f\u00f8lelse og et tidl\u00f8st design som passer i alle typer barnerom, eller andre rom ogs\u00e5 for den del. Kan f\u00e5s med enten rett eller skr\u00e5 stige avhengig [&hellip;]","og_url":"https:\/\/babylove.se\/no\/produkt\/flexa-loftseng-90x200-cm-nor-vitek\/","og_site_name":"Babylove Norska","article_modified_time":"2026-04-08T13:02:54+00:00","og_image":[{"width":1800,"height":1350,"url":"https:\/\/babylove.se\/no\/wp-content\/uploads\/sites\/3\/2025\/07\/65b0eda0542c8.jpeg","type":"image\/jpeg"}],"twitter_card":"summary_large_image","twitter_misc":{"Availability":"Out of stock"},"schema":{"@context":"https:\/\/schema.org","@graph":[{"@type":"WebPage","@id":"https:\/\/babylove.se\/no\/produkt\/flexa-loftseng-90x200-cm-nor-vitek\/","url":"https:\/\/babylove.se\/no\/produkt\/flexa-loftseng-90x200-cm-nor-vitek\/","name":"Flexa, loftseng 90x200 cm Nor, hvit\/eik - Babylove Norska","isPartOf":{"@id":"https:\/\/babylove.se\/no\/#website"},"primaryImageOfPage":{"@id":"https:\/\/babylove.se\/no\/produkt\/flexa-loftseng-90x200-cm-nor-vitek\/#primaryimage"},"image":{"@id":"https:\/\/babylove.se\/no\/produkt\/flexa-loftseng-90x200-cm-nor-vitek\/#primaryimage"},"thumbnailUrl":"https:\/\/babylove.se\/no\/wp-content\/uploads\/sites\/3\/2025\/07\/65b0eda0542c8.jpeg","datePublished":"2025-07-19T14:01:42+00:00","dateModified":"2026-04-08T13:02:54+00:00","breadcrumb":{"@id":"https:\/\/babylove.se\/no\/produkt\/flexa-loftseng-90x200-cm-nor-vitek\/#breadcrumb"},"inLanguage":"nb-NO","potentialAction":[{"@type":"ReadAction","target":["https:\/\/babylove.se\/no\/produkt\/flexa-loftseng-90x200-cm-nor-vitek\/"]}]},{"@type":"ImageObject","inLanguage":"nb-NO","@id":"https:\/\/babylove.se\/no\/produkt\/flexa-loftseng-90x200-cm-nor-vitek\/#primaryimage","url":"https:\/\/babylove.se\/no\/wp-content\/uploads\/sites\/3\/2025\/07\/65b0eda0542c8.jpeg","contentUrl":"https:\/\/babylove.se\/no\/wp-content\/uploads\/sites\/3\/2025\/07\/65b0eda0542c8.jpeg","width":1800,"height":1350},{"@type":"BreadcrumbList","@id":"https:\/\/babylove.se\/no\/produkt\/flexa-loftseng-90x200-cm-nor-vitek\/#breadcrumb","itemListElement":[{"@type":"ListItem","position":1,"name":"Hem","item":"https:\/\/babylove.se\/no\/"},{"@type":"ListItem","position":2,"name":"Butik","item":"https:\/\/babylove.se\/no\/butik\/"},{"@type":"ListItem","position":3,"name":"Flexa, loftseng 90&#215;200 cm Nor, hvit\/eik"}]},{"@type":"WebSite","@id":"https:\/\/babylove.se\/no\/#website","url":"https:\/\/babylove.se\/no\/","name":"Babylove Norska","description":"","potentialAction":[{"@type":"SearchAction","target":{"@type":"EntryPoint","urlTemplate":"https:\/\/babylove.se\/no\/?s={search_term_string}"},"query-input":{"@type":"PropertyValueSpecification","valueRequired":true,"valueName":"search_term_string"}}],"inLanguage":"nb-NO"}]},"product_brand":"Flexa","og_availability":"out of stock","product_availability":"out of stock","product_retailer_item_id":"80-31316-95","product_condition":"new"},"_links":{"self":[{"href":"https:\/\/babylove.se\/no\/wp-json\/wp\/v2\/product\/57634","targetHints":{"allow":["GET"]}}],"collection":[{"href":"https:\/\/babylove.se\/no\/wp-json\/wp\/v2\/product"}],"about":[{"href":"https:\/\/babylove.se\/no\/wp-json\/wp\/v2\/types\/product"}],"replies":[{"embeddable":true,"href":"https:\/\/babylove.se\/no\/wp-json\/wp\/v2\/comments?post=57634"}],"wp:featuredmedia":[{"embeddable":true,"href":"https:\/\/babylove.se\/no\/wp-json\/wp\/v2\/media\/57636"}],"wp:attachment":[{"href":"https:\/\/babylove.se\/no\/wp-json\/wp\/v2\/media?parent=57634"}],"wp:term":[{"taxonomy":"product_brand","embeddable":true,"href":"https:\/\/babylove.se\/no\/wp-json\/wp\/v2\/product_brand?post=57634"},{"taxonomy":"product_cat","embeddable":true,"href":"https:\/\/babylove.se\/no\/wp-json\/wp\/v2\/product_cat?post=57634"},{"taxonomy":"product_tag","embeddable":true,"href":"https:\/\/babylove.se\/no\/wp-json\/wp\/v2\/product_tag?post=57634"}],"curies":[{"name":"wp","href":"https:\/\/api.w.org\/{rel}","templated":true}]}}