{"id":5772,"date":"2025-07-18T20:31:48","date_gmt":"2025-07-18T19:31:48","guid":{"rendered":"https:\/\/babylove.se\/produkt\/ocean-vanner-vaggklistermarken-stickstay\/"},"modified":"2026-04-08T08:21:19","modified_gmt":"2026-04-08T07:21:19","slug":"ocean-venner-veggklistremerker-stickstay","status":"publish","type":"product","link":"https:\/\/babylove.se\/no\/produkt\/ocean-venner-veggklistremerker-stickstay\/","title":{"rendered":"Ocean venner veggklistremerker, Stickstay"},"content":{"rendered":"<p>Med disse utrolig popul\u00e6re veggklistremerker vil du kunne skape et levende og fantasifullt barnerom som barnet ditt kommer til \u00e5 elske. Ocean Friends inneholder fem stykker vakre veggklistremerker som du kan skape dine egne kombinasjoner av. Du kan selvf\u00f8lgelig ogs\u00e5 med fordel kombinere dem med andre motiver fra Stickstays brede utvalg, og dermed skape ditt helt unike barnerom. \\n \\nSamtlige veggdekorasjoner fra Stickstay er laget av kraftig vinyl og av h\u00f8yeste kvalitet, noe som gj\u00f8r at du enkelt kan flytte rundt p\u00e5 dem til nye steder i rommet. Samtlige motiver er h\u00e5ndskissert av Lisa Flodmark. \\n \\nDu kan enkelt montere disse veggklistremerker p\u00e5 de fleste typer underlag som malte tapeter eller vegger. Du b\u00f8r imidlertid alltid f\u00f8lge instruksjonene p\u00e5 emballasjen og v\u00e6re ekstra n\u00f8ye p\u00e5 litt tynnere tapeter. \\n \\n<u><strong>Settet omfatter<\/strong><\/u> 1 stk hai, 1 stk spekkhogger, 1 stk skilpadde, 1 stk delfin, 1 og 1 stk bl\u00e5hval som er i st\u00f8rrelsene 14 til 32 cm. \\n \\n<strong>Materiale<\/strong>: Vinylplast (<em>Resirkulerbar)<\/em> \\n \\nDesigner: <a href=\"https:\/\/babylove.se\/inredning-barnrum-pojke\/stickstay\"><u>Stickstay<\/u><\/a><\/p>\n","protected":false},"excerpt":{"rendered":"<p>Med disse utrolig popul\u00e6re veggklistremerker vil du kunne skape et levende og fantasifullt barnerom som barnet ditt kommer til \u00e5 elske. Ocean Friends inneholder fem stykker vakre veggklistremerker som du kan skape dine egne kombinasjoner av. Du kan selvf\u00f8lgelig ogs\u00e5 med fordel kombinere dem med andre motiver fra Stickstays brede utvalg, og dermed skape ditt [&hellip;]<\/p>\n","protected":false},"featured_media":5774,"comment_status":"closed","ping_status":"closed","template":"","meta":{"_acf_changed":false},"product_brand":[236],"product_cat":[90,136,48,237,29,24],"product_tag":[],"class_list":{"0":"post-5772","1":"product","2":"type-product","3":"status-publish","4":"has-post-thumbnail","6":"product_brand-stickstay","7":"product_cat-dyr","8":"product_cat-havet","9":"product_cat-startside","10":"product_cat-stickstay","11":"product_cat-veggdekorasjoner","12":"product_cat-veggklistremerker","14":"first","15":"outofstock","16":"taxable","17":"shipping-taxable","18":"purchasable","19":"product-type-simple"},"acf":[],"yoast_head":"<!-- This site is optimized with the Yoast SEO Premium plugin v25.8 (Yoast SEO v27.2) - https:\/\/yoast.com\/product\/yoast-seo-premium-wordpress\/ -->\n<title>Ocean venner veggklistremerker, Stickstay - Babylove Norska<\/title>\n<meta name=\"description\" content=\"V\u00e4ggklisterm\u00e4rkerna \u00e4r gjorda i material av h\u00f6gsta kvalitet och kan enkelt f\u00e4stas p\u00e5 alla typer av m\u00e5lade v\u00e4ggar eller tapeter. Skickas inom 24 timmar !\" \/>\n<meta name=\"robots\" content=\"noindex, follow, max-snippet:-1, max-image-preview:large, max-video-preview:-1\" \/>\n<meta property=\"og:locale\" content=\"nb_NO\" \/>\n<meta property=\"og:type\" content=\"article\" \/>\n<meta property=\"og:title\" content=\"Ocean venner veggklistremerker, Stickstay\" \/>\n<meta property=\"og:description\" content=\"V\u00e4ggklisterm\u00e4rkerna \u00e4r gjorda i material av h\u00f6gsta kvalitet och kan enkelt f\u00e4stas p\u00e5 alla typer av m\u00e5lade v\u00e4ggar eller tapeter. Skickas inom 24 timmar !\" \/>\n<meta property=\"og:url\" content=\"https:\/\/babylove.se\/no\/produkt\/ocean-venner-veggklistremerker-stickstay\/\" \/>\n<meta property=\"og:site_name\" content=\"Babylove Norska\" \/>\n<meta property=\"article:modified_time\" content=\"2026-04-08T07:21:19+00:00\" \/>\n<meta property=\"og:image\" content=\"https:\/\/babylove.se\/no\/wp-content\/uploads\/sites\/3\/2025\/07\/5a7afda686d5b.jpeg\" \/>\n\t<meta property=\"og:image:width\" content=\"549\" \/>\n\t<meta property=\"og:image:height\" content=\"549\" \/>\n\t<meta property=\"og:image:type\" content=\"image\/jpeg\" \/>\n<meta name=\"twitter:card\" content=\"summary_large_image\" \/>\n<meta name=\"twitter:label1\" content=\"Price\" \/>\n\t<meta name=\"twitter:data1\" content=\"799,00&nbsp;&#107;&#114;\" \/>\n\t<meta name=\"twitter:label2\" content=\"Availability\" \/>\n\t<meta name=\"twitter:data2\" content=\"Out of stock\" \/>\n<script type=\"application\/ld+json\" class=\"yoast-schema-graph\">{\"@context\":\"https:\/\/schema.org\",\"@graph\":[{\"@type\":\"WebPage\",\"@id\":\"https:\/\/babylove.se\/no\/produkt\/ocean-venner-veggklistremerker-stickstay\/\",\"url\":\"https:\/\/babylove.se\/no\/produkt\/ocean-venner-veggklistremerker-stickstay\/\",\"name\":\"Ocean venner veggklistremerker, Stickstay - Babylove Norska\",\"isPartOf\":{\"@id\":\"https:\/\/babylove.se\/no\/#website\"},\"primaryImageOfPage\":{\"@id\":\"https:\/\/babylove.se\/no\/produkt\/ocean-venner-veggklistremerker-stickstay\/#primaryimage\"},\"image\":{\"@id\":\"https:\/\/babylove.se\/no\/produkt\/ocean-venner-veggklistremerker-stickstay\/#primaryimage\"},\"thumbnailUrl\":\"https:\/\/babylove.se\/no\/wp-content\/uploads\/sites\/3\/2025\/07\/5a7afda686d5b.jpeg\",\"datePublished\":\"2025-07-18T19:31:48+00:00\",\"dateModified\":\"2026-04-08T07:21:19+00:00\",\"description\":\"V\u00e4ggklisterm\u00e4rkerna \u00e4r gjorda i material av h\u00f6gsta kvalitet och kan enkelt f\u00e4stas p\u00e5 alla typer av m\u00e5lade v\u00e4ggar eller tapeter. Skickas inom 24 timmar !\",\"breadcrumb\":{\"@id\":\"https:\/\/babylove.se\/no\/produkt\/ocean-venner-veggklistremerker-stickstay\/#breadcrumb\"},\"inLanguage\":\"nb-NO\",\"potentialAction\":[{\"@type\":\"ReadAction\",\"target\":[\"https:\/\/babylove.se\/no\/produkt\/ocean-venner-veggklistremerker-stickstay\/\"]}]},{\"@type\":\"ImageObject\",\"inLanguage\":\"nb-NO\",\"@id\":\"https:\/\/babylove.se\/no\/produkt\/ocean-venner-veggklistremerker-stickstay\/#primaryimage\",\"url\":\"https:\/\/babylove.se\/no\/wp-content\/uploads\/sites\/3\/2025\/07\/5a7afda686d5b.jpeg\",\"contentUrl\":\"https:\/\/babylove.se\/no\/wp-content\/uploads\/sites\/3\/2025\/07\/5a7afda686d5b.jpeg\",\"width\":549,\"height\":549},{\"@type\":\"BreadcrumbList\",\"@id\":\"https:\/\/babylove.se\/no\/produkt\/ocean-venner-veggklistremerker-stickstay\/#breadcrumb\",\"itemListElement\":[{\"@type\":\"ListItem\",\"position\":1,\"name\":\"Hem\",\"item\":\"https:\/\/babylove.se\/no\/\"},{\"@type\":\"ListItem\",\"position\":2,\"name\":\"Butik\",\"item\":\"https:\/\/babylove.se\/no\/butik\/\"},{\"@type\":\"ListItem\",\"position\":3,\"name\":\"Ocean venner veggklistremerker, Stickstay\"}]},{\"@type\":\"WebSite\",\"@id\":\"https:\/\/babylove.se\/no\/#website\",\"url\":\"https:\/\/babylove.se\/no\/\",\"name\":\"Babylove Norska\",\"description\":\"\",\"potentialAction\":[{\"@type\":\"SearchAction\",\"target\":{\"@type\":\"EntryPoint\",\"urlTemplate\":\"https:\/\/babylove.se\/no\/?s={search_term_string}\"},\"query-input\":{\"@type\":\"PropertyValueSpecification\",\"valueRequired\":true,\"valueName\":\"search_term_string\"}}],\"inLanguage\":\"nb-NO\"}]}<\/script>\n<meta property=\"product:brand\" content=\"Stickstay\" \/>\n<meta property=\"product:price:amount\" content=\"799.00\" \/>\n<meta property=\"product:price:currency\" content=\"SEK\" \/>\n<meta property=\"og:availability\" content=\"out of stock\" \/>\n<meta property=\"product:availability\" content=\"out of stock\" \/>\n<meta property=\"product:retailer_item_id\" content=\"1756\" \/>\n<meta property=\"product:condition\" content=\"new\" \/>\n<!-- \/ Yoast SEO Premium plugin. -->","yoast_head_json":{"title":"Ocean venner veggklistremerker, Stickstay - Babylove Norska","description":"V\u00e4ggklisterm\u00e4rkerna \u00e4r gjorda i material av h\u00f6gsta kvalitet och kan enkelt f\u00e4stas p\u00e5 alla typer av m\u00e5lade v\u00e4ggar eller tapeter. Skickas inom 24 timmar !","robots":{"index":"noindex","follow":"follow","max-snippet":"max-snippet:-1","max-image-preview":"max-image-preview:large","max-video-preview":"max-video-preview:-1"},"og_locale":"nb_NO","og_type":"article","og_title":"Ocean venner veggklistremerker, Stickstay","og_description":"V\u00e4ggklisterm\u00e4rkerna \u00e4r gjorda i material av h\u00f6gsta kvalitet och kan enkelt f\u00e4stas p\u00e5 alla typer av m\u00e5lade v\u00e4ggar eller tapeter. Skickas inom 24 timmar !","og_url":"https:\/\/babylove.se\/no\/produkt\/ocean-venner-veggklistremerker-stickstay\/","og_site_name":"Babylove Norska","article_modified_time":"2026-04-08T07:21:19+00:00","og_image":[{"width":549,"height":549,"url":"https:\/\/babylove.se\/no\/wp-content\/uploads\/sites\/3\/2025\/07\/5a7afda686d5b.jpeg","type":"image\/jpeg"}],"twitter_card":"summary_large_image","twitter_misc":{"Price":"799,00&nbsp;&#107;&#114;","Availability":"Out of stock"},"schema":{"@context":"https:\/\/schema.org","@graph":[{"@type":"WebPage","@id":"https:\/\/babylove.se\/no\/produkt\/ocean-venner-veggklistremerker-stickstay\/","url":"https:\/\/babylove.se\/no\/produkt\/ocean-venner-veggklistremerker-stickstay\/","name":"Ocean venner veggklistremerker, Stickstay - Babylove Norska","isPartOf":{"@id":"https:\/\/babylove.se\/no\/#website"},"primaryImageOfPage":{"@id":"https:\/\/babylove.se\/no\/produkt\/ocean-venner-veggklistremerker-stickstay\/#primaryimage"},"image":{"@id":"https:\/\/babylove.se\/no\/produkt\/ocean-venner-veggklistremerker-stickstay\/#primaryimage"},"thumbnailUrl":"https:\/\/babylove.se\/no\/wp-content\/uploads\/sites\/3\/2025\/07\/5a7afda686d5b.jpeg","datePublished":"2025-07-18T19:31:48+00:00","dateModified":"2026-04-08T07:21:19+00:00","description":"V\u00e4ggklisterm\u00e4rkerna \u00e4r gjorda i material av h\u00f6gsta kvalitet och kan enkelt f\u00e4stas p\u00e5 alla typer av m\u00e5lade v\u00e4ggar eller tapeter. Skickas inom 24 timmar !","breadcrumb":{"@id":"https:\/\/babylove.se\/no\/produkt\/ocean-venner-veggklistremerker-stickstay\/#breadcrumb"},"inLanguage":"nb-NO","potentialAction":[{"@type":"ReadAction","target":["https:\/\/babylove.se\/no\/produkt\/ocean-venner-veggklistremerker-stickstay\/"]}]},{"@type":"ImageObject","inLanguage":"nb-NO","@id":"https:\/\/babylove.se\/no\/produkt\/ocean-venner-veggklistremerker-stickstay\/#primaryimage","url":"https:\/\/babylove.se\/no\/wp-content\/uploads\/sites\/3\/2025\/07\/5a7afda686d5b.jpeg","contentUrl":"https:\/\/babylove.se\/no\/wp-content\/uploads\/sites\/3\/2025\/07\/5a7afda686d5b.jpeg","width":549,"height":549},{"@type":"BreadcrumbList","@id":"https:\/\/babylove.se\/no\/produkt\/ocean-venner-veggklistremerker-stickstay\/#breadcrumb","itemListElement":[{"@type":"ListItem","position":1,"name":"Hem","item":"https:\/\/babylove.se\/no\/"},{"@type":"ListItem","position":2,"name":"Butik","item":"https:\/\/babylove.se\/no\/butik\/"},{"@type":"ListItem","position":3,"name":"Ocean venner veggklistremerker, Stickstay"}]},{"@type":"WebSite","@id":"https:\/\/babylove.se\/no\/#website","url":"https:\/\/babylove.se\/no\/","name":"Babylove Norska","description":"","potentialAction":[{"@type":"SearchAction","target":{"@type":"EntryPoint","urlTemplate":"https:\/\/babylove.se\/no\/?s={search_term_string}"},"query-input":{"@type":"PropertyValueSpecification","valueRequired":true,"valueName":"search_term_string"}}],"inLanguage":"nb-NO"}]},"product_brand":"Stickstay","product_price_amount":"799.00","product_price_currency":"SEK","og_availability":"out of stock","product_availability":"out of stock","product_retailer_item_id":"1756","product_condition":"new"},"_links":{"self":[{"href":"https:\/\/babylove.se\/no\/wp-json\/wp\/v2\/product\/5772","targetHints":{"allow":["GET"]}}],"collection":[{"href":"https:\/\/babylove.se\/no\/wp-json\/wp\/v2\/product"}],"about":[{"href":"https:\/\/babylove.se\/no\/wp-json\/wp\/v2\/types\/product"}],"replies":[{"embeddable":true,"href":"https:\/\/babylove.se\/no\/wp-json\/wp\/v2\/comments?post=5772"}],"wp:featuredmedia":[{"embeddable":true,"href":"https:\/\/babylove.se\/no\/wp-json\/wp\/v2\/media\/5774"}],"wp:attachment":[{"href":"https:\/\/babylove.se\/no\/wp-json\/wp\/v2\/media?parent=5772"}],"wp:term":[{"taxonomy":"product_brand","embeddable":true,"href":"https:\/\/babylove.se\/no\/wp-json\/wp\/v2\/product_brand?post=5772"},{"taxonomy":"product_cat","embeddable":true,"href":"https:\/\/babylove.se\/no\/wp-json\/wp\/v2\/product_cat?post=5772"},{"taxonomy":"product_tag","embeddable":true,"href":"https:\/\/babylove.se\/no\/wp-json\/wp\/v2\/product_tag?post=5772"}],"curies":[{"name":"wp","href":"https:\/\/api.w.org\/{rel}","templated":true}]}}