{"id":57736,"date":"2025-07-19T15:03:33","date_gmt":"2025-07-19T14:03:33","guid":{"rendered":"https:\/\/babylove.se\/produkt\/flexa-spjalsang-barnsang-baby-70x140-vitnatur\/"},"modified":"2026-04-08T14:03:25","modified_gmt":"2026-04-08T13:03:25","slug":"flexa-spjelseng-barneseng-baby-70x140-hvitfuru","status":"publish","type":"product","link":"https:\/\/babylove.se\/no\/produkt\/flexa-spjelseng-barneseng-baby-70x140-hvitfuru\/","title":{"rendered":"Flexa, sprinkelseng barneseng Baby 70&#215;140, hvit\/natur"},"content":{"rendered":"<p>Underbar oval spj\u00e4lseng i skandinavisk stil! <\/p>\n<p>Denne fine spj\u00e4lsengen kan tilpasses etter barnets utviklingsfaser, blant annet gjennom fem niv\u00e5er p\u00e5 sengbunnen. Kan dermed brukes fra f\u00f8dsel til sm\u00e5barnsalderen. N\u00e5r barnet er stort nok til \u00e5 klatre inn og ut av sengen selv, s\u00e5 kan man ogs\u00e5 ta bort spiler. Unikt og praktisk! <\/p>\n<p><strong>M\u00e5l<\/strong>: <\/p>\n<ul>\n<li>Sengem\u00e5l: 70 x 140 cm.<\/li>\n<li>M\u00e5l seng: Bredde: 75 cm. H\u00f8yde: 88 cm. Lengde: 145 cm.<\/li>\n<\/ul>\n<p><strong>Info<\/strong>: <\/p>\n<ul>\n<li>Ribbbunn f\u00f8lger med.<\/li>\n<li>Madrass f\u00f8lger ikke med. Vi anbefaler en skummadrass med tykkelse p\u00e5 ca 10-12 cm.<\/li>\n<\/ul>\n<p><strong>Materiale<\/strong>: Furu <\/p>\n<p>Designer: <a href=\"https:\/\/babylove.se\/varumarken\/flexa\">Flexa<\/a> <\/p>\n<p><em><em><em><em><em>Obs! Sengen leveres umontert og b\u00f8r settes sammen i rommet den skal brukes i.<\/em><\/em><\/em><\/em><\/em><\/p>\n","protected":false},"excerpt":{"rendered":"<p>Underbar oval spj\u00e4lseng i skandinavisk stil! Denne fine spj\u00e4lsengen kan tilpasses etter barnets utviklingsfaser, blant annet gjennom fem niv\u00e5er p\u00e5 sengbunnen. Kan dermed brukes fra f\u00f8dsel til sm\u00e5barnsalderen. N\u00e5r barnet er stort nok til \u00e5 klatre inn og ut av sengen selv, s\u00e5 kan man ogs\u00e5 ta bort spiler. Unikt og praktisk! M\u00e5l: Sengem\u00e5l: 70 [&hellip;]<\/p>\n","protected":false},"featured_media":57738,"comment_status":"closed","ping_status":"closed","template":"","meta":{"_acf_changed":false},"product_brand":[1611],"product_cat":[279,1612,40],"product_tag":[1689],"class_list":{"0":"post-57736","1":"product","2":"type-product","3":"status-publish","4":"has-post-thumbnail","6":"product_brand-flexa","7":"product_cat-spjlsngar","8":"product_cat-flexa","9":"product_cat-soverom-barn","10":"product_tag-bestillingsvaror","12":"first","13":"outofstock","14":"taxable","15":"shipping-taxable","16":"purchasable","17":"product-type-simple"},"acf":[],"yoast_head":"<!-- This site is optimized with the Yoast SEO Premium plugin v25.8 (Yoast SEO v27.2) - https:\/\/yoast.com\/product\/yoast-seo-premium-wordpress\/ -->\n<title>Flexa, sprinkelseng barneseng Baby 70x140, hvit\/natur - Babylove Norska<\/title>\n<meta name=\"robots\" content=\"noindex, follow, max-snippet:-1, max-image-preview:large, max-video-preview:-1\" \/>\n<meta property=\"og:locale\" content=\"nb_NO\" \/>\n<meta property=\"og:type\" content=\"article\" \/>\n<meta property=\"og:title\" content=\"Flexa, sprinkelseng barneseng Baby 70x140, hvit\/natur\" \/>\n<meta property=\"og:description\" content=\"Underbar oval spj\u00e4lseng i skandinavisk stil! Denne fine spj\u00e4lsengen kan tilpasses etter barnets utviklingsfaser, blant annet gjennom fem niv\u00e5er p\u00e5 sengbunnen. Kan dermed brukes fra f\u00f8dsel til sm\u00e5barnsalderen. N\u00e5r barnet er stort nok til \u00e5 klatre inn og ut av sengen selv, s\u00e5 kan man ogs\u00e5 ta bort spiler. Unikt og praktisk! M\u00e5l: Sengem\u00e5l: 70 [&hellip;]\" \/>\n<meta property=\"og:url\" content=\"https:\/\/babylove.se\/no\/produkt\/flexa-spjelseng-barneseng-baby-70x140-hvitfuru\/\" \/>\n<meta property=\"og:site_name\" content=\"Babylove Norska\" \/>\n<meta property=\"article:modified_time\" content=\"2026-04-08T13:03:25+00:00\" \/>\n<meta property=\"og:image\" content=\"https:\/\/babylove.se\/no\/wp-content\/uploads\/sites\/3\/2025\/07\/65b232236cbdd.jpeg\" \/>\n\t<meta property=\"og:image:width\" content=\"1036\" \/>\n\t<meta property=\"og:image:height\" content=\"784\" \/>\n\t<meta property=\"og:image:type\" content=\"image\/jpeg\" \/>\n<meta name=\"twitter:card\" content=\"summary_large_image\" \/>\n<meta name=\"twitter:label1\" content=\"Price\" \/>\n\t<meta name=\"twitter:data1\" content=\"8 399,00&nbsp;&#107;&#114;\" \/>\n\t<meta name=\"twitter:label2\" content=\"Availability\" \/>\n\t<meta name=\"twitter:data2\" content=\"Out of stock\" \/>\n<script type=\"application\/ld+json\" class=\"yoast-schema-graph\">{\"@context\":\"https:\/\/schema.org\",\"@graph\":[{\"@type\":\"WebPage\",\"@id\":\"https:\/\/babylove.se\/no\/produkt\/flexa-spjelseng-barneseng-baby-70x140-hvitfuru\/\",\"url\":\"https:\/\/babylove.se\/no\/produkt\/flexa-spjelseng-barneseng-baby-70x140-hvitfuru\/\",\"name\":\"Flexa, sprinkelseng barneseng Baby 70x140, hvit\/natur - Babylove Norska\",\"isPartOf\":{\"@id\":\"https:\/\/babylove.se\/no\/#website\"},\"primaryImageOfPage\":{\"@id\":\"https:\/\/babylove.se\/no\/produkt\/flexa-spjelseng-barneseng-baby-70x140-hvitfuru\/#primaryimage\"},\"image\":{\"@id\":\"https:\/\/babylove.se\/no\/produkt\/flexa-spjelseng-barneseng-baby-70x140-hvitfuru\/#primaryimage\"},\"thumbnailUrl\":\"https:\/\/babylove.se\/no\/wp-content\/uploads\/sites\/3\/2025\/07\/65b232236cbdd.jpeg\",\"datePublished\":\"2025-07-19T14:03:33+00:00\",\"dateModified\":\"2026-04-08T13:03:25+00:00\",\"breadcrumb\":{\"@id\":\"https:\/\/babylove.se\/no\/produkt\/flexa-spjelseng-barneseng-baby-70x140-hvitfuru\/#breadcrumb\"},\"inLanguage\":\"nb-NO\",\"potentialAction\":[{\"@type\":\"ReadAction\",\"target\":[\"https:\/\/babylove.se\/no\/produkt\/flexa-spjelseng-barneseng-baby-70x140-hvitfuru\/\"]}]},{\"@type\":\"ImageObject\",\"inLanguage\":\"nb-NO\",\"@id\":\"https:\/\/babylove.se\/no\/produkt\/flexa-spjelseng-barneseng-baby-70x140-hvitfuru\/#primaryimage\",\"url\":\"https:\/\/babylove.se\/no\/wp-content\/uploads\/sites\/3\/2025\/07\/65b232236cbdd.jpeg\",\"contentUrl\":\"https:\/\/babylove.se\/no\/wp-content\/uploads\/sites\/3\/2025\/07\/65b232236cbdd.jpeg\",\"width\":1036,\"height\":784},{\"@type\":\"BreadcrumbList\",\"@id\":\"https:\/\/babylove.se\/no\/produkt\/flexa-spjelseng-barneseng-baby-70x140-hvitfuru\/#breadcrumb\",\"itemListElement\":[{\"@type\":\"ListItem\",\"position\":1,\"name\":\"Hem\",\"item\":\"https:\/\/babylove.se\/no\/\"},{\"@type\":\"ListItem\",\"position\":2,\"name\":\"Butik\",\"item\":\"https:\/\/babylove.se\/no\/butik\/\"},{\"@type\":\"ListItem\",\"position\":3,\"name\":\"Flexa, sprinkelseng barneseng Baby 70&#215;140, hvit\/natur\"}]},{\"@type\":\"WebSite\",\"@id\":\"https:\/\/babylove.se\/no\/#website\",\"url\":\"https:\/\/babylove.se\/no\/\",\"name\":\"Babylove Norska\",\"description\":\"\",\"potentialAction\":[{\"@type\":\"SearchAction\",\"target\":{\"@type\":\"EntryPoint\",\"urlTemplate\":\"https:\/\/babylove.se\/no\/?s={search_term_string}\"},\"query-input\":{\"@type\":\"PropertyValueSpecification\",\"valueRequired\":true,\"valueName\":\"search_term_string\"}}],\"inLanguage\":\"nb-NO\"}]}<\/script>\n<meta property=\"product:brand\" content=\"Flexa\" \/>\n<meta property=\"product:price:amount\" content=\"8399.00\" \/>\n<meta property=\"product:price:currency\" content=\"SEK\" \/>\n<meta property=\"og:availability\" content=\"out of stock\" \/>\n<meta property=\"product:availability\" content=\"out of stock\" \/>\n<meta property=\"product:retailer_item_id\" content=\"80-17801-95\" \/>\n<meta property=\"product:condition\" content=\"new\" \/>\n<!-- \/ Yoast SEO Premium plugin. -->","yoast_head_json":{"title":"Flexa, sprinkelseng barneseng Baby 70x140, hvit\/natur - Babylove Norska","robots":{"index":"noindex","follow":"follow","max-snippet":"max-snippet:-1","max-image-preview":"max-image-preview:large","max-video-preview":"max-video-preview:-1"},"og_locale":"nb_NO","og_type":"article","og_title":"Flexa, sprinkelseng barneseng Baby 70x140, hvit\/natur","og_description":"Underbar oval spj\u00e4lseng i skandinavisk stil! Denne fine spj\u00e4lsengen kan tilpasses etter barnets utviklingsfaser, blant annet gjennom fem niv\u00e5er p\u00e5 sengbunnen. Kan dermed brukes fra f\u00f8dsel til sm\u00e5barnsalderen. N\u00e5r barnet er stort nok til \u00e5 klatre inn og ut av sengen selv, s\u00e5 kan man ogs\u00e5 ta bort spiler. Unikt og praktisk! M\u00e5l: Sengem\u00e5l: 70 [&hellip;]","og_url":"https:\/\/babylove.se\/no\/produkt\/flexa-spjelseng-barneseng-baby-70x140-hvitfuru\/","og_site_name":"Babylove Norska","article_modified_time":"2026-04-08T13:03:25+00:00","og_image":[{"width":1036,"height":784,"url":"https:\/\/babylove.se\/no\/wp-content\/uploads\/sites\/3\/2025\/07\/65b232236cbdd.jpeg","type":"image\/jpeg"}],"twitter_card":"summary_large_image","twitter_misc":{"Price":"8 399,00&nbsp;&#107;&#114;","Availability":"Out of stock"},"schema":{"@context":"https:\/\/schema.org","@graph":[{"@type":"WebPage","@id":"https:\/\/babylove.se\/no\/produkt\/flexa-spjelseng-barneseng-baby-70x140-hvitfuru\/","url":"https:\/\/babylove.se\/no\/produkt\/flexa-spjelseng-barneseng-baby-70x140-hvitfuru\/","name":"Flexa, sprinkelseng barneseng Baby 70x140, hvit\/natur - Babylove Norska","isPartOf":{"@id":"https:\/\/babylove.se\/no\/#website"},"primaryImageOfPage":{"@id":"https:\/\/babylove.se\/no\/produkt\/flexa-spjelseng-barneseng-baby-70x140-hvitfuru\/#primaryimage"},"image":{"@id":"https:\/\/babylove.se\/no\/produkt\/flexa-spjelseng-barneseng-baby-70x140-hvitfuru\/#primaryimage"},"thumbnailUrl":"https:\/\/babylove.se\/no\/wp-content\/uploads\/sites\/3\/2025\/07\/65b232236cbdd.jpeg","datePublished":"2025-07-19T14:03:33+00:00","dateModified":"2026-04-08T13:03:25+00:00","breadcrumb":{"@id":"https:\/\/babylove.se\/no\/produkt\/flexa-spjelseng-barneseng-baby-70x140-hvitfuru\/#breadcrumb"},"inLanguage":"nb-NO","potentialAction":[{"@type":"ReadAction","target":["https:\/\/babylove.se\/no\/produkt\/flexa-spjelseng-barneseng-baby-70x140-hvitfuru\/"]}]},{"@type":"ImageObject","inLanguage":"nb-NO","@id":"https:\/\/babylove.se\/no\/produkt\/flexa-spjelseng-barneseng-baby-70x140-hvitfuru\/#primaryimage","url":"https:\/\/babylove.se\/no\/wp-content\/uploads\/sites\/3\/2025\/07\/65b232236cbdd.jpeg","contentUrl":"https:\/\/babylove.se\/no\/wp-content\/uploads\/sites\/3\/2025\/07\/65b232236cbdd.jpeg","width":1036,"height":784},{"@type":"BreadcrumbList","@id":"https:\/\/babylove.se\/no\/produkt\/flexa-spjelseng-barneseng-baby-70x140-hvitfuru\/#breadcrumb","itemListElement":[{"@type":"ListItem","position":1,"name":"Hem","item":"https:\/\/babylove.se\/no\/"},{"@type":"ListItem","position":2,"name":"Butik","item":"https:\/\/babylove.se\/no\/butik\/"},{"@type":"ListItem","position":3,"name":"Flexa, sprinkelseng barneseng Baby 70&#215;140, hvit\/natur"}]},{"@type":"WebSite","@id":"https:\/\/babylove.se\/no\/#website","url":"https:\/\/babylove.se\/no\/","name":"Babylove Norska","description":"","potentialAction":[{"@type":"SearchAction","target":{"@type":"EntryPoint","urlTemplate":"https:\/\/babylove.se\/no\/?s={search_term_string}"},"query-input":{"@type":"PropertyValueSpecification","valueRequired":true,"valueName":"search_term_string"}}],"inLanguage":"nb-NO"}]},"product_brand":"Flexa","product_price_amount":"8399.00","product_price_currency":"SEK","og_availability":"out of stock","product_availability":"out of stock","product_retailer_item_id":"80-17801-95","product_condition":"new"},"_links":{"self":[{"href":"https:\/\/babylove.se\/no\/wp-json\/wp\/v2\/product\/57736","targetHints":{"allow":["GET"]}}],"collection":[{"href":"https:\/\/babylove.se\/no\/wp-json\/wp\/v2\/product"}],"about":[{"href":"https:\/\/babylove.se\/no\/wp-json\/wp\/v2\/types\/product"}],"replies":[{"embeddable":true,"href":"https:\/\/babylove.se\/no\/wp-json\/wp\/v2\/comments?post=57736"}],"wp:featuredmedia":[{"embeddable":true,"href":"https:\/\/babylove.se\/no\/wp-json\/wp\/v2\/media\/57738"}],"wp:attachment":[{"href":"https:\/\/babylove.se\/no\/wp-json\/wp\/v2\/media?parent=57736"}],"wp:term":[{"taxonomy":"product_brand","embeddable":true,"href":"https:\/\/babylove.se\/no\/wp-json\/wp\/v2\/product_brand?post=57736"},{"taxonomy":"product_cat","embeddable":true,"href":"https:\/\/babylove.se\/no\/wp-json\/wp\/v2\/product_cat?post=57736"},{"taxonomy":"product_tag","embeddable":true,"href":"https:\/\/babylove.se\/no\/wp-json\/wp\/v2\/product_tag?post=57736"}],"curies":[{"name":"wp","href":"https:\/\/api.w.org\/{rel}","templated":true}]}}