{"id":57763,"date":"2025-07-19T15:04:05","date_gmt":"2025-07-19T14:04:05","guid":{"rendered":"https:\/\/babylove.se\/produkt\/antik-byra-med-tre-lador-till-barnrummet-vit\/"},"modified":"2026-04-08T14:03:34","modified_gmt":"2026-04-08T13:03:34","slug":"antikk-kommode-med-tre-skuffer-til-barnerommet-hvit","status":"publish","type":"product","link":"https:\/\/babylove.se\/no\/produkt\/antikk-kommode-med-tre-skuffer-til-barnerommet-hvit\/","title":{"rendered":"Antikk kommode med tre skuffer til barnerommet, hvit"},"content":{"rendered":"<p>En utrolig luksuri\u00f8s kommode i gustaviansk stil til barnerommet!&nbsp;<\/p>\n<p>De vakre dekorative detaljene skaper en ekstra sjarm og vil l\u00f8fte barnerominnredningen din til himmelsk h\u00f8yde.&nbsp;<\/p>\n<p>Kommoden har tre romslige skuffer hvor barnet kan oppbevare kl\u00e6rne sine, spill eller b\u00f8ker.&nbsp;<\/p>\n<p>Finnes i tre klassiske farger: natur, hvit og gr\u00f8nn.<\/p>\n<p><strong>M\u00e5l<\/strong>: Lengde 101 cm. Bredde 73 cm. H\u00f8yde 90 cm.<\/p>\n<p><strong>Materiale<\/strong>:&nbsp;<\/p>\n<ul>\n<li>Kommode: bj\u00f8rk fra \u00f8kologisk forvaltet skog<\/li>\n<li>H\u00e5ndtak: messing<\/li>\n<\/ul>\n<p><em>Obs! Stellebordet er ikke inkludert, kun kommoden medf\u00f8lger. M\u00f8belet kommer umontert men settes enkelt sammen hjemme.<\/em><\/p>\n","protected":false},"excerpt":{"rendered":"<p>En utrolig luksuri\u00f8s kommode i gustaviansk stil til barnerommet!&nbsp; De vakre dekorative detaljene skaper en ekstra sjarm og vil l\u00f8fte barnerominnredningen din til himmelsk h\u00f8yde.&nbsp; Kommoden har tre romslige skuffer hvor barnet kan oppbevare kl\u00e6rne sine, spill eller b\u00f8ker.&nbsp; Finnes i tre klassiske farger: natur, hvit og gr\u00f8nn. M\u00e5l: Lengde 101 cm. Bredde 73 cm. [&hellip;]<\/p>\n","protected":false},"featured_media":57765,"comment_status":"closed","ping_status":"open","template":"","meta":{"_acf_changed":false},"product_brand":[1632],"product_cat":[595,367,1633],"product_tag":[1689],"class_list":{"0":"post-57763","1":"product","2":"type-product","3":"status-publish","4":"has-post-thumbnail","6":"product_brand-suede-import","7":"product_cat-garderobe","8":"product_cat-byra","9":"product_cat-suede-import","10":"product_tag-bestillingsvaror","12":"first","13":"instock","14":"taxable","15":"shipping-taxable","16":"purchasable","17":"product-type-simple"},"acf":[],"yoast_head":"<!-- This site is optimized with the Yoast SEO Premium plugin v25.8 (Yoast SEO v27.2) - https:\/\/yoast.com\/product\/yoast-seo-premium-wordpress\/ -->\n<title>Antikk kommode med tre skuffer til barnerommet, hvit - Babylove Norska<\/title>\n<meta name=\"robots\" content=\"noindex, follow, max-snippet:-1, max-image-preview:large, max-video-preview:-1\" \/>\n<meta property=\"og:locale\" content=\"nb_NO\" \/>\n<meta property=\"og:type\" content=\"article\" \/>\n<meta property=\"og:title\" content=\"Antikk kommode med tre skuffer til barnerommet, hvit\" \/>\n<meta property=\"og:description\" content=\"En utrolig luksuri\u00f8s kommode i gustaviansk stil til barnerommet!&nbsp; De vakre dekorative detaljene skaper en ekstra sjarm og vil l\u00f8fte barnerominnredningen din til himmelsk h\u00f8yde.&nbsp; Kommoden har tre romslige skuffer hvor barnet kan oppbevare kl\u00e6rne sine, spill eller b\u00f8ker.&nbsp; Finnes i tre klassiske farger: natur, hvit og gr\u00f8nn. M\u00e5l: Lengde 101 cm. Bredde 73 cm. [&hellip;]\" \/>\n<meta property=\"og:url\" content=\"https:\/\/babylove.se\/no\/produkt\/antikk-kommode-med-tre-skuffer-til-barnerommet-hvit\/\" \/>\n<meta property=\"og:site_name\" content=\"Babylove Norska\" \/>\n<meta property=\"article:modified_time\" content=\"2026-04-08T13:03:34+00:00\" \/>\n<meta property=\"og:image\" content=\"https:\/\/babylove.se\/no\/wp-content\/uploads\/sites\/3\/2025\/07\/65b3868d396d5.jpeg\" \/>\n\t<meta property=\"og:image:width\" content=\"591\" \/>\n\t<meta property=\"og:image:height\" content=\"591\" \/>\n\t<meta property=\"og:image:type\" content=\"image\/jpeg\" \/>\n<meta name=\"twitter:card\" content=\"summary_large_image\" \/>\n<meta name=\"twitter:label1\" content=\"Price\" \/>\n\t<meta name=\"twitter:data1\" content=\"21 999,00&nbsp;&#107;&#114;\" \/>\n\t<meta name=\"twitter:label2\" content=\"Availability\" \/>\n\t<meta name=\"twitter:data2\" content=\"In stock\" \/>\n<script type=\"application\/ld+json\" class=\"yoast-schema-graph\">{\"@context\":\"https:\/\/schema.org\",\"@graph\":[{\"@type\":\"WebPage\",\"@id\":\"https:\/\/babylove.se\/no\/produkt\/antikk-kommode-med-tre-skuffer-til-barnerommet-hvit\/\",\"url\":\"https:\/\/babylove.se\/no\/produkt\/antikk-kommode-med-tre-skuffer-til-barnerommet-hvit\/\",\"name\":\"Antikk kommode med tre skuffer til barnerommet, hvit - Babylove Norska\",\"isPartOf\":{\"@id\":\"https:\/\/babylove.se\/no\/#website\"},\"primaryImageOfPage\":{\"@id\":\"https:\/\/babylove.se\/no\/produkt\/antikk-kommode-med-tre-skuffer-til-barnerommet-hvit\/#primaryimage\"},\"image\":{\"@id\":\"https:\/\/babylove.se\/no\/produkt\/antikk-kommode-med-tre-skuffer-til-barnerommet-hvit\/#primaryimage\"},\"thumbnailUrl\":\"https:\/\/babylove.se\/no\/wp-content\/uploads\/sites\/3\/2025\/07\/65b3868d396d5.jpeg\",\"datePublished\":\"2025-07-19T14:04:05+00:00\",\"dateModified\":\"2026-04-08T13:03:34+00:00\",\"breadcrumb\":{\"@id\":\"https:\/\/babylove.se\/no\/produkt\/antikk-kommode-med-tre-skuffer-til-barnerommet-hvit\/#breadcrumb\"},\"inLanguage\":\"nb-NO\",\"potentialAction\":[{\"@type\":\"ReadAction\",\"target\":[\"https:\/\/babylove.se\/no\/produkt\/antikk-kommode-med-tre-skuffer-til-barnerommet-hvit\/\"]}]},{\"@type\":\"ImageObject\",\"inLanguage\":\"nb-NO\",\"@id\":\"https:\/\/babylove.se\/no\/produkt\/antikk-kommode-med-tre-skuffer-til-barnerommet-hvit\/#primaryimage\",\"url\":\"https:\/\/babylove.se\/no\/wp-content\/uploads\/sites\/3\/2025\/07\/65b3868d396d5.jpeg\",\"contentUrl\":\"https:\/\/babylove.se\/no\/wp-content\/uploads\/sites\/3\/2025\/07\/65b3868d396d5.jpeg\",\"width\":591,\"height\":591},{\"@type\":\"BreadcrumbList\",\"@id\":\"https:\/\/babylove.se\/no\/produkt\/antikk-kommode-med-tre-skuffer-til-barnerommet-hvit\/#breadcrumb\",\"itemListElement\":[{\"@type\":\"ListItem\",\"position\":1,\"name\":\"Hem\",\"item\":\"https:\/\/babylove.se\/no\/\"},{\"@type\":\"ListItem\",\"position\":2,\"name\":\"Butik\",\"item\":\"https:\/\/babylove.se\/no\/butik\/\"},{\"@type\":\"ListItem\",\"position\":3,\"name\":\"Antikk kommode med tre skuffer til barnerommet, hvit\"}]},{\"@type\":\"WebSite\",\"@id\":\"https:\/\/babylove.se\/no\/#website\",\"url\":\"https:\/\/babylove.se\/no\/\",\"name\":\"Babylove Norska\",\"description\":\"\",\"potentialAction\":[{\"@type\":\"SearchAction\",\"target\":{\"@type\":\"EntryPoint\",\"urlTemplate\":\"https:\/\/babylove.se\/no\/?s={search_term_string}\"},\"query-input\":{\"@type\":\"PropertyValueSpecification\",\"valueRequired\":true,\"valueName\":\"search_term_string\"}}],\"inLanguage\":\"nb-NO\"}]}<\/script>\n<meta property=\"product:brand\" content=\"Suede import\" \/>\n<meta property=\"product:price:amount\" content=\"21999.00\" \/>\n<meta property=\"product:price:currency\" content=\"SEK\" \/>\n<meta property=\"og:availability\" content=\"instock\" \/>\n<meta property=\"product:availability\" content=\"instock\" \/>\n<meta property=\"product:retailer_item_id\" content=\"GD006\" \/>\n<meta property=\"product:condition\" content=\"new\" \/>\n<!-- \/ Yoast SEO Premium plugin. -->","yoast_head_json":{"title":"Antikk kommode med tre skuffer til barnerommet, hvit - Babylove Norska","robots":{"index":"noindex","follow":"follow","max-snippet":"max-snippet:-1","max-image-preview":"max-image-preview:large","max-video-preview":"max-video-preview:-1"},"og_locale":"nb_NO","og_type":"article","og_title":"Antikk kommode med tre skuffer til barnerommet, hvit","og_description":"En utrolig luksuri\u00f8s kommode i gustaviansk stil til barnerommet!&nbsp; De vakre dekorative detaljene skaper en ekstra sjarm og vil l\u00f8fte barnerominnredningen din til himmelsk h\u00f8yde.&nbsp; Kommoden har tre romslige skuffer hvor barnet kan oppbevare kl\u00e6rne sine, spill eller b\u00f8ker.&nbsp; Finnes i tre klassiske farger: natur, hvit og gr\u00f8nn. M\u00e5l: Lengde 101 cm. Bredde 73 cm. [&hellip;]","og_url":"https:\/\/babylove.se\/no\/produkt\/antikk-kommode-med-tre-skuffer-til-barnerommet-hvit\/","og_site_name":"Babylove Norska","article_modified_time":"2026-04-08T13:03:34+00:00","og_image":[{"width":591,"height":591,"url":"https:\/\/babylove.se\/no\/wp-content\/uploads\/sites\/3\/2025\/07\/65b3868d396d5.jpeg","type":"image\/jpeg"}],"twitter_card":"summary_large_image","twitter_misc":{"Price":"21 999,00&nbsp;&#107;&#114;","Availability":"In stock"},"schema":{"@context":"https:\/\/schema.org","@graph":[{"@type":"WebPage","@id":"https:\/\/babylove.se\/no\/produkt\/antikk-kommode-med-tre-skuffer-til-barnerommet-hvit\/","url":"https:\/\/babylove.se\/no\/produkt\/antikk-kommode-med-tre-skuffer-til-barnerommet-hvit\/","name":"Antikk kommode med tre skuffer til barnerommet, hvit - Babylove Norska","isPartOf":{"@id":"https:\/\/babylove.se\/no\/#website"},"primaryImageOfPage":{"@id":"https:\/\/babylove.se\/no\/produkt\/antikk-kommode-med-tre-skuffer-til-barnerommet-hvit\/#primaryimage"},"image":{"@id":"https:\/\/babylove.se\/no\/produkt\/antikk-kommode-med-tre-skuffer-til-barnerommet-hvit\/#primaryimage"},"thumbnailUrl":"https:\/\/babylove.se\/no\/wp-content\/uploads\/sites\/3\/2025\/07\/65b3868d396d5.jpeg","datePublished":"2025-07-19T14:04:05+00:00","dateModified":"2026-04-08T13:03:34+00:00","breadcrumb":{"@id":"https:\/\/babylove.se\/no\/produkt\/antikk-kommode-med-tre-skuffer-til-barnerommet-hvit\/#breadcrumb"},"inLanguage":"nb-NO","potentialAction":[{"@type":"ReadAction","target":["https:\/\/babylove.se\/no\/produkt\/antikk-kommode-med-tre-skuffer-til-barnerommet-hvit\/"]}]},{"@type":"ImageObject","inLanguage":"nb-NO","@id":"https:\/\/babylove.se\/no\/produkt\/antikk-kommode-med-tre-skuffer-til-barnerommet-hvit\/#primaryimage","url":"https:\/\/babylove.se\/no\/wp-content\/uploads\/sites\/3\/2025\/07\/65b3868d396d5.jpeg","contentUrl":"https:\/\/babylove.se\/no\/wp-content\/uploads\/sites\/3\/2025\/07\/65b3868d396d5.jpeg","width":591,"height":591},{"@type":"BreadcrumbList","@id":"https:\/\/babylove.se\/no\/produkt\/antikk-kommode-med-tre-skuffer-til-barnerommet-hvit\/#breadcrumb","itemListElement":[{"@type":"ListItem","position":1,"name":"Hem","item":"https:\/\/babylove.se\/no\/"},{"@type":"ListItem","position":2,"name":"Butik","item":"https:\/\/babylove.se\/no\/butik\/"},{"@type":"ListItem","position":3,"name":"Antikk kommode med tre skuffer til barnerommet, hvit"}]},{"@type":"WebSite","@id":"https:\/\/babylove.se\/no\/#website","url":"https:\/\/babylove.se\/no\/","name":"Babylove Norska","description":"","potentialAction":[{"@type":"SearchAction","target":{"@type":"EntryPoint","urlTemplate":"https:\/\/babylove.se\/no\/?s={search_term_string}"},"query-input":{"@type":"PropertyValueSpecification","valueRequired":true,"valueName":"search_term_string"}}],"inLanguage":"nb-NO"}]},"product_brand":"Suede import","product_price_amount":"21999.00","product_price_currency":"SEK","og_availability":"instock","product_availability":"instock","product_retailer_item_id":"GD006","product_condition":"new"},"_links":{"self":[{"href":"https:\/\/babylove.se\/no\/wp-json\/wp\/v2\/product\/57763","targetHints":{"allow":["GET"]}}],"collection":[{"href":"https:\/\/babylove.se\/no\/wp-json\/wp\/v2\/product"}],"about":[{"href":"https:\/\/babylove.se\/no\/wp-json\/wp\/v2\/types\/product"}],"replies":[{"embeddable":true,"href":"https:\/\/babylove.se\/no\/wp-json\/wp\/v2\/comments?post=57763"}],"wp:featuredmedia":[{"embeddable":true,"href":"https:\/\/babylove.se\/no\/wp-json\/wp\/v2\/media\/57765"}],"wp:attachment":[{"href":"https:\/\/babylove.se\/no\/wp-json\/wp\/v2\/media?parent=57763"}],"wp:term":[{"taxonomy":"product_brand","embeddable":true,"href":"https:\/\/babylove.se\/no\/wp-json\/wp\/v2\/product_brand?post=57763"},{"taxonomy":"product_cat","embeddable":true,"href":"https:\/\/babylove.se\/no\/wp-json\/wp\/v2\/product_cat?post=57763"},{"taxonomy":"product_tag","embeddable":true,"href":"https:\/\/babylove.se\/no\/wp-json\/wp\/v2\/product_tag?post=57763"}],"curies":[{"name":"wp","href":"https:\/\/api.w.org\/{rel}","templated":true}]}}