{"id":57810,"date":"2025-07-19T15:04:05","date_gmt":"2025-07-19T14:04:05","guid":{"rendered":"https:\/\/babylove.se\/produkt\/antik-spjalsang-med-madrass-till-barnrummet-gron\/"},"modified":"2026-04-08T14:03:45","modified_gmt":"2026-04-08T13:03:45","slug":"antikk-barneseng-med-madrasss-til-barnerommet-gronn","status":"publish","type":"product","link":"https:\/\/babylove.se\/no\/produkt\/antikk-barneseng-med-madrasss-til-barnerommet-gronn\/","title":{"rendered":"Antikk sprinkelseng med madrass til barnerommet, gr\u00f8nn"},"content":{"rendered":"<p>En utrolig luksuri\u00f8s barneseng med madrass i gustaviansk stil til barnerommet!&nbsp;<\/p>\n<p>De vakre dekorative detaljene skaper en ekstra sjarm og vil l\u00f8fte barnerommets innredning til himmelsk h\u00f8yde.&nbsp;<\/p>\n<p>Denne fine tremmesengen kan tilpasses etter barnets utviklingsfaser, blant annet gjennom to niv\u00e5er p\u00e5 sengbunnen. Kan derfor brukes fra f\u00f8dsel til sm\u00e5barnsalderen. Tremmene p\u00e5 forsiden kan tas bort for \u00e5 omgj\u00f8re tremmesengen til en sofa.<\/p>\n<p>Finnes i tre klassiske farger: natur, hvit og gr\u00f8nn.<\/p>\n<p><strong>Info:<\/strong>&nbsp;<\/p>\n<ul>\n<li>Skummadrass med tykkelse p\u00e5 12cm inkludert. OEKO TEX-sertifisert.<\/li>\n<li>To sengbunnh\u00f8yder.<\/li>\n<li>Sengen er malt med vannbasert lakk som oppfyller EN71-3.<\/li>\n<li>Anbefalt alder: 0-3 \u00e5r.<\/li>\n<\/ul>\n<p><strong>M\u00e5l<\/strong>: 76 x 129 x 90 cm<\/p>\n<p><strong>Materiale<\/strong>: Massiv bj\u00f8rk<\/p>\n<p><em>M\u00f8belet kommer umontert, men settes enkelt sammen i hjemmet.<\/em><\/p>\n","protected":false},"excerpt":{"rendered":"<p>En utrolig luksuri\u00f8s barneseng med madrass i gustaviansk stil til barnerommet!&nbsp; De vakre dekorative detaljene skaper en ekstra sjarm og vil l\u00f8fte barnerommets innredning til himmelsk h\u00f8yde.&nbsp; Denne fine tremmesengen kan tilpasses etter barnets utviklingsfaser, blant annet gjennom to niv\u00e5er p\u00e5 sengbunnen. Kan derfor brukes fra f\u00f8dsel til sm\u00e5barnsalderen. Tremmene p\u00e5 forsiden kan tas bort [&hellip;]<\/p>\n","protected":false},"featured_media":57812,"comment_status":"closed","ping_status":"open","template":"","meta":{"_acf_changed":false},"product_brand":[1632],"product_cat":[279,1633],"product_tag":[1689],"class_list":{"0":"post-57810","1":"product","2":"type-product","3":"status-publish","4":"has-post-thumbnail","6":"product_brand-suede-import","7":"product_cat-spjlsngar","8":"product_cat-suede-import","9":"product_tag-bestillingsvaror","11":"first","12":"instock","13":"taxable","14":"shipping-taxable","15":"purchasable","16":"product-type-simple"},"acf":[],"yoast_head":"<!-- This site is optimized with the Yoast SEO Premium plugin v25.8 (Yoast SEO v27.2) - https:\/\/yoast.com\/product\/yoast-seo-premium-wordpress\/ -->\n<title>Antikk sprinkelseng med madrass til barnerommet, gr\u00f8nn - Babylove Norska<\/title>\n<meta name=\"robots\" content=\"noindex, follow, max-snippet:-1, max-image-preview:large, max-video-preview:-1\" \/>\n<meta property=\"og:locale\" content=\"nb_NO\" \/>\n<meta property=\"og:type\" content=\"article\" \/>\n<meta property=\"og:title\" content=\"Antikk sprinkelseng med madrass til barnerommet, gr\u00f8nn\" \/>\n<meta property=\"og:description\" content=\"En utrolig luksuri\u00f8s barneseng med madrass i gustaviansk stil til barnerommet!&nbsp; De vakre dekorative detaljene skaper en ekstra sjarm og vil l\u00f8fte barnerommets innredning til himmelsk h\u00f8yde.&nbsp; Denne fine tremmesengen kan tilpasses etter barnets utviklingsfaser, blant annet gjennom to niv\u00e5er p\u00e5 sengbunnen. Kan derfor brukes fra f\u00f8dsel til sm\u00e5barnsalderen. Tremmene p\u00e5 forsiden kan tas bort [&hellip;]\" \/>\n<meta property=\"og:url\" content=\"https:\/\/babylove.se\/no\/produkt\/antikk-barneseng-med-madrasss-til-barnerommet-gronn\/\" \/>\n<meta property=\"og:site_name\" content=\"Babylove Norska\" \/>\n<meta property=\"article:modified_time\" content=\"2026-04-08T13:03:45+00:00\" \/>\n<meta property=\"og:image\" content=\"https:\/\/babylove.se\/no\/wp-content\/uploads\/sites\/3\/2025\/07\/65b384a911a61.jpeg\" \/>\n\t<meta property=\"og:image:width\" content=\"591\" \/>\n\t<meta property=\"og:image:height\" content=\"591\" \/>\n\t<meta property=\"og:image:type\" content=\"image\/jpeg\" \/>\n<meta name=\"twitter:card\" content=\"summary_large_image\" \/>\n<meta name=\"twitter:label1\" content=\"Price\" \/>\n\t<meta name=\"twitter:data1\" content=\"17 399,00&nbsp;&#107;&#114;\" \/>\n\t<meta name=\"twitter:label2\" content=\"Availability\" \/>\n\t<meta name=\"twitter:data2\" content=\"In stock\" \/>\n<script type=\"application\/ld+json\" class=\"yoast-schema-graph\">{\"@context\":\"https:\/\/schema.org\",\"@graph\":[{\"@type\":\"WebPage\",\"@id\":\"https:\/\/babylove.se\/no\/produkt\/antikk-barneseng-med-madrasss-til-barnerommet-gronn\/\",\"url\":\"https:\/\/babylove.se\/no\/produkt\/antikk-barneseng-med-madrasss-til-barnerommet-gronn\/\",\"name\":\"Antikk sprinkelseng med madrass til barnerommet, gr\u00f8nn - Babylove Norska\",\"isPartOf\":{\"@id\":\"https:\/\/babylove.se\/no\/#website\"},\"primaryImageOfPage\":{\"@id\":\"https:\/\/babylove.se\/no\/produkt\/antikk-barneseng-med-madrasss-til-barnerommet-gronn\/#primaryimage\"},\"image\":{\"@id\":\"https:\/\/babylove.se\/no\/produkt\/antikk-barneseng-med-madrasss-til-barnerommet-gronn\/#primaryimage\"},\"thumbnailUrl\":\"https:\/\/babylove.se\/no\/wp-content\/uploads\/sites\/3\/2025\/07\/65b384a911a61.jpeg\",\"datePublished\":\"2025-07-19T14:04:05+00:00\",\"dateModified\":\"2026-04-08T13:03:45+00:00\",\"breadcrumb\":{\"@id\":\"https:\/\/babylove.se\/no\/produkt\/antikk-barneseng-med-madrasss-til-barnerommet-gronn\/#breadcrumb\"},\"inLanguage\":\"nb-NO\",\"potentialAction\":[{\"@type\":\"ReadAction\",\"target\":[\"https:\/\/babylove.se\/no\/produkt\/antikk-barneseng-med-madrasss-til-barnerommet-gronn\/\"]}]},{\"@type\":\"ImageObject\",\"inLanguage\":\"nb-NO\",\"@id\":\"https:\/\/babylove.se\/no\/produkt\/antikk-barneseng-med-madrasss-til-barnerommet-gronn\/#primaryimage\",\"url\":\"https:\/\/babylove.se\/no\/wp-content\/uploads\/sites\/3\/2025\/07\/65b384a911a61.jpeg\",\"contentUrl\":\"https:\/\/babylove.se\/no\/wp-content\/uploads\/sites\/3\/2025\/07\/65b384a911a61.jpeg\",\"width\":591,\"height\":591},{\"@type\":\"BreadcrumbList\",\"@id\":\"https:\/\/babylove.se\/no\/produkt\/antikk-barneseng-med-madrasss-til-barnerommet-gronn\/#breadcrumb\",\"itemListElement\":[{\"@type\":\"ListItem\",\"position\":1,\"name\":\"Hem\",\"item\":\"https:\/\/babylove.se\/no\/\"},{\"@type\":\"ListItem\",\"position\":2,\"name\":\"Butik\",\"item\":\"https:\/\/babylove.se\/no\/butik\/\"},{\"@type\":\"ListItem\",\"position\":3,\"name\":\"Antikk sprinkelseng med madrass til barnerommet, gr\u00f8nn\"}]},{\"@type\":\"WebSite\",\"@id\":\"https:\/\/babylove.se\/no\/#website\",\"url\":\"https:\/\/babylove.se\/no\/\",\"name\":\"Babylove Norska\",\"description\":\"\",\"potentialAction\":[{\"@type\":\"SearchAction\",\"target\":{\"@type\":\"EntryPoint\",\"urlTemplate\":\"https:\/\/babylove.se\/no\/?s={search_term_string}\"},\"query-input\":{\"@type\":\"PropertyValueSpecification\",\"valueRequired\":true,\"valueName\":\"search_term_string\"}}],\"inLanguage\":\"nb-NO\"}]}<\/script>\n<meta property=\"product:brand\" content=\"Suede import\" \/>\n<meta property=\"product:price:amount\" content=\"17399.00\" \/>\n<meta property=\"product:price:currency\" content=\"SEK\" \/>\n<meta property=\"og:availability\" content=\"instock\" \/>\n<meta property=\"product:availability\" content=\"instock\" \/>\n<meta property=\"product:retailer_item_id\" content=\"GBB003-EU\" \/>\n<meta property=\"product:condition\" content=\"new\" \/>\n<!-- \/ Yoast SEO Premium plugin. -->","yoast_head_json":{"title":"Antikk sprinkelseng med madrass til barnerommet, gr\u00f8nn - Babylove Norska","robots":{"index":"noindex","follow":"follow","max-snippet":"max-snippet:-1","max-image-preview":"max-image-preview:large","max-video-preview":"max-video-preview:-1"},"og_locale":"nb_NO","og_type":"article","og_title":"Antikk sprinkelseng med madrass til barnerommet, gr\u00f8nn","og_description":"En utrolig luksuri\u00f8s barneseng med madrass i gustaviansk stil til barnerommet!&nbsp; De vakre dekorative detaljene skaper en ekstra sjarm og vil l\u00f8fte barnerommets innredning til himmelsk h\u00f8yde.&nbsp; Denne fine tremmesengen kan tilpasses etter barnets utviklingsfaser, blant annet gjennom to niv\u00e5er p\u00e5 sengbunnen. Kan derfor brukes fra f\u00f8dsel til sm\u00e5barnsalderen. Tremmene p\u00e5 forsiden kan tas bort [&hellip;]","og_url":"https:\/\/babylove.se\/no\/produkt\/antikk-barneseng-med-madrasss-til-barnerommet-gronn\/","og_site_name":"Babylove Norska","article_modified_time":"2026-04-08T13:03:45+00:00","og_image":[{"width":591,"height":591,"url":"https:\/\/babylove.se\/no\/wp-content\/uploads\/sites\/3\/2025\/07\/65b384a911a61.jpeg","type":"image\/jpeg"}],"twitter_card":"summary_large_image","twitter_misc":{"Price":"17 399,00&nbsp;&#107;&#114;","Availability":"In stock"},"schema":{"@context":"https:\/\/schema.org","@graph":[{"@type":"WebPage","@id":"https:\/\/babylove.se\/no\/produkt\/antikk-barneseng-med-madrasss-til-barnerommet-gronn\/","url":"https:\/\/babylove.se\/no\/produkt\/antikk-barneseng-med-madrasss-til-barnerommet-gronn\/","name":"Antikk sprinkelseng med madrass til barnerommet, gr\u00f8nn - Babylove Norska","isPartOf":{"@id":"https:\/\/babylove.se\/no\/#website"},"primaryImageOfPage":{"@id":"https:\/\/babylove.se\/no\/produkt\/antikk-barneseng-med-madrasss-til-barnerommet-gronn\/#primaryimage"},"image":{"@id":"https:\/\/babylove.se\/no\/produkt\/antikk-barneseng-med-madrasss-til-barnerommet-gronn\/#primaryimage"},"thumbnailUrl":"https:\/\/babylove.se\/no\/wp-content\/uploads\/sites\/3\/2025\/07\/65b384a911a61.jpeg","datePublished":"2025-07-19T14:04:05+00:00","dateModified":"2026-04-08T13:03:45+00:00","breadcrumb":{"@id":"https:\/\/babylove.se\/no\/produkt\/antikk-barneseng-med-madrasss-til-barnerommet-gronn\/#breadcrumb"},"inLanguage":"nb-NO","potentialAction":[{"@type":"ReadAction","target":["https:\/\/babylove.se\/no\/produkt\/antikk-barneseng-med-madrasss-til-barnerommet-gronn\/"]}]},{"@type":"ImageObject","inLanguage":"nb-NO","@id":"https:\/\/babylove.se\/no\/produkt\/antikk-barneseng-med-madrasss-til-barnerommet-gronn\/#primaryimage","url":"https:\/\/babylove.se\/no\/wp-content\/uploads\/sites\/3\/2025\/07\/65b384a911a61.jpeg","contentUrl":"https:\/\/babylove.se\/no\/wp-content\/uploads\/sites\/3\/2025\/07\/65b384a911a61.jpeg","width":591,"height":591},{"@type":"BreadcrumbList","@id":"https:\/\/babylove.se\/no\/produkt\/antikk-barneseng-med-madrasss-til-barnerommet-gronn\/#breadcrumb","itemListElement":[{"@type":"ListItem","position":1,"name":"Hem","item":"https:\/\/babylove.se\/no\/"},{"@type":"ListItem","position":2,"name":"Butik","item":"https:\/\/babylove.se\/no\/butik\/"},{"@type":"ListItem","position":3,"name":"Antikk sprinkelseng med madrass til barnerommet, gr\u00f8nn"}]},{"@type":"WebSite","@id":"https:\/\/babylove.se\/no\/#website","url":"https:\/\/babylove.se\/no\/","name":"Babylove Norska","description":"","potentialAction":[{"@type":"SearchAction","target":{"@type":"EntryPoint","urlTemplate":"https:\/\/babylove.se\/no\/?s={search_term_string}"},"query-input":{"@type":"PropertyValueSpecification","valueRequired":true,"valueName":"search_term_string"}}],"inLanguage":"nb-NO"}]},"product_brand":"Suede import","product_price_amount":"17399.00","product_price_currency":"SEK","og_availability":"instock","product_availability":"instock","product_retailer_item_id":"GBB003-EU","product_condition":"new"},"_links":{"self":[{"href":"https:\/\/babylove.se\/no\/wp-json\/wp\/v2\/product\/57810","targetHints":{"allow":["GET"]}}],"collection":[{"href":"https:\/\/babylove.se\/no\/wp-json\/wp\/v2\/product"}],"about":[{"href":"https:\/\/babylove.se\/no\/wp-json\/wp\/v2\/types\/product"}],"replies":[{"embeddable":true,"href":"https:\/\/babylove.se\/no\/wp-json\/wp\/v2\/comments?post=57810"}],"wp:featuredmedia":[{"embeddable":true,"href":"https:\/\/babylove.se\/no\/wp-json\/wp\/v2\/media\/57812"}],"wp:attachment":[{"href":"https:\/\/babylove.se\/no\/wp-json\/wp\/v2\/media?parent=57810"}],"wp:term":[{"taxonomy":"product_brand","embeddable":true,"href":"https:\/\/babylove.se\/no\/wp-json\/wp\/v2\/product_brand?post=57810"},{"taxonomy":"product_cat","embeddable":true,"href":"https:\/\/babylove.se\/no\/wp-json\/wp\/v2\/product_cat?post=57810"},{"taxonomy":"product_tag","embeddable":true,"href":"https:\/\/babylove.se\/no\/wp-json\/wp\/v2\/product_tag?post=57810"}],"curies":[{"name":"wp","href":"https:\/\/api.w.org\/{rel}","templated":true}]}}